{"id":2479,"date":"2026-03-17T00:22:14","date_gmt":"2026-03-17T03:22:14","guid":{"rendered":"https:\/\/www.ufsm.br\/cursos\/pos-graduacao\/santa-maria\/ppgep\/?page_id=2479"},"modified":"2026-03-17T16:55:16","modified_gmt":"2026-03-17T19:55:16","slug":"pos-doutorado","status":"publish","type":"page","link":"https:\/\/www.ufsm.br\/cursos\/pos-graduacao\/santa-maria\/ppgep\/pos-doutorado","title":{"rendered":"Programa de P\u00f3s-doutorado na Universidade Federal de Santa Maria"},"content":{"rendered":"\n<p>O Programa de P\u00f3s-doutorado na Universidade Federal de Santa Maria, regulamentado pelo\u00a0<a href=\"https:\/\/portal.ufsm.br\/documentos\/download.html?action=arquivosIndexados&amp;id=14820644&amp;download=false\"><strong>Anexo I da\u00a0<\/strong><b>Resolu\u00e7\u00e3o UFSM N. 139\/2023<\/b><\/a><b>\u00a0<\/b>e pela\u00a0<a href=\"https:\/\/portal.ufsm.br\/documentos\/download.html?action=arquivosIndexados&amp;id=14895268&amp;download=false\"><b>Instru\u00e7\u00e3o Normativa PRPGP\/UFSM N. 007\/2023<\/b><\/a>, \u00e9 um programa de aprimoramento em pesquisa avan\u00e7ada sob supervis\u00e3o de docente ou pesquisador(a) credenciado(a) em programa de p\u00f3s-gradua\u00e7\u00e3o\u00a0<b>stricto sensu<\/b>\u00a0da UFSM, devendo ocorrer em car\u00e1ter presencial.<\/p>\n<p>O processo de sele\u00e7\u00e3o de p\u00f3s-doutorado \u00e9 de responsabilidade dos Programas\/Cursos de P\u00f3s-Gradua\u00e7\u00e3o e o(a) pesquisador(a) interessado(a) deve primeiramente verificar sobre isso diretamente com o Programa\/Curso de p\u00f3s-gradua\u00e7\u00e3o de seu interesse.<\/p>\n<p><strong>O Programa de P\u00f3s-gradua\u00e7\u00e3o em Engenharia de Produ\u00e7\u00e3o recebe o(a) pesquisador(a) interessado(a) em fluxo cont\u00ednuo.<\/strong><\/p>\n<p><strong>ATEN\u00c7\u00c3O:\u00a0<\/strong>Pesquisadores em\u00a0<strong>p\u00f3s-doutorado na UFSM n\u00e3o podem realizar matr\u00edcula em disciplinas de outros cursos de p\u00f3s-gradua\u00e7\u00e3o Stricto Sensu e Lato Sensu<\/strong>. Entretanto, podem solicitar matr\u00edcula como aluno especial na modalidade de portador de diploma, pois o v\u00ednculo de p\u00f3s-doutorado \u00e9 com o PPG da UFSM e n\u00e3o nos cursos Stricto e Lato sensu.<\/p>\n<p>Os PPGs e secretarias podem ter conhecimento de quais p\u00f3s-doutorandos est\u00e3o vinculados ao PPG atrav\u00e9s da aplica\u00e7\u00e3o \u201c1.1.6.22.99.20 Alunos de P\u00f3s-Doutorado (P\u00f3s-DOC) por PPG\u201d do SIE.<\/p>\n<p><strong>PROCEDIMENTO PARA ACESSO AO PORTAL DE DOCUMENTOS E ABERTURA DO PROCESSO DE P\u00d3S-DOUTORADO<\/strong><\/p>\n<p>As solicita\u00e7\u00f5es para realiza\u00e7\u00e3o de est\u00e1gio de p\u00f3s-doutorado\u00a0<strong>devem partir\u00a0<\/strong><strong>do pesquisador interessado<\/strong>\u00a0em realizar o est\u00e1gio de p\u00f3s-doutorado, mediante a abertura de um\u00a0<strong>Processo de inscri\u00e7\u00e3o em p\u00f3s-doutorado (c\u00f3digo 134.112)<\/strong>, junto ao sistema de Processo Eletr\u00f4nico da UFSM, o PEN-SIE.<\/p>\n<p>O(a)\u00a0<strong>pesquisador(a) interessado(a) deve efetuar o cadastro como usu\u00e1rio externo<\/strong>, conforme instru\u00e7\u00e3o da p\u00e1gina\u00a0<a href=\"https:\/\/www.ufsm.br\/orgaos-suplementares\/dag\/pen\/servicos\/cadastro-de-usuarios-externos\/\" target=\"_blank\" rel=\"noopener\" data-saferedirecturl=\"https:\/\/www.google.com\/url?q=https:\/\/www.ufsm.br\/orgaos-suplementares\/dag\/pen\/servicos\/cadastro-de-usuarios-externos\/&amp;source=gmail&amp;ust=1610707382691000&amp;usg=AFQjCNEl5N6N-yb1pvBXANn5ms-e0UoPkA\">Cadastro de usu\u00e1rios externos<\/a>.<\/p>\n<p>Com o acesso ao Portal de Documentos, deve-se seguir os passos de abertura de processo eletr\u00f4nico do Tutorial de Abertura de Processo Eletr\u00f4nico, dispon\u00edvel na p\u00e1gina do PEN-SIE de\u00a0<a href=\"https:\/\/www.ufsm.br\/orgaos-suplementares\/dag\/pen\/apoio-ao-usuario\/\">Apoio ao Usu\u00e1rio<\/a>\u00a0e de acordo com o\u00a0<a href=\"https:\/\/www.ufsm.br\/orgaos-suplementares\/dag\/pen\/apoio-ao-usuario\/passo-a-passo-para-abertura-assinatura-e-tramite\" target=\"_blank\" rel=\"noopener\">Passo a passo para: Abertura, Assinatura e Tramite<\/a>.<\/p>\n<p><strong>ABERTURA E TRAMITA\u00c7\u00c3O DO PROCESSO<\/strong><\/p>\n<ol>\n<li>O PEN do est\u00e1gio de p\u00f3s-doutorado deve ser aberto pelo(a) pesquisador(a) no\u00a0<a href=\"https:\/\/portal.ufsm.br\/documentos\/index.html\">Portal Documentos da UFSM<\/a>.\n<ul>\n<li>Na tela de \u201cNovo Processo\u201d o primeiro campo a ser informado \u00e9 o de \u201cV\u00ednculo\u201d, que mostrar\u00e1 todos os tipos de v\u00ednculos que o(a) usu\u00e1rio(a) possui com a UFSM e cada\u00a0<strong>usu\u00e1rio deve selecionar o v\u00ednculo desejado (no caso do p\u00f3s-doutorado, o v\u00ednculo externo)<\/strong>.<\/li>\n<li>No\u00a0<a href=\"https:\/\/portal.ufsm.br\/documentos\/mainMenu.html\">Portal Documentos<\/a>: Clica em Novo &gt; Processo&gt; seleciona o V\u00cdNCULO DESEJADO e o PEN com tipo documental\u00a0<strong>\u201cProcesso de inscri\u00e7\u00e3o em p\u00f3s-doutorado (c\u00f3digo 134.112)\u201d<\/strong>.<\/li>\n<li><strong>D\u00favidas relativas a abertura do processo eletr\u00f4nico, entrar em contato com ppgep@ufsm.br\u00a0<\/strong><\/li>\n<\/ul>\n<\/li>\n<li>Neste PEN deve constar os documentos (em arquivo PDF) relacionados abaixo:\n<ol>\n<li><a href=\"https:\/\/www.ufsm.br\/app\/uploads\/sites\/345\/2021\/01\/Anexo-I-Requerimento-padrao-pos-doutorado.doc\" target=\"_blank\" rel=\"noopener\">Requerimento padr\u00e3o para p\u00f3s-doutorado (ANEXO I)<\/a>, devidamente preenchido e assinado no processo PEN-SIE;<\/li>\n<li>Projeto de pesquisa que ser\u00e1 desenvolvido (padr\u00e3o CAPES\/CNPq), contendo PLANO DE TRABALHO em conson\u00e2ncia com o cronograma de v\u00ednculo do p\u00f3s doutorado na UFSM;<\/li>\n<li>Carteira de identidade brasileira e CPF (apenas para brasileiros);<\/li>\n<li>Passaporte, CPF e Registro Nacional Migrat\u00f3rio (obtido junto a Pol\u00edcia Federal) (apenas para estrangeiros);<\/li>\n<li>Diploma de doutor (documento leg\u00edvel digitalizado frente e verso);<\/li>\n<li>Quando se tratar de candidato estrangeiro, incluir comprovante de seguro de vida\/sa\u00fade com vig\u00eancia durante o per\u00edodo de v\u00ednculo com a UFSM;<\/li>\n<li>Comprovante de concess\u00e3o da bolsa, quando houver, (documento pode ser inserido pelo PPG\/Curso de p\u00f3s-gradua\u00e7\u00e3o posteriormente);<\/li>\n<li>Candidato(a) com v\u00ednculo empregat\u00edcio dever\u00e1 comprovar a autoriza\u00e7\u00e3o de afastamento pelo empregador para atender \u00e0s atividades\/horas previstas no plano de trabalho (<a href=\"https:\/\/www.ufsm.br\/app\/uploads\/sites\/345\/2021\/01\/Anexo-II-pos-doutorado-termo-ciencia-empregador.doc\" target=\"_blank\" rel=\"noopener\">anexo II \u2013 termo de ci\u00eancia empregador<\/a>).<\/li>\n<\/ol>\n<\/li>\n<li>Ap\u00f3s inserida toda a documenta\u00e7\u00e3o , o(a) pesquisador(a) tramita o processo\u00a0<strong>ao Programa de P\u00f3s-gradua\u00e7\u00e3o no\u00a0<\/strong><strong>qual o projeto ser\u00e1 desenvolvido<\/strong>\u00a0(programa de v\u00ednculo do docente supervisor) para aprecia\u00e7\u00e3o pelo colegiado do programa.\n<ul>\n<li>O tramite \u00e9 feito no fluxo \u201cEncaminha solicita\u00e7\u00e3o de inscri\u00e7\u00e3o em p\u00f3s-doutorado\u201d;<\/li>\n<li>Caso houver bolsa, o curso pode tamb\u00e9m adicionar a documenta\u00e7\u00e3o de comprova\u00e7\u00e3o;<\/li>\n<li>Caso for necess\u00e1rio, o PPG pode tramitar para manifesta\u00e7\u00e3o do supervisor.<\/li>\n<\/ul>\n<\/li>\n<li><strong>Ap\u00f3s aprova\u00e7\u00e3o<\/strong>, a\u00a0<strong>Ata do Colegiado<\/strong>\u00a0dever\u00e1 ser inclu\u00edda no processo e o mesmo deve ser\u00a0<strong>encaminhado ao N\u00facleo de Cria\u00e7\u00e3o e Acompanhamento de Cursos de P\u00f3s-gradua\u00e7\u00e3o \u2013 NCAC\/PRPGP<\/strong>, para an\u00e1lise da documenta\u00e7\u00e3o, no fluxo \u201cEncaminha para verifica\u00e7\u00e3o da documenta\u00e7\u00e3o\u201d.<\/li>\n<li>Estando o processo com a documenta\u00e7\u00e3o completa e adequada,<strong>\u00a0ser\u00e1 encaminhado ao N\u00facleo de Controle Acad\u00eamico da P\u00f3s-gradua\u00e7\u00e3o \u2013 NCAPG\/PRPGP<\/strong>, no fluxo \u201cEncaminha homologa\u00e7\u00e3o para provid\u00eancias\u201d.<\/li>\n<li>O\u00a0<strong>NCAPG\/PRPGP<\/strong>\u00a0faz o registro de v\u00ednculo e matr\u00edcula no curso \u201cPROGRAMA DE P\u00d3S-DOUTORADO DA UFSM\u201d.\n<ul>\n<li>No cadastro de curso deste estudante\/pesquisador constar\u00e3o as informa\u00e7\u00f5es do p\u00f3s-doutorado na aba \u201cDADOS POS-DOC\u201d, sendo que nesta aba \u00e9 registrada as informa\u00e7\u00f5es do p\u00f3s-doutorado.\n<ul>\n<li>O PPG de v\u00ednculo;<\/li>\n<li>A dura\u00e7\u00e3o do projeto de p\u00f3s-doutorado com data de in\u00edcio e t\u00e9rmino;<\/li>\n<li>O t\u00edtulo do projeto (que ser\u00e1 inserido no certificado);<\/li>\n<li>O(A) supervisor(a) de p\u00f3s-doutorado (o encargo docente de supervisor de p\u00f3s-doutorado \u00e9 calculado por este registro).<\/li>\n<\/ul>\n<\/li>\n<li>Durante o per\u00edodo de realiza\u00e7\u00e3o do est\u00e1gio de p\u00f3s-doutorado, registrado conforme o per\u00edodo definido no requerimento padr\u00e3o e plano de trabalho, o NCAPG proceder\u00e1 com a oferta e matr\u00edcula autom\u00e1tica da disciplina de RPD,<strong>\u00a0at\u00e9 o prazo de t\u00e9rmino do v\u00ednculo de P\u00f3s-doutorado<\/strong>, de acordo com o cronograma apresentado no projeto (e futuras altera\u00e7\u00f5es) e registrado no SIE.<\/li>\n<li>Sempre que houver altera\u00e7\u00e3o, deve-se proceder conforme constante na se\u00e7\u00e3o \u201cALTERA\u00c7\u00d5ES DE PROJETO, T\u00cdTULO E CRONOGRAMA DO P\u00d3S-DOUTORADO\u201d.<\/li>\n<\/ul>\n<\/li>\n<li>O\u00a0<strong>NCAPG\/PRPGP<\/strong>\u00a0tramitar\u00e1 o processo ao PPG com a confirma\u00e7\u00e3o do registro e n\u00famero da matr\u00edcula.<\/li>\n<li>O PPG confirmar\u00e1 a situa\u00e7\u00e3o e notificar\u00e1 o(a) docente envolvido(a) e o(a) pesquisador e enviar\u00e1 o processo PEN para que fique na caixa deste p\u00f3s-doutorando.<\/li>\n<li><strong>O PEN fica na caixa postal do(a) pesquisador(a) em p\u00f3s-doutorado at\u00e9 que seja necess\u00e1rio tramitar<\/strong>\u00a0para alguma altera\u00e7\u00e3o ou envio do relat\u00f3rio final para conclus\u00e3o do P\u00f3s-Doutorado.\n<ul>\n<li>Para realizar altera\u00e7\u00f5es no projeto, cronograma, t\u00edtulo, etc, o p\u00f3s-doutorando ir\u00e1 anexar a documenta\u00e7\u00e3o necess\u00e1ria e tramitar\u00e1 o PEN para o(a) docente supervisor(a) no fluxo \u201cEncaminha processo para o(a) supervisor(a)\u201d;<\/li>\n<li>Para conclus\u00e3o do p\u00f3s-doutorado, anexar\u00e1 a documenta\u00e7\u00e3o exigida e tramitar\u00e1 para\u00a0o(a) docente supervisor(a) no fluxo \u201cEncaminha processo para o(a) supervisor(a)\u201d.<\/li>\n<\/ul>\n<\/li>\n<li><strong>O(a) docente supervisor(a)<\/strong>\u00a0analisa o despacho e documenta\u00e7\u00e3o anexada e tramita para an\u00e1lise do colegiado no fluxo \u201cEncaminha para an\u00e1lise do colegiado PPG\u201d.\n<ul>\n<li>Caso for ajustes dos dados e\/ou cronograma, o docente encaminha para o colegiado do PPG com o despacho que for necess\u00e1rio.<\/li>\n<li>Para\u00a0<strong>conclus\u00e3o do p\u00f3s-doutorado com emiss\u00e3o de Certificado<\/strong>, o(a) supervisor(a) analisa o relat\u00f3rio final e, aprovando, insere a declara\u00e7\u00e3o de aprova\u00e7\u00e3o pelo \u201c<a href=\"https:\/\/www.ufsm.br\/app\/uploads\/sites\/345\/2021\/01\/Anexo-IV-pos-doutorado-aprovacao-relatorio-final.doc\" target=\"_blank\" rel=\"noopener\">Anexo IV \u2013 aprova\u00e7\u00e3o relat\u00f3rio final<\/a>\u201c.<\/li>\n<\/ul>\n<\/li>\n<li>Ap\u00f3s an\u00e1lise do colegiado do PPG, o PEN deve ser tramitado de acordo com a provid\u00eancia exigida.\n<ul>\n<li>Se for necess\u00e1rio\u00a0<strong>desligamento do p\u00f3s-doutorado sem a conclus\u00e3o e emiss\u00e3o de certificado<\/strong>, o PEN \u00e9 enviado ao NCAPG\/PRPGP no fluxo \u201cEncaminha desligamento de p\u00f3s-doutorando sem conclus\u00e3o\u201d;<\/li>\n<li>Caso for ajuste de algum dado de p\u00f3s-doutorado (t\u00edtulo projeto ou cronograma), o PEN \u00e9 enviado ao NCAPG\/PRPGP no fluxo \u201cSolicita ajuste de registro\u201d;<\/li>\n<\/ul>\n<\/li>\n<li>Para\u00a0<strong>conclus\u00e3o do p\u00f3s-doutorado com emiss\u00e3o de Certificado<\/strong>, o PPG tramita para o NCAPG\/PRPGP no fluxo \u201cEncaminha conclus\u00e3o de P\u00f3s-Doutorado\u201d.\n<ul>\n<li>Proceder conforme constante na se\u00e7\u00e3o \u201cPROCEDIMENTOS PARA A CONCLUS\u00c3O DO EST\u00c1GIO DE P\u00d3S-DOUTORADO.<\/li>\n<\/ul>\n<\/li>\n<li>Ap\u00f3s assinado, a PRPGP envia o Certificado ao PPG para envio ao P\u00f3s-doutorando.<\/li>\n<\/ol>\n<p><strong>PROCEDIMENTO PARA ACESSO AO PORTAL ESTUDANTIL<\/strong><\/p>\n<p>Os pesquisadores em p\u00f3s-doutorado que est\u00e3o na situa\u00e7\u00e3o de estudante regular ou egressos (sem v\u00ednculo ativo com matr\u00edcula) podem acessar o Portal Estudantil da UFSM e obter os documentos de comprova\u00e7\u00e3o emitidos pelo sistema.<\/p>\n<p>O primeiro acesso deve ser feito usando o n\u00famero de matr\u00edcula e a data de nascimento no formato DDMMAAAA como senha.<\/p>\n<p>Para maiores informa\u00e7\u00f5es, acessar a p\u00e1gina de servi\u00e7os da PRPGP sobre\u00a0<a href=\"https:\/\/www.ufsm.br\/pro-reitorias\/prpgp\/servicos\/acesso-ao-portal-estudantil\">Acesso ao Portal Estudantil<\/a>.<\/p>\n<p><strong>ALTERA\u00c7\u00d5ES DE PROJETO, T\u00cdTULO E CRONOGRAMA DO P\u00d3S-DOUTORADO<\/strong><\/p>\n<p>Conforme Artigo 9\u00ba da IN n. 007\/2023, poder\u00e1 ser solicitada prorroga\u00e7\u00e3o do v\u00ednculo de p\u00f3s-doutorado, em caso de altera\u00e7\u00e3o do plano de trabalho ou intercorr\u00eancias no seu cronograma de execu\u00e7\u00e3o.<\/p>\n<ol>\n<li>A solicita\u00e7\u00e3o de prorroga\u00e7\u00e3o deve ser encaminhada pelo p\u00f3s-doutorando por meio do mesmo processo PEN-SIE de solicita\u00e7\u00e3o de v\u00ednculo (processo original), anexando no processo o requerimento de prorroga\u00e7\u00e3o do v\u00ednculo de p\u00f3s-doutorado (<a href=\"https:\/\/www.ufsm.br\/app\/uploads\/sites\/345\/2021\/01\/Anexo-III-pos-doutorado-prorrogacao-vinculo-ou-cronograma.doc\" target=\"_blank\" rel=\"noopener\">anexo III \u2013 Prorroga\u00e7\u00e3o V\u00ednculo\/Cronograma<\/a>), que dever\u00e1 ser enviando ao supervisor para anu\u00eancia e aprova\u00e7\u00e3o mediante assinatura (do supervisor) via PEN.<\/li>\n<li>O supervisor envia o processo para aprecia\u00e7\u00e3o no colegiado do curso, e em caso de aprova\u00e7\u00e3o, a ata dever\u00e1 ser anexada ao processo e tramitado ao NCAC\/PRPGP (c\u00f3digo 01.09.01.05.00) para an\u00e1lise da documenta\u00e7\u00e3o.<\/li>\n<li>O processo com a documenta\u00e7\u00e3o adequada de prorroga\u00e7\u00e3o ser\u00e1 encaminhado ao NCAPG\/PRPGP (01.09.01.04.0.0) para o registro da nova data de t\u00e9rmino do v\u00ednculo.<\/li>\n<li>Ap\u00f3s o registro da prorroga\u00e7\u00e3o pelo NCAPG\/PRPGP, o processo retornar\u00e1 ao programa de p\u00f3s-gradua\u00e7\u00e3o para ci\u00eancia e envio ao requerente.\n<ul>\n<li>Sempre que houver altera\u00e7\u00e3o no cronograma proposto no projeto de pesquisa, \u00e9 obrigat\u00f3rio que esta altera\u00e7\u00e3o seja enviada ao NCAPG\/PRPGP pelo processo PEN para registro da altera\u00e7\u00e3o no sistema.<\/li>\n<li>N\u00e3o h\u00e1 intercorr\u00eancia padr\u00e3o para altera\u00e7\u00e3o de cronograma e cabe a cada p\u00f3s-doutorando verificar junto ao seu Supervisor.\n<ul>\n<li>Podendo ser desde licen\u00e7as para tratamento de sa\u00fade, a caso fortuito ou for\u00e7a maior que possam estar al\u00e9m dos limites da responsabiliza\u00e7\u00e3o de cada pesquisador.<\/li>\n<\/ul>\n<\/li>\n<\/ul>\n<\/li>\n<\/ol>\n<p>As demais altera\u00e7\u00f5es de projeto e t\u00edtulo tamb\u00e9m podem ser verificadas e tramitadas pelo mesmo procedimento descrito acima.<\/p>\n<ul>\n<li>No caso de altera\u00e7\u00e3o do t\u00edtulo e n\u00e3o havendo altera\u00e7\u00e3o de projeto, o procedimento \u00e9 o descrito acima.<\/li>\n<li>Caso se tratar de projeto diferente do que foi proposto inicialmente, \u00e9 preciso a abertura de novo processo de p\u00f3s-doutorado e a finaliza\u00e7\u00e3o do PEN atual.<\/li>\n<\/ul>\n<p><strong>PROCEDIMENTO PARA A CONCLUS\u00c3O DO EST\u00c1GIO DE P\u00d3S-DOUTORADO<\/strong><\/p>\n<p>Ao final do est\u00e1gio de p\u00f3s-doutorado, o pesquisador ter\u00e1 direito a um\u00a0<strong>certificado de realiza\u00e7\u00e3o de p\u00f3s-doutorado.<\/strong><\/p>\n<ol>\n<li>O(A) pesquisador(a) dever\u00e1 anexar o relat\u00f3rio final das atividades desenvolvidas, alinhado com o plano de trabalho, no processo inicial de p\u00f3s-doutorado.<\/li>\n<li>O processo \u00e9 tramitado ao supervisor para inser\u00e7\u00e3o da declara\u00e7\u00e3o de aprova\u00e7\u00e3o pelo \u201c<a href=\"https:\/\/www.ufsm.br\/app\/uploads\/sites\/345\/2021\/01\/Anexo-IV-pos-doutorado-aprovacao-relatorio-final.doc\" target=\"_blank\" rel=\"noopener\">Anexo IV \u2013 aprova\u00e7\u00e3o relat\u00f3rio final<\/a>\u201c.<\/li>\n<li>O processo \u00e9 tramitado para aprecia\u00e7\u00e3o do PPG e homologa\u00e7\u00e3o em Colegiado, devendo ser anexada a ata da reuni\u00e3o do colegiado.<\/li>\n<li>Ap\u00f3s homologa\u00e7\u00e3o, o processo deve ser enviado ao\u00a0<strong>N\u00facleo de Controle Acad\u00eamico da P\u00f3s-gradua\u00e7\u00e3o \u2013 NCAPG\/PRPGP\u00a0<\/strong>para an\u00e1lise, lan\u00e7amento de registros no sistema e emiss\u00e3o do certificado de p\u00f3s-doutorado.<\/li>\n<\/ol>\n<p><strong>PROCEDIMENTO PARA DESLIGAMENTO\/CANCELAMENTO SEM EMISS\u00c3O DE CERTIFICADO<\/strong><\/p>\n<p>Quando for necess\u00e1rio fazer o cancelamento do Programa de P\u00f3s-Doutorado sem emiss\u00e3o de certificado, o respectivo \u201cProcesso de inscri\u00e7\u00e3o em programa de p\u00f3s-doutorado\u201d dever\u00e1 ter o seguinte fluxo:<\/p>\n<ol>\n<li><strong>O PEN fica na caixa postal do(a) pesquisador(a) em p\u00f3s-doutorado at\u00e9 que seja necess\u00e1rio tramitar para registro do cancelamento (quando for o caso)<\/strong>.\n<ul>\n<li>Para registro do cancelamento do p\u00f3s-doutorado, a pessoa dever\u00e1 anexar a documenta\u00e7\u00e3o (quando necess\u00e1ria) e tramitar para o(a) docente supervisor(a) no fluxo \u201cEncaminha processo para o(a) supervisor(a)\u201d, informando no despacho o motivo do cancelamento.<\/li>\n<\/ul>\n<\/li>\n<li><strong>O(a) docente supervisor(a)<\/strong>\u00a0analisa o despacho e a documenta\u00e7\u00e3o anexada e tramita para an\u00e1lise do colegiado no fluxo \u201cEncaminha para aprecia\u00e7\u00e3o do colegiado PPG\u201d.\n<ul>\n<li>O docente encaminha para o colegiado do PPG com a documenta\u00e7\u00e3o e\/ou despacho que for necess\u00e1rio para o caso.<\/li>\n<\/ul>\n<\/li>\n<li>Ap\u00f3s an\u00e1lise do colegiado do PPG, o PEN deve ser tramitado ao PPG no fluxo \u201cEncaminha parecer do Colegiado do PPG\u201d.<\/li>\n<li>Para efetivar o\u00a0<strong>desligamento do p\u00f3s-doutorado sem a conclus\u00e3o e emiss\u00e3o de certificado<\/strong>, o PPG tramita o PEN para o NCAPG\/PRPGP no fluxo \u201cEncaminha desligamento de p\u00f3s-doutorando sem conclus\u00e3o\u201d;<\/li>\n<li>Ap\u00f3s registro do desligamento\/cancelamento, o PEN ser\u00e1 arquivado.<\/li>\n<\/ol>\n<p>Documentos:<\/p>\n<ul>\n<li><img decoding=\"async\" src=\"https:\/\/www.ufsm.br\/pro-reitorias\/prpgp\/wp-includes\/images\/media\/document.png\" width=\"15\" height=\"15\" \/>\u00a0<a href=\"https:\/\/www.ufsm.br\/app\/uploads\/sites\/345\/2021\/01\/ANEXOS-A-INSTRUCAO-NORMATIVA-PRPGP-UFSM-N.-07-Documentos-para-abertura-de-pos-doutorado.docx\" target=\"_blank\" rel=\"noopener\">ANEXOS \u00c0 INSTRU\u00c7\u00c3O NORMATIVA PRPGP\/UFSM N. 007\/2023 \u2013 Documentos para abertura de p\u00f3s-doutorado (.DOCX \u2013 200,34 KB)<\/a><\/li>\n<\/ul>\n<p>\u00a0<\/p>\n<ul>\n<li><img decoding=\"async\" src=\"https:\/\/www.ufsm.br\/pro-reitorias\/prpgp\/wp-includes\/images\/media\/document.png\" width=\"15\" height=\"15\" \/>\u00a0<a href=\"https:\/\/www.ufsm.br\/app\/uploads\/sites\/345\/2021\/01\/ANEXOS-A-INSTRUCAO-NORMATIVA-PRPGP-UFSM-N.-07-Documentos-para-abertura-de-pos-doutorado-ANEXO-11.docx\" target=\"_blank\" rel=\"noopener\">ANEXO 01 \u2013 Requerimento padr\u00e3o para p\u00f3s-doutorado (.DOCX \u2013 194,61 KB)<\/a><\/li>\n<\/ul>\n<p>\u00a0<\/p>\n<ul>\n<li><img decoding=\"async\" src=\"https:\/\/www.ufsm.br\/pro-reitorias\/prpgp\/wp-includes\/images\/media\/document.png\" width=\"15\" height=\"15\" \/>\u00a0<a href=\"https:\/\/www.ufsm.br\/app\/uploads\/sites\/345\/2021\/01\/ANEXOS-A-INSTRUCAO-NORMATIVA-PRPGP-UFSM-N.-07-Documentos-para-abertura-de-pos-doutorado-ANEXO-21.docx\" target=\"_blank\" rel=\"noopener\">ANEXO 02 \u2013 Termo de ci\u00eancia do empregador (.DOCX \u2013 189,64 KB)<\/a><\/li>\n<\/ul>\n<p>\u00a0<\/p>\n<ul>\n<li><img decoding=\"async\" src=\"https:\/\/www.ufsm.br\/pro-reitorias\/prpgp\/wp-includes\/images\/media\/document.png\" width=\"15\" height=\"15\" \/>\u00a0<a href=\"https:\/\/www.ufsm.br\/app\/uploads\/sites\/345\/2021\/01\/ANEXOS-A-INSTRUCAO-NORMATIVA-PRPGP-UFSM-N.-07-Documentos-para-abertura-de-pos-doutorado-ANEXO-31.docx\" target=\"_blank\" rel=\"noopener\">ANEXO 03 \u2013 Requerimento de prorroga\u00e7\u00e3o de v\u00ednculo (.DOCX \u2013 188,49 KB)<\/a><\/li>\n<\/ul>\n<p>\u00a0<\/p>\n<ul>\n<li><img decoding=\"async\" src=\"https:\/\/www.ufsm.br\/pro-reitorias\/prpgp\/wp-includes\/images\/media\/document.png\" width=\"15\" height=\"15\" \/>\u00a0<a href=\"https:\/\/www.ufsm.br\/app\/uploads\/sites\/345\/2021\/01\/ANEXOS-A-INSTRUCAO-NORMATIVA-PRPGP-UFSM-N.-07-Documentos-para-abertura-de-pos-doutorado-ANEXO-41.docx\" target=\"_blank\" rel=\"noopener\">ANEXO 04 \u2013 Aprova\u00e7\u00e3o do relat\u00f3rio final (supervisor) (.DOCX \u2013 187,19 KB)<\/a><\/li>\n<\/ul>\n","protected":false},"excerpt":{"rendered":"<p>O Programa de P\u00f3s-doutorado na Universidade Federal de Santa Maria, regulamentado pelo\u00a0Anexo I da\u00a0Resolu\u00e7\u00e3o UFSM N. 139\/2023\u00a0e pela\u00a0Instru\u00e7\u00e3o Normativa PRPGP\/UFSM N. 007\/2023, \u00e9 um programa de aprimoramento em pesquisa avan\u00e7ada sob supervis\u00e3o de docente ou pesquisador(a) credenciado(a) em programa de p\u00f3s-gradua\u00e7\u00e3o\u00a0stricto sensu\u00a0da UFSM, devendo ocorrer em car\u00e1ter presencial. O processo de sele\u00e7\u00e3o de p\u00f3s-doutorado \u00e9 [&hellip;]<\/p>\n","protected":false},"author":818,"featured_media":0,"parent":0,"menu_order":0,"comment_status":"closed","ping_status":"closed","template":"","meta":{"footnotes":""},"categories":[],"tags":[],"class_list":["post-2479","page","type-page","status-publish","hentry"],"acf":[],"_links":{"self":[{"href":"https:\/\/www.ufsm.br\/cursos\/pos-graduacao\/santa-maria\/ppgep\/wp-json\/wp\/v2\/pages\/2479","targetHints":{"allow":["GET"]}}],"collection":[{"href":"https:\/\/www.ufsm.br\/cursos\/pos-graduacao\/santa-maria\/ppgep\/wp-json\/wp\/v2\/pages"}],"about":[{"href":"https:\/\/www.ufsm.br\/cursos\/pos-graduacao\/santa-maria\/ppgep\/wp-json\/wp\/v2\/types\/page"}],"author":[{"embeddable":true,"href":"https:\/\/www.ufsm.br\/cursos\/pos-graduacao\/santa-maria\/ppgep\/wp-json\/wp\/v2\/users\/818"}],"replies":[{"embeddable":true,"href":"https:\/\/www.ufsm.br\/cursos\/pos-graduacao\/santa-maria\/ppgep\/wp-json\/wp\/v2\/comments?post=2479"}],"version-history":[{"count":0,"href":"https:\/\/www.ufsm.br\/cursos\/pos-graduacao\/santa-maria\/ppgep\/wp-json\/wp\/v2\/pages\/2479\/revisions"}],"wp:attachment":[{"href":"https:\/\/www.ufsm.br\/cursos\/pos-graduacao\/santa-maria\/ppgep\/wp-json\/wp\/v2\/media?parent=2479"}],"wp:term":[{"taxonomy":"category","embeddable":true,"href":"https:\/\/www.ufsm.br\/cursos\/pos-graduacao\/santa-maria\/ppgep\/wp-json\/wp\/v2\/categories?post=2479"},{"taxonomy":"post_tag","embeddable":true,"href":"https:\/\/www.ufsm.br\/cursos\/pos-graduacao\/santa-maria\/ppgep\/wp-json\/wp\/v2\/tags?post=2479"}],"curies":[{"name":"wp","href":"https:\/\/api.w.org\/{rel}","templated":true}]}}