{"id":2502,"date":"2026-03-17T09:52:52","date_gmt":"2026-03-17T12:52:52","guid":{"rendered":"https:\/\/www.ufsm.br\/cursos\/pos-graduacao\/santa-maria\/ppgep\/?page_id=2502"},"modified":"2026-03-31T14:55:11","modified_gmt":"2026-03-31T17:55:11","slug":"aluno-estrangeiro","status":"publish","type":"page","link":"https:\/\/www.ufsm.br\/cursos\/pos-graduacao\/santa-maria\/ppgep\/aluno-estrangeiro","title":{"rendered":"Aluno estrangeiro"},"content":{"rendered":"\n<p>A Universidade Federal de Santa Maria (UFSM) recebe alunos estrangeiros para gradua\u00e7\u00e3o e p\u00f3s-gradua\u00e7\u00e3o por meio de conv\u00eanios (como <a href=\"https:\/\/grupomontevideo.org\/site\/\" target=\"_blank\" rel=\"noopener\">AUGM<\/a>), programas espec\u00edficos (PEC-G\/<a href=\"https:\/\/www.gov.br\/capes\/pt-br\/acesso-a-informacao\/acoes-e-programas\/bolsas\/bolsas-e-auxilios-internacionais\/encontre-aqui\/paises\/multinacional\/programa-de-estudantes-convenio-de-pos-graduacao-pec-pg\" target=\"_blank\" rel=\"noopener\">PEC-PG<\/a>), atrav\u00e9s do programa de mobilidade internacional do Grupo de Coopera\u00e7\u00e3o Internacional de Universidades Brasileiras (<a href=\"https:\/\/www.gcub.org.br\/\" target=\"_blank\" rel=\"noopener\">GCUB<\/a>),\u00a0ou como alunos de interc\u00e2mbio, com suporte da Diretoria de Rela\u00e7\u00f5es Internacionais (<a href=\"https:\/\/www.ufsm.br\/orgaos-suplementares\/dri\" target=\"_blank\" rel=\"noopener\">DRI<\/a>). Acolhimento, moradia estudantil provis\u00f3ria e acesso ao Restaurante Universit\u00e1rio (RU) s\u00e3o facilitados, especialmente via editais de apoio socioecon\u00f4mico da Pr\u00f3-Reitoria de Assuntos Estudantis (<a href=\"https:\/\/www.ufsm.br\/pro-reitorias\/prae\" target=\"_blank\" rel=\"noopener\">PRAE<\/a>).<\/p>\n<ul class=\"KsbFXc U6u95\" data-sfc-root=\"c\" data-sfc-cb=\"\" data-processed=\"true\">\n<li class=\"dF3vjf\" data-sfc-root=\"c\" data-sfc-cb=\"\" data-hveid=\"CAMQAA\" data-processed=\"true\"><span class=\"T286Pc\" data-sfc-cp=\"\" data-sfc-root=\"c\" data-sfc-cb=\"\" data-processed=\"true\"><strong class=\"Yjhzub\" data-sfc-root=\"c\" data-sfc-cb=\"\" data-processed=\"true\">Formas de Ingresso:<\/strong><\/span>\n<ul class=\"KsbFXc U6u95\" data-sfc-root=\"c\" data-sfc-cb=\"\" data-processed=\"true\">\n<li class=\"dF3vjf\" data-sfc-root=\"c\" data-sfc-cb=\"\" data-hveid=\"CAMQAQ\" data-processed=\"true\"><span class=\"T286Pc\" data-sfc-cp=\"\" data-sfc-root=\"c\" data-sfc-cb=\"\" data-processed=\"true\"><strong class=\"Yjhzub\" data-sfc-root=\"c\" data-sfc-cb=\"\" data-processed=\"true\">Gradua\u00e7\u00e3o:<\/strong>\u00a0Interc\u00e2mbio (conv\u00eanios AUGM, GCUB), Programa de Estudantes-Conv\u00eanio de Gradua\u00e7\u00e3o (PEC-G) e ingresso regular para refugiados\/imigrantes.<\/span><\/li>\n<li class=\"dF3vjf\" data-sfc-root=\"c\" data-sfc-cb=\"\" data-hveid=\"CAMQAg\" data-processed=\"true\"><span class=\"T286Pc\" data-sfc-cp=\"\" data-sfc-root=\"c\" data-sfc-cb=\"\" data-processed=\"true\"><strong class=\"Yjhzub\" data-sfc-root=\"c\" data-sfc-cb=\"\" data-processed=\"true\">P\u00f3s-Gradua\u00e7\u00e3o:<\/strong> Sele\u00e7\u00e3o por edital p\u00fablico, PEC-PG, GCUB, ou programas de ag\u00eancias como CAPES\/CNPq.<\/span><\/li>\n<\/ul>\n<\/li>\n<li class=\"dF3vjf\" data-sfc-root=\"c\" data-sfc-cb=\"\" data-hveid=\"CAMQAw\" data-processed=\"true\"><span class=\"T286Pc\" data-sfc-cp=\"\" data-sfc-root=\"c\" data-sfc-cb=\"\" data-processed=\"true\"><strong class=\"Yjhzub\" data-sfc-root=\"c\" data-sfc-cb=\"\" data-processed=\"true\">Acolhimento e Integra\u00e7\u00e3o:<\/strong>\u00a0A DRI realiza a &#8220;Semana de Acolhimento&#8221; e gerencia o programa &#8220;<span data-sfc-cp=\"\" data-sfc-root=\"c\" data-sfc-cb=\"\" data-processed=\"true\">Amigo Internacional<\/span><\/span>&#8220;, que conecta volunt\u00e1rios da UFSM aos novos alunos para auxiliar na chegada.<\/li>\n<li class=\"dF3vjf\" data-sfc-root=\"c\" data-sfc-cb=\"\" data-hveid=\"CAMQBg\" data-processed=\"true\"><span class=\"T286Pc\" data-sfc-cp=\"\" data-sfc-root=\"c\" data-sfc-cb=\"\" data-processed=\"true\"><strong class=\"Yjhzub\" data-sfc-root=\"c\" data-sfc-cb=\"\" data-processed=\"true\">Documenta\u00e7\u00e3o e Visto:<\/strong> \u00c9 necess\u00e1rio solicitar o Visto Tempor\u00e1rio no consulado brasileiro no pa\u00eds de origem antes da chegada.<\/span><\/li>\n<li class=\"dF3vjf\" data-sfc-root=\"c\" data-sfc-cb=\"\" data-hveid=\"CAMQBw\" data-processed=\"true\"><span class=\"T286Pc\" data-sfc-cp=\"\" data-sfc-root=\"c\" data-sfc-cb=\"\" data-processed=\"true\"><strong class=\"Yjhzub\" data-sfc-root=\"c\" data-sfc-cb=\"\" data-processed=\"true\">Moradia e Assist\u00eancia:<\/strong> Alunos de gradua\u00e7\u00e3o e p\u00f3s-gradua\u00e7\u00e3o em situa\u00e7\u00e3o de vulnerabilidade podem ter acesso \u00e0 Casa do Estudante (CEU) e ao RU via Editais da PRAE (ex: Edital n. 08\/2025 e 37\/2025).<\/span><\/li>\n<li class=\"dF3vjf\" data-sfc-root=\"c\" data-sfc-cb=\"\" data-hveid=\"CAMQCA\" data-processed=\"true\"><span class=\"T286Pc\" data-sfc-cp=\"\" data-sfc-root=\"c\" data-sfc-cb=\"\" data-processed=\"true\"><strong class=\"Yjhzub\" data-sfc-root=\"c\" data-sfc-cb=\"\" data-processed=\"true\">Guias:<\/strong>\u00a0A DRI disponibiliza o\u00a0<span data-sfc-cp=\"\" data-sfc-root=\"c\" data-sfc-cb=\"\" data-processed=\"true\"><a class=\"GI370e\" href=\"https:\/\/www.ufsm.br\/orgaos-suplementares\/dri\/publicacoes\/guia-do-estudante-internacional\" target=\"_blank\" rel=\"noopener\" data-ved=\"2ahUKEwiQmv6bucqTAxU5qJUCHfg-D_4QgK4QegQIAxAK\" data-hveid=\"CAMQCg\" data-processed=\"true\">Guia do Estudante Internacional<\/a><\/span><\/span>\u00a0com informa\u00e7\u00f5es sobre a universidade e a cidade de Santa Maria.<\/li>\n<\/ul>\n<p><strong>INFORMA\u00c7\u00d5ES ESPEC\u00cdFICAS PARA INGRESSO NA P\u00d3S-GRADUA\u00c7\u00c3O EM ENGENHARIA DE PRODU\u00c7\u00c3O (PPGEP)<\/strong><\/p>\n<p>As formas de ingresso no PPGEP s\u00e3o atrav\u00e9s do processo de sele\u00e7\u00e3o por edital p\u00fablico ou do processo de sele\u00e7\u00e3o pelo Grupo de Coopera\u00e7\u00e3o Internacional de Universidades Brasileiras (GCUB).<\/p>\n<p>A sele\u00e7\u00e3o atrav\u00e9s processo de sele\u00e7\u00e3o pelo programa de mobilidade internacional do Grupo de Coopera\u00e7\u00e3o Internacional de Universidades Brasileiras (GCUB) ocorre uma vez por ano. O edital, sistema de inscri\u00e7\u00e3o, n\u00famero de vagas, quantitativo de bolsas e demais procedimentos para concorrer s\u00e3o exclusivamente de responsabilidade do GCUB, para acompanhar os processos de sele\u00e7\u00e3o ativos e encerrados, acessar <a href=\"https:\/\/www.gcub.org.br\/\" target=\"_blank\" rel=\"noopener\">aqui<\/a>.<\/p>\n<p><strong>N\u00edvel Mestrado<\/strong><\/p>\n<p>A <strong>sele\u00e7\u00e3o por edital p\u00fablico, n\u00edvel mestrado,<\/strong> ocorre um processo de sele\u00e7\u00e3o por semestre, publico alvo diplomados em curso superior, constar\u00e1 de tr\u00eas etapas sequenciais, de car\u00e1ter classificat\u00f3rio e eliminat\u00f3rio:<\/p>\n<p>(i) Avalia\u00e7\u00e3o da planilha de avalia\u00e7\u00e3o do curr\u00edculo, etapa classificat\u00f3ria, peso 3,00;<br \/>(ii) Avalia\u00e7\u00e3o do anteprojeto de pesquisa, etapa classificat\u00f3ria e eliminat\u00f3ria, peso 4,00;\u00a0<br \/>(iii) Defesa oral, etapa classificat\u00f3ria, peso 3,00.<\/p>\n<p>An\u00e1lise do anteprojeto de pesquisa \u00e9 de car\u00e1ter classificat\u00f3rio e eliminat\u00f3rio. O(a) candidato(a) para ser selecionado deve atingir no m\u00ednimo 7,00 (sete) pontos na avalia\u00e7\u00e3o do anteprojeto de pesquisa.<\/p>\n<p>Para alcan\u00e7ar a classifica\u00e7\u00e3o, o(a) candidato(a) deve atingir nota final m\u00ednima 6,00 (seis v\u00edrgula zero).<\/p>\n<p><strong>Todos os requisitos e documentos necess\u00e1rios para participar da sele\u00e7\u00e3o por edital p\u00fablico, n\u00edvel mestrado, est\u00e3o dispon\u00edveis para consulta no \u00faltimo processo de sele\u00e7\u00e3o. Orientamos que o(a) candidato(a) estrangeiro(a) leia com a m\u00e1xima aten\u00e7\u00e3o, os editais GERAL e ESPEC\u00cdFICO, respectivamente dispon\u00edveis nos links abaixo:<\/strong><\/p>\n<p>EDITAL GERAL: <a href=\"https:\/\/www.ufsm.br\/app\/uploads\/sites\/345\/2025\/09\/EDIT_030_2025.pdf\" target=\"_blank\" rel=\"noopener\">\u00a0https:\/\/www.ufsm.br\/app\/uploads\/sites\/345\/2025\/09\/EDIT_030_2025.pdf<\/a><\/p>\n<p>EDITAL ESPEC\u00cdFICO:\u00a0<a href=\"https:\/\/www.ufsm.br\/app\/uploads\/sites\/345\/2025\/08\/MEST_ENGPROD_30_2025.pdf\" target=\"_blank\" rel=\"noopener\"> https:\/\/www.ufsm.br\/app\/uploads\/sites\/345\/2025\/08\/MEST_ENGPROD_30_2025.pdf<\/a><\/p>\n<p>O curso de\u00a0<b>P\u00f3s-Gradua\u00e7\u00e3o em Engenharia de Produ\u00e7\u00e3o<\/b>\u00a0est\u00e1 localizado em\u00a0<b>Campus Camobi \u2013 UFSM<\/b>\u00a0na modalidade\u00a0<b>Mestrado \u2013 Presencial<\/b>\u00a0sendo\u00a0<b>Diurno<\/b> o seu turno de funcionamento e aulas presenciais. A \u00e1rea de conhecimento do curso \u00e9 classificada como <b>GER\u00caNCIA DE PRODU\u00c7\u00c3O<\/b>.\u00a0O curso \u00e9 ofertado em per\u00edodo\u00a0<b>Semestral<\/b>, sendo\u00a0<b>4<\/b> o n\u00famero de per\u00edodos indicados para sua conclus\u00e3o. Reconhecido pelo Minist\u00e9rio da Educa\u00e7\u00e3o \u2013 Portaria n. 609\/2019.<\/p>\n<p>Ap\u00f3s a aprova\u00e7\u00e3o\/classifica\u00e7\u00e3o no processo de sele\u00e7\u00e3o, o(a) mestrando(a) dever\u00e1 concluir o curso no prazo de 24 meses. Dentro deste prazo dever\u00e1: totalizar m\u00ednimo de 24 cr\u00e9ditos em disciplinas (ou 6 disciplinas, aulas presenciais), comprovar sufici\u00eancia em l\u00edngua portuguesa em n\u00edvel intermedi\u00e1rio (se de pa\u00eds de origem n\u00e3o oficial em l\u00edngua portuguesa) ou comprovar sufici\u00eancia em outra l\u00edngua estrangeira (se de pa\u00eds de origem oficial em l\u00edngua portuguesa), apresentar publica\u00e7\u00e3o ou aceite de artigo na base Scopus, qualificar e defender a disserta\u00e7\u00e3o de Mestrado. Somente depois de satisfeitos todos estes requisitos, o processo de defesa de disserta\u00e7\u00e3o ser\u00e1 tramitado para fins de emiss\u00e3o do diploma de Mestre(a).<\/p>\n<p><strong>N\u00edvel Doutorado<\/strong><\/p>\n<p>A <strong>sele\u00e7\u00e3o por edital p\u00fablico, n\u00edvel doutorado<\/strong>, um processo de sele\u00e7\u00e3o por semestre, publico alvo diplomados em curso superior e mestrado nas Engenharias, constar\u00e1 de tr\u00eas etapas sequenciais, de car\u00e1ter classificat\u00f3rio e eliminat\u00f3rio:<\/p>\n<p>(i) Avalia\u00e7\u00e3o da planilha de avalia\u00e7\u00e3o do curr\u00edculo, classificat\u00f3ria e eliminat\u00f3ria, peso 3,00;<br \/>(ii) Avalia\u00e7\u00e3o do anteprojeto de pesquisa, etapa classificat\u00f3ria e eliminat\u00f3ria, peso 4,00;\u00a0<br \/>(iii) Defesa oral, etapa classificat\u00f3ria, peso 3,00.<\/p>\n<p>Avalia\u00e7\u00e3o da planilha de avalia\u00e7\u00e3o do curr\u00edculo \u00e9 de car\u00e1ter classificat\u00f3ria e eliminat\u00f3ria. O(a) candidato(a) para ser selecionado(a) devera\u0301 atingir no m\u00ednimo 5,00 (cinco) pontos de acordo com a planilha disponibilizada no respectivo edital.<\/p>\n<p>An\u00e1lise do anteprojeto de pesquisa \u00e9 de car\u00e1ter classificat\u00f3rio e eliminat\u00f3rio. O(a) candidato(a) para ser selecionado(a) deve atingir no m\u00ednimo 7,00 (sete) pontos na avalia\u00e7\u00e3o do anteprojeto de pesquisa.<\/p>\n<p>Para alcan\u00e7ar a classifica\u00e7\u00e3o, o(a) candidato(a) deve atingir nota final m\u00ednima 7,00 (sete v\u00edrgula zero).<\/p>\n<p><strong>Todos os requisitos e documentos necess\u00e1rios para participar da sele\u00e7\u00e3o por edital p\u00fablico, n\u00edvel doutorado, est\u00e3o dispon\u00edveis para consulta no \u00faltimo processo de sele\u00e7\u00e3o. Orientamos que o(a) candidato(a) estrangeiro(a) leia com a m\u00e1xima aten\u00e7\u00e3o, os editais GERAL e ESPEC\u00cdFICO, respectivamente dispon\u00edveis nos links abaixo:<\/strong><\/p>\n<p>EDITAL GERAL: <a href=\"https:\/\/www.ufsm.br\/app\/uploads\/sites\/345\/2025\/09\/EDIT_030_2025.pdf\" target=\"_blank\" rel=\"noopener\">\u00a0https:\/\/www.ufsm.br\/app\/uploads\/sites\/345\/2025\/09\/EDIT_030_2025.pdf<\/a><\/p>\n<p>EDITAL ESPEC\u00cdFICO: <a href=\"https:\/\/www.ufsm.br\/app\/uploads\/sites\/345\/2025\/08\/DOUT_ENGPROD_30_2025.pdf\" target=\"_blank\" rel=\"noopener\">https:\/\/www.ufsm.br\/app\/uploads\/sites\/345\/2025\/08\/DOUT_ENGPROD_30_2025.pdf<\/a><\/p>\n<p>O curso de\u00a0<b>P\u00f3s-Gradua\u00e7\u00e3o em Engenharia de Produ\u00e7\u00e3o<\/b>\u00a0est\u00e1 localizado em\u00a0<b>Campus Camobi \u2013 UFSM<\/b>\u00a0na modalidade\u00a0<b>Doutorado \u2013 Presencial<\/b>\u00a0sendo\u00a0<b>Diurno<\/b> o seu turno de funcionamento e aulas presenciais. A \u00e1rea de conhecimento do curso \u00e9 classificada como <b>GER\u00caNCIA DE PRODU\u00c7\u00c3O<\/b>.\u00a0O curso \u00e9 ofertado em per\u00edodo\u00a0<b>Semestral<\/b>, sendo\u00a0<b>8<\/b> o n\u00famero de per\u00edodos indicados para sua conclus\u00e3o.\u00a0Reconhecido pelo Minist\u00e9rio da Educa\u00e7\u00e3o \u2013 Portaria n. 478\/2020.<\/p>\n<p>Ap\u00f3s a aprova\u00e7\u00e3o\/classifica\u00e7\u00e3o no processo de sele\u00e7\u00e3o, o(a) doutorando(a) dever\u00e1 concluir o curso no prazo de 48 meses. Dentro deste prazo dever\u00e1: totalizar m\u00ednimo de 48 cr\u00e9ditos em disciplinas (ou 12 disciplinas, aulas presenciais), comprovar sufici\u00eancia em l\u00edngua portuguesa em n\u00edvel intermedi\u00e1rio (se de pa\u00eds de origem n\u00e3o oficial em l\u00edngua portuguesa) ou comprovar sufici\u00eancia em outra l\u00edngua estrangeira (se de pa\u00eds de origem oficial em l\u00edngua portuguesa), apresentar publica\u00e7\u00e3o ou aceite de 2 (dois) artigos na base Scopus, qualificar e defender a tese de Doutorado. Somente depois de satisfeitos todos estes requisitos, o processo de defesa de tese ser\u00e1 tramitado para fins de emiss\u00e3o do diploma de Doutor(a).<\/p>\n<p><strong>BOLSA DE ESTUDO<\/strong><\/p>\n<p dir=\"ltr\">Cada programa de p\u00f3s-gradua\u00e7\u00e3o acad\u00eamico pode ter um determinado n\u00famero de bolsas para atendimento a alunos de mestrado, doutorado e pesquisadores. As bolsas s\u00e3o concedidas por ag\u00eancias federais e estaduais de fomento (CAPES, CNPq, FAPERGS, etc) ou ainda com financiamento privado. Os crit\u00e9rios de concess\u00e3o e o gerenciamento e execu\u00e7\u00e3o das bolsas concedidas s\u00e3o de responsabilidade de cada Programa de P\u00f3s-Gradua\u00e7\u00e3o.<\/p>\n<p><strong>Os estudantes de p\u00f3s-gradua\u00e7\u00e3o em Engenharia de Produ\u00e7\u00e3o podem pleitear bolsas de mestrado e doutorado, por meio de uma sele\u00e7\u00e3o, normatizada atrav\u00e9s de um edital espec\u00edfico, com previs\u00e3o de divulga\u00e7\u00e3o no in\u00edcio de cada semestre no ano corrente. Para concorrer no edital espec\u00edfico \u00e9 obrigat\u00f3rio o(a) aluno(a) ter n\u00famero de matr\u00edcula (ou seja, ser aprovado\/classificado atrav\u00e9s do processo de sele\u00e7\u00e3o por edital p\u00fablico).\u00a0<\/strong>Para cadastro da bolsa \u00e9 obrigat\u00f3rio que o(a) aluno(a) estrangeiro(a) tenha Cadastro de Pessoas F\u00edsicas (CPF) e seja residente em Santa Maria (para abertura de conta corrente em ag\u00eancia banc\u00e1ria).<\/p>\n<p>Para conhecimento, os editais de bolsa para mestrado e doutorado podem ser consultados no link <a href=\"https:\/\/www.ufsm.br\/cursos\/pos-graduacao\/santa-maria\/ppgep\/bolsa-de-estudo\" target=\"_blank\" rel=\"noopener\">https:\/\/www.ufsm.br\/cursos\/pos-graduacao\/santa-maria\/ppgep\/bolsa-de-estudo<\/a><\/p>\n<p><strong>A sele\u00e7\u00e3o atrav\u00e9s processo de sele\u00e7\u00e3o pelo programa de mobilidade internacional do Grupo de Coopera\u00e7\u00e3o Internacional de Universidades Brasileiras (GCUB) oferece bolsa de estudo, n\u00edvel mestrado e doutorado.<\/strong> O edital, sistema de inscri\u00e7\u00e3o, n\u00famero de vagas, quantitativo de bolsas e demais procedimentos para concorrer s\u00e3o exclusivamente de responsabilidade do GCUB, para acompanhar os processos de sele\u00e7\u00e3o ativos e encerrados, acessar <a href=\"https:\/\/www.gcub.org.br\/\" target=\"_blank\" rel=\"noopener\">aqui<\/a>.<\/p>\n","protected":false},"excerpt":{"rendered":"<p>A Universidade Federal de Santa Maria (UFSM) recebe alunos estrangeiros para gradua\u00e7\u00e3o e p\u00f3s-gradua\u00e7\u00e3o por meio de conv\u00eanios (como AUGM), programas espec\u00edficos (PEC-G\/PEC-PG), atrav\u00e9s do programa de mobilidade internacional do Grupo de Coopera\u00e7\u00e3o Internacional de Universidades Brasileiras (GCUB),\u00a0ou como alunos de interc\u00e2mbio, com suporte da Diretoria de Rela\u00e7\u00f5es Internacionais (DRI). Acolhimento, moradia estudantil provis\u00f3ria e [&hellip;]<\/p>\n","protected":false},"author":818,"featured_media":0,"parent":0,"menu_order":0,"comment_status":"closed","ping_status":"closed","template":"","meta":{"footnotes":""},"categories":[],"tags":[],"class_list":["post-2502","page","type-page","status-publish","hentry"],"acf":[],"_links":{"self":[{"href":"https:\/\/www.ufsm.br\/cursos\/pos-graduacao\/santa-maria\/ppgep\/wp-json\/wp\/v2\/pages\/2502","targetHints":{"allow":["GET"]}}],"collection":[{"href":"https:\/\/www.ufsm.br\/cursos\/pos-graduacao\/santa-maria\/ppgep\/wp-json\/wp\/v2\/pages"}],"about":[{"href":"https:\/\/www.ufsm.br\/cursos\/pos-graduacao\/santa-maria\/ppgep\/wp-json\/wp\/v2\/types\/page"}],"author":[{"embeddable":true,"href":"https:\/\/www.ufsm.br\/cursos\/pos-graduacao\/santa-maria\/ppgep\/wp-json\/wp\/v2\/users\/818"}],"replies":[{"embeddable":true,"href":"https:\/\/www.ufsm.br\/cursos\/pos-graduacao\/santa-maria\/ppgep\/wp-json\/wp\/v2\/comments?post=2502"}],"version-history":[{"count":0,"href":"https:\/\/www.ufsm.br\/cursos\/pos-graduacao\/santa-maria\/ppgep\/wp-json\/wp\/v2\/pages\/2502\/revisions"}],"wp:attachment":[{"href":"https:\/\/www.ufsm.br\/cursos\/pos-graduacao\/santa-maria\/ppgep\/wp-json\/wp\/v2\/media?parent=2502"}],"wp:term":[{"taxonomy":"category","embeddable":true,"href":"https:\/\/www.ufsm.br\/cursos\/pos-graduacao\/santa-maria\/ppgep\/wp-json\/wp\/v2\/categories?post=2502"},{"taxonomy":"post_tag","embeddable":true,"href":"https:\/\/www.ufsm.br\/cursos\/pos-graduacao\/santa-maria\/ppgep\/wp-json\/wp\/v2\/tags?post=2502"}],"curies":[{"name":"wp","href":"https:\/\/api.w.org\/{rel}","templated":true}]}}