{"id":2511,"date":"2026-03-17T13:49:31","date_gmt":"2026-03-17T16:49:31","guid":{"rendered":"https:\/\/www.ufsm.br\/cursos\/pos-graduacao\/santa-maria\/ppgep\/?page_id=2511"},"modified":"2026-03-17T15:33:33","modified_gmt":"2026-03-17T18:33:33","slug":"bolsa-de-estudo","status":"publish","type":"page","link":"https:\/\/www.ufsm.br\/cursos\/pos-graduacao\/santa-maria\/ppgep\/bolsa-de-estudo","title":{"rendered":"Bolsa de estudo"},"content":{"rendered":"\n<p dir=\"ltr\">A Pr\u00f3-Reitoria de P\u00f3s-Gradua\u00e7\u00e3o e Pesquisa, atrav\u00e9s do N\u00facleo de Sele\u00e7\u00e3o e Bolsas da P\u00f3s-Gradua\u00e7\u00e3o (NSB\/CPG), acompanha e executa alguns programas de bolsas de mestrado, doutorado e p\u00f3s-doutorado.<\/p>\n<p dir=\"ltr\">Cada programa de p\u00f3s-gradua\u00e7\u00e3o acad\u00eamico pode ter um determinado n\u00famero de bolsas para atendimento a alunos de mestrado, doutorado e pesquisadores. As bolsas s\u00e3o concedidas por ag\u00eancias federais e estaduais de fomento (CAPES, CNPq, FAPERGS, etc) ou ainda com financiamento privado. Os crit\u00e9rios de concess\u00e3o e o gerenciamento e execu\u00e7\u00e3o das bolsas concedidas s\u00e3o de responsabilidade de cada Programa de P\u00f3s-Gradua\u00e7\u00e3o.<\/p>\n<p><strong>Os estudantes de p\u00f3s-gradua\u00e7\u00e3o em Engenharia de Produ\u00e7\u00e3o podem pleitear bolsas de mestrado e doutorado, por meio de uma sele\u00e7\u00e3o, normatizada atrav\u00e9s de um edital espec\u00edfico, com previs\u00e3o de divulga\u00e7\u00e3o no in\u00edcio de cada semestre no ano corrente.<\/strong><\/p>\n<p>A sele\u00e7\u00e3o ser\u00e1 de acordo com a\u00a0<a href=\"https:\/\/www.ufsm.br\/cursos\/pos-graduacao\/santa-maria\/ppgep\/legislacao\" target=\"_blank\" rel=\"noopener\">Resolu\u00e7\u00e3o Interna do PPGEP N. 17<\/a>\u00a0(estabelece as normas gerais e os crit\u00e9rios de concess\u00e3o e manuten\u00e7\u00e3o de bolsas em n\u00edvel de Mestrado e Doutorado do Programa de Po\u0301s-Graduac\u0327a\u0303o em Engenharia de Produ\u00e7\u00e3o, tendo como base a\u00a0<a href=\"https:\/\/www.ufsm.br\/cursos\/pos-graduacao\/santa-maria\/ppgep\/legislacao\" target=\"_blank\" rel=\"noopener\">Resolu\u00e7\u00e3o Interna do PPGEP N. 21<\/a>).<\/p>\n<p dir=\"ltr\">Principais programas de bolsas CAPES:<br \/><strong><a href=\"https:\/\/www.gov.br\/capes\/pt-br\/acesso-a-informacao\/acoes-e-programas\/bolsas\/bolsas-no-pais\/programa-de-demanda-social-ds\">Programa de Demanda Social \u2013 DS<\/a><\/strong><br \/><strong><a href=\"https:\/\/www.gov.br\/capes\/pt-br\/acesso-a-informacao\/acoes-e-programas\/bolsas\/bolsas-no-pais\/proex\">Programa de Excel\u00eancia Acad\u00eamica \u2013 PROEX<\/a><\/strong><br \/><strong><a href=\"https:\/\/www.gov.br\/capes\/pt-br\/acesso-a-informacao\/acoes-e-programas\/bolsas\/bolsas-no-pais\/pnpd-capes\">Programa Nacional de P\u00f3s-Doutorado \u2013 PNPD<\/a><\/strong><br \/>Informa\u00e7\u00f5es sobre os demais programas:\u00a0<strong><a href=\"https:\/\/www.gov.br\/capes\/pt-br\">www.capes.gov.br<\/a><\/strong><\/p>\n<div><strong>N\u00c3O CONCLUS\u00c3O DO CURSO E RESTITUI\u00c7\u00c3O DE VALORES<\/strong><\/div>\n<div>A n\u00e3o conclus\u00e3o de curso de alunos\u00a0<strong>bolsistas DS\/CAPES<\/strong>\u00a0requer a devolu\u00e7\u00e3o dos valores recebidos, conforme Art. 13 do Regulamento DS\/CAPES:<\/div>\n<blockquote>\n<p>\u201cArt. 13, Par\u00e1grafo \u00fanico: A n\u00e3o conclus\u00e3o do curso acarretar\u00e1 a obriga\u00e7\u00e3o de restituir os valores despendidos com a bolsa, salvo se motivada por caso fortuito, for\u00e7a maior, circunst\u00e2ncia alheia \u00e0 sua vontade ou doen\u00e7a grave devidamente comprovada. A avalia\u00e7\u00e3o dessas situa\u00e7\u00f5es fica condicionada \u00e0 aprova\u00e7\u00e3o pela Diretoria Colegiada da CAPES, em despacho fundamentado.\u201d<\/p>\n<\/blockquote>\n<p><strong>BOLSAS CNPq e FAPERGS<\/strong>:\u00a0s\u00e3o pleiteadas e gerenciadas diretamente pela Coordena\u00e7\u00e3o do Programa ou pelo(a) orientador(a) do(a) discente. As consultas podem ser feitas nas p\u00e1ginas das respectivas ag\u00eancias:<strong>\u00a0<a href=\"https:\/\/www.gov.br\/cnpq\/pt-br\">www.cnpq.br<\/a><\/strong>\u00a0e\u00a0<strong><a href=\"http:\/\/www.fapergs.rs.gov.br\/\">www.fapergs.rs.gov.br<\/a><\/strong><\/p>\n<p><strong>\u00daLTIMOS EDITAIS DE SELE\u00c7\u00c3O PARA CONSULTA:<\/strong><\/p>\n<ul>\n<li><a href=\"https:\/\/www.ufsm.br\/cursos\/pos-graduacao\/santa-maria\/ppgep\/bolsa-de-estudo-de-mestrado\" target=\"_blank\" rel=\"noopener\">Mestrado<\/a>;<\/li>\n<li><a href=\"https:\/\/www.ufsm.br\/cursos\/pos-graduacao\/santa-maria\/ppgep\/bolsa-de-estudo-de-doutorado\">Doutorado<\/a>.<\/li>\n<\/ul>\n<p>\u00a0<\/p>\n","protected":false},"excerpt":{"rendered":"<p>A Pr\u00f3-Reitoria de P\u00f3s-Gradua\u00e7\u00e3o e Pesquisa, atrav\u00e9s do N\u00facleo de Sele\u00e7\u00e3o e Bolsas da P\u00f3s-Gradua\u00e7\u00e3o (NSB\/CPG), acompanha e executa alguns programas de bolsas de mestrado, doutorado e p\u00f3s-doutorado. Cada programa de p\u00f3s-gradua\u00e7\u00e3o acad\u00eamico pode ter um determinado n\u00famero de bolsas para atendimento a alunos de mestrado, doutorado e pesquisadores. As bolsas s\u00e3o concedidas por ag\u00eancias [&hellip;]<\/p>\n","protected":false},"author":818,"featured_media":0,"parent":0,"menu_order":0,"comment_status":"closed","ping_status":"closed","template":"","meta":{"footnotes":""},"categories":[],"tags":[],"class_list":["post-2511","page","type-page","status-publish","hentry"],"acf":[],"_links":{"self":[{"href":"https:\/\/www.ufsm.br\/cursos\/pos-graduacao\/santa-maria\/ppgep\/wp-json\/wp\/v2\/pages\/2511","targetHints":{"allow":["GET"]}}],"collection":[{"href":"https:\/\/www.ufsm.br\/cursos\/pos-graduacao\/santa-maria\/ppgep\/wp-json\/wp\/v2\/pages"}],"about":[{"href":"https:\/\/www.ufsm.br\/cursos\/pos-graduacao\/santa-maria\/ppgep\/wp-json\/wp\/v2\/types\/page"}],"author":[{"embeddable":true,"href":"https:\/\/www.ufsm.br\/cursos\/pos-graduacao\/santa-maria\/ppgep\/wp-json\/wp\/v2\/users\/818"}],"replies":[{"embeddable":true,"href":"https:\/\/www.ufsm.br\/cursos\/pos-graduacao\/santa-maria\/ppgep\/wp-json\/wp\/v2\/comments?post=2511"}],"version-history":[{"count":0,"href":"https:\/\/www.ufsm.br\/cursos\/pos-graduacao\/santa-maria\/ppgep\/wp-json\/wp\/v2\/pages\/2511\/revisions"}],"wp:attachment":[{"href":"https:\/\/www.ufsm.br\/cursos\/pos-graduacao\/santa-maria\/ppgep\/wp-json\/wp\/v2\/media?parent=2511"}],"wp:term":[{"taxonomy":"category","embeddable":true,"href":"https:\/\/www.ufsm.br\/cursos\/pos-graduacao\/santa-maria\/ppgep\/wp-json\/wp\/v2\/categories?post=2511"},{"taxonomy":"post_tag","embeddable":true,"href":"https:\/\/www.ufsm.br\/cursos\/pos-graduacao\/santa-maria\/ppgep\/wp-json\/wp\/v2\/tags?post=2511"}],"curies":[{"name":"wp","href":"https:\/\/api.w.org\/{rel}","templated":true}]}}