{"id":29,"date":"2018-01-18T09:10:07","date_gmt":"2018-01-18T11:10:07","guid":{"rendered":"https:\/\/www.ufsm.br\/cursos\/graduacao\/nutricao\/12352\/?page_id=29"},"modified":"2026-03-17T14:12:35","modified_gmt":"2026-03-17T17:12:35","slug":"contato","status":"publish","type":"page","link":"https:\/\/www.ufsm.br\/cursos\/pos-graduacao\/santa-maria\/ppgep\/contato","title":{"rendered":"Coordena\u00e7\u00e3o e secretaria"},"content":{"rendered":"\t\t<div data-elementor-type=\"wp-post\" data-elementor-id=\"29\" class=\"elementor elementor-29\">\n\t\t\t\t\t\t<section class=\"elementor-section elementor-top-section elementor-element elementor-element-fbb916 elementor-section-boxed elementor-section-height-default elementor-section-height-default\" data-id=\"fbb916\" data-element_type=\"section\">\n\t\t\t\t\t\t<div class=\"elementor-container elementor-column-gap-default\">\n\t\t\t\t\t<div class=\"elementor-column elementor-col-100 elementor-top-column elementor-element elementor-element-2fd62f09\" data-id=\"2fd62f09\" data-element_type=\"column\">\n\t\t\t<div class=\"elementor-widget-wrap elementor-element-populated\">\n\t\t\t\t\t\t<div class=\"elementor-element elementor-element-3b0d1409 elementor-widget elementor-widget-text-editor\" data-id=\"3b0d1409\" data-element_type=\"widget\" data-widget_type=\"text-editor.default\">\n\t\t\t\t<div class=\"elementor-widget-container\">\n\t\t\t\t\t\t\t<p><strong>Coordenador:<br \/><\/strong>Prof. Dr. Alvaro Luiz Neuenfeldt J\u00fanior \u2013 e-mail:\u00a0 alvaroj.eng@gmail.com\u00a0<\/p><p><strong>Coordenadora Substituta:<br \/><\/strong>Prof.\u00aa Dr.\u00aa Paula Donaduzzi Rigo \u2013 e-mail paula.rigo@ufsm.br<\/p><p><strong>Secretaria de P\u00f3s Gradua\u00e7\u00e3o Integrada II<br \/><\/strong>Secret\u00e1ria Executiva M\u00e1rcia Regina Meneghini dos Santos<br \/>Contadora Laura dos Santos<\/p><p>Telefone: (55) 3220-8619<br \/>E-mail:\u00a0ppgep@ufsm.br<\/p><p>Hor\u00e1rio de atendimento: de segunda-feira \u00e0 sexta-feira das 8h30min \u00e0s 11h30min e das 13h30min \u00e0s 16h30min.<\/p><p><strong>Endere\u00e7o:<br \/><\/strong>Universidade Federal de Santa Maria \u2013 UFSM <a href=\"https:\/\/www.ufsm.br\/cursos\/pos-graduacao\/santa-maria\/ppgep\/wp-content\/uploads\/sites\/551\/2019\/12\/Mapa-Campus-Sede-UFSM.pdf\" target=\"_blank\" rel=\"noopener\">(Mapa Campus Sede)<\/a><br \/>Programa de P\u00f3s-Gradua\u00e7\u00e3o em Engenharia de Produ\u00e7\u00e3o &#8211; PPGEP<br \/>Av. Roraima n\u00ba 1000 \u2013 Campus Universit\u00e1rio \u2013 Bairro Camobi<br \/>Pr\u00e9dio 08 INPE \u2013 Instituto Nacional de Pesquisas Espaciais<br \/>2\u00ba piso \u2013 Sala 2057<br \/>CEP 97105-900 \u2013 Santa Maria \u2013 RS<\/p>\t\t\t\t\t\t<\/div>\n\t\t\t\t<\/div>\n\t\t\t\t\t<\/div>\n\t\t<\/div>\n\t\t\t\t\t<\/div>\n\t\t<\/section>\n\t\t\t\t<section class=\"elementor-section elementor-top-section elementor-element elementor-element-92b3602 elementor-section-boxed elementor-section-height-default elementor-section-height-default\" data-id=\"92b3602\" data-element_type=\"section\">\n\t\t\t\t\t\t<div class=\"elementor-container elementor-column-gap-default\">\n\t\t\t\t\t<div class=\"elementor-column elementor-col-100 elementor-top-column elementor-element elementor-element-cad1e23\" data-id=\"cad1e23\" data-element_type=\"column\">\n\t\t\t<div class=\"elementor-widget-wrap elementor-element-populated\">\n\t\t\t\t\t\t<div class=\"elementor-element elementor-element-bae1fdc elementor-widget elementor-widget-google_maps\" data-id=\"bae1fdc\" data-element_type=\"widget\" data-widget_type=\"google_maps.default\">\n\t\t\t\t<div class=\"elementor-widget-container\">\n\t\t\t\t\t<div class=\"elementor-custom-embed\">\n\t\t\t<iframe loading=\"lazy\"\n\t\t\t\t\tsrc=\"https:\/\/maps.google.com\/maps?q=INPE%20SANTA%20MARIA&#038;t=m&#038;z=15&#038;output=embed&#038;iwloc=near\"\n\t\t\t\t\ttitle=\"INPE SANTA MARIA\"\n\t\t\t\t\taria-label=\"INPE SANTA MARIA\"\n\t\t\t><\/iframe>\n\t\t<\/div>\n\t\t\t\t<\/div>\n\t\t\t\t<\/div>\n\t\t\t\t\t<\/div>\n\t\t<\/div>\n\t\t\t\t\t<\/div>\n\t\t<\/section>\n\t\t\t\t<\/div>\n\t\t","protected":false},"excerpt":{"rendered":"<p>Coordenador:Prof. Dr. Alvaro Luiz Neuenfeldt J\u00fanior \u2013 e-mail:\u00a0 alvaroj.eng@gmail.com\u00a0 Coordenadora Substituta:Prof.\u00aa Dr.\u00aa Paula Donaduzzi Rigo \u2013 e-mail paula.rigo@ufsm.br Secretaria de P\u00f3s Gradua\u00e7\u00e3o Integrada IISecret\u00e1ria Executiva M\u00e1rcia Regina Meneghini dos SantosContadora Laura dos Santos Telefone: (55) 3220-8619E-mail:\u00a0ppgep@ufsm.br Hor\u00e1rio de atendimento: de segunda-feira \u00e0 sexta-feira das 8h30min \u00e0s 11h30min e das 13h30min \u00e0s 16h30min. Endere\u00e7o:Universidade Federal de [&hellip;]<\/p>\n","protected":false},"author":8,"featured_media":0,"parent":0,"menu_order":0,"comment_status":"closed","ping_status":"closed","template":"","meta":{"footnotes":""},"categories":[],"tags":[],"class_list":["post-29","page","type-page","status-publish","hentry"],"acf":[],"_links":{"self":[{"href":"https:\/\/www.ufsm.br\/cursos\/pos-graduacao\/santa-maria\/ppgep\/wp-json\/wp\/v2\/pages\/29","targetHints":{"allow":["GET"]}}],"collection":[{"href":"https:\/\/www.ufsm.br\/cursos\/pos-graduacao\/santa-maria\/ppgep\/wp-json\/wp\/v2\/pages"}],"about":[{"href":"https:\/\/www.ufsm.br\/cursos\/pos-graduacao\/santa-maria\/ppgep\/wp-json\/wp\/v2\/types\/page"}],"author":[{"embeddable":true,"href":"https:\/\/www.ufsm.br\/cursos\/pos-graduacao\/santa-maria\/ppgep\/wp-json\/wp\/v2\/users\/8"}],"replies":[{"embeddable":true,"href":"https:\/\/www.ufsm.br\/cursos\/pos-graduacao\/santa-maria\/ppgep\/wp-json\/wp\/v2\/comments?post=29"}],"version-history":[{"count":0,"href":"https:\/\/www.ufsm.br\/cursos\/pos-graduacao\/santa-maria\/ppgep\/wp-json\/wp\/v2\/pages\/29\/revisions"}],"wp:attachment":[{"href":"https:\/\/www.ufsm.br\/cursos\/pos-graduacao\/santa-maria\/ppgep\/wp-json\/wp\/v2\/media?parent=29"}],"wp:term":[{"taxonomy":"category","embeddable":true,"href":"https:\/\/www.ufsm.br\/cursos\/pos-graduacao\/santa-maria\/ppgep\/wp-json\/wp\/v2\/categories?post=29"},{"taxonomy":"post_tag","embeddable":true,"href":"https:\/\/www.ufsm.br\/cursos\/pos-graduacao\/santa-maria\/ppgep\/wp-json\/wp\/v2\/tags?post=29"}],"curies":[{"name":"wp","href":"https:\/\/api.w.org\/{rel}","templated":true}]}}