{"id":297,"date":"2019-04-10T20:48:19","date_gmt":"2019-04-10T23:48:19","guid":{"rendered":"https:\/\/www.ufsm.br\/cursos\/pos-graduacao\/santa-maria\/ppgep\/?page_id=297"},"modified":"2026-03-16T20:41:13","modified_gmt":"2026-03-16T23:41:13","slug":"docencia-orientada","status":"publish","type":"page","link":"https:\/\/www.ufsm.br\/cursos\/pos-graduacao\/santa-maria\/ppgep\/docencia-orientada","title":{"rendered":"Doc\u00eancia Orientada"},"content":{"rendered":"\n<p>O est\u00e1gio de doc\u00eancia \u00e9 uma atividade curricular para discentes de p\u00f3s-gradua\u00e7\u00e3o que se apresenta como disciplina denominada \u201cDoc\u00eancia Orientada\u201d, sendo definida como a participa\u00e7\u00e3o de discente de p\u00f3s-gradua\u00e7\u00e3o em atividades de ensino em n\u00edvel de gradua\u00e7\u00e3o na UFSM, servindo para a complementa\u00e7\u00e3o da forma\u00e7\u00e3o pedag\u00f3gica dos(as) p\u00f3s-graduandos(as).<\/p>\n<p>A atividade, doc\u00eancia orientada I e II, \u00e9 obrigat\u00f3ria para discente que tem recebimento de bolsa.<\/p>\n<p><strong>PLANEJAMENTO DA DOC\u00caNCIA ORIENTADA<\/strong><\/p>\n<p>Antes da realiza\u00e7\u00e3o de matr\u00edcula na disciplina de doc\u00eancia orientada, os(as) discentes de p\u00f3s-gradua\u00e7\u00e3o interessados(as) deve(m) contatar seu(sua) orientador(a) e o(a) docente respons\u00e1vel pela disciplina de gradua\u00e7\u00e3o, na qual ocorrer\u00e1 a atividade, para planejar sua atua\u00e7\u00e3o e elaborar o Plano de Doc\u00eancia conforme o modelo exigido pelo seu curso, atendendo as seguintes diretrizes:<\/p>\n<ol>\n<li>A carga hor\u00e1ria de atividades prevista no Plano de Doc\u00eancia n\u00e3o pode ultrapassar a carga hor\u00e1ria da disciplina de doc\u00eancia orientada.<\/li>\n<li>Todas as atividades ministradas frente aos discentes de gradua\u00e7\u00e3o devem estar registradas no plano de doc\u00eancia orientada.<\/li>\n<li>O conjunto de atividades ministradas frente aos discentes de gradua\u00e7\u00e3o n\u00e3o poder\u00e1 exceder a 30% (trinta por cento) do total de carga hor\u00e1ria da disciplina de gradua\u00e7\u00e3o, considerando o somat\u00f3rio de todos os discentes em est\u00e1gio de doc\u00eancia orientada para uma mesma turma desta disciplina de gradua\u00e7\u00e3o. N\u00e3o h\u00e1 restri\u00e7\u00e3o quanto ao n\u00famero de alunos que realizam doc\u00eancia em uma disciplina.<\/li>\n<li>Quando a atua\u00e7\u00e3o do(a) discente em doc\u00eancia orientada ocorrer em uma disciplina ministrada para mais de uma turma de gradua\u00e7\u00e3o, a carga hor\u00e1ria total da disciplina deve ser computada como o somat\u00f3rio da carga hor\u00e1ria de todas turmas, descontando a sobreposi\u00e7\u00e3o de hor\u00e1rios entre turmas, se houver.<\/li>\n<\/ol>\n<p><strong>PASSO A PASSO DO PROCESSO DE DOC\u00caNCIA ORIENTADA \u2013 TRAMITA\u00c7\u00c3O DO PROCESSO<\/strong><\/p>\n<p>A solicita\u00e7\u00e3o de doc\u00eancia orientada deve ser encaminhada como um processo PEN aberto pelo(a) discente de PG no Portal Estudantil ou no Portal Documentos da UFSM, contendo o Plano de Doc\u00eancia que dever\u00e1 ser aprovado pelo(a) orientador(a), pelo(a) docente respons\u00e1vel pela disciplina de gradua\u00e7\u00e3o, pelo colegiado do curso de p\u00f3s-gradua\u00e7\u00e3o de v\u00ednculo do discente e pelo colegiado(s) do(s) curso(s) de gradua\u00e7\u00e3o para o(s) qual(ais) a disciplina \u00e9 ofertada, conforme a seguinte tramita\u00e7\u00e3o:<\/p>\n<p><strong>1.\u00a0Discente interessado(a):<\/strong>\u00a0Abre o PEN no\u00a0<a href=\"https:\/\/portal.ufsm.br\/estudantil\/\">Portal Estudantil<\/a>\u00a0ou no\u00a0<a href=\"https:\/\/portal.ufsm.br\/documentos\/mainMenu.html\">Portal Documentos da UFSM<\/a>.<\/p>\n<p>o No Portal Documentos, na tela de \u201cNovo Processo\u201d, o primeiro campo a ser informado \u00e9 o de \u201cV\u00ednculo\u201d, que mostrar\u00e1 todos os tipos de v\u00ednculos que o(a) usu\u00e1rio(a) possui com a UFSM e cada usu\u00e1rio deve selecionar o v\u00ednculo desejado que, no caso, \u00e9 o v\u00ednculo de matr\u00edcula de estudante regular no curso.<\/p>\n<ul>\n<li>\u00a0No\u00a0<a href=\"https:\/\/portal.ufsm.br\/documentos\/mainMenu.html\">Portal Documentos<\/a>: Clica em Novo &gt; Processo &gt; seleciona o V\u00cdNCULO DESEJADO e o PEN com tipo documental \u201cProcesso de<br \/>doc\u00eancia orientada\u201d.<\/li>\n<li>\u00a0Anexar a solicita\u00e7\u00e3o de doc\u00eancia orientada (modelo\u00a0<a href=\"https:\/\/www.ufsm.br\/app\/uploads\/sites\/551\/2023\/08\/Solicitacao-de-Docencia_OrientadaPPGEP.docx\" target=\"_blank\" rel=\"noopener\">aqui)<\/a>\u00a0e o plano de doc\u00eancia (modelo\u00a0<a href=\"https:\/\/www.ufsm.br\/app\/uploads\/sites\/551\/2023\/08\/Modelo_de_Plano_de_Trabalho_de_DOCENCIA-ORIENTADAPPGEP.docx\" target=\"_blank\" rel=\"noopener\">aqui<\/a>) e tramitar o processo para o(a) seu(ua) orientador(a).<\/li>\n<\/ul>\n<p><strong>2.\u00a0Orientador(a):<\/strong>\u00a0Manifesta a anu\u00eancia ao plano de doc\u00eancia via despacho e tramita o processo para o(a) docente respons\u00e1vel pela disciplina da gradua\u00e7\u00e3o.<\/p>\n<p><strong>3.\u00a0Docente respons\u00e1vel pela disciplina da gradua\u00e7\u00e3o:<\/strong>\u00a0Manifesta a anu\u00eancia ao plano de doc\u00eancia via despacho e tramita o processo para o curso de p\u00f3s-gradua\u00e7\u00e3o de v\u00ednculo do discente.<\/p>\n<p><strong>4.\u00a0Curso de P\u00f3s-gradua\u00e7\u00e3o:<\/strong>\u00a0aprecia o processo no colegiado, anexa a ata de aprova\u00e7\u00e3o do plano de doc\u00eancia no PEN e tramita para o curso de gradua\u00e7\u00e3o para o qual a disciplina ser\u00e1 ministrada.<\/p>\n<p><strong>5.\u00a0Curso de gradua\u00e7\u00e3o:<\/strong>\u00a0aprecia o processo no colegiado, anexa a ata de aprova\u00e7\u00e3o do plano de doc\u00eancia ao processo\u00a0e retorna o processo ao curso\/PPG.<\/p>\n<ul>\n<li>Caso a disciplina atenda mais de um curso de gradua\u00e7\u00e3o, o processo dever\u00e1 ser apreciado nos dois colegiados antes de retornar ao curso de p\u00f3s-gradua\u00e7\u00e3o.<\/li>\n<\/ul>\n<p><strong>6.\u00a0Curso de p\u00f3s-gradua\u00e7\u00e3o:<\/strong>\u00a0Oferta a disciplina de doc\u00eancia orientada (caso ainda n\u00e3o tiver ofertado) e retorna o processo ao discente para conhecimento e autoriza\u00e7\u00e3o da matr\u00edcula na disciplina de doc\u00eancia orientada.<\/p>\n<ul>\n<li>Se o per\u00edodo de matr\u00edculas via portal estudantil estiver encerrado, a pr\u00f3pria secretaria do curso\/PPG realiza a matr\u00edcula na disciplina de doc\u00eancia orientada que foi ofertada e tramita o PEN para conhecimento do(a) discente no fluxo: \u201cEfetivada a matr\u00edcula em doc\u00eancia orientada\u201d.<\/li>\n<li>Caso o PEN seja conclu\u00eddo antes do per\u00edodo de matr\u00edculas e o(a) discente precise solicitar a matr\u00edcula via portal estudantil, o PEN \u00e9 tramitado para conhecimento do(a) discente no fluxo \u201cAprovada a solicita\u00e7\u00e3o de matr\u00edcula em doc\u00eancia orientada\u201d.<\/li>\n<\/ul>\n<p><strong>7.\u00a0Discente interessado:\u00a0<\/strong>Ap\u00f3s ci\u00eancia do despacho faz os devidos procedimentos de acordo com a tramita\u00e7\u00e3o recebida.<\/p>\n<ul>\n<li>No per\u00edodo de solicita\u00e7\u00e3o de matr\u00edcula via Portal, faz a solicita\u00e7\u00e3o de matr\u00edcula na disciplina de doc\u00eancia orientada.<\/li>\n<li>Se a matr\u00edcula j\u00e1 foi realizada pela secretaria do PPG, aguarda para finaliza\u00e7\u00e3o da doc\u00eancia orientada.<\/li>\n<li>No caso de cursos que exigem relat\u00f3rio de doc\u00eancia orientada, o processo permanece com o(a) discente at\u00e9 a conclus\u00e3o da doc\u00eancia orientada, quando ent\u00e3o, dever\u00e1 anexar o relat\u00f3rio de doc\u00eancia orientada e tramitar o processo com o relat\u00f3rio para conclus\u00e3o da disciplina e registro da nota.<\/li>\n<\/ul>\n<p><strong>8.<\/strong>\u00a0Entrega do relat\u00f3rio de doc\u00eancia (apenas para os cursos que possuem esta exig\u00eancia no seu regulamento interno): O(A) discente tramitar\u00e1 o processo para avalia\u00e7\u00e3o do(a) orientador(a) ou do PPG, conforme normativa interna de cada PPG.<\/p>\n<ul>\n<li>Para avalia\u00e7\u00e3o do relat\u00f3rio pelo(a) orientador(a), o PEN dever\u00e1 ser tramitado no fluxo \u201cEncaminha relat\u00f3rio de doc\u00eancia orientada para avalia\u00e7\u00e3o do(a) orientador(a)\u201d;<\/li>\n<li>Para avalia\u00e7\u00e3o do relat\u00f3rio pelo PPG, o PEN dever\u00e1 ser tramitado no fluxo \u201cEncaminha relat\u00f3rio de doc\u00eancia orientada para avalia\u00e7\u00e3o do PPG\u201d.<\/li>\n<\/ul>\n<p><strong>9.\u00a0Arquivamento:<\/strong><\/p>\n<ul>\n<li>Caso n\u00e3o seja exigida entrega de relat\u00f3rio, o(a) discente arquiva o PEN ao final da doc\u00eancia orientada.<\/li>\n<li>Havendo entrega do relat\u00f3rio, ap\u00f3s an\u00e1lise e avalia\u00e7\u00e3o do relat\u00f3rio e registro do conceito na disciplina pelo(a) docente, o PEN \u00e9 arquivado pelo PPG ou orientador(a).<\/li>\n<\/ul>\n<p><strong>INCLUS\u00c3O DE DISCENTE EM DOC\u00caNCIA ORIENTADA EM UMA TURMA\/DISCIPLINA DA GRADUA\u00c7\u00c3O<\/strong><\/p>\n<p>No\u00a0<a title=\"Link Portal do Professor\" href=\"https:\/\/portal.ufsm.br\/docente\" target=\"_blank\" rel=\"noopener\">Portal Docente<\/a>\u00a0\u00e9 poss\u00edvel que o(a) docente respons\u00e1vel pela disciplina da gradua\u00e7\u00e3o, no qual um(a) discente da p\u00f3s-gradua\u00e7\u00e3o esteja realizando o est\u00e1gio doc\u00eancia orientada, informe em qual de suas turmas\/disciplinas que este discente est\u00e1 realizando o est\u00e1gio em doc\u00eancia.<\/p>\n<p>O processo de doc\u00eancia orientada j\u00e1 dever\u00e1 ter sido finalizado e o(a) discente de p\u00f3s-gradua\u00e7\u00e3o dever\u00e1 estar matriculado na respectiva disciplina de doc\u00eancia orientada do curso de p\u00f3s-gradua\u00e7\u00e3o.<\/p>\n<p>Para registro na turma\/disciplina da gradua\u00e7\u00e3o, o(a) docente respons\u00e1vel poder\u00e1 seguir de duas formas:<\/p>\n<ol>\n<li>Acessar o\u00a0<a title=\"Link Portal do Professor\" href=\"https:\/\/portal.ufsm.br\/docente\" target=\"_blank\" rel=\"noopener\">Portal Docente<\/a>\u00a0e selecionar o menu ALUNOS &gt; Doc\u00eancia orientada.<a href=\"https:\/\/www.ufsm.br\/app\/uploads\/sites\/345\/2022\/06\/PortalDocenteDocenciaOrientada.jpg\"><img fetchpriority=\"high\" decoding=\"async\" class=\"aligncenter wp-image-17761 size-full\" src=\"https:\/\/www.ufsm.br\/app\/uploads\/sites\/345\/2022\/06\/PortalDocenteDocenciaOrientada.jpg\" alt=\"\" width=\"579\" height=\"192\" \/><\/a><\/li>\n<li>Acessar diretamente a turma da disciplina e ao final da p\u00e1gina clicar no bot\u00e3o \u201cAdicionar Docente Orientado\u201d.<\/li>\n<\/ol>\n<p><a href=\"https:\/\/www.ufsm.br\/app\/uploads\/sites\/345\/2022\/06\/PortalDocenteTurmaDocenciaOrientada.jpg\"><img decoding=\"async\" class=\"aligncenter wp-image-17762 size-full\" src=\"https:\/\/www.ufsm.br\/app\/uploads\/sites\/345\/2022\/06\/PortalDocenteTurmaDocenciaOrientada.jpg\" alt=\"\" width=\"931\" height=\"670\" \/><\/a><\/p>\n<ul>\n<li>Ao entrar na disciplina por uma dessas op\u00e7\u00f5es, aparecer\u00e1 a p\u00e1gina para adicionar o(a) aluno(a) que esta realizando a doc\u00eancia orientada.<\/li>\n<li>\u00c9 poss\u00edvel localizar qualquer discente que esteja matriculado em doc\u00eancia orientada e incluir como \u201cdocente orientado\u201d na turma\/disciplina.<\/li>\n<li>Ap\u00f3s localizar e incluir, clicar no bot\u00e3o SALVAR.<\/li>\n<li>ATEN\u00c7\u00c3O: o sistema controla a Carga Hor\u00e1ria e informar\u00e1 quando a CH ultrapassar 30% da CH da disciplina.<\/li>\n<\/ul>\n<p><a href=\"https:\/\/www.ufsm.br\/app\/uploads\/sites\/345\/2022\/06\/PortalDocenteAlunoDocenciaOrientada.jpg\"><img decoding=\"async\" class=\"aligncenter wp-image-17763 size-full\" src=\"https:\/\/www.ufsm.br\/app\/uploads\/sites\/345\/2022\/06\/PortalDocenteAlunoDocenciaOrientada.jpg\" alt=\"\" width=\"931\" height=\"374\" \/><\/a><strong>NORMATIVA BASE<\/strong><\/p>\n<p><a href=\"https:\/\/www.ufsm.br\/pro-reitorias\/proplan\/resolucao-n-018-2008\"><b>RESOLU\u00c7\u00c3O N. 018\/2008<\/b><\/a> \u2013 Regulamenta o Programa Especial para Participa\u00e7\u00e3o em Atividade de Ensino, Pesquisa e Extens\u00e3o na Universidade Federal de Santa Maria, por docentes de outras IES, bolsistas rec\u00e9m-doutores, alunos de p\u00f3s-gradua\u00e7\u00e3o e revoga a Resolu\u00e7\u00e3o 013\/08.<\/p>\n<p><strong>Regulamento Geral da P\u00f3s-gradua\u00e7\u00e3o Stricto Sensu da UFSM \u2013<\/strong>\u00a0<a href=\"https:\/\/www.ufsm.br\/pro-reitorias\/proplan\/resolucao-ufsm-n-139-2023-anexo-i\"><strong>ANEXO I DA RESOLU\u00c7\u00c3O N. 139\/2023<\/strong><\/a>:\u00a0Se\u00e7\u00e3o III,\u00a0Do Est\u00e1gio de Doc\u00eancia.<\/p>\n","protected":false},"excerpt":{"rendered":"<p>O est\u00e1gio de doc\u00eancia \u00e9 uma atividade curricular para discentes de p\u00f3s-gradua\u00e7\u00e3o que se apresenta como disciplina denominada \u201cDoc\u00eancia Orientada\u201d, sendo definida como a participa\u00e7\u00e3o de discente de p\u00f3s-gradua\u00e7\u00e3o em atividades de ensino em n\u00edvel de gradua\u00e7\u00e3o na UFSM, servindo para a complementa\u00e7\u00e3o da forma\u00e7\u00e3o pedag\u00f3gica dos(as) p\u00f3s-graduandos(as). A atividade, doc\u00eancia orientada I e II, [&hellip;]<\/p>\n","protected":false},"author":118,"featured_media":0,"parent":0,"menu_order":0,"comment_status":"closed","ping_status":"closed","template":"","meta":{"footnotes":""},"categories":[],"tags":[],"class_list":["post-297","page","type-page","status-publish","hentry"],"acf":[],"_links":{"self":[{"href":"https:\/\/www.ufsm.br\/cursos\/pos-graduacao\/santa-maria\/ppgep\/wp-json\/wp\/v2\/pages\/297","targetHints":{"allow":["GET"]}}],"collection":[{"href":"https:\/\/www.ufsm.br\/cursos\/pos-graduacao\/santa-maria\/ppgep\/wp-json\/wp\/v2\/pages"}],"about":[{"href":"https:\/\/www.ufsm.br\/cursos\/pos-graduacao\/santa-maria\/ppgep\/wp-json\/wp\/v2\/types\/page"}],"author":[{"embeddable":true,"href":"https:\/\/www.ufsm.br\/cursos\/pos-graduacao\/santa-maria\/ppgep\/wp-json\/wp\/v2\/users\/118"}],"replies":[{"embeddable":true,"href":"https:\/\/www.ufsm.br\/cursos\/pos-graduacao\/santa-maria\/ppgep\/wp-json\/wp\/v2\/comments?post=297"}],"version-history":[{"count":0,"href":"https:\/\/www.ufsm.br\/cursos\/pos-graduacao\/santa-maria\/ppgep\/wp-json\/wp\/v2\/pages\/297\/revisions"}],"wp:attachment":[{"href":"https:\/\/www.ufsm.br\/cursos\/pos-graduacao\/santa-maria\/ppgep\/wp-json\/wp\/v2\/media?parent=297"}],"wp:term":[{"taxonomy":"category","embeddable":true,"href":"https:\/\/www.ufsm.br\/cursos\/pos-graduacao\/santa-maria\/ppgep\/wp-json\/wp\/v2\/categories?post=297"},{"taxonomy":"post_tag","embeddable":true,"href":"https:\/\/www.ufsm.br\/cursos\/pos-graduacao\/santa-maria\/ppgep\/wp-json\/wp\/v2\/tags?post=297"}],"curies":[{"name":"wp","href":"https:\/\/api.w.org\/{rel}","templated":true}]}}