{"id":484,"date":"2019-04-11T19:13:03","date_gmt":"2019-04-11T22:13:03","guid":{"rendered":"https:\/\/www.ufsm.br\/cursos\/pos-graduacao\/santa-maria\/ppgep\/?page_id=484"},"modified":"2026-03-17T14:38:14","modified_gmt":"2026-03-17T17:38:14","slug":"docentes","status":"publish","type":"page","link":"https:\/\/www.ufsm.br\/cursos\/pos-graduacao\/santa-maria\/ppgep\/docentes","title":{"rendered":"Docente permanente e colaborador(a)"},"content":{"rendered":"\n<table style=\"width: 100%;height: 1540px\" width=\"643\" cellspacing=\"0\" cellpadding=\"2\">\n<tbody>\n<tr style=\"height: 68px\">\n<td style=\"height: 68px\" width=\"186\" height=\"54\">\n<p align=\"center\"><strong>Docente permanente<\/strong><\/p>\n<\/td>\n<td style=\"height: 68px\" width=\"238\">\n<p align=\"center\"><strong>Departamento<\/strong><\/p>\n<\/td>\n<td style=\"height: 68px\" width=\"204\">\n<p align=\"center\"><strong>E-mail<\/strong><\/p>\n<\/td>\n<\/tr>\n<tr style=\"height: 100px\">\n<td style=\"height: 100px\" width=\"186\" height=\"55\">\n<p><a href=\"https:\/\/ufsmpublica.ufsm.br\/docente\/4433\" target=\"_blank\" rel=\"noopener\">ADRIANO MENDON\u00c7A SOUZA<\/a><\/p>\n<\/td>\n<td style=\"height: 100px\" width=\"238\">\n<p>DEPTO. DE ESTAT\u00cdSTICA \u2013 STC<\/p>\n<\/td>\n<td style=\"height: 100px\" width=\"204\">\n<p align=\"center\">amsouza.sm@gmail.com<\/p>\n<\/td>\n<\/tr>\n<tr style=\"height: 100px\">\n<td style=\"height: 100px\" width=\"186\" height=\"55\">\n<p><a href=\"https:\/\/ufsmpublica.ufsm.br\/docente\/20662\" target=\"_blank\" rel=\"noopener\">ALVARO LUIZ NEUENFELDT J\u00daNIOR<\/a><\/p>\n<\/td>\n<td style=\"height: 100px\" width=\"238\">\n<p>DEPTO. ENGENHARIA DE PRODU\u00c7\u00c3O E SISTEMAS \u2013 DPS<\/p>\n<\/td>\n<td style=\"height: 100px\" width=\"204\">\n<p align=\"center\">alvaroj.eng@gmail.com<\/p>\n<\/td>\n<\/tr>\n<tr style=\"height: 100px\">\n<td style=\"height: 100px\" width=\"186\" height=\"55\">\n<p><a href=\"https:\/\/ufsmpublica.ufsm.br\/docente\/23861\" target=\"_blank\" rel=\"noopener\">CARMEN BRUM ROSA<\/a><\/p>\n<\/td>\n<td style=\"height: 100px\" width=\"238\">\n<p>COORDENADORIA DE PROPRIEDADE INTELECTUAL<\/p>\n<\/td>\n<td style=\"height: 100px\" width=\"204\">\n<p align=\"center\">carmen.b.rosa@ufsm.br<\/p>\n<\/td>\n<\/tr>\n<tr style=\"height: 68px\">\n<td style=\"height: 68px\" width=\"186\" height=\"55\">\n<p><a href=\"https:\/\/ufsmpublica.ufsm.br\/docente\/15712\" target=\"_blank\" rel=\"noopener\">FABIO MARIANO BAYER<\/a><\/p>\n<\/td>\n<td style=\"height: 68px\" width=\"238\">\n<p>DEPTO. DE ESTAT\u00cdSTICA \u2013 STC<\/p>\n<\/td>\n<td style=\"height: 68px\" width=\"204\">\n<p align=\"center\">bayer@ufsm.br<\/p>\n<\/td>\n<\/tr>\n<tr style=\"height: 100px\">\n<td style=\"height: 100px\" width=\"186\" height=\"55\">\n<p><a href=\"https:\/\/ufsmpublica.ufsm.br\/docente\/10409\" target=\"_blank\" rel=\"noopener\">FELIPE MARTINS\u00a0M\u00dcLLER<\/a><\/p>\n<\/td>\n<td style=\"height: 100px\" width=\"238\">\n<p>DEPTO. ELETR\u00d4NICA E COMPUTA\u00c7\u00c3O \u2013 ELC<\/p>\n<\/td>\n<td style=\"height: 100px\" width=\"204\">\n<p align=\"center\">felipe@ufsm.br<\/p>\n<\/td>\n<\/tr>\n<tr style=\"height: 100px\">\n<td style=\"height: 100px\" width=\"186\" height=\"55\">\n<p><a href=\"https:\/\/ufsmpublica.ufsm.br\/docente\/14499\" target=\"_blank\" rel=\"noopener\">JULIO CEZAR MAIRESSE SILUK<\/a><\/p>\n<\/td>\n<td style=\"height: 100px\" width=\"238\">\n<p>CURSO PROGRAMA PG EM ENGENHARIA DE PRODU\u00c7\u00c3O<\/p>\n<\/td>\n<td style=\"height: 100px\" width=\"204\">\n<p align=\"center\">jsiluk@ufsm.br<\/p>\n<\/td>\n<\/tr>\n<tr style=\"height: 100px\">\n<td style=\"height: 100px\" width=\"186\" height=\"55\">\n<p><a href=\"https:\/\/ufsmpublica.ufsm.br\/docente\/14641\" target=\"_blank\" rel=\"noopener\">LEANDRO MICHELS<\/a><\/p>\n<\/td>\n<td style=\"height: 100px\" width=\"238\">\n<p>INSTITUTO DE REDES INTELIGENTES \u2013 INRI \u2013 CT<\/p>\n<\/td>\n<td style=\"height: 100px\" width=\"204\">\n<p align=\"center\">michels@gepoc.ufsm.br<\/p>\n<\/td>\n<\/tr>\n<tr style=\"height: 68px\">\n<td style=\"height: 68px\" width=\"186\" height=\"55\">\n<p><a href=\"https:\/\/ufsmpublica.ufsm.br\/docente\/19391\" target=\"_blank\" rel=\"noopener\">LUCAS VEIGA AVILA<\/a><\/p>\n<\/td>\n<td style=\"height: 68px\" width=\"238\">\n<p>INCUBADORA SOCIAL<\/p>\n<\/td>\n<td style=\"height: 68px\" width=\"204\">\n<p align=\"center\">lucas.avila@ufsm.br<\/p>\n<\/td>\n<\/tr>\n<tr style=\"height: 100px\">\n<td style=\"height: 100px\" width=\"186\" height=\"55\">\n<p><a href=\"https:\/\/ufsmpublica.ufsm.br\/docente\/14915\" target=\"_blank\" rel=\"noopener\">MARIO EDUARDO SANTOS MARTINS<\/a><\/p>\n<\/td>\n<td style=\"height: 100px\" width=\"238\">\n<p>DEPTO. ENGENHARIA MEC\u00c2NICA \u2013 DEM<\/p>\n<\/td>\n<td style=\"height: 100px\" width=\"204\">\n<p align=\"center\">mario.martins@ufsm.br<\/p>\n<\/td>\n<\/tr>\n<tr style=\"height: 100px\">\n<td style=\"height: 100px\" width=\"186\" height=\"55\">\n<p><a href=\"https:\/\/ufsmpublica.ufsm.br\/docente\/13025\" target=\"_blank\" rel=\"noopener\">OLINTO C\u00c9SAR BASSI DE ARA\u00daJO<\/a><\/p>\n<\/td>\n<td style=\"height: 100px\" width=\"238\">\n<p>DEPARTAMENTO DE ENSINO \u2013 CTISM<\/p>\n<\/td>\n<td style=\"height: 100px\" width=\"204\">\n<p align=\"center\">olinto@ctism.ufsm.br<\/p>\n<\/td>\n<\/tr>\n<tr style=\"height: 100px\">\n<td style=\"height: 100px\">\n<p><a href=\"http:\/\/lattes.cnpq.br\/9288648902418807\" target=\"_blank\" rel=\"noopener\">PAULA DONADUZZI RIGO<\/a><\/p>\n<\/td>\n<td style=\"height: 100px\">\n<p>DEPTO. ENGENHARIA DE PRODU\u00c7\u00c3O E SISTEMAS \u2013 DPS<\/p>\n<\/td>\n<td style=\"height: 100px\">\n<p style=\"text-align: center\">paula.rigo@ufsm.br<\/p>\n<\/td>\n<\/tr>\n<tr style=\"height: 100px\">\n<td style=\"height: 100px\" width=\"186\" height=\"55\">\n<p><a href=\"https:\/\/ufsmpublica.ufsm.br\/docente\/15559\" target=\"_blank\" rel=\"noopener\">TIAGO BANDEIRA MARCHESAN<\/a><\/p>\n<\/td>\n<td style=\"height: 100px\" width=\"238\">\n<p>CENTRO DE TECNOLOGIA \u2013 CT<\/p>\n<\/td>\n<td style=\"height: 100px\" width=\"204\">\n<p align=\"center\">tiago@ufsm.br<\/p>\n<\/td>\n<\/tr>\n<tr style=\"height: 100px\">\n<td style=\"height: 100px\" width=\"186\" height=\"54\">\n<p><a href=\"https:\/\/ufsmpublica.ufsm.br\/docente\/15792\" target=\"_blank\" rel=\"noopener\">VINICIUS JACQUES GARCIA<\/a><\/p>\n<\/td>\n<td style=\"height: 100px\" width=\"238\">\n<p>DEPTO. ENGENHARIA DE PRODU\u00c7\u00c3O E SISTEMAS \u2013 DPS<\/p>\n<\/td>\n<td style=\"height: 100px\" width=\"204\">\n<p align=\"center\">viniciusjg@ufsm.br<\/p>\n<\/td>\n<\/tr>\n<tr style=\"height: 68px\">\n<td style=\"height: 68px\"><strong>Docente colaborador(a)<\/strong><\/td>\n<td style=\"height: 68px\">\n<p style=\"text-align: center\"><strong>Departamento<\/strong><\/p>\n<\/td>\n<td style=\"height: 68px\">\n<p align=\"center\"><strong>E-mail<\/strong><\/p>\n<\/td>\n<\/tr>\n<tr style=\"height: 68px\">\n<td style=\"height: 68px\">\n<p><a href=\"https:\/\/lattes.cnpq.br\/3221909044639219\" target=\"_blank\" rel=\"noopener\">LUCAS SCHMIDT GOECKS<\/a><\/p>\n<\/td>\n<td style=\"height: 68px\">\n<p style=\"text-align: left\">DEPTO. ENGENHARIA DE PRODU\u00c7\u00c3O E SISTEMAS \u2013 DPS<\/p>\n<\/td>\n<td style=\"height: 68px\">\n<p style=\"text-align: center\">lucas_goecks@hotmail.com<\/p>\n<\/td>\n<\/tr>\n<\/tbody>\n<\/table>\n<p>\u200b<\/p>\n\n\n","protected":false},"excerpt":{"rendered":"<p>Docente permanente Departamento E-mail ADRIANO MENDON\u00c7A SOUZA DEPTO. DE ESTAT\u00cdSTICA \u2013 STC amsouza.sm@gmail.com ALVARO LUIZ NEUENFELDT J\u00daNIOR DEPTO. ENGENHARIA DE PRODU\u00c7\u00c3O E SISTEMAS \u2013 DPS alvaroj.eng@gmail.com CARMEN BRUM ROSA COORDENADORIA DE PROPRIEDADE INTELECTUAL carmen.b.rosa@ufsm.br FABIO MARIANO BAYER DEPTO. DE ESTAT\u00cdSTICA \u2013 STC bayer@ufsm.br FELIPE MARTINS\u00a0M\u00dcLLER DEPTO. ELETR\u00d4NICA E COMPUTA\u00c7\u00c3O \u2013 ELC felipe@ufsm.br JULIO CEZAR MAIRESSE [&hellip;]<\/p>\n","protected":false},"author":118,"featured_media":0,"parent":0,"menu_order":0,"comment_status":"closed","ping_status":"closed","template":"","meta":{"footnotes":""},"categories":[],"tags":[],"class_list":["post-484","page","type-page","status-publish","hentry"],"acf":[],"_links":{"self":[{"href":"https:\/\/www.ufsm.br\/cursos\/pos-graduacao\/santa-maria\/ppgep\/wp-json\/wp\/v2\/pages\/484","targetHints":{"allow":["GET"]}}],"collection":[{"href":"https:\/\/www.ufsm.br\/cursos\/pos-graduacao\/santa-maria\/ppgep\/wp-json\/wp\/v2\/pages"}],"about":[{"href":"https:\/\/www.ufsm.br\/cursos\/pos-graduacao\/santa-maria\/ppgep\/wp-json\/wp\/v2\/types\/page"}],"author":[{"embeddable":true,"href":"https:\/\/www.ufsm.br\/cursos\/pos-graduacao\/santa-maria\/ppgep\/wp-json\/wp\/v2\/users\/118"}],"replies":[{"embeddable":true,"href":"https:\/\/www.ufsm.br\/cursos\/pos-graduacao\/santa-maria\/ppgep\/wp-json\/wp\/v2\/comments?post=484"}],"version-history":[{"count":0,"href":"https:\/\/www.ufsm.br\/cursos\/pos-graduacao\/santa-maria\/ppgep\/wp-json\/wp\/v2\/pages\/484\/revisions"}],"wp:attachment":[{"href":"https:\/\/www.ufsm.br\/cursos\/pos-graduacao\/santa-maria\/ppgep\/wp-json\/wp\/v2\/media?parent=484"}],"wp:term":[{"taxonomy":"category","embeddable":true,"href":"https:\/\/www.ufsm.br\/cursos\/pos-graduacao\/santa-maria\/ppgep\/wp-json\/wp\/v2\/categories?post=484"},{"taxonomy":"post_tag","embeddable":true,"href":"https:\/\/www.ufsm.br\/cursos\/pos-graduacao\/santa-maria\/ppgep\/wp-json\/wp\/v2\/tags?post=484"}],"curies":[{"name":"wp","href":"https:\/\/api.w.org\/{rel}","templated":true}]}}