{"id":622,"date":"2019-06-26T18:03:35","date_gmt":"2019-06-26T21:03:35","guid":{"rendered":"https:\/\/www.ufsm.br\/cursos\/pos-graduacao\/santa-maria\/ppgep\/?page_id=622"},"modified":"2026-03-18T11:04:18","modified_gmt":"2026-03-18T14:04:18","slug":"aluno-regular-mestrado-e-doutorado","status":"publish","type":"page","link":"https:\/\/www.ufsm.br\/cursos\/pos-graduacao\/santa-maria\/ppgep\/aluno-regular-mestrado-e-doutorado","title":{"rendered":"Processo seletivo para ingresso na p\u00f3s-gradua\u00e7\u00e3o em Engenharia de Produ\u00e7\u00e3o"},"content":{"rendered":"\t\t<div data-elementor-type=\"wp-page\" data-elementor-id=\"622\" class=\"elementor elementor-622\">\n\t\t\t\t\t\t<section class=\"elementor-section elementor-top-section elementor-element elementor-element-1917586 elementor-section-boxed elementor-section-height-default elementor-section-height-default\" data-id=\"1917586\" data-element_type=\"section\">\n\t\t\t\t\t\t<div class=\"elementor-container elementor-column-gap-default\">\n\t\t\t\t\t<div class=\"elementor-column elementor-col-100 elementor-top-column elementor-element elementor-element-1617d713\" data-id=\"1617d713\" data-element_type=\"column\">\n\t\t\t<div class=\"elementor-widget-wrap elementor-element-populated\">\n\t\t\t\t\t\t<div class=\"elementor-element elementor-element-28c7dbff elementor-widget elementor-widget-text-editor\" data-id=\"28c7dbff\" data-element_type=\"widget\" data-widget_type=\"text-editor.default\">\n\t\t\t\t<div class=\"elementor-widget-container\">\n\t\t\t\t\t\t\t<p><span style=\"color: #1c1c1c;font-size: 16px\">O processo seletivo de aluno(a) regular, n\u00edveis mestrado e doutorado, do Programa de P\u00f3s-gradua\u00e7\u00e3o em Engenharia de Produ\u00e7\u00e3o ocorre atrav\u00e9s de edital p\u00fablico, semestral, com previs\u00e3o de publica\u00e7\u00e3o conforme <a href=\"https:\/\/www.ufsm.br\/calendario\/\" target=\"_blank\" rel=\"noopener\">calend\u00e1rio acad\u00eamico<\/a>\u00a0do respectivo ano.<\/span><\/p><p>A cada sele\u00e7\u00e3o, o n\u00famero de vagas para cada orientador \u00e9 definido pelo Colegiado do Programa, de acordo com a disponibilidade de orienta\u00e7\u00e3o. Atualmente o PPGEP est\u00e1 ofertando vagas para ingresso em mar\u00e7o do ano subsequente e em agosto do ano corrente, s\u00e3o dois processos seletivos por ano.<\/p><p>O curso de\u00a0<b>P\u00f3s-Gradua\u00e7\u00e3o em Engenharia de Produ\u00e7\u00e3o<\/b>\u00a0est\u00e1 localizado em\u00a0<b>Campus Camobi \u2013 UFSM<\/b>\u00a0na modalidade\u00a0<b>Mestrado \u2013 Presencial<\/b>\u00a0sendo\u00a0<b>Diurno<\/b>\u00a0o seu turno de funcionamento. A \u00e1rea de conhecimento do curso \u00e9 classificada como\u00a0<b>GER\u00caNCIA DE PRODU\u00c7\u00c3O<\/b>.\u00a0<\/p><p>O curso de mestrado \u00e9 ofertado em per\u00edodo <b>Semestral<\/b>, sendo\u00a0<b>4<\/b> o n\u00famero de per\u00edodos indicados para sua conclus\u00e3o. O curso de doutorado \u00e9 ofertado em per\u00edodo <b>Semestral<\/b>, sendo\u00a0<b>8<\/b>\u00a0o n\u00famero de per\u00edodos indicados para sua conclus\u00e3o.<\/p><p>Podem se inscrever profissionais portadores de diploma de gradua\u00e7\u00e3o nas \u00e1reas de\u00a0<a href=\"http:\/\/www.capes.gov.br\/images\/documentos\/documentos_diversos_2017\/TabelaAreasConhecimento_072012_atualizada_2017_v2.pdf\" target=\"_blank\" rel=\"noopener noreferrer\">Engenharias I, II, III e IV<\/a>,\u00a0Matem\u00e1tica, Probabilidade e Estat\u00edstica, Ci\u00eancia da Computa\u00e7\u00e3o, Agronomia, Recursos Florestais e Engenharia Florestal, Engenharia Agr\u00edcola, Recursos Pesqueiros e Engenharia de Pesca, Administra\u00e7\u00e3o, Economia, Arquitetura e Urbanismo e outras \u00e1reas afins.<\/p><p>Crit\u00e9rios de sele\u00e7\u00e3o do(a) candidato(a):<\/p><h3>Mestrado:<\/h3><p>A sele\u00e7\u00e3o constar\u00e1 de tr\u00eas etapas sequenciais, de car\u00e1ter classificat\u00f3rio e eliminat\u00f3rio:<\/p><p>(i) Avalia\u00e7\u00e3o da planilha de avalia\u00e7\u00e3o do curr\u00edculo, etapa classificat\u00f3ria, peso 3,00;<br \/>(ii) Avalia\u00e7\u00e3o do anteprojeto de pesquisa, etapa classificat\u00f3ria e eliminat\u00f3ria, peso 4,00;\u00a0<br \/>(iii) Defesa oral, etapa classificat\u00f3ria, peso 3,00.<\/p><p>An\u00e1lise do anteprojeto de pesquisa \u00e9 de car\u00e1ter classificat\u00f3rio e eliminat\u00f3rio. O(a) candidato(a) para ser selecionado deve atingir no m\u00ednimo 7,00 (sete) pontos na avalia\u00e7\u00e3o do anteprojeto de pesquisa.<\/p><p>Para alcan\u00e7ar a classifica\u00e7\u00e3o, o(a) candidato(a) deve atingir nota final m\u00ednima 6,00 (seis v\u00edrgula zero);<\/p><h3>Doutorado:<\/h3><p>A sele\u00e7\u00e3o constar\u00e1 de tr\u00eas etapas sequenciais, de car\u00e1ter classificat\u00f3rio e eliminat\u00f3rio:<\/p><p>(i) Avalia\u00e7\u00e3o da planilha de avalia\u00e7\u00e3o do curr\u00edculo, classificat\u00f3ria e eliminat\u00f3ria, peso 3,00;<br \/>(ii) Avalia\u00e7\u00e3o do anteprojeto de pesquisa, etapa classificat\u00f3ria e eliminat\u00f3ria, peso 4,00;\u00a0<br \/>(iii) Defesa oral, etapa classificat\u00f3ria, peso 3,00.<\/p><p>Avalia\u00e7\u00e3o da planilha de avalia\u00e7\u00e3o do curr\u00edculo \u00e9 de car\u00e1ter classificat\u00f3ria e eliminat\u00f3ria. O(a) candidato(a) para ser selecionado(a) devera\u0301 atingir no m\u00ednimo 5,00 (cinco) pontos de acordo com a planilha disponibilizada no respectivo edital.<\/p><p>An\u00e1lise do anteprojeto de pesquisa \u00e9 de car\u00e1ter classificat\u00f3rio e eliminat\u00f3rio. O(a) candidato(a) para ser selecionado(a) deve atingir no m\u00ednimo 7,00 (sete) pontos na avalia\u00e7\u00e3o do anteprojeto de pesquisa.<\/p><p>Para alcan\u00e7ar a classifica\u00e7\u00e3o, o(a) candidato(a) deve atingir nota final m\u00ednima 7,00 (sete v\u00edrgula zero);<\/p><ul><li>Os editais de sele\u00e7\u00e3o s\u00e3o publicados na p\u00e1gina de\u00a0<a href=\"https:\/\/www.ufsm.br\/busca\/?q=&amp;area=editais&amp;orderby=modified&amp;order=DESC\" target=\"_blank\" rel=\"noopener noreferrer\">Editais da UFSM<\/a> , <a href=\"https:\/\/www.ufsm.br\/pro-reitorias\/prpgp\/busca\/?q=&amp;sites%5B%5D=345&amp;area=editais&amp;orderby=modified&amp;order=DESC\" target=\"_blank\" rel=\"noopener\">Editais da PRPGP<\/a> e na <a href=\"https:\/\/www.ufsm.br\/cursos\/pos-graduacao\/santa-maria\/ppgep\/\" target=\"_blank\" rel=\"noopener\">p\u00e1gina do PPGEP<\/a>.<\/li><li>Para maiores informa\u00e7\u00f5es sobre o processo de sele\u00e7\u00e3o, orientamos o(a) candidato(a) a leitura atenciosa do edital GERAL e edital ESPEC\u00cdFICO do \u00faltimo processo de sele\u00e7\u00e3o, dispon\u00edvel no respectivo n\u00edvel (mestrado ou doutorado).<\/li><\/ul><p><!-- \/wp:tadv\/classic-paragraph --><\/p>\t\t\t\t\t\t<\/div>\n\t\t\t\t<\/div>\n\t\t\t\t\t<\/div>\n\t\t<\/div>\n\t\t\t\t\t<\/div>\n\t\t<\/section>\n\t\t\t\t<section class=\"elementor-section elementor-top-section elementor-element elementor-element-c4a5061 elementor-section-boxed elementor-section-height-default elementor-section-height-default\" data-id=\"c4a5061\" data-element_type=\"section\">\n\t\t\t\t\t\t<div class=\"elementor-container elementor-column-gap-default\">\n\t\t\t\t\t<div class=\"elementor-column elementor-col-50 elementor-top-column elementor-element elementor-element-eab9bce\" data-id=\"eab9bce\" data-element_type=\"column\">\n\t\t\t<div class=\"elementor-widget-wrap elementor-element-populated\">\n\t\t\t\t\t\t<div class=\"elementor-element elementor-element-b8b9d72 elementor-align-center elementor-widget elementor-widget-button\" data-id=\"b8b9d72\" data-element_type=\"widget\" data-widget_type=\"button.default\">\n\t\t\t\t<div class=\"elementor-widget-container\">\n\t\t\t\t\t\t\t<div class=\"elementor-button-wrapper\">\n\t\t\t\t\t<a class=\"elementor-button elementor-button-link elementor-size-xl\" href=\"https:\/\/www.ufsm.br\/cursos\/pos-graduacao\/santa-maria\/ppgep\/processo-seletivo-de-aluno-regular-para-mestrado\/\">\n\t\t\t\t\t\t<span class=\"elementor-button-content-wrapper\">\n\t\t\t\t\t\t\t\t\t<span class=\"elementor-button-text\">MESTRADO<\/span>\n\t\t\t\t\t<\/span>\n\t\t\t\t\t<\/a>\n\t\t\t\t<\/div>\n\t\t\t\t\t\t<\/div>\n\t\t\t\t<\/div>\n\t\t\t\t\t<\/div>\n\t\t<\/div>\n\t\t\t\t<div class=\"elementor-column elementor-col-50 elementor-top-column elementor-element elementor-element-463ac5c\" data-id=\"463ac5c\" data-element_type=\"column\">\n\t\t\t<div class=\"elementor-widget-wrap elementor-element-populated\">\n\t\t\t\t\t\t<div class=\"elementor-element elementor-element-68ccd12 elementor-align-center elementor-widget elementor-widget-button\" data-id=\"68ccd12\" data-element_type=\"widget\" data-widget_type=\"button.default\">\n\t\t\t\t<div class=\"elementor-widget-container\">\n\t\t\t\t\t\t\t<div class=\"elementor-button-wrapper\">\n\t\t\t\t\t<a class=\"elementor-button elementor-button-link elementor-size-xl\" href=\"https:\/\/www.ufsm.br\/cursos\/pos-graduacao\/santa-maria\/ppgep\/aluno-regular-doutorado\/\">\n\t\t\t\t\t\t<span class=\"elementor-button-content-wrapper\">\n\t\t\t\t\t\t\t\t\t<span class=\"elementor-button-text\">DOUTORADO<\/span>\n\t\t\t\t\t<\/span>\n\t\t\t\t\t<\/a>\n\t\t\t\t<\/div>\n\t\t\t\t\t\t<\/div>\n\t\t\t\t<\/div>\n\t\t\t\t\t<\/div>\n\t\t<\/div>\n\t\t\t\t\t<\/div>\n\t\t<\/section>\n\t\t\t\t<\/div>\n\t\t","protected":false},"excerpt":{"rendered":"<p>O processo seletivo de aluno(a) regular, n\u00edveis mestrado e doutorado, do Programa de P\u00f3s-gradua\u00e7\u00e3o em Engenharia de Produ\u00e7\u00e3o ocorre atrav\u00e9s de edital p\u00fablico, semestral, com previs\u00e3o de publica\u00e7\u00e3o conforme calend\u00e1rio acad\u00eamico\u00a0do respectivo ano. A cada sele\u00e7\u00e3o, o n\u00famero de vagas para cada orientador \u00e9 definido pelo Colegiado do Programa, de acordo com a disponibilidade de [&hellip;]<\/p>\n","protected":false},"author":870,"featured_media":0,"parent":0,"menu_order":0,"comment_status":"closed","ping_status":"closed","template":"","meta":{"footnotes":""},"categories":[],"tags":[],"class_list":["post-622","page","type-page","status-publish","hentry"],"acf":[],"_links":{"self":[{"href":"https:\/\/www.ufsm.br\/cursos\/pos-graduacao\/santa-maria\/ppgep\/wp-json\/wp\/v2\/pages\/622","targetHints":{"allow":["GET"]}}],"collection":[{"href":"https:\/\/www.ufsm.br\/cursos\/pos-graduacao\/santa-maria\/ppgep\/wp-json\/wp\/v2\/pages"}],"about":[{"href":"https:\/\/www.ufsm.br\/cursos\/pos-graduacao\/santa-maria\/ppgep\/wp-json\/wp\/v2\/types\/page"}],"author":[{"embeddable":true,"href":"https:\/\/www.ufsm.br\/cursos\/pos-graduacao\/santa-maria\/ppgep\/wp-json\/wp\/v2\/users\/870"}],"replies":[{"embeddable":true,"href":"https:\/\/www.ufsm.br\/cursos\/pos-graduacao\/santa-maria\/ppgep\/wp-json\/wp\/v2\/comments?post=622"}],"version-history":[{"count":0,"href":"https:\/\/www.ufsm.br\/cursos\/pos-graduacao\/santa-maria\/ppgep\/wp-json\/wp\/v2\/pages\/622\/revisions"}],"wp:attachment":[{"href":"https:\/\/www.ufsm.br\/cursos\/pos-graduacao\/santa-maria\/ppgep\/wp-json\/wp\/v2\/media?parent=622"}],"wp:term":[{"taxonomy":"category","embeddable":true,"href":"https:\/\/www.ufsm.br\/cursos\/pos-graduacao\/santa-maria\/ppgep\/wp-json\/wp\/v2\/categories?post=622"},{"taxonomy":"post_tag","embeddable":true,"href":"https:\/\/www.ufsm.br\/cursos\/pos-graduacao\/santa-maria\/ppgep\/wp-json\/wp\/v2\/tags?post=622"}],"curies":[{"name":"wp","href":"https:\/\/api.w.org\/{rel}","templated":true}]}}