{"id":630,"date":"2019-06-26T19:13:43","date_gmt":"2019-06-26T22:13:43","guid":{"rendered":"https:\/\/www.ufsm.br\/cursos\/pos-graduacao\/santa-maria\/ppgep\/?page_id=630"},"modified":"2026-03-17T17:35:39","modified_gmt":"2026-03-17T20:35:39","slug":"credenciamento-e-recredenciamento","status":"publish","type":"page","link":"https:\/\/www.ufsm.br\/cursos\/pos-graduacao\/santa-maria\/ppgep\/credenciamento-e-recredenciamento","title":{"rendered":"Credenciamento e recredenciamento de docente"},"content":{"rendered":"\n<p>O Colegiado do P\u00f3s-Gradua\u00e7\u00e3o em Engenharia de Produ\u00e7\u00e3o (PPGEP), no uso de suas atribui\u00e7\u00f5es e considerando a necessidade de regulamentar o credenciamento, recredenciamento e descredenciamento para docentes no PPGEP, a partir de 01\/11\/2018, definiu diretrizes para a participa\u00e7\u00e3o de docentes no PPGEP da UFSM.<\/p>\n<ul>\n<li>Resolu\u00e7\u00e3o Interna do Programa N\u00ba 09, a partir de 01\/11\/2018 dispon\u00edvel <a href=\"https:\/\/www.ufsm.br\/cursos\/pos-graduacao\/santa-maria\/ppgep\/wp-content\/uploads\/sites\/551\/2019\/04\/Resolucao_Interna_PPGEP_N_09.pdf\" target=\"_blank\" rel=\"noopener noreferrer\">aqui<\/a>.<\/li>\n<\/ul>\n<p>Demais resolu\u00e7\u00f5es:<\/p>\n<ul>\n<li>\n<p>Resolu\u00e7\u00e3o Interna do Programa N\u00ba 02, definida para o tri\u00eanio (2010-2012) dispon\u00edvel <a href=\"https:\/\/www.ufsm.br\/cursos\/pos-graduacao\/santa-maria\/ppgep\/wp-content\/uploads\/sites\/551\/2019\/04\/Resolucao_Interna_PPGEP_N_02.pdf\" target=\"_blank\" rel=\"noopener noreferrer\">aqui<\/a>.<\/p>\n<\/li>\n<li>\n<p>Resolu\u00e7\u00e3o Interna do Programa N\u00ba 05, definida para o tri\u00eanio (2013-2015) dispon\u00edvel <a href=\"https:\/\/www.ufsm.br\/cursos\/pos-graduacao\/santa-maria\/ppgep\/wp-content\/uploads\/sites\/551\/2019\/04\/Resolucao_Interna_PPGEP_N_05.pdf\" target=\"_blank\" rel=\"noopener noreferrer\">aqui<\/a>.<\/p>\n<\/li>\n<li>\n<p>Resolu\u00e7\u00e3o Interna do Programa N\u00ba 08, definida para o quadri\u00eanio (2013-2016) dispon\u00edvel <a href=\"https:\/\/www.ufsm.br\/cursos\/pos-graduacao\/santa-maria\/ppgep\/wp-content\/uploads\/sites\/551\/2019\/04\/Resolucao_Interna_PPGEP_N_08.pdf\" target=\"_blank\" rel=\"noopener noreferrer\">aqui<\/a>.<\/p>\n<\/li>\n<\/ul>\n<p>\u00daltimos Editais publicados:<\/p>\n<ul>\n<li>\n<p>Edital <a href=\"https:\/\/www.ufsm.br\/app\/uploads\/sites\/551\/2020\/12\/Edital-N.-05-2020-Credenciamento-Docente.pdf\" target=\"_blank\" rel=\"noopener\">N. 05\/2020<\/a> para Credenciamento de Docente Colaborador (aberto no peri\u0301odo de 11 a 22 de dezembro de 2020);<\/p>\n<\/li>\n<li>\n<p>Edital <a href=\"https:\/\/www.ufsm.br\/cursos\/pos-graduacao\/santa-maria\/ppgep\/wp-content\/uploads\/sites\/551\/2020\/03\/Edital_03_2019_Credenciamento_Docente_PPGEP.pdf\" target=\"_blank\" rel=\"noopener\">N. 03\/2019<\/a> para Credenciamento de Docente Colaborador (aberto no peri\u0301odo de 01 a 19 de abril de 2019);<\/p>\n<\/li>\n<\/ul>\n","protected":false},"excerpt":{"rendered":"<p>O Colegiado do P\u00f3s-Gradua\u00e7\u00e3o em Engenharia de Produ\u00e7\u00e3o (PPGEP), no uso de suas atribui\u00e7\u00f5es e considerando a necessidade de regulamentar o credenciamento, recredenciamento e descredenciamento para docentes no PPGEP, a partir de 01\/11\/2018, definiu diretrizes para a participa\u00e7\u00e3o de docentes no PPGEP da UFSM. Resolu\u00e7\u00e3o Interna do Programa N\u00ba 09, a partir de 01\/11\/2018 dispon\u00edvel [&hellip;]<\/p>\n","protected":false},"author":870,"featured_media":0,"parent":0,"menu_order":0,"comment_status":"closed","ping_status":"closed","template":"","meta":{"footnotes":""},"categories":[],"tags":[],"class_list":["post-630","page","type-page","status-publish","hentry"],"acf":[],"_links":{"self":[{"href":"https:\/\/www.ufsm.br\/cursos\/pos-graduacao\/santa-maria\/ppgep\/wp-json\/wp\/v2\/pages\/630","targetHints":{"allow":["GET"]}}],"collection":[{"href":"https:\/\/www.ufsm.br\/cursos\/pos-graduacao\/santa-maria\/ppgep\/wp-json\/wp\/v2\/pages"}],"about":[{"href":"https:\/\/www.ufsm.br\/cursos\/pos-graduacao\/santa-maria\/ppgep\/wp-json\/wp\/v2\/types\/page"}],"author":[{"embeddable":true,"href":"https:\/\/www.ufsm.br\/cursos\/pos-graduacao\/santa-maria\/ppgep\/wp-json\/wp\/v2\/users\/870"}],"replies":[{"embeddable":true,"href":"https:\/\/www.ufsm.br\/cursos\/pos-graduacao\/santa-maria\/ppgep\/wp-json\/wp\/v2\/comments?post=630"}],"version-history":[{"count":0,"href":"https:\/\/www.ufsm.br\/cursos\/pos-graduacao\/santa-maria\/ppgep\/wp-json\/wp\/v2\/pages\/630\/revisions"}],"wp:attachment":[{"href":"https:\/\/www.ufsm.br\/cursos\/pos-graduacao\/santa-maria\/ppgep\/wp-json\/wp\/v2\/media?parent=630"}],"wp:term":[{"taxonomy":"category","embeddable":true,"href":"https:\/\/www.ufsm.br\/cursos\/pos-graduacao\/santa-maria\/ppgep\/wp-json\/wp\/v2\/categories?post=630"},{"taxonomy":"post_tag","embeddable":true,"href":"https:\/\/www.ufsm.br\/cursos\/pos-graduacao\/santa-maria\/ppgep\/wp-json\/wp\/v2\/tags?post=630"}],"curies":[{"name":"wp","href":"https:\/\/api.w.org\/{rel}","templated":true}]}}