{"id":841,"date":"2020-07-31T18:43:43","date_gmt":"2020-07-31T21:43:43","guid":{"rendered":"https:\/\/www.ufsm.br\/cursos\/pos-graduacao\/santa-maria\/ppgep\/?page_id=841"},"modified":"2020-09-27T19:05:15","modified_gmt":"2020-09-27T22:05:15","slug":"edital-extraordinario-n-027-2020-31-de-julho-de-2020-nivel-doutorado","status":"publish","type":"page","link":"https:\/\/www.ufsm.br\/cursos\/pos-graduacao\/santa-maria\/ppgep\/edital-extraordinario-n-027-2020-31-de-julho-de-2020-nivel-doutorado","title":{"rendered":"Edital Extraordin\u00e1rio N. 027\/2020, 31 de julho de 2020, N\u00edvel Doutorado"},"content":{"rendered":"\n<p>As Coordena\u00e7\u00f5es dos Programas de P\u00f3s-Gradua\u00e7\u00e3o e a Pr\u00f3-Reitoria de P\u00f3s-gradua\u00e7\u00e3o e Pesquisa (PRPGP) tornam p\u00fablico que, no per\u00edodo de 03 a 18 de agosto, estar\u00e3o abertas as inscri\u00e7\u00f5es para o processo seletivo e ingresso na P\u00f3s-gradua\u00e7\u00e3o, em n\u00edvel de Mestrado e Doutorado, para o preenchimento de vagas e\/ou cotas de bolsas dispon\u00edveis nos cursos durante a pandemia COVID-19.<\/p>\n<p>As inscri\u00e7\u00f5es ser\u00e3o exclusivamente via web, no endere\u00e7o eletr\u00f4nico\u00a0<a href=\"https:\/\/www.ufsm.br\/pro-reitorias\/prpgp\/editais\/027-2020\/\" target=\"_blank\" rel=\"noopener noreferrer\">https:\/\/www.ufsm.br\/pro-reitorias\/prpgp\/editais\/027-2020\/<\/a>\u00a0em Sistema de inscri\u00e7\u00e3o ao Processo Seletivo do Edital Extraordin\u00e1rio N\u00ba 027\/2020.<\/p>\n<p>A P\u00f3s-Gradua\u00e7\u00e3o em Engenharia de Produ\u00e7\u00e3o, N\u00edvel Doutorado, ofertar\u00e1 07 vagas.<\/p>\n<p>IMPORTANTE:\u00a0 devido a\u00a0suspens\u00e3o das atividades acad\u00eamicas e administrativas presenciais, de acordo com a\u00a0<a href=\"https:\/\/www.ufsm.br\/wp-content\/uploads\/2020\/03\/PORTARIA-97.935-1.pdf\" target=\"_blank\" rel=\"noopener noreferrer\">Portaria N. 97.935 de 16\/03\/2020<\/a>, a secretaria do PPGEP n\u00e3o est\u00e1 atendendo de forma presencial, d\u00favidas referente ao Edital espec\u00edfico N. 27.10 podem ser encaminhadas para o email ppgep@ufsm.br<\/p>\n<p>D\u00favidas referente ao Edital geral N. 027\/2020 podem ser encaminhadas \u00e0 Coordenadoria de P\u00f3s-Gradua\u00e7\u00e3o (CPG) da PRPGP, atrav\u00e9s do e-mail cpg.prpgp@ufsm.br<\/p>\n<ul>\n<li>\n<p>EDITAL GERAL\u00a0<a href=\"https:\/\/www.ufsm.br\/pro-reitorias\/prpgp\/wp-content\/uploads\/sites\/345\/2020\/07\/EditalExtra-027-2020_ingresso_pandemia.pdf\" target=\"_blank\" rel=\"noopener noreferrer\">Edital N. 027\/2020, 31 de julho de 2020, edital da Pr\u00f3-Reitoria de P\u00f3s-Gradua\u00e7\u00e3o e Pesquisa (PRPGP)<\/a>; (31\/07\/2020)<\/p>\n<\/li>\n<li>\n<p>EDITAL ESPEC\u00cdFICO\u00a0<a href=\"https:\/\/www.ufsm.br\/pro-reitorias\/prpgp\/wp-content\/uploads\/sites\/345\/2020\/07\/EdEsp27.10-20-Dout-EngProdu%C3%A7%C3%A3o.pdf\" target=\"_blank\" rel=\"noopener noreferrer\">Edital N. 27.10 espec\u00edfico do processo de sele\u00e7\u00e3o de Doutorado em Engenharia de Produ\u00e7\u00e3o<\/a>; (31\/07\/2020)<\/p>\n<\/li>\n<li>\n<p><a href=\"https:\/\/www.ufsm.br\/cursos\/pos-graduacao\/santa-maria\/ppgep\/wp-content\/uploads\/sites\/551\/2019\/09\/Planilha_de_avaliac%CC%A7a%CC%83o_do_curri%CC%81culo_Doutorado_6_set_19.docx\" target=\"_blank\" rel=\"noopener noreferrer\">Planilha de Avalia\u00e7\u00e3o do Curr\u00edculo para Sele\u00e7\u00e3o<\/a>, publica\u00e7\u00f5es na \u00e1rea nos \u00faltimos 3 anos, conforme Relat\u00f3rio Qualis Peri\u00f3dicos Engenharias III, dispon\u00edvel\u00a0<a href=\"http:\/\/www.capes.gov.br\/images\/Relatorio_qualis_periodicos_referencia_2019\/Relatorio_qualis_eng3.pdf\" target=\"_blank\" rel=\"noopener noreferrer\">aqui<\/a>; (31\/07\/2020)<\/p>\n<\/li>\n<li>\n<p><a href=\"https:\/\/www.ufsm.br\/cursos\/pos-graduacao\/santa-maria\/ppgep\/wp-content\/uploads\/sites\/551\/2019\/04\/Modelo_de_Anteprojeto_de_Pesquisa-1.doc\" target=\"_blank\" rel=\"noopener noreferrer\">Modelo (sugest\u00e3o) de Anteprojeto de Pesquisa<\/a>; (31\/07\/2020)<\/p>\n<\/li>\n<li>\n<p><a href=\"https:\/\/www.ufsm.br\/cursos\/pos-graduacao\/santa-maria\/ppgep\/wp-content\/uploads\/sites\/551\/2019\/02\/Modelo_de_requerimento_doutorado.doc\" target=\"_blank\" rel=\"noopener noreferrer\">Requerimento de Reconsidera\u00e7\u00e3o<\/a>; (31\/07\/2020)<\/p>\n<\/li>\n<li>\n<p><a href=\"https:\/\/www.ufsm.br\/pro-reitorias\/prpgp\/wp-content\/uploads\/sites\/345\/2020\/07\/Orienta%C3%A7%C3%B5es-inscri%C3%A7%C3%A3o-envio-arquivos-online.pdf\" target=\"_blank\" rel=\"noopener noreferrer\">Orienta\u00e7\u00f5es para inscri\u00e7\u00e3o e envio dos arquivos online<\/a>; (02\/08\/2020)<\/p>\n<\/li>\n<\/ul>\n<ul>\n<li>\n<p>Item 1.5.2. Curriculum Vitae no modelo Lattes do CNPq com registro atualizado na Plataforma Lattes, do Edital N. 27.10: <br \/><span style=\"font-size: inherit\">O candidato deve gerar o Curriculum Vitae no modelo Lattes do CNPq em formato de impress\u00e3o (n\u00e3o em formato de exporta\u00e7\u00e3o) para anex\u00e1-lo em aba \u201cInforma\u00e7\u00f5es Adicionais\u201d conforme edital geral N. 027\/2020: <\/span><span style=\"font-size: inherit\">2.1. O candidato dever\u00e1 enviar a documenta\u00e7\u00e3o obrigat\u00f3ria no momento da inscri\u00e7\u00e3o online (item 1.1.1), na aba \u201cInforma\u00e7\u00f5es Adicionais\u201d, em formato digital em arquivo PDF leg\u00edvel com tamanho m\u00e1ximo de 5mb. (03\/08\/2020)<\/span><\/p>\n<\/li>\n<\/ul>\n<ul>\n<li>\n<p>A Comiss\u00e3o de Sele\u00e7\u00e3o do PPGEP esclarece que, especificamente no Edital Extraordin\u00e1rio N. 027\/2020 \u2013 Processo Seletivo de P\u00f3s-gradua\u00e7\u00e3o para preenchimento de vagas durante a pandemia COVID-19, n\u00e3o est\u00e1 inclu\u00eddo no processo seletivo de P\u00f3s-Gradua\u00e7\u00e3o o envio de cartas de recomenda\u00e7\u00e3o.<\/p>\n<p>\u00c9 imprescind\u00edvel que o candidato fique atento aos documentos mencionados nos itens 1.4 e 1.5 dos respectivos editais espec\u00edficos para Mestrado e Doutorado, visto que a aus\u00eancia de qualquer destes documentos na forma especificada acarretar\u00e1 na elimina\u00e7\u00e3o do candidato; (03\/08\/2020)<\/p>\n<\/li>\n<li>\n<p><a href=\"https:\/\/www.ufsm.br\/app\/uploads\/sites\/551\/2020\/09\/Relacao-Final-Candidatos-Classificados-08092020_DO.pdf\" target=\"_blank\" rel=\"noopener noreferrer\">Rela\u00e7\u00e3o Final dos candidatos classificados antes do per\u00edodo previsto \u00e0 interposi\u00e7\u00e3o de recurso administrativo<\/a>; (08\/09\/2020)<\/p>\n<\/li>\n<li>\n<p><a href=\"https:\/\/www.ufsm.br\/app\/uploads\/sites\/551\/2020\/09\/Relacao-Final-Candidatos-Classificados-18092020_DO.pdf\" target=\"_blank\" rel=\"noopener noreferrer\">Rela\u00e7\u00e3o Final dos candidatos classificados e suplentes<\/a> ap\u00f3s interposi\u00e7\u00e3o de recurso administrativo; (18\/09\/2020)<\/p>\n<\/li>\n<li>\n<p><a href=\"https:\/\/www.ufsm.br\/app\/uploads\/sites\/345\/2020\/07\/Listagem-Pendencia-Documental.pdf\" target=\"_blank\" rel=\"noopener noreferrer\">Listagem Pend\u00eancia Documental<\/a>; (25\/09\/2020);<\/p>\n<\/li>\n<li>\n<p><a href=\"https:\/\/www.ufsm.br\/app\/uploads\/sites\/345\/2020\/07\/ORIENTACOES-PARA-CONFIRMACAO-DE-VAGA-E-MATRICULA-EDITAL-027.2020.PRPGP_.pdf\" target=\"_blank\" rel=\"noopener noreferrer\">Orienta\u00e7\u00f5es para Confirma\u00e7\u00e3o de Vaga e Matr\u00edcula<\/a>; (25\/09\/2020)<\/p>\n<\/li>\n<li>\n<p>\u00c9 responsabilidade do candidato acompanhar as atualiza\u00e7\u00f5es na p\u00e1gina da PRPGP, <a href=\"https:\/\/www.ufsm.br\/pro-reitorias\/prpgp\/editais\/027-2020\/\" target=\"_blank\" rel=\"noopener noreferrer\">aqui<\/a>; (25\/09\/2020)<\/p>\n<\/li>\n<\/ul>\n","protected":false},"excerpt":{"rendered":"<p>As Coordena\u00e7\u00f5es dos Programas de P\u00f3s-Gradua\u00e7\u00e3o e a Pr\u00f3-Reitoria de P\u00f3s-gradua\u00e7\u00e3o e Pesquisa (PRPGP) tornam p\u00fablico que, no per\u00edodo de 03 a 18 de agosto, estar\u00e3o abertas as inscri\u00e7\u00f5es para o processo seletivo e ingresso na P\u00f3s-gradua\u00e7\u00e3o, em n\u00edvel de Mestrado e Doutorado, para o preenchimento de vagas e\/ou cotas de bolsas dispon\u00edveis nos cursos [&hellip;]<\/p>\n","protected":false},"author":870,"featured_media":0,"parent":0,"menu_order":0,"comment_status":"closed","ping_status":"closed","template":"","meta":{"footnotes":""},"categories":[],"tags":[],"class_list":["post-841","page","type-page","status-publish","hentry"],"acf":[],"_links":{"self":[{"href":"https:\/\/www.ufsm.br\/cursos\/pos-graduacao\/santa-maria\/ppgep\/wp-json\/wp\/v2\/pages\/841","targetHints":{"allow":["GET"]}}],"collection":[{"href":"https:\/\/www.ufsm.br\/cursos\/pos-graduacao\/santa-maria\/ppgep\/wp-json\/wp\/v2\/pages"}],"about":[{"href":"https:\/\/www.ufsm.br\/cursos\/pos-graduacao\/santa-maria\/ppgep\/wp-json\/wp\/v2\/types\/page"}],"author":[{"embeddable":true,"href":"https:\/\/www.ufsm.br\/cursos\/pos-graduacao\/santa-maria\/ppgep\/wp-json\/wp\/v2\/users\/870"}],"replies":[{"embeddable":true,"href":"https:\/\/www.ufsm.br\/cursos\/pos-graduacao\/santa-maria\/ppgep\/wp-json\/wp\/v2\/comments?post=841"}],"version-history":[{"count":0,"href":"https:\/\/www.ufsm.br\/cursos\/pos-graduacao\/santa-maria\/ppgep\/wp-json\/wp\/v2\/pages\/841\/revisions"}],"wp:attachment":[{"href":"https:\/\/www.ufsm.br\/cursos\/pos-graduacao\/santa-maria\/ppgep\/wp-json\/wp\/v2\/media?parent=841"}],"wp:term":[{"taxonomy":"category","embeddable":true,"href":"https:\/\/www.ufsm.br\/cursos\/pos-graduacao\/santa-maria\/ppgep\/wp-json\/wp\/v2\/categories?post=841"},{"taxonomy":"post_tag","embeddable":true,"href":"https:\/\/www.ufsm.br\/cursos\/pos-graduacao\/santa-maria\/ppgep\/wp-json\/wp\/v2\/tags?post=841"}],"curies":[{"name":"wp","href":"https:\/\/api.w.org\/{rel}","templated":true}]}}