{"id":914,"date":"2021-01-08T15:52:41","date_gmt":"2021-01-08T18:52:41","guid":{"rendered":"https:\/\/www.ufsm.br\/cursos\/pos-graduacao\/santa-maria\/ppgep\/?page_id=914"},"modified":"2021-08-25T14:50:10","modified_gmt":"2021-08-25T17:50:10","slug":"edital-extraordinario-n-01-2021-8-de-janeiro-de-2021-nivel-doutorado","status":"publish","type":"page","link":"https:\/\/www.ufsm.br\/cursos\/pos-graduacao\/santa-maria\/ppgep\/edital-extraordinario-n-01-2021-8-de-janeiro-de-2021-nivel-doutorado","title":{"rendered":"Edital Extraordin\u00e1rio N. 01\/2021, 8 de janeiro de 2021, N\u00edvel Doutorado"},"content":{"rendered":"\n<p>As Coordena\u00e7\u00f5es dos Programas de P\u00f3s-Gradua\u00e7\u00e3o e a Pr\u00f3-Reitoria de P\u00f3s-gradua\u00e7\u00e3o e Pesquisa (PRPGP) tornam p\u00fablico que no per\u00edodo de 09 a 22 de janeiro, at\u00e9 as 14 horas, estar\u00e3o abertas as inscri\u00e7\u00f5es para o processo seletivo de P\u00f3s-gradua\u00e7\u00e3o, em n\u00edvel de Doutorado, Mestrado e Especializa\u00e7\u00e3o, para ingresso em mar\u00e7o de 2021.<\/p>\n<p>As inscri\u00e7\u00f5es ser\u00e3o exclusivamente via web, no endere\u00e7o eletr\u00f4nico <a href=\"https:\/\/www.ufsm.br\/pro-reitorias\/prpgp\/editais\/001-2021\/\" target=\"_blank\" rel=\"noopener\">https:\/\/www.ufsm.br\/pro-reitorias\/prpgp\/editais\/001-2021\/<\/a> em <a href=\"https:\/\/portal.ufsm.br\/concursos\/inscricao\/opcoes.html?edicao=4073\" target=\"_blank\" rel=\"noopener\">Sistema de inscri\u00e7\u00e3o ao Processo Seletivo do Edital Extraordin\u00e1rio 001\/2021<\/a>.<\/p>\n<p>A P\u00f3s-Gradua\u00e7\u00e3o em Engenharia de Produ\u00e7\u00e3o, N\u00edvel Doutorado, ofertar\u00e1 12 (doze) vagas.<\/p>\n<p>A data de in\u00edcio das aulas do 1\u00ba semestre de 2021 est\u00e1 condicionada ao calend\u00e1rio acad\u00eamico 2021 da UFSM, o qual n\u00e3o foi aprovado at\u00e9 o momento.<\/p>\n<p>IMPORTANTE:\u00a0 devido a suspens\u00e3o das atividades acad\u00eamicas e administrativas presenciais, a secretaria do PPGEP n\u00e3o est\u00e1 atendendo de forma presencial, d\u00favidas referente ao Edital espec\u00edfico N. 01.13 podem ser encaminhadas para o email ppgep@ufsm.br<\/p>\n<p>D\u00favidas referente ao Edital geral N. 001\/2021 podem ser encaminhadas \u00e0 Coordenadoria de P\u00f3s-Gradua\u00e7\u00e3o (CPG) da PRPGP, atrav\u00e9s do e-mail cpg.prpgp@ufsm.br<\/p>\n<ul>\n<li>\n<p>EDITAL GERAL\u00a0<a href=\"https:\/\/www.ufsm.br\/app\/uploads\/sites\/345\/2020\/12\/EditalExtraordinario-01-2021_ingressoMarco2021.pdf\" target=\"_blank\" rel=\"noopener\">Edital N. 001\/2021, 9 de janeiro de 2021<\/a>, edital da Pr\u00f3-Reitoria de P\u00f3s-Gradua\u00e7\u00e3o e Pesquisa (PRPGP); (09\/01\/2021)<\/p>\n<\/li>\n<li>\n<p>EDITAL ESPEC\u00cdFICO\u00a0<a href=\"https:\/\/www.ufsm.br\/app\/uploads\/sites\/345\/2021\/01\/EdEsp01.13-21DoutEngProducao.pdf\" target=\"_blank\" rel=\"noopener\">Edital N. 01.13 espec\u00edfico do processo de sele\u00e7\u00e3o de Doutorado em Engenharia de Produ\u00e7\u00e3o<\/a>; (09\/01\/2021)<\/p>\n<\/li>\n<li>\n<p>Planilha de Avalia\u00e7\u00e3o do Curr\u00edculo para Sele\u00e7\u00e3o, disponibilizada no link de acesso\u00a0<a href=\"https:\/\/www.ufsm.br\/app\/uploads\/sites\/551\/2020\/12\/Planilha_de_avaliac%CC%A7a%CC%83o_do_curri%CC%81culo_Doutorado_4_dez_20.docx\" target=\"_blank\" rel=\"noopener\">https:\/\/www.ufsm.br\/app\/uploads\/sites\/551\/2020\/12\/Planilha_de_avalia\u00e7\u00e3o_do_curr\u00edculo_Doutorado_4_dez_20.docx<\/a>\u00a0A planilha dever\u00e1 ser preenchida, com assinatura do(a) candidato(a) em todas as p\u00e1ginas e acompanhada de documenta\u00e7\u00e3o comprobat\u00f3ria na ordem da planilha e identificada (cada componente da documenta\u00e7\u00e3o) conforme a numera\u00e7\u00e3o indicada na planilha. O Qualis de refer\u00eancia para a produ\u00e7\u00e3o intelectual\/cient\u00edfica corresponde: publica\u00e7\u00f5es na \u00e1rea nos \u00faltimos 3 anos, conforme Relat\u00f3rio Qualis Peri\u00f3dicos Engenharias III, dispon\u00edvel no link\u00a0<a href=\"https:\/\/www.gov.br\/capes\/pt-br\/centrais-de-conteudo\/relatorio-qualis-eng3-pdf\" target=\"_blank\" rel=\"noopener\">https:\/\/www.gov.br\/capes\/pt-br\/centrais-de-conteudo\/relatorio-qualis-eng3-pdf<\/a> (09\/01\/2021)<\/p>\n<\/li>\n<li>\n<p><a href=\"https:\/\/www.ufsm.br\/cursos\/pos-graduacao\/santa-maria\/ppgep\/wp-content\/uploads\/sites\/551\/2019\/01\/Modelo_de_Anteprojeto_de_Pesquisa.doc\" target=\"_blank\" rel=\"noopener noreferrer\">Modelo (sugest\u00e3o) de Anteprojeto de Pesquisa<\/a>; (09\/01\/2021)<\/p>\n<\/li>\n<li>\n<p><a href=\"https:\/\/www.ufsm.br\/app\/uploads\/sites\/551\/2021\/01\/Nota_1_Etapa_Classificao_PPGEP_2021-01_DOUTORADO.pdf\" target=\"_blank\" rel=\"noopener\">Nota da Planilha de Avalia\u00e7\u00e3o do Curr\u00edculo para Sele\u00e7\u00e3o<\/a>, conforme item 4.2. do EDITAL 01.13 ESPEC\u00cdFICO, antes do prazo para pedido de reconsidera\u00e7\u00e3o; (28\/01\/2021)<\/p>\n<\/li>\n<li>\n<p><a href=\"https:\/\/www.ufsm.br\/app\/uploads\/sites\/551\/2021\/02\/Nota_1_Etapa_Classificao_apos_PPGEP_2021-01_DOUTORADO.pdf\" target=\"_blank\" rel=\"noopener\">Nota da Planilha de Avalia\u00e7\u00e3o do Curr\u00edculo para Sele\u00e7\u00e3o<\/a>, ap\u00f3s o prazo para pedido de reconsidera\u00e7\u00e3o; (01\/02\/2021)<\/p>\n<\/li>\n<li>\n<p><a href=\"https:\/\/www.ufsm.br\/app\/uploads\/sites\/551\/2021\/02\/Nota_2_Etapa_Classificao_PPGEP_2021-01_DOUTORADO.pdf\" target=\"_blank\" rel=\"noopener\">Nota da avalia\u00e7\u00e3o do anteprojeto de pesquisa<\/a>, conforme item 4.3 do EDITAL 01.13 ESPEC\u00cdFICO, antes do prazo para pedido de reconsidera\u00e7\u00e3o; (05\/02\/2021)<\/p>\n<\/li>\n<li>\n<p><a href=\"https:\/\/www.ufsm.br\/app\/uploads\/sites\/551\/2021\/02\/Nota_2_Etapa_Classificao_apos_PPGEP_2021-01_DOUTORADO.pdf\" target=\"_blank\" rel=\"noopener\">Nota da avalia\u00e7\u00e3o do anteprojeto de pesquisa<\/a>, conforme item 4.3 do EDITAL 01.13 ESPEC\u00cdFICO, ap\u00f3s o prazo para pedido de reconsidera\u00e7\u00e3o; (09\/02\/2021)<\/p>\n<\/li>\n<li>\n<p>ETAPA 4.4. Da Defesa Oral: divulgado o cronograma com as datas e hor\u00e1rios para a realiza\u00e7\u00e3o das defesas orais de cada candidato, rela\u00e7\u00e3o dispon\u00edvel\u00a0<a href=\"https:\/\/www.ufsm.br\/app\/uploads\/sites\/551\/2021\/02\/Entrevistas-Doutorado-Edital-N.001-2021.pdf\" target=\"_blank\" rel=\"noopener\">aqui<\/a>; (09\/02\/2021)<\/p>\n<\/li>\n<li>\n<p><a href=\"https:\/\/www.ufsm.br\/app\/uploads\/sites\/551\/2021\/02\/Relacao-Final-Candidatos-Classificados-12022021_DO-1.pdf\" target=\"_blank\" rel=\"noopener\">Rela\u00e7\u00e3o Final dos candidatos classificados antes do per\u00edodo previsto \u00e0 interposi\u00e7\u00e3o de recurso administrativo<\/a>; (12\/02\/2021)<\/p>\n<\/li>\n<li>\n<p><a href=\"https:\/\/www.ufsm.br\/app\/uploads\/sites\/345\/2021\/01\/Classificacao_Final_pos-recurso-Edital-001-2021-01-03-2021-2.pdf\" target=\"_blank\" rel=\"noopener\">Rela\u00e7\u00e3o Final dos candidatos classificados<\/a>\u00a0ap\u00f3s per\u00edodo de recurso administrativo, rela\u00e7\u00e3o publicada pela PRPGP em 01\/03\/2021; (02\/03\/2021)<\/p>\n<\/li>\n<li>\n<p>\u00c9 responsabilidade do candidato acompanhar as atualiza\u00e7\u00f5es e respectivo cronograma de atividades do edital na p\u00e1gina da PRPGP no link <a style=\"font-size: inherit\" href=\"https:\/\/www.ufsm.br\/pro-reitorias\/prpgp\/editais\/001-2021\/\" target=\"_blank\" rel=\"noopener\">https:\/\/www.ufsm.br\/pro-reitorias\/prpgp\/editais\/001-2021\/<\/a><span style=\"font-size: inherit\">; (01\/03\/2021)<\/span><\/p>\n<\/li>\n<\/ul>\n","protected":false},"excerpt":{"rendered":"<p>As Coordena\u00e7\u00f5es dos Programas de P\u00f3s-Gradua\u00e7\u00e3o e a Pr\u00f3-Reitoria de P\u00f3s-gradua\u00e7\u00e3o e Pesquisa (PRPGP) tornam p\u00fablico que no per\u00edodo de 09 a 22 de janeiro, at\u00e9 as 14 horas, estar\u00e3o abertas as inscri\u00e7\u00f5es para o processo seletivo de P\u00f3s-gradua\u00e7\u00e3o, em n\u00edvel de Doutorado, Mestrado e Especializa\u00e7\u00e3o, para ingresso em mar\u00e7o de 2021. As inscri\u00e7\u00f5es ser\u00e3o [&hellip;]<\/p>\n","protected":false},"author":870,"featured_media":0,"parent":0,"menu_order":0,"comment_status":"closed","ping_status":"closed","template":"","meta":{"footnotes":""},"categories":[],"tags":[],"class_list":["post-914","page","type-page","status-publish","hentry"],"acf":[],"_links":{"self":[{"href":"https:\/\/www.ufsm.br\/cursos\/pos-graduacao\/santa-maria\/ppgep\/wp-json\/wp\/v2\/pages\/914","targetHints":{"allow":["GET"]}}],"collection":[{"href":"https:\/\/www.ufsm.br\/cursos\/pos-graduacao\/santa-maria\/ppgep\/wp-json\/wp\/v2\/pages"}],"about":[{"href":"https:\/\/www.ufsm.br\/cursos\/pos-graduacao\/santa-maria\/ppgep\/wp-json\/wp\/v2\/types\/page"}],"author":[{"embeddable":true,"href":"https:\/\/www.ufsm.br\/cursos\/pos-graduacao\/santa-maria\/ppgep\/wp-json\/wp\/v2\/users\/870"}],"replies":[{"embeddable":true,"href":"https:\/\/www.ufsm.br\/cursos\/pos-graduacao\/santa-maria\/ppgep\/wp-json\/wp\/v2\/comments?post=914"}],"version-history":[{"count":0,"href":"https:\/\/www.ufsm.br\/cursos\/pos-graduacao\/santa-maria\/ppgep\/wp-json\/wp\/v2\/pages\/914\/revisions"}],"wp:attachment":[{"href":"https:\/\/www.ufsm.br\/cursos\/pos-graduacao\/santa-maria\/ppgep\/wp-json\/wp\/v2\/media?parent=914"}],"wp:term":[{"taxonomy":"category","embeddable":true,"href":"https:\/\/www.ufsm.br\/cursos\/pos-graduacao\/santa-maria\/ppgep\/wp-json\/wp\/v2\/categories?post=914"},{"taxonomy":"post_tag","embeddable":true,"href":"https:\/\/www.ufsm.br\/cursos\/pos-graduacao\/santa-maria\/ppgep\/wp-json\/wp\/v2\/tags?post=914"}],"curies":[{"name":"wp","href":"https:\/\/api.w.org\/{rel}","templated":true}]}}