{"id":1011,"date":"2021-04-10T20:18:36","date_gmt":"2021-04-10T23:18:36","guid":{"rendered":"https:\/\/www.ufsm.br\/cursos\/pos-graduacao\/santa-maria\/ppgept\/?page_id=1011"},"modified":"2021-05-21T11:21:53","modified_gmt":"2021-05-21T14:21:53","slug":"autoavaliacao","status":"publish","type":"page","link":"https:\/\/www.ufsm.br\/cursos\/pos-graduacao\/santa-maria\/ppgept\/autoavaliacao","title":{"rendered":"Autoavalia\u00e7\u00e3o"},"content":{"rendered":"\t\t<div data-elementor-type=\"wp-page\" data-elementor-id=\"1011\" class=\"elementor elementor-1011\">\n\t\t\t\t\t\t<section class=\"elementor-section elementor-top-section elementor-element elementor-element-7e4c43eb elementor-section-boxed elementor-section-height-default elementor-section-height-default\" data-id=\"7e4c43eb\" data-element_type=\"section\">\n\t\t\t\t\t\t<div class=\"elementor-container elementor-column-gap-default\">\n\t\t\t\t\t<div class=\"elementor-column elementor-col-100 elementor-top-column elementor-element elementor-element-39416a84\" data-id=\"39416a84\" data-element_type=\"column\">\n\t\t\t<div class=\"elementor-widget-wrap elementor-element-populated\">\n\t\t\t\t\t\t<div class=\"elementor-element elementor-element-40a84596 elementor-widget elementor-widget-text-editor\" data-id=\"40a84596\" data-element_type=\"widget\" data-widget_type=\"text-editor.default\">\n\t\t\t\t<div class=\"elementor-widget-container\">\n\t\t\t\t\t\t\t<!-- wp:tadv\/classic-paragraph \/-->\t\t\t\t\t\t<\/div>\n\t\t\t\t<\/div>\n\t\t\t\t<div class=\"elementor-element elementor-element-c9d45dd elementor-widget elementor-widget-text-editor\" data-id=\"c9d45dd\" data-element_type=\"widget\" data-widget_type=\"text-editor.default\">\n\t\t\t\t<div class=\"elementor-widget-container\">\n\t\t\t\t\t\t\t<p>Em 2019, o Mestrado Acad\u00eamico em Educa\u00e7\u00e3o Profissional e Tecnol\u00f3gica (PPGEPT) criou o Grupo de Trabalho (GT) de autoavalia\u00e7\u00e3o do curso, visando o crescimento cont\u00ednuo do mesmo. Integram o GT: Prof. Claudia Smaniotto Barin (coordenadora do Mestrado);Prof.\u00a0 Francisco Nilton Gomes de Oliveira (Docente); C\u00e9sar Augusto Robaina Filho (representante discente PPGEPT); Gladis Borim (TAE); Juliano Molinos de Andrade (egresso do PPGEPT) e Diego R. Mar\u00e7al (representante externo e presidente da <a href=\"https:\/\/www.ufsm.br\/unidades-universitarias\/ctism\/comissao-setorial-de-avaliacao-csa\/\">Comiss\u00e3o Setorial de Avalia\u00e7\u00e3o do CTISM<\/a>)<\/p>\t\t\t\t\t\t<\/div>\n\t\t\t\t<\/div>\n\t\t\t\t\t<\/div>\n\t\t<\/div>\n\t\t\t\t\t<\/div>\n\t\t<\/section>\n\t\t\t\t<section class=\"elementor-section elementor-top-section elementor-element elementor-element-88d9c52 elementor-section-boxed elementor-section-height-default elementor-section-height-default\" data-id=\"88d9c52\" data-element_type=\"section\">\n\t\t\t\t\t\t<div class=\"elementor-container elementor-column-gap-default\">\n\t\t\t\t\t<div class=\"elementor-column elementor-col-100 elementor-top-column elementor-element elementor-element-a5ff041\" data-id=\"a5ff041\" data-element_type=\"column\">\n\t\t\t<div class=\"elementor-widget-wrap elementor-element-populated\">\n\t\t\t\t\t\t<div class=\"elementor-element elementor-element-5ebd7f1 elementor-widget elementor-widget-image\" data-id=\"5ebd7f1\" data-element_type=\"widget\" data-widget_type=\"image.default\">\n\t\t\t\t<div class=\"elementor-widget-container\">\n\t\t\t\t\t\t\t\t\t\t\t\t\t<img fetchpriority=\"high\" decoding=\"async\" width=\"410\" height=\"1024\" src=\"https:\/\/www.ufsm.br\/app\/uploads\/sites\/511\/2021\/04\/AVALIACAO-PPGEPT-1-410x1024.jpg\" class=\"attachment-large size-large wp-image-1019\" alt=\"\" srcset=\"https:\/\/www.ufsm.br\/app\/uploads\/sites\/511\/2021\/04\/AVALIACAO-PPGEPT-1-410x1024.jpg 410w, https:\/\/www.ufsm.br\/app\/uploads\/sites\/511\/2021\/04\/AVALIACAO-PPGEPT-1-120x300.jpg 120w, https:\/\/www.ufsm.br\/app\/uploads\/sites\/511\/2021\/04\/AVALIACAO-PPGEPT-1-768x1920.jpg 768w, https:\/\/www.ufsm.br\/app\/uploads\/sites\/511\/2021\/04\/AVALIACAO-PPGEPT-1.jpg 800w\" sizes=\"(max-width: 410px) 100vw, 410px\" \/>\t\t\t\t\t\t\t\t\t\t\t\t\t<\/div>\n\t\t\t\t<\/div>\n\t\t\t\t\t<\/div>\n\t\t<\/div>\n\t\t\t\t\t<\/div>\n\t\t<\/section>\n\t\t\t\t<section class=\"elementor-section elementor-top-section elementor-element elementor-element-d28dbd7 elementor-section-boxed elementor-section-height-default elementor-section-height-default\" data-id=\"d28dbd7\" data-element_type=\"section\">\n\t\t\t\t\t\t<div class=\"elementor-container elementor-column-gap-default\">\n\t\t\t\t\t<div class=\"elementor-column elementor-col-100 elementor-top-column elementor-element elementor-element-5dd181f\" data-id=\"5dd181f\" data-element_type=\"column\">\n\t\t\t<div class=\"elementor-widget-wrap elementor-element-populated\">\n\t\t\t\t\t\t<div class=\"elementor-element elementor-element-cb71e28 elementor-align-right elementor-widget elementor-widget-button\" data-id=\"cb71e28\" data-element_type=\"widget\" data-widget_type=\"button.default\">\n\t\t\t\t<div class=\"elementor-widget-container\">\n\t\t\t\t\t\t\t<div class=\"elementor-button-wrapper\">\n\t\t\t\t\t<a class=\"elementor-button elementor-button-link elementor-size-md\" href=\"https:\/\/www.ufsm.br\/app\/uploads\/sites\/511\/2021\/05\/relat_autoaval_2020.pdf\" target=\"_blank\">\n\t\t\t\t\t\t<span class=\"elementor-button-content-wrapper\">\n\t\t\t\t\t\t\t\t\t<span class=\"elementor-button-text\">Relat\u00f3rio Autoavalia\u00e7\u00e3o 2020 - PDF<\/span>\n\t\t\t\t\t<\/span>\n\t\t\t\t\t<\/a>\n\t\t\t\t<\/div>\n\t\t\t\t\t\t<\/div>\n\t\t\t\t<\/div>\n\t\t\t\t\t<\/div>\n\t\t<\/div>\n\t\t\t\t\t<\/div>\n\t\t<\/section>\n\t\t\t\t<\/div>\n\t\t","protected":false},"excerpt":{"rendered":"<p>Em 2019, o Mestrado Acad\u00eamico em Educa\u00e7\u00e3o Profissional e Tecnol\u00f3gica (PPGEPT) criou o Grupo de Trabalho (GT) de autoavalia\u00e7\u00e3o do curso, visando o crescimento cont\u00ednuo do mesmo. Integram o GT: Prof. Claudia Smaniotto Barin (coordenadora do Mestrado);Prof.\u00a0 Francisco Nilton Gomes de Oliveira (Docente); C\u00e9sar Augusto Robaina Filho (representante discente PPGEPT); Gladis Borim (TAE); Juliano Molinos [&hellip;]<\/p>\n","protected":false},"author":920,"featured_media":0,"parent":0,"menu_order":0,"comment_status":"closed","ping_status":"closed","template":"","meta":{"footnotes":""},"categories":[],"tags":[],"class_list":["post-1011","page","type-page","status-publish","hentry"],"acf":[],"_links":{"self":[{"href":"https:\/\/www.ufsm.br\/cursos\/pos-graduacao\/santa-maria\/ppgept\/wp-json\/wp\/v2\/pages\/1011","targetHints":{"allow":["GET"]}}],"collection":[{"href":"https:\/\/www.ufsm.br\/cursos\/pos-graduacao\/santa-maria\/ppgept\/wp-json\/wp\/v2\/pages"}],"about":[{"href":"https:\/\/www.ufsm.br\/cursos\/pos-graduacao\/santa-maria\/ppgept\/wp-json\/wp\/v2\/types\/page"}],"author":[{"embeddable":true,"href":"https:\/\/www.ufsm.br\/cursos\/pos-graduacao\/santa-maria\/ppgept\/wp-json\/wp\/v2\/users\/920"}],"replies":[{"embeddable":true,"href":"https:\/\/www.ufsm.br\/cursos\/pos-graduacao\/santa-maria\/ppgept\/wp-json\/wp\/v2\/comments?post=1011"}],"version-history":[{"count":0,"href":"https:\/\/www.ufsm.br\/cursos\/pos-graduacao\/santa-maria\/ppgept\/wp-json\/wp\/v2\/pages\/1011\/revisions"}],"wp:attachment":[{"href":"https:\/\/www.ufsm.br\/cursos\/pos-graduacao\/santa-maria\/ppgept\/wp-json\/wp\/v2\/media?parent=1011"}],"wp:term":[{"taxonomy":"category","embeddable":true,"href":"https:\/\/www.ufsm.br\/cursos\/pos-graduacao\/santa-maria\/ppgept\/wp-json\/wp\/v2\/categories?post=1011"},{"taxonomy":"post_tag","embeddable":true,"href":"https:\/\/www.ufsm.br\/cursos\/pos-graduacao\/santa-maria\/ppgept\/wp-json\/wp\/v2\/tags?post=1011"}],"curies":[{"name":"wp","href":"https:\/\/api.w.org\/{rel}","templated":true}]}}