{"id":1340,"date":"2023-01-06T08:38:52","date_gmt":"2023-01-06T11:38:52","guid":{"rendered":"https:\/\/www.ufsm.br\/cursos\/pos-graduacao\/santa-maria\/ppgept\/?page_id=1340"},"modified":"2023-04-03T16:10:42","modified_gmt":"2023-04-03T19:10:42","slug":"turma-2021","status":"publish","type":"page","link":"https:\/\/www.ufsm.br\/cursos\/pos-graduacao\/santa-maria\/ppgept\/turma-2021","title":{"rendered":"Turma 2021"},"content":{"rendered":"\n\n\n<p><strong>ADRIANO INEIA<\/strong><\/p>\n<p><strong>Orientador: <\/strong>Ricardo Machado Ellensohn<\/p>\n<p><strong>Linha de Pesquisa:<\/strong> Inova\u00e7\u00e3o para Educa\u00e7\u00e3o Profissional e Tecnol\u00f3gica<\/p>\n<hr \/>\n<p><strong>CARINA DEOLINDA DA SILVA LOPES<\/strong><\/p>\n<p><strong>Orientador: <\/strong>Marcelo Freitas da Silva<\/p>\n<p><strong>Linha de Pesquisa:<\/strong> Inova\u00e7\u00e3o para Educa\u00e7\u00e3o Profissional e Tecnol\u00f3gica<\/p>\n<hr \/>\n<p>\u00a0<strong>ENO RENATO GEISS<\/strong><\/p>\n<p><strong>Orientadora: <\/strong>Leila Maria Ara\u00fajo Santos<\/p>\n<p><strong>Linha de Pesquisa: <\/strong>Inova\u00e7\u00e3o para Educa\u00e7\u00e3o Profissional e Tecnol\u00f3gica<\/p>\n<hr \/>\n<p><strong>JULIANA PORTO DE SOUZA<\/strong><\/p>\n<p><strong>Orientador: <\/strong>Walter priesnitz Filho<\/p>\n<p><strong>Linha de Pesquisa: <\/strong>Inova\u00e7\u00e3o para Educa\u00e7\u00e3o Profissional e Tecnol\u00f3gica<\/p>\n<hr \/>\n<p><strong>MAGALI ELIS PESAMOSCA AMORETTI<\/strong><\/p>\n<p><strong>Orientador: <\/strong>Ascisio dos Reis Pereira<\/p>\n<p><strong>Linha de Pesquisa: Forma\u00e7\u00e3o Docente para Educa\u00e7\u00e3o Profissional e Tecnol\u00f3gica<\/strong><\/p>\n<hr \/>\n<p><strong>MARION SILVA DA SILVA<\/strong><\/p>\n<p><strong>Orientadora: <\/strong>Leila Maria Ara\u00fajo Santos<\/p>\n<p><strong>Linha de Pesquisa: <\/strong>Inova\u00e7\u00e3o para Educa\u00e7\u00e3o Profissional e Tecnol\u00f3gica<\/p>\n<hr \/>\n<p><strong>MICHELLE TURRA<\/strong><\/p>\n<p><strong>Orientador: <\/strong>Claudemir de Quadros<\/p>\n<p><strong>Linha de Pesquisa: Pol\u00edticas e Gest\u00e3o em Educa\u00e7\u00e3o Profissional e Tecnol\u00f3gica<\/strong><\/p>\n<hr \/>\n<p><strong>PRISCILA ROSTIROLA RITZEL<\/strong><\/p>\n<p><strong>Orientadora: <\/strong>\u00a0Mariglei Severo Maraschin<\/p>\n<p><strong>Linha de Pesquisa: Pol\u00edticas e Gest\u00e3o em Educa\u00e7\u00e3o Profissional e Tecnol\u00f3gica<\/strong><\/p>\n<hr \/>\n<p><strong>ROSIMARA CARGNIN<\/strong><\/p>\n<p><strong>Orientadora: <\/strong>\u00a0Mariglei Severo Maraschin<\/p>\n<p><strong>Linha de Pesquisa: <\/strong>Pol\u00edticas e Gest\u00e3o em Educa\u00e7\u00e3o Profissional e Tecnol\u00f3gica<\/p>\n<hr \/>\n<p><strong>TADEU BAUMHARDT<\/strong><\/p>\n<p><strong>Orientadora: <\/strong>Leila Maria Ara\u00fajo Santos<\/p>\n<p><strong>Linha de Pesquisa: <\/strong>Inova\u00e7\u00e3o para Educa\u00e7\u00e3o Profissional e Tecnol\u00f3gica<\/p>\n<hr \/>\n<p><strong>TAINAN SILVA GARCIA<\/strong><\/p>\n<p><strong>Orientadora: <\/strong>Claudia Smaniotto Barin<\/p>\n<p><strong>Linha de Pesquisa: Forma\u00e7\u00e3o Docente para Educa\u00e7\u00e3o Profissional e Tecnol\u00f3gica<\/strong><\/p>\n<hr \/>\n<p><strong>\u00a0<\/strong><\/p>\n<p>\u00a0<\/p>\n<p>\u00a0<\/p>\n<hr \/>\n<p><strong>\u00a0<\/strong><\/p>\n<p>\u00a0<\/p>\n<p>\u00a0<\/p>\n\n\n<p>\u00a0<\/p>\n<p><!-- \/wp:post-content --><\/p>\n<p><!-- \/wp:tadv\/classic-paragraph --><\/p>\n<p><!-- \/wp:tadv\/classic-paragraph --><\/p>","protected":false},"excerpt":{"rendered":"<p>ADRIANO INEIA Orientador: Ricardo Machado Ellensohn Linha de Pesquisa: Inova\u00e7\u00e3o para Educa\u00e7\u00e3o Profissional e Tecnol\u00f3gica CARINA DEOLINDA DA SILVA LOPES Orientador: Marcelo Freitas da Silva Linha de Pesquisa: Inova\u00e7\u00e3o para Educa\u00e7\u00e3o Profissional e Tecnol\u00f3gica \u00a0ENO RENATO GEISS Orientadora: Leila Maria Ara\u00fajo Santos Linha de Pesquisa: Inova\u00e7\u00e3o para Educa\u00e7\u00e3o Profissional e Tecnol\u00f3gica JULIANA PORTO DE SOUZA [&hellip;]<\/p>\n","protected":false},"author":852,"featured_media":0,"parent":0,"menu_order":0,"comment_status":"closed","ping_status":"closed","template":"","meta":{"footnotes":""},"categories":[],"tags":[],"class_list":["post-1340","page","type-page","status-publish","hentry"],"acf":[],"_links":{"self":[{"href":"https:\/\/www.ufsm.br\/cursos\/pos-graduacao\/santa-maria\/ppgept\/wp-json\/wp\/v2\/pages\/1340","targetHints":{"allow":["GET"]}}],"collection":[{"href":"https:\/\/www.ufsm.br\/cursos\/pos-graduacao\/santa-maria\/ppgept\/wp-json\/wp\/v2\/pages"}],"about":[{"href":"https:\/\/www.ufsm.br\/cursos\/pos-graduacao\/santa-maria\/ppgept\/wp-json\/wp\/v2\/types\/page"}],"author":[{"embeddable":true,"href":"https:\/\/www.ufsm.br\/cursos\/pos-graduacao\/santa-maria\/ppgept\/wp-json\/wp\/v2\/users\/852"}],"replies":[{"embeddable":true,"href":"https:\/\/www.ufsm.br\/cursos\/pos-graduacao\/santa-maria\/ppgept\/wp-json\/wp\/v2\/comments?post=1340"}],"version-history":[{"count":0,"href":"https:\/\/www.ufsm.br\/cursos\/pos-graduacao\/santa-maria\/ppgept\/wp-json\/wp\/v2\/pages\/1340\/revisions"}],"wp:attachment":[{"href":"https:\/\/www.ufsm.br\/cursos\/pos-graduacao\/santa-maria\/ppgept\/wp-json\/wp\/v2\/media?parent=1340"}],"wp:term":[{"taxonomy":"category","embeddable":true,"href":"https:\/\/www.ufsm.br\/cursos\/pos-graduacao\/santa-maria\/ppgept\/wp-json\/wp\/v2\/categories?post=1340"},{"taxonomy":"post_tag","embeddable":true,"href":"https:\/\/www.ufsm.br\/cursos\/pos-graduacao\/santa-maria\/ppgept\/wp-json\/wp\/v2\/tags?post=1340"}],"curies":[{"name":"wp","href":"https:\/\/api.w.org\/{rel}","templated":true}]}}