{"id":179,"date":"2019-01-17T11:14:18","date_gmt":"2019-01-17T13:14:18","guid":{"rendered":"https:\/\/www.ufsm.br\/cursos\/pos-graduacao\/santa-maria\/ppgept\/?page_id=179"},"modified":"2023-11-20T11:35:42","modified_gmt":"2023-11-20T14:35:42","slug":"grupos-de-pesquisa","status":"publish","type":"page","link":"https:\/\/www.ufsm.br\/cursos\/pos-graduacao\/santa-maria\/ppgept\/grupos-de-pesquisa","title":{"rendered":"Grupos de Pesquisa"},"content":{"rendered":"<a style=\"color: #0000ff\" href=\"http:\/\/dgp.cnpq.br\/dgp\/espelhogrupo\/293024\"><strong>TransformA\u00e7\u00e3o<\/strong> &#8211; Grupo de Estudos e Pesquisas em Pol\u00edticas P\u00fablicas e Trabalho Pedag\u00f3gico na Educa\u00e7\u00e3o Profissional<\/a>\n\n<a style=\"color: #0000ff\" href=\"http:\/\/dgp.cnpq.br\/dgp\/espelhogrupo\/41358\"><strong>MeNTE &#8211;<\/strong> Materiais e Novas Tecnologias Educacionais\u00a0<\/a>\n\n<strong>Maept &#8211;<\/strong> <a style=\"color: #0000ff\" href=\"http:\/\/dgp.cnpq.br\/dgp\/espelhogrupo\/209245\">Metodologias Ativas para EPT<\/a>\n\n<a style=\"color: #0000ff\" href=\"http:\/\/dgp.cnpq.br\/dgp\/espelhogrupo\/9010637603307375\"><strong>GEPEEDI &#8211;<\/strong> Grupo de Estudos e Pesquisa em Educa\u00e7\u00e3o Especial e Intelectual<\/a>\n\n<a href=\"http:\/\/dgp.cnpq.br\/dgp\/espelhogrupo\/18327\"><strong>GEPEBio <\/strong>&#8211; Grupo de Ensino, Pesquisa e Extens\u00e3o em Bioestat\u00edstica<\/a>\n\n<strong><a href=\"http:\/\/dgp.cnpq.br\/dgp\/espelhogrupo\/759898\">Pol\u00edticas, Avalia\u00e7\u00e3o e Gest\u00e3o no Ensino Superior<\/a><\/strong>\n\n<!-- \/wp:post-content -->","protected":false},"excerpt":{"rendered":"<p>TransformA\u00e7\u00e3o &#8211; Grupo de Estudos e Pesquisas em Pol\u00edticas P\u00fablicas e Trabalho Pedag\u00f3gico na Educa\u00e7\u00e3o Profissional MeNTE &#8211; Materiais e Novas Tecnologias Educacionais\u00a0 Maept &#8211; Metodologias Ativas para EPT GEPEEDI &#8211; Grupo de Estudos e Pesquisa em Educa\u00e7\u00e3o Especial e Intelectual GEPEBio &#8211; Grupo de Ensino, Pesquisa e Extens\u00e3o em Bioestat\u00edstica Pol\u00edticas, Avalia\u00e7\u00e3o e Gest\u00e3o [&hellip;]<\/p>\n","protected":false},"author":117,"featured_media":0,"parent":0,"menu_order":0,"comment_status":"closed","ping_status":"closed","template":"","meta":{"footnotes":""},"categories":[],"tags":[],"class_list":["post-179","page","type-page","status-publish","hentry"],"acf":[],"_links":{"self":[{"href":"https:\/\/www.ufsm.br\/cursos\/pos-graduacao\/santa-maria\/ppgept\/wp-json\/wp\/v2\/pages\/179","targetHints":{"allow":["GET"]}}],"collection":[{"href":"https:\/\/www.ufsm.br\/cursos\/pos-graduacao\/santa-maria\/ppgept\/wp-json\/wp\/v2\/pages"}],"about":[{"href":"https:\/\/www.ufsm.br\/cursos\/pos-graduacao\/santa-maria\/ppgept\/wp-json\/wp\/v2\/types\/page"}],"author":[{"embeddable":true,"href":"https:\/\/www.ufsm.br\/cursos\/pos-graduacao\/santa-maria\/ppgept\/wp-json\/wp\/v2\/users\/117"}],"replies":[{"embeddable":true,"href":"https:\/\/www.ufsm.br\/cursos\/pos-graduacao\/santa-maria\/ppgept\/wp-json\/wp\/v2\/comments?post=179"}],"version-history":[{"count":0,"href":"https:\/\/www.ufsm.br\/cursos\/pos-graduacao\/santa-maria\/ppgept\/wp-json\/wp\/v2\/pages\/179\/revisions"}],"wp:attachment":[{"href":"https:\/\/www.ufsm.br\/cursos\/pos-graduacao\/santa-maria\/ppgept\/wp-json\/wp\/v2\/media?parent=179"}],"wp:term":[{"taxonomy":"category","embeddable":true,"href":"https:\/\/www.ufsm.br\/cursos\/pos-graduacao\/santa-maria\/ppgept\/wp-json\/wp\/v2\/categories?post=179"},{"taxonomy":"post_tag","embeddable":true,"href":"https:\/\/www.ufsm.br\/cursos\/pos-graduacao\/santa-maria\/ppgept\/wp-json\/wp\/v2\/tags?post=179"}],"curies":[{"name":"wp","href":"https:\/\/api.w.org\/{rel}","templated":true}]}}