{"id":444,"date":"2019-04-05T11:32:34","date_gmt":"2019-04-05T14:32:34","guid":{"rendered":"https:\/\/www.ufsm.br\/cursos\/pos-graduacao\/santa-maria\/ppgept\/?page_id=444"},"modified":"2020-01-28T13:13:38","modified_gmt":"2020-01-28T16:13:38","slug":"turma-2015","status":"publish","type":"page","link":"https:\/\/www.ufsm.br\/cursos\/pos-graduacao\/santa-maria\/ppgept\/turma-2015","title":{"rendered":"Egressos Turma 2015"},"content":{"rendered":"\t\t<div data-elementor-type=\"wp-post\" data-elementor-id=\"444\" class=\"elementor elementor-444\">\n\t\t\t\t\t\t<section class=\"elementor-section elementor-top-section elementor-element elementor-element-3bea6e elementor-section-boxed elementor-section-height-default elementor-section-height-default\" data-id=\"3bea6e\" data-element_type=\"section\">\n\t\t\t\t\t\t<div class=\"elementor-container elementor-column-gap-default\">\n\t\t\t\t\t<div class=\"elementor-column elementor-col-100 elementor-top-column elementor-element elementor-element-59fc5dd8\" data-id=\"59fc5dd8\" data-element_type=\"column\">\n\t\t\t<div class=\"elementor-widget-wrap elementor-element-populated\">\n\t\t\t\t\t\t<div class=\"elementor-element elementor-element-2adfc17d elementor-widget elementor-widget-text-editor\" data-id=\"2adfc17d\" data-element_type=\"widget\" data-widget_type=\"text-editor.default\">\n\t\t\t\t<div class=\"elementor-widget-container\">\n\t\t\t\t\t\t\t<p><!-- wp:tadv\/classic-paragraph --><\/p>\n<h5>ALBERTO PEDRO ANTONELLO NETO<\/h5>\n<p style=\"font-weight: 400\"><b><strong>Linha de pesquisa<\/strong><\/b>:\u00a0Inova\u00e7\u00e3o para a educa\u00e7\u00e3o profissional e Tecnol\u00f3gica<\/p>\n<p><b><strong>Pesquisa<\/strong><\/b>: <a href=\"https:\/\/sucupira.capes.gov.br\/sucupira\/public\/consultas\/coleta\/trabalhoConclusao\/viewTrabalhoConclusao.jsf?popup=true&amp;id_trabalho=5064636\">A APLICA\u00c7\u00c3O DO ENSINO H\u00cdBRIDO NA EDUCA\u00c7\u00c3O PROFISSIONAL E TECNOL\u00d3GICA: POTENCIALIDADES E DIFICULDADES<\/a><\/p>\n<p style=\"font-weight: 400\"><b><strong>Orientador<\/strong><\/b>:\u00a0Leila Maria Ara\u00fajo Santos<\/p>\n<p style=\"font-weight: 400\"><b><strong>Lattes<\/strong><\/b>:\u00a0<a href=\"http:\/\/lattes.cnpq.br\/4667394765104255\">http:\/\/lattes.cnpq.br\/4667394765104255<\/a><\/p>\n<p style=\"font-weight: 400\">\u00a0<\/p>\n<h5>ALINE BAIRROS SOARES<\/h5>\n<p style=\"font-weight: 400\"><b><strong>Linha de pesquisa<\/strong><\/b>: Forma\u00e7\u00e3o de Professores\u00a0<\/p>\n<p style=\"font-weight: 400\"><b><strong>Orientador<\/strong><\/b>:\u00a0Cl\u00e1udia Smaniotto Barin<\/p>\n<p style=\"font-weight: 400\"><b><strong>Pesquisa<\/strong><\/b>:\u00a0<a href=\"https:\/\/sucupira.capes.gov.br\/sucupira\/public\/consultas\/coleta\/trabalhoConclusao\/viewTrabalhoConclusao.jsf?popup=true&amp;id_trabalho=5064639\">USO PEDAG\u00d3GICO DE PODCAST PARA EDUCA\u00c7\u00c3O PROFISSIONAL E TECNOL\u00d3GICA<\/a><\/p>\n<p style=\"font-weight: 400\"><b><strong>Lattes<\/strong><\/b>:\u00a0<a href=\"http:\/\/lattes.cnpq.br\/3717266550674021\">http:\/\/lattes.cnpq.br\/3717266550674021<\/a><\/p>\n<p style=\"font-weight: 400\">\u00a0<\/p>\n<h5>BETINA WAIHRICH TEIXEIRA<\/h5>\n<p style=\"font-weight: 400\"><b><strong>Linha de pesquisa<\/strong><\/b>: Forma\u00e7\u00e3o Docente para Educa\u00e7\u00e3o Profissional e Tecnol\u00f3gica.<\/p>\n<p style=\"font-weight: 400\"><b><strong>Orientador<\/strong><\/b>: Janete de Conto<\/p>\n<p style=\"font-weight: 400\"><b><strong>Pesquisa<\/strong><\/b>:\u00a0<a href=\"https:\/\/sucupira.capes.gov.br\/sucupira\/public\/consultas\/coleta\/trabalhoConclusao\/viewTrabalhoConclusao.jsf?popup=true&amp;id_trabalho=5064657\">FORMA\u00c7\u00c3O PERMANENTE DE PROFESSORES DE L\u00cdNGUA PORTUGUESA E O ENSINO DE PRODU\u00c7\u00c3O TEXTUAL, NO CONTEXTO DA EDUCA\u00c7\u00c3O B\u00c1SICA, T\u00c9CNICA E TECNOL\u00d3GICA<\/a><\/p>\n<p style=\"font-weight: 400\"><b><strong>Lattes<\/strong><\/b>:\u00a0\u00a0<a href=\"http:\/\/lattes.cnpq.br\/6278242900635253\">http:\/\/lattes.cnpq.br\/6278242900635253<\/a><\/p>\n<p style=\"font-weight: 400\">\u00a0<\/p>\n<h5>CRISTIANE BERENICE CARAVETA DOS SANTOS<\/h5>\n<p style=\"font-weight: 400\"><b><strong>Linha de pesquisa<\/strong><\/b>:\u00a0Politicas e Gest\u00e3o em Educa\u00e7\u00e3o Profissional e Tecnol\u00f3gica<\/p>\n<p style=\"font-weight: 400\"><b><strong>Orientador<\/strong><\/b>:\u00a0Claudemir de Quadros<\/p>\n<p style=\"font-weight: 400\"><b><strong>Pesquisa<\/strong><\/b>:\u00a0<a href=\"https:\/\/sucupira.capes.gov.br\/sucupira\/public\/consultas\/coleta\/trabalhoConclusao\/viewTrabalhoConclusao.jsf?popup=true&amp;id_trabalho=5064641\">DO BACHARELADO \u00c0 DOC\u00caNCIA: PERCEP\u00c7\u00d5ES DOS EGRESSOS DO PEG\/UFSM QUANTO \u00c0 ATUA\u00c7\u00c3O PROFISSIONAL DOCENTE<\/a><\/p>\n<p style=\"font-weight: 400\"><b><strong>Lattes<\/strong><\/b>:\u00a0<a href=\"http:\/\/lattes.cnpq.br\/4297742657401176\">http:\/\/lattes.cnpq.br\/4297742657401176<\/a><\/p>\n<p style=\"font-weight: 400\">\u00a0<\/p>\n<h5>DAIANA DE AVILA MACHADO<\/h5>\n<p style=\"font-weight: 400\"><b><strong>Linha de pesquisa<\/strong><\/b>: Forma\u00e7\u00e3o Docente para a Educa\u00e7\u00e3o Profissional e Tecnol\u00f3gica<\/p>\n<p style=\"font-weight: 400\"><b><strong>Orientador<\/strong><\/b>:\u00a0Janete Maria de Conto<\/p>\n<p style=\"font-weight: 400\"><b><strong>Pesquisa<\/strong><\/b>:\u00a0<a href=\"https:\/\/sucupira.capes.gov.br\/sucupira\/public\/consultas\/coleta\/trabalhoConclusao\/viewTrabalhoConclusao.jsf?popup=true&amp;id_trabalho=5064643\">A FORMA\u00c7\u00c3O DOCENTE E O ENSINO DA LEITURA NA EDUCA\u00c7\u00c3O PROFISSIONAL E TECNOL\u00d3GICA: PERSPECTIVAS, DESAFIOS E REFLEX\u00d5ES<\/a><\/p>\n<p style=\"font-weight: 400\"><b><strong>Lattes<\/strong><\/b>:\u00a0<a href=\"http:\/\/lattes.cnpq.br\/1112395110229337\">http:\/\/lattes.cnpq.br\/1112395110229337<\/a><\/p>\n<p style=\"font-weight: 400\">\u00a0<\/p>\n<h5>ELVANDI DA SILVA J\u00daNIOR<\/h5>\n<p style=\"font-weight: 400\"><b><strong>Linha de pesquisa<\/strong><\/b>:\u00a0Inova\u00e7\u00e3o para a Educa\u00e7\u00e3o Profissional e Tecnol\u00f3gica<\/p>\n<p style=\"font-weight: 400\"><b><strong>Orientador<\/strong><\/b>:\u00a0\u00c1lysson Raniere Seidel<\/p>\n<p style=\"font-weight: 400\"><b><strong>Pesquisa<\/strong><\/b>:\u00a0<a href=\"https:\/\/sucupira.capes.gov.br\/sucupira\/public\/consultas\/coleta\/trabalhoConclusao\/viewTrabalhoConclusao.jsf?popup=true&amp;id_trabalho=2134988\">AVALIA\u00c7\u00c3O DE RECURSOS DID\u00c1TICOS PARA O ENSINO DE MICROCONTROLADORES E POSSIBILIDADES DE APLICA\u00c7\u00c3O EM SALA DE AULA\/LABORAT\u00d3RIO<\/a><\/p>\n<p style=\"font-weight: 400\"><b><strong>Lattes<\/strong><\/b>:\u00a0<a href=\"http:\/\/lattes.cnpq.br\/0736704249866363\">http:\/\/lattes.cnpq.br\/0736704249866363<\/a><\/p>\n<p style=\"font-weight: 400\">\u00a0<\/p>\n<h5>JULIANA SANTOS ALVES<\/h5>\n<p style=\"font-weight: 400\"><b><strong>Linha de pesquisa<\/strong><\/b>:\u00a0Inova\u00e7\u00e3o para a Educa\u00e7\u00e3o Profissional e Tecnol\u00f3gica<\/p>\n<p style=\"font-weight: 400\"><b><strong>Orientador<\/strong><\/b>:\u00a0Leila Maria Ara\u00fajo Santos<\/p>\n<p style=\"font-weight: 400\"><b><strong>Pesquisa<\/strong><\/b>:\u00a0<a href=\"https:\/\/sucupira.capes.gov.br\/sucupira\/public\/consultas\/coleta\/trabalhoConclusao\/viewTrabalhoConclusao.jsf?popup=true&amp;id_trabalho=5064664\">AS CONTRIBUI\u00c7\u00d5ES DO USO DO FACEBOOK PARA O DESENVOLVIMENTO DA APRENDIZAGEM SIGNIFICATIVA<\/a><\/p>\n<p style=\"font-weight: 400\"><b><strong>Lattes<\/strong><\/b>:\u00a0<a href=\"http:\/\/lattes.cnpq.br\/7340498779482990\">http:\/\/lattes.cnpq.br\/7340498779482990<\/a><\/p>\n<p style=\"font-weight: 400\">\u00a0<\/p>\n<h5>JULIANI NATALIA DOS SANTOS<\/h5>\n<p style=\"font-weight: 400\"><b><strong>Linha de pesquisa<\/strong><\/b>:\u00a0Forma\u00e7\u00e3o Docente para a Educa\u00e7\u00e3o Profissional e Tecnol\u00f3gica<\/p>\n<p style=\"font-weight: 400\"><b><strong>Orientador<\/strong><\/b>:\u00a0Vantoir Brancher<\/p>\n<p style=\"font-weight: 400\"><b><strong>Pesquisa<\/strong><\/b>:\u00a0<a href=\"https:\/\/sucupira.capes.gov.br\/sucupira\/public\/consultas\/coleta\/trabalhoConclusao\/viewTrabalhoConclusao.jsf?popup=true&amp;id_trabalho=5064684\">TRAJETOS FORMATIVOS DE DOCENTES DA EBPTT: REFLEX\u00d5ES A PARTIR DO CURSO DE LICENCIATURA EM COMPUTA\u00c7\u00c3O<\/a><\/p>\n<p style=\"font-weight: 400\"><b><strong>Lattes<\/strong><\/b>:\u00a0<a href=\"http:\/\/lattes.cnpq.br\/7238752086932293\">http:\/\/lattes.cnpq.br\/7238752086932293<\/a><\/p>\n<p style=\"font-weight: 400\">\u00a0<\/p>\n<h5>J\u00daLIO C\u00c9SAR AUSANI<\/h5>\n<p style=\"font-weight: 400\"><b><strong>Linha de pesquisa<\/strong><\/b>:\u00a0Forma\u00e7\u00e3o Docente para Educa\u00e7\u00e3o Profissional e Tecnol\u00f3gica<\/p>\n<p style=\"font-weight: 400\"><b><strong>Orientador<\/strong><\/b>:\u00a0Roselene Moreira Gomes Pommer<\/p>\n<p style=\"font-weight: 400\"><b><strong>Pesquisa<\/strong><\/b>:\u00a0<a href=\"https:\/\/sucupira.capes.gov.br\/sucupira\/public\/consultas\/coleta\/trabalhoConclusao\/viewTrabalhoConclusao.jsf?popup=true&amp;id_trabalho=5064687\">EDUCA\u00c7\u00c3O PROFISSIONAL E TECNOL\u00d3GICA EM UM BRASIL EM TRANSFORMA\u00c7\u00c3O: O CONTEXTO HIST\u00d3RICO DE IMPLANTA\u00c7\u00c3O DO ENSINO T\u00c9CNICO NA UFSM<\/a><\/p>\n<p style=\"font-weight: 400\"><b><strong>Lattes<\/strong><\/b>:\u00a0<a href=\"http:\/\/lattes.cnpq.br\/7112069461031926\">http:\/\/lattes.cnpq.br\/7112069461031926<\/a><\/p>\n<p style=\"font-weight: 400\">\u00a0<\/p>\n<h5>LIZANDRA FALCAO GON\u00c7ALVES<\/h5>\n<p style=\"font-weight: 400\"><b><strong>Linha de pesquisa<\/strong><\/b>:\u00a0Pol\u00edticas e Gest\u00e3o em Educa\u00e7\u00e3o Profissional e Tecnol\u00f3gica<\/p>\n<p style=\"font-weight: 400\"><b><strong>Orientador<\/strong><\/b>:\u00a0Mariglei Severo Maraschin<\/p>\n<p style=\"font-weight: 400\"><b><strong>Pesquisa<\/strong><\/b>:\u00a0<a href=\"https:\/\/sucupira.capes.gov.br\/sucupira\/public\/consultas\/coleta\/trabalhoConclusao\/viewTrabalhoConclusao.jsf?popup=true&amp;id_trabalho=5064671\">A\u00c7\u00c3O TECNEP: MOVIMENTOS, MEDIA\u00c7\u00d5ES E IMPLEMENTA\u00c7\u00c3O DA POL\u00cdTICA DE INCLUS\u00c3O NO IFFAR CAMPUS S\u00c3O VICENTE DO SUL<\/a><\/p>\n<p style=\"font-weight: 400\"><b><strong>Lattes<\/strong><\/b>:\u00a0<a href=\"http:\/\/lattes.cnpq.br\/7138817951212687\">http:\/\/lattes.cnpq.br\/7138817951212687<\/a><\/p>\n<p style=\"font-weight: 400\">\u00a0<\/p>\n<h5>LUCINARA BASTIANI CORR\u00caA<\/h5>\n<p style=\"font-weight: 400\"><b><strong>Linha de pesquisa<\/strong><\/b>:\u00a0Forma\u00e7\u00e3o Docente para Educa\u00e7\u00e3o\u00a0Profissional e Tecnol\u00f3gica<\/p>\n<p style=\"font-weight: 400\"><b><strong>Orientador<\/strong><\/b>:\u00a0Vantoir Brancher<\/p>\n<p style=\"font-weight: 400\"><b><strong>Pesquisa<\/strong><\/b>:\u00a0<a href=\"https:\/\/sucupira.capes.gov.br\/sucupira\/public\/consultas\/coleta\/trabalhoConclusao\/viewTrabalhoConclusao.jsf?popup=true&amp;id_trabalho=5064733\">TRAJETOS FORMATIVOS DE DOCENTES DE LIBRAS: DENTRE SABERES E SIGNIFICA\u00c7\u00d5ES<\/a><\/p>\n<p style=\"font-weight: 400\"><b><strong>Lattes<\/strong><\/b>:\u00a0<a href=\"http:\/\/lattes.cnpq.br\/7015010540283703\">http:\/\/lattes.cnpq.br\/7015010540283703<\/a><\/p>\n<p style=\"font-weight: 400\">\u00a0<\/p>\n<h5>LUIZ EDUARDO DIAZ DE CARVALHO<\/h5>\n<p style=\"font-weight: 400\"><b><strong>Linha de pesquisa<\/strong><\/b>:\u00a0Forma\u00e7\u00e3o Docente para Educa\u00e7\u00e3o Profissional e Tecnol\u00f3gica<\/p>\n<p style=\"font-weight: 400\"><b><strong>Orientador<\/strong><\/b>:\u00a0Roselene Moreira Gomes Pommer<\/p>\n<p style=\"font-weight: 400\"><b><strong>Pesquisa<\/strong><\/b>:\u00a0FORMA\u00c7\u00c3O CIENT\u00cdFICO-PEDAG\u00d3GICA DE PROFESSORES NA EDUCA\u00c7\u00c3O PROFISSIONAL E TECNOL\u00d3GICA NOS ANOS INICIAIS NAS ESCOLAS T\u00c9CNICAS DA UFSM (CTISM E COL\u00c9GIO POLIT\u00c9CNICO)<\/p>\n<p style=\"font-weight: 400\"><b><strong>Lattes<\/strong><\/b>:\u00a0<a href=\"http:\/\/lattes.cnpq.br\/3855674250251098\">http:\/\/lattes.cnpq.br\/3855674250251098<\/a><\/p>\n<p style=\"font-weight: 400\">\u00a0<\/p>\n<h5>MARIA CRISTINA CEZIMBRA SCHMIDT<\/h5>\n<p style=\"font-weight: 400\"><b><strong>Linha de pesquisa<\/strong><\/b>:\u00a0Inova\u00e7\u00e3o para a Educa\u00e7\u00e3o Profissional e Tecnol\u00f3gica<\/p>\n<p style=\"font-weight: 400\"><b><strong>Orientador<\/strong><\/b>:\u00a0Leila Maria Ara\u00fajo Santos<\/p>\n<p style=\"font-weight: 400\"><b><strong>Pesquisa<\/strong><\/b>:\u00a0<a href=\"https:\/\/sucupira.capes.gov.br\/sucupira\/public\/consultas\/coleta\/trabalhoConclusao\/viewTrabalhoConclusao.jsf?popup=true&amp;id_trabalho=5064719\">USO DE AMBIENTES VIRTUAIS DE APRENDIZAGEM NOS CURSOS T\u00c9CNICOS SOB O OLHAR DOS PROFESSORES<\/a><\/p>\n<p style=\"font-weight: 400\"><b><strong>Lattes<\/strong><\/b>:\u00a0<a href=\"http:\/\/lattes.cnpq.br\/8331771311191246\">http:\/\/lattes.cnpq.br\/8331771311191246<\/a><\/p>\n<p style=\"font-weight: 400\">\u00a0<\/p>\n<h5>PAULA ROCHELE SILVEIRA BECHER<\/h5>\n<p style=\"font-weight: 400\"><b><strong>Linha de pesquisa<\/strong><\/b>:\u00a0Forma\u00e7\u00e3o Docente para a Educa\u00e7\u00e3o Profissional e Tecnol\u00f3gica<\/p>\n<p style=\"font-weight: 400\"><b><strong>Orientador<\/strong><\/b>:\u00a0Roselene Moreira Gomes Pommer<\/p>\n<p style=\"font-weight: 400\"><b><strong>Pesquisa<\/strong><\/b>:\u00a0<a href=\"https:\/\/sucupira.capes.gov.br\/sucupira\/public\/consultas\/coleta\/trabalhoConclusao\/viewTrabalhoConclusao.jsf?popup=true&amp;id_trabalho=5064740\">O ENSINO DE HIST\u00d3RIA NO PROEJA: REFLEX\u00d5ES SOBRE O ENSINO INTEGRADO PELO VI\u00c9S DA FORMA\u00c7\u00c3O OMNILATERAL<\/a><\/p>\n<p style=\"font-weight: 400\"><b><strong>Lattes<\/strong><\/b>:\u00a0<a href=\"http:\/\/lattes.cnpq.br\/8167526156938399\">http:\/\/lattes.cnpq.br\/8167526156938399<\/a><\/p>\n<p style=\"font-weight: 400\">\u00a0<\/p>\n<h5>PAULINE VIELMO MIRANDA<\/h5>\n<p style=\"font-weight: 400\"><b><strong>Linha de pesquisa<\/strong><\/b>:\u00a0Forma\u00e7\u00e3o Docente para a Educa\u00e7\u00e3o Profissional e Tecnol\u00f3gica<\/p>\n<p style=\"font-weight: 400\"><b><strong>Orientador<\/strong><\/b>:\u00a0Ascisio dos Reis Pereira<\/p>\n<p style=\"font-weight: 400\"><b><strong>Pesquisa<\/strong><\/b>:\u00a0<a href=\"https:\/\/sucupira.capes.gov.br\/sucupira\/public\/consultas\/coleta\/trabalhoConclusao\/viewTrabalhoConclusao.jsf?popup=true&amp;id_trabalho=5064721\">A FORMA\u00c7\u00c3O PEDAG\u00d3GICA DOS PROFESSORES DO ENSINO T\u00c9CNICO: PARA AL\u00c9M DA INSTRU\u00c7\u00c3O<\/a><\/p>\n<p style=\"font-weight: 400\"><b><strong>Lattes<\/strong><\/b>:\u00a0<a href=\"http:\/\/lattes.cnpq.br\/9661159976349656\">http:\/\/lattes.cnpq.br\/9661159976349656<\/a><\/p>\n<p style=\"font-weight: 400\">\u00a0<\/p>\n<h5>ROZIELI BOVOLINI SILVEIRA<\/h5>\n<p style=\"font-weight: 400\"><b><strong>Linha de pesquisa<\/strong><\/b>:\u00a0Pol\u00edticas e Gest\u00e3o em Educa\u00e7\u00e3o Profissional e Tecnol\u00f3gica<\/p>\n<p style=\"font-weight: 400\"><b><strong>Orientador<\/strong><\/b>:\u00a0Mariglei Severo Maraschin<\/p>\n<p style=\"font-weight: 400\"><b><strong>Pesquisa<\/strong><\/b>:\u00a0<a href=\"https:\/\/sucupira.capes.gov.br\/sucupira\/public\/consultas\/coleta\/trabalhoConclusao\/viewTrabalhoConclusao.jsf?popup=true&amp;id_trabalho=5064706\">O PROGRAMA PERMAN\u00caNCIA E \u00caXITO NO INSTITUTO FEDERAL FARROUPILHA: TRABALHO PEDAG\u00d3GICO E FRACASSO ESCOLAR<\/a><\/p>\n<p style=\"font-weight: 400\"><b><strong>Lattes<\/strong><\/b>:\u00a0<a href=\"http:\/\/lattes.cnpq.br\/8780984928268160\">http:\/\/lattes.cnpq.br\/878098492826816<\/a><\/p>\n<p style=\"font-weight: 400\">\u00a0<\/p>\n<p style=\"font-weight: 400\">\u00a0<\/p>\n<p><!-- \/wp:tadv\/classic-paragraph --><\/p>\t\t\t\t\t\t<\/div>\n\t\t\t\t<\/div>\n\t\t\t\t<div class=\"elementor-element elementor-element-4eef7cb elementor-widget elementor-widget-image\" data-id=\"4eef7cb\" data-element_type=\"widget\" data-widget_type=\"image.default\">\n\t\t\t\t<div class=\"elementor-widget-container\">\n\t\t\t\t\t\t\t\t\t\t\t\t\t<img decoding=\"async\" src=\"https:\/\/www.ufsm.br\/cursos\/pos-graduacao\/santa-maria\/ppgept\/wp-content\/uploads\/sites\/511\/2019\/09\/\u00c1lbum-de-fotografias-turma_2015-2.pptx\" title=\"\" alt=\"\" loading=\"lazy\" \/>\t\t\t\t\t\t\t\t\t\t\t\t\t<\/div>\n\t\t\t\t<\/div>\n\t\t\t\t<div class=\"elementor-element elementor-element-85a9a21 elementor-widget elementor-widget-image\" data-id=\"85a9a21\" data-element_type=\"widget\" data-widget_type=\"image.default\">\n\t\t\t\t<div class=\"elementor-widget-container\">\n\t\t\t\t\t\t\t\t\t\t\t\t\t<img decoding=\"async\" src=\"https:\/\/www.ufsm.br\/cursos\/pos-graduacao\/santa-maria\/ppgept\/wp-content\/uploads\/sites\/511\/2019\/09\/\u00c1lbum-de-fotografias-turma_2015-1.pptx\" title=\"\" alt=\"\" loading=\"lazy\" \/>\t\t\t\t\t\t\t\t\t\t\t\t\t<\/div>\n\t\t\t\t<\/div>\n\t\t\t\t\t<\/div>\n\t\t<\/div>\n\t\t\t\t\t<\/div>\n\t\t<\/section>\n\t\t\t\t<\/div>\n\t\t","protected":false},"excerpt":{"rendered":"<p>ALBERTO PEDRO ANTONELLO NETO Linha de pesquisa:\u00a0Inova\u00e7\u00e3o para a educa\u00e7\u00e3o profissional e Tecnol\u00f3gica Pesquisa: A APLICA\u00c7\u00c3O DO ENSINO H\u00cdBRIDO NA EDUCA\u00c7\u00c3O PROFISSIONAL E TECNOL\u00d3GICA: POTENCIALIDADES E DIFICULDADES Orientador:\u00a0Leila Maria Ara\u00fajo Santos Lattes:\u00a0http:\/\/lattes.cnpq.br\/4667394765104255 \u00a0 ALINE BAIRROS SOARES Linha de pesquisa: Forma\u00e7\u00e3o de Professores\u00a0 Orientador:\u00a0Cl\u00e1udia Smaniotto Barin Pesquisa:\u00a0USO PEDAG\u00d3GICO DE PODCAST PARA EDUCA\u00c7\u00c3O PROFISSIONAL E TECNOL\u00d3GICA Lattes:\u00a0http:\/\/lattes.cnpq.br\/3717266550674021 [&hellip;]<\/p>\n","protected":false},"author":115,"featured_media":0,"parent":0,"menu_order":0,"comment_status":"closed","ping_status":"closed","template":"","meta":{"footnotes":""},"categories":[],"tags":[],"class_list":["post-444","page","type-page","status-publish","hentry"],"acf":[],"_links":{"self":[{"href":"https:\/\/www.ufsm.br\/cursos\/pos-graduacao\/santa-maria\/ppgept\/wp-json\/wp\/v2\/pages\/444","targetHints":{"allow":["GET"]}}],"collection":[{"href":"https:\/\/www.ufsm.br\/cursos\/pos-graduacao\/santa-maria\/ppgept\/wp-json\/wp\/v2\/pages"}],"about":[{"href":"https:\/\/www.ufsm.br\/cursos\/pos-graduacao\/santa-maria\/ppgept\/wp-json\/wp\/v2\/types\/page"}],"author":[{"embeddable":true,"href":"https:\/\/www.ufsm.br\/cursos\/pos-graduacao\/santa-maria\/ppgept\/wp-json\/wp\/v2\/users\/115"}],"replies":[{"embeddable":true,"href":"https:\/\/www.ufsm.br\/cursos\/pos-graduacao\/santa-maria\/ppgept\/wp-json\/wp\/v2\/comments?post=444"}],"version-history":[{"count":0,"href":"https:\/\/www.ufsm.br\/cursos\/pos-graduacao\/santa-maria\/ppgept\/wp-json\/wp\/v2\/pages\/444\/revisions"}],"wp:attachment":[{"href":"https:\/\/www.ufsm.br\/cursos\/pos-graduacao\/santa-maria\/ppgept\/wp-json\/wp\/v2\/media?parent=444"}],"wp:term":[{"taxonomy":"category","embeddable":true,"href":"https:\/\/www.ufsm.br\/cursos\/pos-graduacao\/santa-maria\/ppgept\/wp-json\/wp\/v2\/categories?post=444"},{"taxonomy":"post_tag","embeddable":true,"href":"https:\/\/www.ufsm.br\/cursos\/pos-graduacao\/santa-maria\/ppgept\/wp-json\/wp\/v2\/tags?post=444"}],"curies":[{"name":"wp","href":"https:\/\/api.w.org\/{rel}","templated":true}]}}