{"id":448,"date":"2019-04-05T11:33:32","date_gmt":"2019-04-05T14:33:32","guid":{"rendered":"https:\/\/www.ufsm.br\/cursos\/pos-graduacao\/santa-maria\/ppgept\/?page_id=448"},"modified":"2022-06-09T10:10:49","modified_gmt":"2022-06-09T13:10:49","slug":"turma-2016","status":"publish","type":"page","link":"https:\/\/www.ufsm.br\/cursos\/pos-graduacao\/santa-maria\/ppgept\/turma-2016","title":{"rendered":"Turma 2016"},"content":{"rendered":"\t\t<div data-elementor-type=\"wp-page\" data-elementor-id=\"448\" class=\"elementor elementor-448\">\n\t\t\t\t\t\t<section class=\"elementor-section elementor-top-section elementor-element elementor-element-578e49f0 elementor-section-boxed elementor-section-height-default elementor-section-height-default\" data-id=\"578e49f0\" data-element_type=\"section\">\n\t\t\t\t\t\t<div class=\"elementor-container elementor-column-gap-default\">\n\t\t\t\t\t<div class=\"elementor-column elementor-col-100 elementor-top-column elementor-element elementor-element-76577294\" data-id=\"76577294\" data-element_type=\"column\">\n\t\t\t<div class=\"elementor-widget-wrap elementor-element-populated\">\n\t\t\t\t\t\t<div class=\"elementor-element elementor-element-6c935c61 elementor-widget elementor-widget-text-editor\" data-id=\"6c935c61\" data-element_type=\"widget\" data-widget_type=\"text-editor.default\">\n\t\t\t\t<div class=\"elementor-widget-container\">\n\t\t\t\t\t\t\t<!-- wp:tadv\/classic-paragraph -->\n<p>\u00a0<\/p>\n<h3>Egressos Turma 2016<\/h3>\n<h5><strong>ALESSANDRA SCHOPF<\/strong><\/h5>\n<p style=\"font-weight: 400\"><strong>Linha de Pesquisa:<\/strong>\u00a0Forma\u00e7\u00e3o Docente para a Educa\u00e7\u00e3o Profissional e Tecnol\u00f3gica<\/p>\n<p style=\"font-weight: 400\"><strong>Orientador:<\/strong>\u00a0Ricardo Machado Ellensohn<\/p>\n<p style=\"font-weight: 400\"><strong>Pesquisa: <\/strong><a href=\"https:\/\/sucupira.capes.gov.br\/sucupira\/public\/consultas\/coleta\/trabalhoConclusao\/viewTrabalhoConclusao.jsf?popup=true&amp;id_trabalho=7210282\">Experimenta\u00e7\u00e3o atrav\u00e9s da resolu\u00e7\u00e3o de problemas como ferramenta metodol\u00f3gica para forma\u00e7\u00e3o de professores para o ensino de ci\u00eancias na EPT<\/a><\/p>\n<p style=\"font-weight: 400\"><strong>Lattes:<\/strong>\u00a0<a href=\"http:\/\/lattes.cnpq.br\/3828334587533415\">http:\/\/lattes.cnpq.br\/3828334587533415<\/a><\/p>\n<h5 style=\"font-weight: 400\"><strong>CRISTIANE AMBR\u00d3S GUERCH<\/strong><strong>\u00a0<\/strong><\/h5>\n<p style=\"font-weight: 400\"><strong>Linha de Pesquisa:<\/strong>\u00a0Pol\u00edticas e Gest\u00e3o em Educa\u00e7\u00e3o Profissional e Tecnol\u00f3gica<\/p>\n<p style=\"font-weight: 400\"><strong>Orientadora:<\/strong>\u00a0Janete Maria de Conto<\/p>\n<p style=\"font-weight: 400\"><strong>Pesquisa:<\/strong> <a href=\"https:\/\/sucupira.capes.gov.br\/sucupira\/public\/consultas\/coleta\/trabalhoConclusao\/viewTrabalhoConclusao.jsf?popup=true&amp;id_trabalho=7208953\">Representa\u00e7\u00f5es sociais de coordena\u00e7\u00e3o de curso superior de gradua\u00e7\u00e3o:<\/a><a href=\"https:\/\/sucupira.capes.gov.br\/sucupira\/public\/consultas\/coleta\/trabalhoConclusao\/viewTrabalhoConclusao.jsf?popup=true&amp;id_trabalho=7208953\"> Construindo identidades na educa\u00e7\u00e3o profissional<\/a><\/p>\n<h6 style=\"font-weight: 400\">Lattes:\u00a0<a href=\"http:\/\/lattes.cnpq.br\/1880005512422802\">http:\/\/lattes.cnpq.br\/1880005512422802<\/a><\/h6>\n<h5 style=\"font-weight: 400\"><strong>ELIANE QUINCOZES PORTO<\/strong><\/h5>\n<p style=\"font-weight: 400\"><strong>Linha de Pesquisa:<\/strong>\u00a0Forma\u00e7\u00e3o de Professores para EPT<\/p>\n<p style=\"font-weight: 400\"><strong>Orientador:<\/strong>\u00a0Vantoir Roberto Brancher<\/p>\n<p style=\"font-weight: 400\"><strong>Pesquisa:<\/strong> <a href=\"https:\/\/sucupira.capes.gov.br\/sucupira\/public\/consultas\/coleta\/trabalhoConclusao\/viewTrabalhoConclusao.jsf?popup=true&amp;id_trabalho=7209555\">Trajetos formativos e significa\u00e7\u00f5es imagin\u00e1rias: as narrativas de professoras da EBTT<\/a><\/p>\n<p style=\"font-weight: 400\"><strong>Lattes:<\/strong>\u00a0<a href=\"http:\/\/lattes.cnpq.br\/4514078816861791\">http:\/\/lattes.cnpq.br\/4514078816861791<\/a><\/p>\n<h5 style=\"font-weight: 400\"><strong>ELIZETE HELENA ALVES DA CRUZ<\/strong><\/h5>\n<p style=\"font-weight: 400\"><strong>Linha de pesquisa:<\/strong>\u00a0Forma\u00e7\u00e3o de Professores<\/p>\n<p style=\"font-weight: 400\"><strong>Orientador:<\/strong>\u00a0Asc\u00edsio dos Reis Pereira<\/p>\n<p style=\"font-weight: 400\"><strong>Pesquisa: <\/strong><a href=\"https:\/\/sucupira.capes.gov.br\/sucupira\/public\/consultas\/coleta\/trabalhoConclusao\/viewTrabalhoConclusao.jsf?popup=true&amp;id_trabalho=6964516\">Educa\u00e7\u00e3o profissional no c\u00e1rcere feminino: uma proposta emancipat\u00f3ria<\/a><\/p>\n<p style=\"font-weight: 400\"><strong style=\"font-size: inherit\">Lattes:<\/strong><span style=\"font-size: inherit\">\u00a0<\/span><a style=\"font-size: inherit\" href=\"http:\/\/www.ctism.ufsm.br\/ppgept\/%20http:\/lattes.cnpq.br\/8460292158891393\">\u00a0<\/a><a style=\"font-size: inherit\" href=\"http:\/\/lattes.cnpq.br\/8460292158891393\">http:\/\/lattes.cnpq.br\/8460292158891393<\/a><\/p>\n<h5 style=\"font-weight: 400\"><strong>FRANCIELE DE LIMA MACHADO<\/strong><\/h5>\n<p style=\"font-weight: 400\"><strong>Pesquisa:<\/strong>\u00a0Inova\u00e7\u00e3o para a Educa\u00e7\u00e3o Profissional e Tecnol\u00f3gica<\/p>\n<p style=\"font-weight: 400\"><strong>Orientador:<\/strong>\u00a0Marcelo Freitas da Silva<\/p>\n<p style=\"font-weight: 400\"><strong>Pesquisa: <\/strong><a href=\"https:\/\/sucupira.capes.gov.br\/sucupira\/public\/consultas\/coleta\/trabalhoConclusao\/viewTrabalhoConclusao.jsf?popup=true&amp;id_trabalho=7116801\">Uma an\u00e1lise sobre sistemas de informa\u00e7\u00e3o governamentais para Educa\u00e7\u00e3o Profissional e Tecnol\u00f3gica: na busca pela qualifica\u00e7\u00e3o dos dados declarados<\/a><\/p>\n<p style=\"font-weight: 400\"><strong>Lattes:<\/strong>\u00a0<a href=\"http:\/\/lattes.cnpq.br\/2660622473516415\">http:\/\/lattes.cnpq.br\/ 2660622473516415<\/a><\/p>\n<h5 style=\"font-weight: 400\"><strong>LUCIANE DE AVILA BOTTON<\/strong><strong>\u00a0<\/strong><\/h5>\n<p style=\"font-weight: 400\"><strong>Linha de pesquisa:<\/strong>\u00a0Inova\u00e7\u00e3o para a Educa\u00e7\u00e3o Profissional e Tecnol\u00f3gica<\/p>\n<p style=\"font-weight: 400\"><strong>Orientador:<\/strong>\u00a0Leila Maria Ara\u00fajo Santos<\/p>\n<p style=\"font-weight: 400\"><strong>Pesquisa:<\/strong> <a href=\"https:\/\/sucupira.capes.gov.br\/sucupira\/public\/consultas\/coleta\/trabalhoConclusao\/viewTrabalhoConclusao.jsf?popup=true&amp;id_trabalho=7491924\">Proposta de reposit\u00f3rio digital para armazenamento de podcasts educativos<\/a><\/p>\n<p style=\"font-weight: 400\"><strong>Lattes:<\/strong>\u00a0\u00a0<a href=\"http:\/\/lattes.cnpq.br\/7285086037443803\">http:\/\/lattes.cnpq.br\/7285086037443803<\/a><\/p>\n<h5 style=\"font-weight: 400\"><strong>PATRICIA\u00a0 ZANON PERIPOLLI<\/strong><\/h5>\n<p style=\"font-weight: 400\"><strong>Linha de Pesquisa:<\/strong>\u00a0Forma\u00e7\u00e3o Docente para Educa\u00e7\u00e3o Profissional e Tecnol\u00f3gica<\/p>\n<p style=\"font-weight: 400\"><strong>Orientadora:<\/strong>\u00a0\u00a0Claudia Smaniotto Barin<\/p>\n<p style=\"font-weight: 400\"><strong>Pesquisa: <\/strong><a href=\"https:\/\/sucupira.capes.gov.br\/sucupira\/public\/consultas\/coleta\/trabalhoConclusao\/viewTrabalhoConclusao.jsf?popup=true&amp;id_trabalho=6584911\">SPOC: uma alternativa para a forma\u00e7\u00e3o continuada de professores de matem\u00e1tica para a Educa\u00e7\u00e3o Profissional Tecnol\u00f3gica<\/a><\/p>\n<p style=\"font-weight: 400\"><strong>Lattes:<\/strong>\u00a0\u00a0<a href=\"http:\/\/lattes.cnpq.br\/3380880692108970\"><u>http:\/\/lattes.cnpq.br\/3380880692108970<\/u><\/a><\/p>\n<h5 style=\"font-weight: 400\"><strong>PAULO S\u00c9RGIO MACHADO<\/strong><\/h5>\n<p style=\"font-weight: 400\"><strong>Linha de Pesquisa:<\/strong>\u00a0Forma\u00e7\u00e3o docente para a educa\u00e7\u00e3o profissional e tecnol\u00f3gica.<\/p>\n<p style=\"font-weight: 400\"><strong>Orientador:<\/strong>\u00a0 Arnildo Pommer.<\/p>\n<p style=\"font-weight: 400\"><strong>Pesquisa: <\/strong><a href=\"https:\/\/sucupira.capes.gov.br\/sucupira\/public\/consultas\/coleta\/trabalhoConclusao\/viewTrabalhoConclusao.jsf?popup=true&amp;id_trabalho=7117200\">A influ\u00eancia do positivismo de Augusto Comte na primeira lei org\u00e2nica do ensino brasileiro: a Reforma Capanema<\/a><\/p>\n<p style=\"font-weight: 400\"><strong>Lattes:<\/strong>\u00a0<a href=\"http:\/\/lattes.cnpq.br\/7501670571026001\">http:\/\/lattes.cnpq.br\/ 7501670571026001<\/a>\u00a0<\/p>\n<!-- \/wp:tadv\/classic-paragraph -->\t\t\t\t\t\t<\/div>\n\t\t\t\t<\/div>\n\t\t\t\t\t<\/div>\n\t\t<\/div>\n\t\t\t\t\t<\/div>\n\t\t<\/section>\n\t\t\t\t<\/div>\n\t\t","protected":false},"excerpt":{"rendered":"<p>&nbsp; Egressos Turma 2016 ALESSANDRA SCHOPF Linha de Pesquisa:&nbsp;Forma\u00e7\u00e3o Docente para a Educa\u00e7\u00e3o Profissional e Tecnol\u00f3gica Orientador:&nbsp;Ricardo Machado Ellensohn Pesquisa: Experimenta\u00e7\u00e3o atrav\u00e9s da resolu\u00e7\u00e3o de problemas como ferramenta metodol\u00f3gica para forma\u00e7\u00e3o de professores para o ensino de ci\u00eancias na EPT Lattes:&nbsp;http:\/\/lattes.cnpq.br\/3828334587533415 CRISTIANE AMBR\u00d3S GUERCH&nbsp; Linha de Pesquisa:&nbsp;Pol\u00edticas e Gest\u00e3o em Educa\u00e7\u00e3o Profissional e Tecnol\u00f3gica Orientadora:&nbsp;Janete [&hellip;]<\/p>\n","protected":false},"author":115,"featured_media":0,"parent":0,"menu_order":0,"comment_status":"closed","ping_status":"closed","template":"","meta":{"footnotes":""},"categories":[],"tags":[],"class_list":["post-448","page","type-page","status-publish","hentry"],"acf":[],"_links":{"self":[{"href":"https:\/\/www.ufsm.br\/cursos\/pos-graduacao\/santa-maria\/ppgept\/wp-json\/wp\/v2\/pages\/448","targetHints":{"allow":["GET"]}}],"collection":[{"href":"https:\/\/www.ufsm.br\/cursos\/pos-graduacao\/santa-maria\/ppgept\/wp-json\/wp\/v2\/pages"}],"about":[{"href":"https:\/\/www.ufsm.br\/cursos\/pos-graduacao\/santa-maria\/ppgept\/wp-json\/wp\/v2\/types\/page"}],"author":[{"embeddable":true,"href":"https:\/\/www.ufsm.br\/cursos\/pos-graduacao\/santa-maria\/ppgept\/wp-json\/wp\/v2\/users\/115"}],"replies":[{"embeddable":true,"href":"https:\/\/www.ufsm.br\/cursos\/pos-graduacao\/santa-maria\/ppgept\/wp-json\/wp\/v2\/comments?post=448"}],"version-history":[{"count":0,"href":"https:\/\/www.ufsm.br\/cursos\/pos-graduacao\/santa-maria\/ppgept\/wp-json\/wp\/v2\/pages\/448\/revisions"}],"wp:attachment":[{"href":"https:\/\/www.ufsm.br\/cursos\/pos-graduacao\/santa-maria\/ppgept\/wp-json\/wp\/v2\/media?parent=448"}],"wp:term":[{"taxonomy":"category","embeddable":true,"href":"https:\/\/www.ufsm.br\/cursos\/pos-graduacao\/santa-maria\/ppgept\/wp-json\/wp\/v2\/categories?post=448"},{"taxonomy":"post_tag","embeddable":true,"href":"https:\/\/www.ufsm.br\/cursos\/pos-graduacao\/santa-maria\/ppgept\/wp-json\/wp\/v2\/tags?post=448"}],"curies":[{"name":"wp","href":"https:\/\/api.w.org\/{rel}","templated":true}]}}