{"id":449,"date":"2019-04-05T11:34:12","date_gmt":"2019-04-05T14:34:12","guid":{"rendered":"https:\/\/www.ufsm.br\/cursos\/pos-graduacao\/santa-maria\/ppgept\/?page_id=449"},"modified":"2022-06-23T15:21:02","modified_gmt":"2022-06-23T18:21:02","slug":"turma-2017","status":"publish","type":"page","link":"https:\/\/www.ufsm.br\/cursos\/pos-graduacao\/santa-maria\/ppgept\/turma-2017","title":{"rendered":"Turma 2017"},"content":{"rendered":"\t\t<div data-elementor-type=\"wp-page\" data-elementor-id=\"449\" class=\"elementor elementor-449\">\n\t\t\t\t\t\t<section class=\"elementor-section elementor-top-section elementor-element elementor-element-16bb98c4 elementor-section-boxed elementor-section-height-default elementor-section-height-default\" data-id=\"16bb98c4\" data-element_type=\"section\">\n\t\t\t\t\t\t<div class=\"elementor-container elementor-column-gap-default\">\n\t\t\t\t\t<div class=\"elementor-column elementor-col-100 elementor-top-column elementor-element elementor-element-7e60ec9e\" data-id=\"7e60ec9e\" data-element_type=\"column\">\n\t\t\t<div class=\"elementor-widget-wrap elementor-element-populated\">\n\t\t\t\t\t\t<div class=\"elementor-element elementor-element-6a1ff173 elementor-drop-cap-yes elementor-drop-cap-view-default elementor-widget elementor-widget-text-editor\" data-id=\"6a1ff173\" data-element_type=\"widget\" data-settings=\"{&quot;drop_cap&quot;:&quot;yes&quot;}\" data-widget_type=\"text-editor.default\">\n\t\t\t\t<div class=\"elementor-widget-container\">\n\t\t\t\t\t\t\t<!-- wp:tadv\/classic-paragraph -->\n<h3>Egressos Turma 2017<\/h3>\n<h5 style=\"font-weight: 400\"><strong>ADRIANE TEREZINHA FILIPETTO<\/strong><\/h5>\n<p style=\"font-weight: 400\"><strong>Pesquisa:<\/strong>\u00a0<a href=\"https:\/\/sucupira.capes.gov.br\/sucupira\/public\/consultas\/coleta\/trabalhoConclusao\/viewTrabalhoConclusao.jsf?popup=true&amp;id_trabalho=7950666\">Bibliotecas em transforma\u00e7\u00e3o: Estudo de usu\u00e1rios do sistema de bibliotecas da UFSM<\/a><\/p>\n<p><strong> Orientador<\/strong>: <a href=\"http:\/\/lattes.cnpq.br\/9506136012570087\">\u00a0Claudemir de Quadros<\/a>\u00a0<\/p>\n<p style=\"font-weight: 400\"><strong>Linha de Pesquisa:<\/strong> Pol\u00edticas e Gest\u00e3o em Educa\u00e7\u00e3o Profissional e Tecnol\u00f3gica<\/p>\n<p style=\"font-weight: 400\">Lattes:\u00a0<a href=\"http:\/\/lattes.cnpq.br\/0459474991961732\">http:\/\/lattes.cnpq.br\/0459474991961732<\/a><\/p>\n<h5 style=\"font-weight: 400\"><strong>ANA PAULA DE ALMEIDA<\/strong><\/h5>\n<p><strong>Pesquisa:<\/strong>\u00a0<a href=\"https:\/\/sucupira.capes.gov.br\/sucupira\/public\/consultas\/coleta\/trabalhoConclusao\/viewTrabalhoConclusao.jsf?popup=true&amp;id_trabalho=7940121\">Os Movimentos dos Cursos T\u00e9cnicos Subsequentes sobre os Sentidos do Trabalho: A (Des) Aliena\u00e7\u00e3o do Trabalhador-Estudante<\/a><\/p>\n<p><strong>Orientador:\u00a0 <\/strong><a href=\"http:\/\/lattes.cnpq.br\/4397982308559255\">Mariglei Severo Maraschin<\/a> \u00a0<\/p>\n<p style=\"font-weight: 400\"><strong>Linha de Pesquisa:<\/strong> Pol\u00edticas e Gest\u00e3o em Educa\u00e7\u00e3o Profissional e Tecnol\u00f3gica\u00a0<\/p>\n<p style=\"font-weight: 400\">Lattes:\u00a0<a href=\"http:\/\/lattes.cnpq.br\/1627626738649946\">http:\/\/lattes.cnpq.br\/1627626738649946<\/a><\/p>\n<h5 style=\"font-weight: 400\"><strong>ANG\u00c9LICA MEDIANEIRA IENSEN<\/strong><\/h5>\n<p><strong>Pesquisa:\u00a0 <\/strong><a href=\"https:\/\/sucupira.capes.gov.br\/sucupira\/public\/consultas\/coleta\/trabalhoConclusao\/viewTrabalhoConclusao.jsf?popup=true&amp;id_trabalho=8887126\">Escola Municipal de Aprendizagem Industrial: uma proposta de forma\u00e7\u00e3o profissional para jovens e adultos em Santa Maria \u2013 RS<\/a><\/p>\n<p><strong>Orientador:<\/strong>\u00a0<a href=\"http:\/\/lattes.cnpq.br\/1635475892372110\">Roselene Moreira Gomes Pommer<\/a><\/p>\n<p style=\"font-weight: 400\"><strong>Linha de Pesquisa:<\/strong>\u00a0Forma\u00e7\u00e3o docente para Educa\u00e7\u00e3o profissional e tecnol\u00f3gica<\/p>\n<p style=\"font-weight: 400\">Lattes:\u00a0<a href=\"http:\/\/lattes.cnpq.br\/7889636052514301\">http:\/\/lattes.cnpq.br\/7889636052514301<\/a><\/p>\n<h5 style=\"font-weight: 400\"><strong>C\u00c1SSIA DE F\u00c1TIMA DE SOUZA MILITZ<\/strong><\/h5>\n<p style=\"font-weight: 400\"><strong>Pesquisa: <\/strong>Curso T\u00e9cnico em Eletromec\u00e2nica do Col\u00e9gio T\u00e9cnico Industrial de Santa Maria (CTISM) e as expectativas do mundo do trabalho<\/p>\n<p><strong>Orientador<\/strong>: <a href=\"http:\/\/lattes.cnpq.br\/0427736982554233\">Leila Maria Ara\u00fajo Santos<\/a><\/p>\n<p style=\"font-weight: 400\"><strong>Linha de Pesquisa:<\/strong>\u00a0Inova\u00e7\u00e3o para Educa\u00e7\u00e3o Profissional e Tecnol\u00f3gica<\/p>\n<p style=\"font-weight: 400\">Lattes:\u00a0<a href=\"http:\/\/lattes.cnpq.br\/2342392524516851\">\u00a0http:\/\/lattes.cnpq.br\/2342392524516851<\/a><\/p>\n<h5 style=\"font-weight: 400\"><strong>FERNANDA MACHADO DE MIRANDA<\/strong><\/h5>\n<p style=\"font-weight: 400\"><strong>Pesquisa: <\/strong><a href=\"https:\/\/sucupira.capes.gov.br\/sucupira\/public\/consultas\/coleta\/trabalhoConclusao\/viewTrabalhoConclusao.jsf?popup=true&amp;id_trabalho=7949742\">Desafios da forma\u00e7\u00e3o continuada de professores para uso das TDIC na Educa\u00e7\u00e3o Profissional e Tecnol\u00f3gica<\/a><\/p>\n<p><strong>Orientador:<\/strong> <a href=\"http:\/\/lattes.cnpq.br\/0832298305352059\">Claudia Smaniotto Barin<\/a><\/p>\n<p style=\"font-weight: 400\"><strong>Linha de Pesquisa:\u00a0<\/strong>Forma\u00e7\u00e3o docente para Educa\u00e7\u00e3o Profissional e Tecnol\u00f3gica<\/p>\n<p style=\"font-weight: 400\">Lattes:\u00a0<a href=\"http:\/\/lattes.cnpq.br\/0057511174108228\">http:\/\/lattes.cnpq.br\/0057511174108228<\/a><\/p>\n<h5 style=\"font-weight: 400\"><strong>JANAINA DE ARRUDA CARILO SCHMITT<\/strong><\/h5>\n<p style=\"font-weight: 400\"><strong>Pesquisa: <\/strong><a href=\"https:\/\/sucupira.capes.gov.br\/sucupira\/public\/consultas\/coleta\/trabalhoConclusao\/viewTrabalhoConclusao.jsf?popup=true&amp;id_trabalho=7941942\">Metodologias Ativas com recursos did\u00e1ticos n\u00e3o digitais utilizados na pr\u00e1tica docente em Educa\u00e7\u00e3o Profissional e Tecnol\u00f3gica<\/a><\/p>\n<p><strong>Orientador:<\/strong>\u00a0 <a href=\"http:\/\/lattes.cnpq.br\/0832298305352059\">Claudia Smaniotto Barin<\/a><\/p>\n<p style=\"font-weight: 400\"><strong>Linha de Pesquisa:<\/strong>\u00a0Inova\u00e7\u00e3o para Educa\u00e7\u00e3o Profissional e Tecnol\u00f3gica<\/p>\n<p style=\"font-weight: 400\">Lattes:\u00a0<a href=\"http:\/\/lattes.cnpq.br\/4699557517804554\">http:\/\/lattes.cnpq.br\/4699557517804554<\/a><\/p>\n<h5 style=\"font-weight: 400\"><strong>JO\u00c3O ERNESTO TEIXEIRA BOHRER<\/strong><\/h5>\n<p><strong>Pesquisa:\u00a0 <\/strong><a href=\"https:\/\/sucupira.capes.gov.br\/sucupira\/public\/consultas\/coleta\/trabalhoConclusao\/viewTrabalhoConclusao.jsf?popup=true&amp;id_trabalho=8398585\">A utiliza\u00e7\u00e3o do acesso remoto no processo de ensino de projetos de Arquitetura<\/a><\/p>\n<p><strong>Orientador: <\/strong><a href=\"http:\/\/lattes.cnpq.br\/0427736982554233\">Leila Maria Ara\u00fajo Santos<\/a><\/p>\n<p style=\"font-weight: 400\"><strong>Linha de Pesquisa:<\/strong>\u00a0Inova\u00e7\u00e3o para Educa\u00e7\u00e3o Profissional e Tecnol\u00f3gica<\/p>\n<p style=\"font-weight: 400\">Lattes:\u00a0\u00a0<a href=\"http:\/\/lattes.cnpq.br\/0399871372793521\">http:\/\/lattes.cnpq.br\/0399871372793521<\/a><\/p>\n<h5 style=\"font-weight: 400\"><strong>JULIANO MOLINOS DE ANDRADE<\/strong><\/h5>\n<p style=\"font-weight: 400\"><strong>Pesquisa: <\/strong><a href=\"https:\/\/sucupira.capes.gov.br\/sucupira\/public\/consultas\/coleta\/trabalhoConclusao\/viewTrabalhoConclusao.jsf?popup=true&amp;id_trabalho=7950846\">Forma\u00e7\u00e3o de professores de F\u00edsica na Educa\u00e7\u00e3o Profissional e Tecnol\u00f3gica: O uso de jogos did\u00e1ticos como ferramenta mediadora para a pr\u00e1tica docente<\/a><\/p>\n<p><strong>Orientador:<\/strong> <a href=\"http:\/\/lattes.cnpq.br\/0307859719242030\">Ricardo Machado Ellensohn<\/a><\/p>\n<p style=\"font-weight: 400\"><strong>Linha de Pesquisa:\u00a0<\/strong>Forma\u00e7\u00e3o docente para Educa\u00e7\u00e3o Profissional e Tecnol\u00f3gica<\/p>\n<p style=\"font-weight: 400\">Lattes:<a href=\"http:\/\/lattes.cnpq.br\/9048031340343109\">\u00a0http:\/\/lattes.cnpq.br\/9048031340343109<\/a><\/p>\n<h5 style=\"font-weight: 400\"><strong>LUCIANA RODRIGUES VIEIRA<\/strong><\/h5>\n<p><strong>Pesquisa: \u00a0\u00a0<\/strong><a href=\"https:\/\/sucupira.capes.gov.br\/sucupira\/public\/consultas\/coleta\/trabalhoConclusao\/viewTrabalhoConclusao.jsf?popup=true&amp;id_trabalho=7958419\">A relev\u00e2ncia do desenvolvimento do pensamento cr\u00edtico no ensino profissional como condi\u00e7\u00e3o para a emancipa\u00e7\u00e3o<\/a><\/p>\n<p><strong>Orientador:<\/strong>\u00a0<a href=\"http:\/\/lattes.cnpq.br\/9916588298312326\">Ascisio dos Reis Pereira<\/a><\/p>\n<p><strong>Linha de Pesquisa:<\/strong>\u00a0Forma\u00e7\u00e3o docente para Educa\u00e7\u00e3o Profissional e Tecnol\u00f3gica<\/p>\n<p style=\"font-weight: 400\">Lattes:\u00a0<a href=\"http:\/\/lattes.cnpq.br\/1734607484124726\">http:\/\/lattes.cnpq.br\/1734607484124726<\/a><\/p>\n<h5 style=\"font-weight: 400\"><strong>MARCEL SANTOS JACQUES<\/strong><\/h5>\n<p><strong>Pesquisa:\u00a0 <\/strong><a href=\"https:\/\/sucupira.capes.gov.br\/sucupira\/public\/consultas\/coleta\/trabalhoConclusao\/viewTrabalhoConclusao.jsf?popup=true&amp;id_trabalho=8953590\">A Ilustra\u00e7\u00e3o como recurso inovador na Educa\u00e7\u00e3o Profissional e Tecnol\u00f3gica no Col\u00e9gio T\u00e9cnico Industrial de Santa Maria<\/a><\/p>\n<p><strong>Orientador: <\/strong><a href=\"http:\/\/lattes.cnpq.br\/0427736982554233\">Leila Maria Ara\u00fajo Santos<\/a><\/p>\n<p><strong>Linha de Pesquisa:<\/strong>\u00a0Inova\u00e7\u00e3o para Educa\u00e7\u00e3o Profissional e Tecnol\u00f3gica<\/p>\n<p style=\"font-weight: 400\">Lattes:\u00a0<a href=\"http:\/\/lattes.cnpq.br\/6237126863089120\">http:\/\/lattes.cnpq.br\/6237126863089120<\/a><\/p>\n<h5 style=\"font-weight: 400\"><strong>MARCIA IZOLINA MIGLIORE<\/strong><\/h5>\n<p style=\"font-weight: 400\"><strong>Pesquisa: <\/strong><a href=\"https:\/\/sucupira.capes.gov.br\/sucupira\/public\/consultas\/coleta\/trabalhoConclusao\/viewTrabalhoConclusao.jsf?popup=true&amp;id_trabalho=7969373\">Proposta de implanta\u00e7\u00e3o e capacita\u00e7\u00e3o de plano de ensino para Educa\u00e7\u00e3o Profissional e Tecnol\u00f3gica<\/a><\/p>\n<p style=\"font-weight: 400\"><strong>Orientador<\/strong>: <a href=\"http:\/\/lattes.cnpq.br\/0427736982554233\">Leila Maria Ara\u00fajo Santos<\/a><\/p>\n<p><strong>Linha de Pesquisa:\u00a0<\/strong>Inova\u00e7\u00e3o para Educa\u00e7\u00e3o Profissional e Tecnol\u00f3gica<\/p>\n<p style=\"font-weight: 400\">Lattes:\u00a0<a href=\"http:\/\/lattes.cnpq.br\/8227083255852366\">http:\/\/lattes.cnpq.br\/8227083255852366<\/a><\/p>\n<h5 style=\"font-weight: 400\"><strong>MARCOS JOS\u00c9 ANDRIGHETTO<\/strong><\/h5>\n<p style=\"font-weight: 400\"><strong>Pesquisa: <\/strong><a href=\"https:\/\/sucupira.capes.gov.br\/sucupira\/public\/consultas\/coleta\/trabalhoConclusao\/viewTrabalhoConclusao.jsf?popup=true&amp;id_trabalho=7948490\">Educa\u00e7\u00e3o de Jovens e Adultos Integrada \u00e0 Educa\u00e7\u00e3o Profissional e Tecnol\u00f3gica: Movimentos e dialeticidade do trabalho pedag\u00f3gico<\/a><\/p>\n<p style=\"font-weight: 400\"><strong>Orientador:<\/strong>\u00a0Mariglei Severo Maraschin<\/p>\n<p><strong>Linha de Pesquisa:<\/strong>\u00a0Pol\u00edticas e Gest\u00e3o em Educa\u00e7\u00e3o Profissional e Tecnol\u00f3gica\u00a0<\/p>\n<p style=\"font-weight: 400\">Lattes:\u00a0<a href=\"http:\/\/lattes.cnpq.br\/9237110976282326\">http:\/\/lattes.cnpq.br\/9237110976282326<\/a><\/p>\n<h5 style=\"font-weight: 400\"><strong>NARA ZARI LEMOS BUDI\u00d1O<\/strong><\/h5>\n<p><strong>Pesquisa:\u00a0 <\/strong><a href=\"https:\/\/sucupira.capes.gov.br\/sucupira\/public\/consultas\/coleta\/trabalhoConclusao\/viewTrabalhoConclusao.jsf?popup=true&amp;id_trabalho=7970367\">A\u00e7\u00f5es afirmativas na Educa\u00e7\u00e3o Profissional e Tecnol\u00f3gica: negros e negras no Col\u00e9gio T\u00e9cnico Industrial de Santa Maria<\/a><\/p>\n<p><strong>Orientador: <\/strong><a href=\"http:\/\/lattes.cnpq.br\/1635475892372110\">Roselene Moreira Gomes Pommer<\/a><\/p>\n<p><strong>Linha de Pesquisa:<\/strong>\u00a0Forma\u00e7\u00e3o docente para Educa\u00e7\u00e3o Profissional e Tecnol\u00f3gica<\/p>\n<p style=\"font-weight: 400\">Lattes:<a href=\"http:\/\/lattes.cnpq.br\/7153379846225824\">\u00a0http:\/\/lattes.cnpq.br\/7153379846225824<\/a><\/p>\n<h5><strong><span style=\"color: #000000\">NATHALIE ASSUNCAO MINUZI<\/span><\/strong><\/h5>\n<p><strong>Pesquisa:\u00a0 <\/strong><a href=\"https:\/\/sucupira.capes.gov.br\/sucupira\/public\/consultas\/coleta\/trabalhoConclusao\/viewTrabalhoConclusao.jsf?popup=true&amp;id_trabalho=9061476\">Compet\u00eancias digitais para a doc\u00eancia em Educa\u00e7\u00e3o Profissional e Tecnol\u00f3gica<\/a><\/p>\n<p><strong>Orientador<\/strong>:\u00a0<a href=\"http:\/\/lattes.cnpq.br\/0427736982554233\">Leila Maria Ara\u00fajo Santos<\/a><\/p>\n<p><strong>Linha de Pesquisa:<\/strong>\u00a0Inova\u00e7\u00e3o para Educa\u00e7\u00e3o Profissional e Tecnol\u00f3gica<\/p>\n<p style=\"font-weight: 400\">Lattes:\u00a0<a href=\"http:\/\/lattes.cnpq.br\/8755525548378705\">http:\/\/lattes.cnpq.br\/8755525548378705<\/a><\/p>\n<h5 style=\"font-weight: 400\"><strong>OLGA ETELVINA DA COSTA ROHDE<\/strong><\/h5>\n<p style=\"font-weight: 400\"><strong>Pesquisa: \u00a0<\/strong><a href=\"https:\/\/sucupira.capes.gov.br\/sucupira\/public\/consultas\/coleta\/trabalhoConclusao\/viewTrabalhoConclusao.jsf?popup=true&amp;id_trabalho=7958278\">Educa\u00e7\u00e3o postural: um estudo de suas contribui\u00e7\u00f5es para a sa\u00fade do trabalhador-estudante do PROEJA<\/a><\/p>\n<p><strong>Orientador: <\/strong><a href=\"http:\/\/lattes.cnpq.br\/4397982308559255\">Mariglei Severo Maraschin<\/a><\/p>\n<p><strong>Linha de Pesquisa:<\/strong>\u00a0Pol\u00edticas e Gest\u00e3o em Educa\u00e7\u00e3o Profissional e Tecnol\u00f3gica\u00a0<\/p>\n<p style=\"font-weight: 400\">Lattes:\u00a0\u00a0<a href=\"http:\/\/lattes.cnpq.br\/3236272391927967\">http:\/\/lattes.cnpq.br\/3236272391927967<\/a><\/p>\n<h5 style=\"font-weight: 400\"><strong>PAULA HOSANA SILVEIRA BIAZUS<\/strong><\/h5>\n<p><strong>Pesquisa:\u00a0 <\/strong><a href=\"https:\/\/sucupira.capes.gov.br\/sucupira\/public\/consultas\/coleta\/trabalhoConclusao\/viewTrabalhoConclusao.jsf?popup=true&amp;id_trabalho=10600275\">Trajetos formativos na EBPT: significa\u00e7\u00f5es imagin\u00e1rias de docentes LGBT<\/a><\/p>\n<p><strong>Orientador: <\/strong><a href=\"http:\/\/lattes.cnpq.br\/3260077562370842\">Vantoir Roberto Brancher<\/a><\/p>\n<p><strong>Linha de Pesquisa<\/strong>:\u00a0Forma\u00e7\u00e3o docente para Educa\u00e7\u00e3o Profissional e Tecnol\u00f3gica<\/p>\n<p style=\"font-weight: 400\">Lattes:\u00a0\u00a0<a href=\"http:\/\/lattes.cnpq.br\/1295404104258436\">http:\/\/lattes.cnpq.br\/1295404104258436<\/a><\/p>\n<h5 style=\"font-weight: 400\"><strong>THANISE BEQUE RAMOS<\/strong><\/h5>\n<p><strong>Pesquisa: \u00a0\u00a0<\/strong><a href=\"https:\/\/sucupira.capes.gov.br\/sucupira\/public\/consultas\/coleta\/trabalhoConclusao\/viewTrabalhoConclusao.jsf?popup=true&amp;id_trabalho=7950327\">A resolu\u00e7\u00e3o de problemas e a experimenta\u00e7\u00e3o: metodologias para o ensino de Qu\u00edmica na Educa\u00e7\u00e3o Profissional e Tecnol\u00f3gica<\/a><\/p>\n<p>\u00a0<strong>Orientador:<\/strong> <a href=\"http:\/\/lattes.cnpq.br\/0832298305352059\">Claudia Smaniotto Barin<\/a><\/p>\n<p><strong>Linha de Pesquisa:<\/strong>\u00a0Forma\u00e7\u00e3o docente para Educa\u00e7\u00e3o Profissional e Tecnol\u00f3gica<\/p>\n<p style=\"font-weight: 400\">Lattes:\u00a0<a href=\"http:\/\/lattes.cnpq.br\/8006421538315723\">http:\/\/lattes.cnpq.br\/8006421538315723<\/a><\/p>\n<h5 style=\"font-weight: 400\"><strong>VALDOIR DUTRA LIRA<\/strong><\/h5>\n<p><strong>Pesquisa:\u00a0\u00a0<\/strong><a href=\"https:\/\/sucupira.capes.gov.br\/sucupira\/public\/consultas\/coleta\/trabalhoConclusao\/viewTrabalhoConclusao.jsf?popup=true&amp;id_trabalho=10600060\">Trajetos formativos e significa\u00e7\u00f5es da doc\u00eancia na Educa\u00e7\u00e3o Profissional T\u00e9cnica de n\u00edvel m\u00e9dio da rede estadual de ensino do Rio Grande do Sul<\/a><\/p>\n<p><strong>Orientador:<\/strong> <a href=\"http:\/\/lattes.cnpq.br\/3260077562370842\">Vantoir Roberto Brancher<\/a><\/p>\n<p><strong>Linha de Pesquisa:<\/strong>\u00a0Forma\u00e7\u00e3o docente para Educa\u00e7\u00e3o Profissional e Tecnol\u00f3gica<\/p>\n<p style=\"font-weight: 400\">Lattes:\u00a0<a href=\"http:\/\/lattes.cnpq.br\/3448967752055887\">\u00a0http:\/\/lattes.cnpq.br\/3448967752055887<\/a><\/p>\n<!-- \/wp:tadv\/classic-paragraph -->\t\t\t\t\t\t<\/div>\n\t\t\t\t<\/div>\n\t\t\t\t\t<\/div>\n\t\t<\/div>\n\t\t\t\t\t<\/div>\n\t\t<\/section>\n\t\t\t\t<\/div>\n\t\t","protected":false},"excerpt":{"rendered":"<p>Egressos Turma 2017 ADRIANE TEREZINHA FILIPETTO Pesquisa:\u00a0Bibliotecas em transforma\u00e7\u00e3o: Estudo de usu\u00e1rios do sistema de bibliotecas da UFSM Orientador: \u00a0Claudemir de Quadros\u00a0 Linha de Pesquisa: Pol\u00edticas e Gest\u00e3o em Educa\u00e7\u00e3o Profissional e Tecnol\u00f3gica Lattes:\u00a0http:\/\/lattes.cnpq.br\/0459474991961732 ANA PAULA DE ALMEIDA Pesquisa:\u00a0Os Movimentos dos Cursos T\u00e9cnicos Subsequentes sobre os Sentidos do Trabalho: A (Des) Aliena\u00e7\u00e3o do Trabalhador-Estudante Orientador:\u00a0 [&hellip;]<\/p>\n","protected":false},"author":115,"featured_media":0,"parent":0,"menu_order":0,"comment_status":"closed","ping_status":"closed","template":"","meta":{"footnotes":""},"categories":[],"tags":[],"class_list":["post-449","page","type-page","status-publish","hentry"],"acf":[],"_links":{"self":[{"href":"https:\/\/www.ufsm.br\/cursos\/pos-graduacao\/santa-maria\/ppgept\/wp-json\/wp\/v2\/pages\/449","targetHints":{"allow":["GET"]}}],"collection":[{"href":"https:\/\/www.ufsm.br\/cursos\/pos-graduacao\/santa-maria\/ppgept\/wp-json\/wp\/v2\/pages"}],"about":[{"href":"https:\/\/www.ufsm.br\/cursos\/pos-graduacao\/santa-maria\/ppgept\/wp-json\/wp\/v2\/types\/page"}],"author":[{"embeddable":true,"href":"https:\/\/www.ufsm.br\/cursos\/pos-graduacao\/santa-maria\/ppgept\/wp-json\/wp\/v2\/users\/115"}],"replies":[{"embeddable":true,"href":"https:\/\/www.ufsm.br\/cursos\/pos-graduacao\/santa-maria\/ppgept\/wp-json\/wp\/v2\/comments?post=449"}],"version-history":[{"count":0,"href":"https:\/\/www.ufsm.br\/cursos\/pos-graduacao\/santa-maria\/ppgept\/wp-json\/wp\/v2\/pages\/449\/revisions"}],"wp:attachment":[{"href":"https:\/\/www.ufsm.br\/cursos\/pos-graduacao\/santa-maria\/ppgept\/wp-json\/wp\/v2\/media?parent=449"}],"wp:term":[{"taxonomy":"category","embeddable":true,"href":"https:\/\/www.ufsm.br\/cursos\/pos-graduacao\/santa-maria\/ppgept\/wp-json\/wp\/v2\/categories?post=449"},{"taxonomy":"post_tag","embeddable":true,"href":"https:\/\/www.ufsm.br\/cursos\/pos-graduacao\/santa-maria\/ppgept\/wp-json\/wp\/v2\/tags?post=449"}],"curies":[{"name":"wp","href":"https:\/\/api.w.org\/{rel}","templated":true}]}}