{"id":544,"date":"2019-09-17T17:16:15","date_gmt":"2019-09-17T20:16:15","guid":{"rendered":"https:\/\/www.ufsm.br\/cursos\/pos-graduacao\/santa-maria\/ppgept\/?page_id=544"},"modified":"2023-01-05T10:56:24","modified_gmt":"2023-01-05T13:56:24","slug":"turma-2019","status":"publish","type":"page","link":"https:\/\/www.ufsm.br\/cursos\/pos-graduacao\/santa-maria\/ppgept\/turma-2019","title":{"rendered":"Turma 2019"},"content":{"rendered":"\t\t<div data-elementor-type=\"wp-post\" data-elementor-id=\"544\" class=\"elementor elementor-544\">\n\t\t\t\t\t\t<section class=\"elementor-section elementor-top-section elementor-element elementor-element-ebb8839 elementor-section-boxed elementor-section-height-default elementor-section-height-default\" data-id=\"ebb8839\" data-element_type=\"section\">\n\t\t\t\t\t\t<div class=\"elementor-container elementor-column-gap-default\">\n\t\t\t\t\t<div class=\"elementor-column elementor-col-100 elementor-top-column elementor-element elementor-element-f2c776a\" data-id=\"f2c776a\" data-element_type=\"column\">\n\t\t\t<div class=\"elementor-widget-wrap elementor-element-populated\">\n\t\t\t\t\t\t<div class=\"elementor-element elementor-element-3a4c0c22 elementor-widget elementor-widget-text-editor\" data-id=\"3a4c0c22\" data-element_type=\"widget\" data-widget_type=\"text-editor.default\">\n\t\t\t\t<div class=\"elementor-widget-container\">\n\t\t\t\t\t\t\t<h5><span style=\"font-size: 12pt\"><strong>Ang\u00e9lica Scremin Londero<\/strong><\/span><\/h5><p><strong>T\u00edtulo:<\/strong> <a href=\"https:\/\/sucupira.capes.gov.br\/sucupira\/public\/consultas\/coleta\/trabalhoConclusao\/viewTrabalhoConclusao.jsf?popup=true&amp;id_trabalho=11652103\">DESENVOLVIMENTO DE MATERIAL DIDATICO DIGITAL PARA APOIO AO ENSINO DA CONTABILIDADE INTRODUT\u00d3RIA NA EDUCA\u00c7\u00c3O PROFISSIONAL E TECNOL\u00d3GICA<\/a><\/p><p><span style=\"font-family: 'Georgia',serif\"><strong>Orientador:<\/strong>\u00a0<\/span><span style=\"font-family: 'Georgia',serif\"><a href=\"http:\/\/lattes.cnpq.br\/0427736982554233\">Leila Maria Ara\u00fajo Santos<\/a> <\/span><\/p><p><strong>Linha de Pesquisa:<\/strong> Inova\u00e7\u00e3o em Educa\u00e7\u00e3o Profissional e Tecnol\u00f3gica<\/p><p>Lattes: <a href=\"http:\/\/lattes.cnpq.br\/6364232297604785\">http:\/\/lattes.cnpq.br\/6364232297604785<\/a><\/p><h5><span style=\"font-size: 12pt\"><strong>C\u00e9sar Augusto Robaina Filho<\/strong><\/span><\/h5><p><strong>T\u00edtulo:<\/strong><a href=\"https:\/\/sucupira.capes.gov.br\/sucupira\/public\/consultas\/coleta\/trabalhoConclusao\/viewTrabalhoConclusao.jsf?popup=true&amp;id_trabalho=11646740\"> MOVIMENTOS DE EDUCA\u00c7\u00c3O ESPECIAL NAS ESCOLAS P\u00daBLICAS QUE OFERTAM CURSOS T\u00c9CNICOS DE N\u00cdVEL M\u00c9DIO EM SANTA MARIA<\/a><\/p><p><span style=\"font-family: 'Georgia',serif\"><strong> Orientador:<\/strong>\u00a0<\/span><span style=\"font-family: 'Georgia',serif\"><a href=\"http:\/\/lattes.cnpq.br\/4397982308559255\">Mariglei Severo Maraschin<\/a> <\/span><\/p><p><strong>Linha de Pesquisa<\/strong>: <span style=\"font-family: georgia, palatino, serif\">Pol\u00edticas e\u00a0Gest\u00e3o em Educa\u00e7\u00e3o Profissional e\u00a0Tecnol\u00f3gica<\/span><\/p><p>Lattes: <a href=\"http:\/\/lattes.cnpq.br\/2822933373950154\">http:\/\/lattes.cnpq.br\/2822933373950154<\/a><\/p><h5><span style=\"font-size: 12pt\"><strong>Gabriela Brutti Lehnhart<\/strong><\/span><\/h5><p><b>T\u00edtulo: <\/b><a href=\"https:\/\/sucupira.capes.gov.br\/sucupira\/public\/consultas\/coleta\/trabalhoConclusao\/viewTrabalhoConclusao.jsf?popup=true&amp;id_trabalho=11652133\">GEST\u00c3O DE HABILIDADES SOCIAIS PARA ESTUDANTES COM DEFICIENCIA INTELECTUAL NO CONTEXTO DA EDUCA\u00c7\u00c3O PROFISSIONAL E TECNOL\u00d3GICA<\/a><\/p><p><span style=\"font-family: 'Georgia',serif\"><strong> Orientador:<\/strong> <\/span><a href=\"http:\/\/lattes.cnpq.br\/5892665490499253\">Sabrina Fernandes Castro<\/a><\/p><p><strong>Linha de Pesquisa:<\/strong> <span style=\"font-family: georgia, palatino, serif\">Pol\u00edticas e\u00a0Gest\u00e3o em Educa\u00e7\u00e3o Profissional e\u00a0Tecnol\u00f3gica<\/span><\/p><p>Lattes: <a href=\"http:\/\/lattes.cnpq.br\/5714472372491006\">http:\/\/lattes.cnpq.br\/5714472372491006<\/a><\/p><h5><span style=\"font-size: 12pt\"><strong>Leandro Lampe<\/strong><\/span><\/h5><p><b>T\u00edtulo: <\/b><a href=\"https:\/\/sucupira.capes.gov.br\/sucupira\/public\/consultas\/coleta\/trabalhoConclusao\/viewTrabalhoConclusao.jsf?popup=true&amp;id_trabalho=11269643\">DO OCASO DO CURSO NORMAL \u00c0 ALVORADA DA EDUCA\u00c7\u00c3O PROFISSIONAL E TECNOL\u00d3GICA: POL\u00cdTICAS EDUCACIONAIS E EXPERI\u00caNCIAS DE SANTA MARIA E PELOTAS\/RS<\/a><\/p><p><strong><span style=\"font-family: 'Georgia',serif\">Orientador: <\/span><\/strong><span style=\"font-family: 'Georgia',serif\"><a href=\"http:\/\/lattes.cnpq.br\/4397982308559255\">Mariglei Severo Maraschin<\/a>\u00a0<\/span><\/p><p><strong>Linha de Pesquisa:<\/strong> <span style=\"font-family: georgia, palatino, serif\">Pol\u00edticas e\u00a0Gest\u00e3o em Educa\u00e7\u00e3o Profissional e\u00a0Tecnol\u00f3gica<\/span><\/p><p>Lattes: <a href=\"http:\/\/lattes.cnpq.br\/8813171061463386\">http:\/\/lattes.cnpq.br\/8813171061463386<\/a><\/p><h5><span style=\"font-size: 12pt\"><strong>Mauro Rodrigo de Almeida Freitas<\/strong><\/span><\/h5><p><b>T\u00edtulo: <\/b><a href=\"https:\/\/sucupira.capes.gov.br\/sucupira\/public\/consultas\/coleta\/trabalhoConclusao\/viewTrabalhoConclusao.jsf?popup=true&amp;id_trabalho=11652008\">A GEST\u00c3O DE PESSOAS COMO DIFERENCIAL EM ESCOLAS DE ENSINO T\u00c9CNICO PROFISSIONALIZANTES: um constructo te\u00f3rico<\/a><\/p><p><span style=\"font-family: 'Georgia',serif\"><strong>Orientador:<\/strong>\u00a0<\/span><span style=\"font-family: 'Georgia',serif\"><a href=\"http:\/\/lattes.cnpq.br\/8810489697768335\">Francisco Nilton Gomes de Oliveira<\/a><\/span><\/p><p><strong>Linha de Pesquisa:<\/strong> <span style=\"font-family: georgia, palatino, serif\">Pol\u00edticas e\u00a0Gest\u00e3o em Educa\u00e7\u00e3o Profissional e\u00a0Tecnol\u00f3gica<\/span><\/p><p>Lattes: <a href=\"http:\/\/lattes.cnpq.br\/1134231625473006\">http:\/\/lattes.cnpq.br\/1134231625473006<\/a><\/p><h5><span style=\"font-size: 12pt\"><strong>Shirley Bernardes Winter<\/strong><\/span><\/h5><p><b>T\u00edtulo: <\/b><a href=\"https:\/\/sucupira.capes.gov.br\/sucupira\/public\/consultas\/coleta\/trabalhoConclusao\/viewTrabalhoConclusao.jsf?popup=true&amp;id_trabalho=11269717\">A POL\u00cdTICA DE EJA EPT NO CTISM: UM ESTUDO SOBRE AS TRANSFORMA\u00c7\u00d5ES VIVENCIADAS NA E PARA AL\u00c9M DA PANDEMIA<\/a><\/p><p><span style=\"font-family: 'Georgia',serif\"><strong>Orientador:<\/strong> <\/span><span style=\"font-family: 'Georgia',serif\"><a href=\"http:\/\/lattes.cnpq.br\/4397982308559255\">Mariglei Severo Maraschin<\/a> <\/span><\/p><p><strong>Linha de Pesquisa:<\/strong> <span style=\"font-family: georgia, palatino, serif\">Pol\u00edticas e\u00a0Gest\u00e3o em Educa\u00e7\u00e3o Profissional e\u00a0Tecnol\u00f3gica<\/span><\/p><p>Lattes: <a href=\"http:\/\/lattes.cnpq.br\/9549989215822201\">http:\/\/lattes.cnpq.br\/9549989215822201<\/a><\/p><h5><span style=\"font-size: 12pt\"><strong>Suzel Lima da Silva<\/strong><\/span><\/h5><p><b>T\u00edtulo: <\/b><a href=\"https:\/\/sucupira.capes.gov.br\/sucupira\/public\/consultas\/coleta\/trabalhoConclusao\/viewTrabalhoConclusao.jsf?popup=true&amp;id_trabalho=11269760\">HIST\u00d3RIA ORAL DE VIDA DE PROFESSORES DA \u00c1REA DA SA\u00daDE DE CURSOS PARTICULARES DE N\u00cdVEL T\u00c9CNICO DE SANTA MARIA\/RS<\/a><b><br \/><\/b><\/p><p><span style=\"font-family: 'Georgia',serif\">Orientador: <\/span><span style=\"font-family: 'Georgia',serif\"><a href=\"http:\/\/lattes.cnpq.br\/8810489697768335\">Francisco Nilton Gomes de Oliveira<\/a> <\/span><\/p><p><strong>Linha de Pesquisa:\u00a0<\/strong> Forma\u00e7\u00e3o Docente para a\u00a0Educa\u00e7\u00e3o Profissional e\u00a0Tecnol\u00f3gica<\/p><p>Lattes: <a href=\"http:\/\/lattes.cnpq.br\/3249996189512183\">http:\/\/lattes.cnpq.br\/3249996189512183<\/a><\/p>\t\t\t\t\t\t<\/div>\n\t\t\t\t<\/div>\n\t\t\t\t\t<\/div>\n\t\t<\/div>\n\t\t\t\t\t<\/div>\n\t\t<\/section>\n\t\t\t\t<\/div>\n\t\t","protected":false},"excerpt":{"rendered":"<p>Ang\u00e9lica Scremin Londero T\u00edtulo: DESENVOLVIMENTO DE MATERIAL DIDATICO DIGITAL PARA APOIO AO ENSINO DA CONTABILIDADE INTRODUT\u00d3RIA NA EDUCA\u00c7\u00c3O PROFISSIONAL E TECNOL\u00d3GICA Orientador:\u00a0Leila Maria Ara\u00fajo Santos Linha de Pesquisa: Inova\u00e7\u00e3o em Educa\u00e7\u00e3o Profissional e Tecnol\u00f3gica Lattes: http:\/\/lattes.cnpq.br\/6364232297604785 C\u00e9sar Augusto Robaina Filho T\u00edtulo: MOVIMENTOS DE EDUCA\u00c7\u00c3O ESPECIAL NAS ESCOLAS P\u00daBLICAS QUE OFERTAM CURSOS T\u00c9CNICOS DE N\u00cdVEL M\u00c9DIO [&hellip;]<\/p>\n","protected":false},"author":852,"featured_media":0,"parent":0,"menu_order":0,"comment_status":"closed","ping_status":"closed","template":"","meta":{"footnotes":""},"categories":[],"tags":[],"class_list":["post-544","page","type-page","status-publish","hentry"],"acf":[],"_links":{"self":[{"href":"https:\/\/www.ufsm.br\/cursos\/pos-graduacao\/santa-maria\/ppgept\/wp-json\/wp\/v2\/pages\/544","targetHints":{"allow":["GET"]}}],"collection":[{"href":"https:\/\/www.ufsm.br\/cursos\/pos-graduacao\/santa-maria\/ppgept\/wp-json\/wp\/v2\/pages"}],"about":[{"href":"https:\/\/www.ufsm.br\/cursos\/pos-graduacao\/santa-maria\/ppgept\/wp-json\/wp\/v2\/types\/page"}],"author":[{"embeddable":true,"href":"https:\/\/www.ufsm.br\/cursos\/pos-graduacao\/santa-maria\/ppgept\/wp-json\/wp\/v2\/users\/852"}],"replies":[{"embeddable":true,"href":"https:\/\/www.ufsm.br\/cursos\/pos-graduacao\/santa-maria\/ppgept\/wp-json\/wp\/v2\/comments?post=544"}],"version-history":[{"count":0,"href":"https:\/\/www.ufsm.br\/cursos\/pos-graduacao\/santa-maria\/ppgept\/wp-json\/wp\/v2\/pages\/544\/revisions"}],"wp:attachment":[{"href":"https:\/\/www.ufsm.br\/cursos\/pos-graduacao\/santa-maria\/ppgept\/wp-json\/wp\/v2\/media?parent=544"}],"wp:term":[{"taxonomy":"category","embeddable":true,"href":"https:\/\/www.ufsm.br\/cursos\/pos-graduacao\/santa-maria\/ppgept\/wp-json\/wp\/v2\/categories?post=544"},{"taxonomy":"post_tag","embeddable":true,"href":"https:\/\/www.ufsm.br\/cursos\/pos-graduacao\/santa-maria\/ppgept\/wp-json\/wp\/v2\/tags?post=544"}],"curies":[{"name":"wp","href":"https:\/\/api.w.org\/{rel}","templated":true}]}}