{"id":649,"date":"2020-01-21T18:05:55","date_gmt":"2020-01-21T21:05:55","guid":{"rendered":"https:\/\/www.ufsm.br\/cursos\/pos-graduacao\/santa-maria\/ppgept\/?page_id=649"},"modified":"2023-06-21T08:16:11","modified_gmt":"2023-06-21T11:16:11","slug":"infraestrutura","status":"publish","type":"page","link":"https:\/\/www.ufsm.br\/cursos\/pos-graduacao\/santa-maria\/ppgept\/infraestrutura","title":{"rendered":"Infraestrutura"},"content":{"rendered":"\n<p>O Programa de p\u00f3s-gradua\u00e7\u00e3o em Educa\u00e7\u00e3o Profissional e Tecnol\u00f3gica &#8211; mestrado acad\u00eamico, est\u00e1 localizado no Pr\u00e9dio 05D &#8211; sala 103 do Col\u00e9gio Industrial de Santa Maria-UFSM.<\/p>\n<p>O programa conta com a seguinte infraestrutura:<\/p>\n<ul>\n<li>Sala administrativa e da coordena\u00e7\u00e3o compartilhada, possui computador para uso da secretaria administrativa e para a coordena\u00e7\u00e3o;<\/li>\n<li>02 salas de aula com capacidade para 25 alunos, com quadro branco, projetor multim\u00eddia e notebook;<\/li>\n<li>Espa\u00e7o multidisciplinar com 05 computadores, mesas e cadeiras para atividades dos grupos de estudo;<\/li>\n<li>Espa\u00e7o de conviv\u00eancia para discentes e docentes, com impressora laser, 02 computadores, mesa para reuni\u00f5es, arm\u00e1rios guarda-volumes e arm\u00e1rios de madeira;<\/li>\n<li>Cont\u00eainer com capacidade para 08 pessoas, com acesso a internet, ar condicionado, mesas e cadeiras, projetor multim\u00eddia, televis\u00e3o de 42 polegadas e arm\u00e1rio guarda-volumes;<\/li>\n<li>02 audit\u00f3rios para uso compartilhado com 119 assentos e\u00a0 45 assentos; os dois audit\u00f3rios possuem conjunto multim\u00eddia com projetor, tela, computador, microfones, acesso a Internet e ar condicionado;<\/li>\n<li>02 Laborat\u00f3rios de inform\u00e1tica com 36 m\u00e1quinas cada, conjunto multim\u00eddia, para uso compartilhado;<\/li>\n<\/ul>\n","protected":false},"excerpt":{"rendered":"<p>O Programa de p\u00f3s-gradua\u00e7\u00e3o em Educa\u00e7\u00e3o Profissional e Tecnol\u00f3gica &#8211; mestrado acad\u00eamico, est\u00e1 localizado no Pr\u00e9dio 05D &#8211; sala 103 do Col\u00e9gio Industrial de Santa Maria-UFSM. O programa conta com a seguinte infraestrutura: Sala administrativa e da coordena\u00e7\u00e3o compartilhada, possui computador para uso da secretaria administrativa e para a coordena\u00e7\u00e3o; 02 salas de aula com [&hellip;]<\/p>\n","protected":false},"author":920,"featured_media":0,"parent":0,"menu_order":0,"comment_status":"closed","ping_status":"closed","template":"","meta":{"footnotes":""},"categories":[],"tags":[],"class_list":["post-649","page","type-page","status-publish","hentry"],"acf":[],"_links":{"self":[{"href":"https:\/\/www.ufsm.br\/cursos\/pos-graduacao\/santa-maria\/ppgept\/wp-json\/wp\/v2\/pages\/649","targetHints":{"allow":["GET"]}}],"collection":[{"href":"https:\/\/www.ufsm.br\/cursos\/pos-graduacao\/santa-maria\/ppgept\/wp-json\/wp\/v2\/pages"}],"about":[{"href":"https:\/\/www.ufsm.br\/cursos\/pos-graduacao\/santa-maria\/ppgept\/wp-json\/wp\/v2\/types\/page"}],"author":[{"embeddable":true,"href":"https:\/\/www.ufsm.br\/cursos\/pos-graduacao\/santa-maria\/ppgept\/wp-json\/wp\/v2\/users\/920"}],"replies":[{"embeddable":true,"href":"https:\/\/www.ufsm.br\/cursos\/pos-graduacao\/santa-maria\/ppgept\/wp-json\/wp\/v2\/comments?post=649"}],"version-history":[{"count":0,"href":"https:\/\/www.ufsm.br\/cursos\/pos-graduacao\/santa-maria\/ppgept\/wp-json\/wp\/v2\/pages\/649\/revisions"}],"wp:attachment":[{"href":"https:\/\/www.ufsm.br\/cursos\/pos-graduacao\/santa-maria\/ppgept\/wp-json\/wp\/v2\/media?parent=649"}],"wp:term":[{"taxonomy":"category","embeddable":true,"href":"https:\/\/www.ufsm.br\/cursos\/pos-graduacao\/santa-maria\/ppgept\/wp-json\/wp\/v2\/categories?post=649"},{"taxonomy":"post_tag","embeddable":true,"href":"https:\/\/www.ufsm.br\/cursos\/pos-graduacao\/santa-maria\/ppgept\/wp-json\/wp\/v2\/tags?post=649"}],"curies":[{"name":"wp","href":"https:\/\/api.w.org\/{rel}","templated":true}]}}