{"id":682,"date":"2020-01-23T10:24:47","date_gmt":"2020-01-23T13:24:47","guid":{"rendered":"https:\/\/www.ufsm.br\/cursos\/pos-graduacao\/santa-maria\/ppgept\/?page_id=682"},"modified":"2025-05-29T10:00:40","modified_gmt":"2025-05-29T13:00:40","slug":"colegiado-do-programa","status":"publish","type":"page","link":"https:\/\/www.ufsm.br\/cursos\/pos-graduacao\/santa-maria\/ppgept\/colegiado-do-programa","title":{"rendered":"Colegiado do Programa"},"content":{"rendered":"\n<p style=\"text-align: left\"><span class=\"fontstyle0\">Do Colegiado do Programa de P\u00f3s-Gradua\u00e7\u00e3o<br \/><\/span><span class=\"fontstyle2\">Art. 12. O colegiado do programa de p\u00f3s-gradua\u00e7\u00e3o ser\u00e1 constitu\u00eddo por:<br \/>I \u2013 coordenador(a) do programa, como Presidente;<br \/>II \u2013 coordenador(a) substituto(a) do programa; e,<br \/>III \u2013 representa\u00e7\u00f5es docente e discente, conforme definido no regulamento de cada programa de p\u00f3s-gradua\u00e7\u00e3o.<br \/>\u00a7 1\u00b0 A constitui\u00e7\u00e3o do colegiado ser\u00e1 homologada pelo(a) diretor(a) da unidade de ensino a qual perten\u00e7a o programa, mediante portaria de Pessoal espec\u00edfica.<br \/>\u00a7 2\u00b0 Os(As) membros(as) representantes do corpo docente e discente ser\u00e3o eleitos(as) por seus pares, seguindo sistem\u00e1tica <\/span><span class=\"fontstyle2\">definida no regulamento de cada programa de p\u00f3s-gradua\u00e7\u00e3o.<br \/>\u00a7 3\u00b0 O mandato dos(as) membros(as) do colegiado ser\u00e1 de 2 (dois) anos, podendo haver recondu\u00e7\u00e3o.<br \/>\u00a7 4\u00b0 Na aus\u00eancia do(a) presidente em uma reuni\u00e3o, ela ser\u00e1 conduzida\/presidida pelo coordenador(a) substituto(a).<br \/>\u00a7 5\u00b0 Os(As) representantes previstos(as) no inciso III poder\u00e3o ser substitu\u00eddos em qualquer \u00e9poca, por iniciativa do pr\u00f3prio representante ou nos casos de perda da condi\u00e7\u00e3o de v\u00ednculo docente ou discente no curso.<br \/>\u00a7 6\u00b0 Na composi\u00e7\u00e3o do referido \u00f3rg\u00e3o colegiado dever\u00e1 ser assegurado, pelo menos, 70% (setenta por cento) dos assentos para o segmento docente, conforme disposto no art. 56 da LDB.<br \/>Par\u00e1grafo \u00fanico. Este artigo d\u00e1 nova reda\u00e7\u00e3o ao art. 142 do Regimento Geral da UFSM.<\/span><\/p>\n<p>\u00a0<\/p>\n<h3 style=\"text-align: left\"><span style=\"color: #000080\">ATAS DO COLEGIADO<\/span><\/h3>\n<p><a href=\"https:\/\/www.ufsm.br\/app\/uploads\/sites\/511\/2025\/05\/ATA_PPGEPT_COL_2025_78.pdf\">ATA_PPGEPT_COL_2025_78<\/a><\/p>\n<p><a href=\"https:\/\/www.ufsm.br\/app\/uploads\/sites\/511\/2025\/05\/ATA_PPGEPT_COL_2025_77.pdf\">ATA_PPGEPT_COL_2025_77<\/a><\/p>\n<p><a href=\"https:\/\/www.ufsm.br\/app\/uploads\/sites\/511\/2025\/05\/ATA_PPGEPT_COL_2025_76.pdf\">ATA_PPGEPT_COL_2025_76<\/a><\/p>\n<p><a href=\"https:\/\/www.ufsm.br\/app\/uploads\/sites\/511\/2025\/05\/ATA_PPGEPT_COL_2025_75.pdf\">ATA_PPGEPT_COL_2025_75<\/a><\/p>\n<p><a href=\"https:\/\/www.ufsm.br\/app\/uploads\/sites\/511\/2025\/05\/ATA_PPGEPT_COL_2024_74.pdf\">ATA_PPGEPT_COL_2024_74<\/a><\/p>\n<p><a href=\"https:\/\/www.ufsm.br\/app\/uploads\/sites\/511\/2025\/05\/ATA_PPGEPT_COL_2024_73.pdf\">ATA_PPGEPT_COL_2024_73<\/a><\/p>\n<p><a href=\"https:\/\/www.ufsm.br\/app\/uploads\/sites\/511\/2025\/05\/ATA_PPGEPT_COL_2024_72.pdf\">ATA_PPGEPT_COL_2024_72<\/a><\/p>\n<p><a href=\"https:\/\/www.ufsm.br\/app\/uploads\/sites\/511\/2025\/05\/ATA_PPGEPT_COL_2024_71.pdf\">ATA_PPGEPT_COL_2024_71<\/a><\/p>\n<p><a href=\"https:\/\/www.ufsm.br\/app\/uploads\/sites\/511\/2025\/05\/ATA_PPGEPT_COL_2024_70.pdf\">ATA_PPGEPT_COL_2024_70<\/a><\/p>\n<p><a href=\"https:\/\/www.ufsm.br\/app\/uploads\/sites\/511\/2025\/05\/ATA_PPGEPT_COL_2024_69.pdf\">ATA_PPGEPT_COL_2024_69<\/a><\/p>\n<p><a href=\"https:\/\/www.ufsm.br\/app\/uploads\/sites\/511\/2025\/05\/ATA_PPGEPT_COL_2024_68.pdf\">ATA_PPGEPT_COL_2024_68<\/a><\/p>\n<p><a href=\"https:\/\/www.ufsm.br\/app\/uploads\/sites\/511\/2024\/08\/ATA_PPGEPT_COL_2024_67-1.pdf\">ATA_PPGEPT_COL_2024_67<\/a><\/p>\n<p><a href=\"https:\/\/www.ufsm.br\/app\/uploads\/sites\/511\/2024\/07\/ATA_PPGEPT_COL_2024_66.pdf\">ATA_PPGEPT_COL_2024_66<\/a><\/p>\n<p><a href=\"https:\/\/www.ufsm.br\/app\/uploads\/sites\/511\/2024\/07\/ATA_PPGEPT_COL_2024_65.pdf\">ATA_PPGEPT_COL_2024_65<\/a><\/p>\n<p><a href=\"https:\/\/www.ufsm.br\/app\/uploads\/sites\/511\/2024\/07\/ATA_PPGEPT_COL_2024_64.pdf\">ATA_PPGEPT_COL_2024_64<\/a><\/p>\n<p><a href=\"https:\/\/www.ufsm.br\/app\/uploads\/sites\/511\/2024\/04\/ATA_PPGEPT_COL_2024_63.pdf\">ATA_PPGEPT_COL_2024_63<\/a><\/p>\n<p><a href=\"https:\/\/www.ufsm.br\/app\/uploads\/sites\/511\/2024\/04\/ATA_PPGEPT_COL_2024_62.pdf\">ATA_PPGEPT_COL_2024_62<\/a><\/p>\n<p><a href=\"https:\/\/www.ufsm.br\/app\/uploads\/sites\/511\/2023\/11\/ATA_PPGEPT_COL_2023_61.pdf\">ATA_PPGEPT_COL_2023_61<\/a><\/p>\n<p style=\"text-align: left\"><a href=\"https:\/\/www.ufsm.br\/app\/uploads\/sites\/511\/2023\/10\/ATA_PPGEPT_COL_2023_60-1.pdf\">ATA_PPGEPT_COL_2023_60<\/a><\/p>\n<p><a href=\"https:\/\/www.ufsm.br\/app\/uploads\/sites\/511\/2023\/10\/ATA_PPGEPT_COL_2023_59.pdf\">ATA_PPGEPT_COL_2023_59<\/a><\/p>\n<p><a href=\"https:\/\/www.ufsm.br\/app\/uploads\/sites\/511\/2023\/10\/ATA_PPGEPT_COL_2023_58.pdf\">ATA_PPGEPT_COL_2023_58<\/a><\/p>\n<p><a href=\"https:\/\/www.ufsm.br\/app\/uploads\/sites\/511\/2023\/10\/ATA_PPGEPT_COL_2023_57.pdf\">ATA_PPGEPT_COL_2023_57<\/a><\/p>\n<p><a href=\"https:\/\/www.ufsm.br\/app\/uploads\/sites\/511\/2023\/10\/ATA_PPGEPT_COL_2023_56.pdf\">ATA_PPGEPT_COL_2023_56<\/a><\/p>\n<p><a href=\"https:\/\/www.ufsm.br\/app\/uploads\/sites\/511\/2023\/10\/ATA_PPGEPT_COL_2022_55.pdf\">ATA_PPGEPT_COL_2022_55<\/a><\/p>\n<p><a href=\"https:\/\/www.ufsm.br\/app\/uploads\/sites\/511\/2023\/10\/ATA_PPGEPT_COL_2022_54.pdf\">ATA_PPGEPT_COL_2022_54<\/a><\/p>\n<p><a href=\"https:\/\/www.ufsm.br\/app\/uploads\/sites\/511\/2023\/10\/ATA_PPGEPT_COL_2022_53.pdf\">ATA_PPGEPT_COL_2022_53<\/a><\/p>\n<p><a href=\"https:\/\/www.ufsm.br\/app\/uploads\/sites\/511\/2023\/10\/ATA_PPGEPT_COL_2022_52.pdf\">ATA_PPGEPT_COL_2022_52<\/a><\/p>\n<p><a href=\"https:\/\/www.ufsm.br\/app\/uploads\/sites\/511\/2023\/10\/ATA_PPGEPT_COL_2022_51.pdf\">ATA_PPGEPT_COL_2022_51<\/a><\/p>\n<p><a href=\"https:\/\/www.ufsm.br\/app\/uploads\/sites\/511\/2023\/10\/ATA_PPGEPT_COL_2022_50.pdf\">ATA_PPGEPT_COL_2022_50<\/a><\/p>\n<p><a href=\"https:\/\/www.ufsm.br\/app\/uploads\/sites\/511\/2023\/10\/ATA_PPGEPT_COL_2022_49-.pdf\">ATA_PPGEPT_COL_2022_49<\/a><\/p>\n<p><a href=\"https:\/\/www.ufsm.br\/app\/uploads\/sites\/511\/2023\/10\/ATA_PPGEPT_COL_2022_48.pdf\">ATA_PPGEPT_COL_2022_<\/a><a href=\"https:\/\/www.ufsm.br\/app\/uploads\/sites\/511\/2023\/10\/ATA_PPGEPT_COL_2022_48.pdf\">48<\/a><\/p>\n<p><a href=\"https:\/\/www.ufsm.br\/app\/uploads\/sites\/511\/2023\/10\/ATA_PPGEPT_COL_2022_47.pdf\">ATA_PPGEPT_COL_2022_47<\/a><\/p>\n<p><a href=\"https:\/\/www.ufsm.br\/app\/uploads\/sites\/511\/2023\/10\/ATA_PPGEPT_COL_2021_46.pdf\">ATA_PPGEPT_COL_2021_46<\/a><\/p>\n<p><a href=\"https:\/\/www.ufsm.br\/app\/uploads\/sites\/511\/2023\/10\/ATA_PPGEPT_COL_2021_45.pdf\">ATA_PPGEPT_COL_2021_45<\/a><\/p>\n<p><a href=\"https:\/\/www.ufsm.br\/app\/uploads\/sites\/511\/2023\/10\/ATA_PPGEPT_COL_2021_44.pdf\">ATA_PPGEPT_COL_2021_44<\/a><\/p>\n<p><a href=\"https:\/\/www.ufsm.br\/app\/uploads\/sites\/511\/2023\/10\/ATA_PPGEPT_COL_2021_43.pdf\">ATA_PPGEPT_COL_2021_43<\/a><\/p>\n<p><a href=\"https:\/\/www.ufsm.br\/app\/uploads\/sites\/511\/2023\/10\/ATA_PPGEPT_COL_2021_42.pdf\">ATA_PPGEPT_COL_2021_42<\/a><\/p>\n<p><a href=\"https:\/\/www.ufsm.br\/app\/uploads\/sites\/511\/2023\/10\/ATA_PPGEPT_COL_2021_41.pdf\">ATA_PPGEPT_COL_2021_41<\/a><\/p>\n<p><a href=\"https:\/\/www.ufsm.br\/app\/uploads\/sites\/511\/2023\/10\/ATA_PPGEPT_COL_2021_40.pdf\">ATA_PPGEPT_COL_2021_40<\/a><\/p>\n<p><a href=\"https:\/\/www.ufsm.br\/app\/uploads\/sites\/511\/2023\/10\/ATA_PPGEPT_COL_2021_39.pdf\">ATA_PPGEPT_COL_2021_39<\/a><\/p>\n<p><a href=\"https:\/\/www.ufsm.br\/app\/uploads\/sites\/511\/2023\/10\/ATA_PPGEPT_COL_2021_38.pdf\">ATA_PPGEPT_COL_2021_38<\/a><\/p>\n<p><a href=\"https:\/\/www.ufsm.br\/app\/uploads\/sites\/511\/2023\/10\/ATA_PPGEPT_COL_2021_37.pdf\">ATA_PPGEPT_COL_2021_37<\/a><\/p>\n<p><a href=\"https:\/\/www.ufsm.br\/app\/uploads\/sites\/511\/2023\/10\/ATA_PPGEPT_COL_2020_36.pdf\">ATA_PPGEPT_COL_2020_36<\/a><\/p>\n<p><a href=\"https:\/\/www.ufsm.br\/app\/uploads\/sites\/511\/2023\/10\/ATA_PPGEPT_COL_2020_35.pdf\">ATA_PPGEPT_COL_2020_35<\/a><\/p>\n<p><a href=\"https:\/\/www.ufsm.br\/app\/uploads\/sites\/511\/2023\/10\/ATA_PPGEPT_COL_2020_34.pdf\">ATA_PPGEPT_COL_2020_34<\/a><\/p>\n<p>\u00a0<\/p>\n","protected":false},"excerpt":{"rendered":"<p>Do Colegiado do Programa de P\u00f3s-Gradua\u00e7\u00e3oArt. 12. O colegiado do programa de p\u00f3s-gradua\u00e7\u00e3o ser\u00e1 constitu\u00eddo por:I \u2013 coordenador(a) do programa, como Presidente;II \u2013 coordenador(a) substituto(a) do programa; e,III \u2013 representa\u00e7\u00f5es docente e discente, conforme definido no regulamento de cada programa de p\u00f3s-gradua\u00e7\u00e3o.\u00a7 1\u00b0 A constitui\u00e7\u00e3o do colegiado ser\u00e1 homologada pelo(a) diretor(a) da unidade de ensino [&hellip;]<\/p>\n","protected":false},"author":920,"featured_media":0,"parent":0,"menu_order":0,"comment_status":"closed","ping_status":"closed","template":"","meta":{"footnotes":""},"categories":[],"tags":[],"class_list":["post-682","page","type-page","status-publish","hentry"],"acf":[],"_links":{"self":[{"href":"https:\/\/www.ufsm.br\/cursos\/pos-graduacao\/santa-maria\/ppgept\/wp-json\/wp\/v2\/pages\/682","targetHints":{"allow":["GET"]}}],"collection":[{"href":"https:\/\/www.ufsm.br\/cursos\/pos-graduacao\/santa-maria\/ppgept\/wp-json\/wp\/v2\/pages"}],"about":[{"href":"https:\/\/www.ufsm.br\/cursos\/pos-graduacao\/santa-maria\/ppgept\/wp-json\/wp\/v2\/types\/page"}],"author":[{"embeddable":true,"href":"https:\/\/www.ufsm.br\/cursos\/pos-graduacao\/santa-maria\/ppgept\/wp-json\/wp\/v2\/users\/920"}],"replies":[{"embeddable":true,"href":"https:\/\/www.ufsm.br\/cursos\/pos-graduacao\/santa-maria\/ppgept\/wp-json\/wp\/v2\/comments?post=682"}],"version-history":[{"count":0,"href":"https:\/\/www.ufsm.br\/cursos\/pos-graduacao\/santa-maria\/ppgept\/wp-json\/wp\/v2\/pages\/682\/revisions"}],"wp:attachment":[{"href":"https:\/\/www.ufsm.br\/cursos\/pos-graduacao\/santa-maria\/ppgept\/wp-json\/wp\/v2\/media?parent=682"}],"wp:term":[{"taxonomy":"category","embeddable":true,"href":"https:\/\/www.ufsm.br\/cursos\/pos-graduacao\/santa-maria\/ppgept\/wp-json\/wp\/v2\/categories?post=682"},{"taxonomy":"post_tag","embeddable":true,"href":"https:\/\/www.ufsm.br\/cursos\/pos-graduacao\/santa-maria\/ppgept\/wp-json\/wp\/v2\/tags?post=682"}],"curies":[{"name":"wp","href":"https:\/\/api.w.org\/{rel}","templated":true}]}}