{"id":796,"date":"2020-05-12T14:58:07","date_gmt":"2020-05-12T17:58:07","guid":{"rendered":"https:\/\/www.ufsm.br\/cursos\/pos-graduacao\/santa-maria\/ppgept\/?page_id=796"},"modified":"2021-04-10T19:28:44","modified_gmt":"2021-04-10T22:28:44","slug":"dicas-ensino-remoto","status":"publish","type":"page","link":"https:\/\/www.ufsm.br\/cursos\/pos-graduacao\/santa-maria\/ppgept\/dicas-ensino-remoto","title":{"rendered":"Dicas para o Ensino Remoto"},"content":{"rendered":"\n<p>Desde a publica\u00e7\u00e3o da Normativa da UFSM que orienta o distanciamento social, o programa vem atuando de forma cont\u00ednua com a comunidade acad\u00eamica e a comunidade externa, por meio de palestras, oficinas, produ\u00e7\u00e3o e compartilhamento de materiais educacionais.<\/p>\n<p><a href=\"https:\/\/www.ufsm.br\/orgaos-suplementares\/cpd\/wp-content\/uploads\/sites\/350\/2020\/03\/Tutorial-Google-Classroom-1.pdf\"><strong>Manual uso do Google Classroom<\/strong><\/a><\/p>\n<p><strong>Videos cria\u00e7\u00e3o de podcasts<\/strong><\/p>\n<ul>\n<li><a href=\"https:\/\/www.ufsm.br\/pro-reitorias\/prograd\/wp-content\/uploads\/sites\/342\/2020\/04\/podcast_como_ferramenta_educacional_00_introducao.mp4\"><strong>Introdu\u00e7\u00e3o<\/strong><\/a>&nbsp;(arquivo .mp4)&nbsp;<\/li>\n<li><a href=\"https:\/\/www.ufsm.br\/pro-reitorias\/prograd\/wp-content\/uploads\/sites\/342\/2020\/04\/podcast_como_ferramenta_educacional_01_aula1.mp4\"><strong>Aula 1<\/strong>&nbsp;<\/a>(arquivo .mp4): Grava\u00e7\u00e3o de Podcast usando Audacity<\/li>\n<li><a href=\"https:\/\/www.ufsm.br\/pro-reitorias\/prograd\/wp-content\/uploads\/sites\/342\/2020\/04\/podcast_como_ferramenta_educacional_02_aula2.mp4\"><strong>Aula 2<\/strong><\/a>&nbsp;(arquivo .mp4): Redu\u00e7\u00e3o de ru\u00eddo usando Audacity<\/li>\n<li><a href=\"https:\/\/www.ufsm.br\/pro-reitorias\/prograd\/wp-content\/uploads\/sites\/342\/2020\/04\/podcast_como_ferramenta_educacional_03_aula3.mp4\"><strong>Aula 3<\/strong><\/a>&nbsp;(arquivo .mp4): Ferramentas: sele\u00e7\u00e3o, mover, envelopar<\/li>\n<li><strong><a href=\"https:\/\/youtu.be\/hnhU0hNNMSM\">Aula 4<\/a><\/strong> (arquivo .mp4): Efeito amplificar<\/li>\n<li><strong><a href=\"https:\/\/youtu.be\/HObJah2AxwE\">Aula 5<\/a>&nbsp;<\/strong>(arquivo .mp4): Normalizar\/ diminuir pico de amplitude<\/li>\n<li><strong><a href=\"https:\/\/youtu.be\/4PzIwRGObWI\">Aula 6<\/a>&nbsp;<\/strong>(arquivo .mp4): Fade in \/ Fade out<\/li>\n<li><strong><a href=\"https:\/\/youtu.be\/st5kko0q_xI\">Aula 7 <\/a><\/strong>(arquivo .mp4): Eco\/ graves e agudos<\/li>\n<li><strong><a href=\"https:\/\/youtu.be\/eMipVkYab9Q\">Aula 8<\/a>&nbsp;<\/strong>(arquivo .mp4): Voz metalizada\/ robotizada\/ delay<\/li>\n<li><strong><a href=\"https:\/\/youtu.be\/fPELMFCJ26M\">Aula 9<\/a>&nbsp;<\/strong>(arquivo .mp4): Exportar \u00e1udio<\/li>\n<\/ul>\n<p><strong>&nbsp;Sound Cloud<\/strong><\/p>\n<ul>\n<li><a href=\"https:\/\/www.ufsm.br\/cursos\/pos-graduacao\/santa-maria\/ppgept\/wp-content\/uploads\/sites\/511\/2020\/05\/Titorial-SoundCloud-1.pdf\"><strong>Tutorial<\/strong><\/a><\/li>\n<\/ul>\n<p><strong>CMapTools<\/strong><\/p>\n<ul>\n<li><strong><a href=\"https:\/\/www.ufsm.br\/cursos\/pos-graduacao\/santa-maria\/ppgept\/wp-content\/uploads\/sites\/511\/2020\/05\/Instala%C3%A7%C3%A3o_CmapTools.pdf\">Guia de instala\u00e7\u00e3o da ferramenta para edi\u00e7\u00e3o de mapas conceituais<\/a><\/strong><\/li>\n<li><strong><a href=\"https:\/\/www.ufsm.br\/cursos\/pos-graduacao\/santa-maria\/ppgept\/wp-content\/uploads\/sites\/511\/2020\/05\/Tutorial_CmapTools.pdf\">Tutorial uso do Cmap Tools<\/a><\/strong><\/li>\n<\/ul>\n<p><a href=\"https:\/\/l.facebook.com\/l.php?u=https%3A%2F%2Fyoutu.be%2FKgZD6VhlsMI%3Ffbclid%3DIwAR1aozZymUbCrassjLOVoj3s41Hr743FbG2FdrQNwCDY1C52xMIIySv6bk0&amp;h=AT0rOfUGhPiaIJmF9aSgtd7V8woSxN3RUkFskvEm9fl4777I5MRq7tVRBQwj35Dysj7_t43EMyLDXgAw-tGPvD-_ePTn_lnZtE4TYF5ilZ7_lwioFrxEJUuPPNRMKHtige-9qmwKEKAnV1bVNDmloA\"><strong>Powtoon &#8211; v\u00eddeos animados<\/strong><\/a><\/p>\n<p><strong>Cria\u00e7\u00e3o de Infogr\u00e1ficos<\/strong><\/p>\n<ul>\n<li><a href=\"https:\/\/www.ufsm.br\/cursos\/pos-graduacao\/santa-maria\/ppgept\/wp-content\/uploads\/sites\/511\/2020\/05\/Tutorial-Canva.pdf\"><strong>Tutorial Canva 1<\/strong><\/a><\/li>\n<li><a href=\"https:\/\/www.ufsm.br\/cursos\/pos-graduacao\/santa-maria\/ppgept\/wp-content\/uploads\/sites\/511\/2020\/05\/Tutorial-CANVA-INFOGR\u00c1FICOS-1.pdf\"><strong>Tutorial Canva 2<\/strong><\/a><\/li>\n<\/ul>\n<p><strong>Google Tour Creator<\/strong><\/p>\n<ul>\n<li><a href=\"https:\/\/www.ufsm.br\/cursos\/pos-graduacao\/santa-maria\/ppgept\/wp-content\/uploads\/sites\/511\/2020\/05\/Tutorial-Google-Tour-Creator.pdf\"><strong>Tutorial<\/strong><\/a><\/li>\n<li>Exemplo: <a href=\"https:\/\/poly.google.com\/view\/4H_DPKfFwlO\">Laborat\u00f3rio 1318 P17 da UFSM<\/a> (clique na engrenagem no canto superior direito para ativar o som)<\/li>\n<\/ul>\n","protected":false},"excerpt":{"rendered":"<p>Desde a publica\u00e7\u00e3o da Normativa da UFSM que orienta o distanciamento social, o programa vem atuando de forma cont\u00ednua com a comunidade acad\u00eamica e a comunidade externa, por meio de palestras, oficinas, produ\u00e7\u00e3o e compartilhamento de materiais educacionais. Manual uso do Google Classroom Videos cria\u00e7\u00e3o de podcasts Introdu\u00e7\u00e3o&nbsp;(arquivo .mp4)&nbsp; Aula 1&nbsp;(arquivo .mp4): Grava\u00e7\u00e3o de Podcast [&hellip;]<\/p>\n","protected":false},"author":920,"featured_media":0,"parent":0,"menu_order":0,"comment_status":"closed","ping_status":"closed","template":"","meta":{"footnotes":""},"categories":[],"tags":[],"class_list":["post-796","page","type-page","status-publish","hentry"],"acf":[],"_links":{"self":[{"href":"https:\/\/www.ufsm.br\/cursos\/pos-graduacao\/santa-maria\/ppgept\/wp-json\/wp\/v2\/pages\/796","targetHints":{"allow":["GET"]}}],"collection":[{"href":"https:\/\/www.ufsm.br\/cursos\/pos-graduacao\/santa-maria\/ppgept\/wp-json\/wp\/v2\/pages"}],"about":[{"href":"https:\/\/www.ufsm.br\/cursos\/pos-graduacao\/santa-maria\/ppgept\/wp-json\/wp\/v2\/types\/page"}],"author":[{"embeddable":true,"href":"https:\/\/www.ufsm.br\/cursos\/pos-graduacao\/santa-maria\/ppgept\/wp-json\/wp\/v2\/users\/920"}],"replies":[{"embeddable":true,"href":"https:\/\/www.ufsm.br\/cursos\/pos-graduacao\/santa-maria\/ppgept\/wp-json\/wp\/v2\/comments?post=796"}],"version-history":[{"count":0,"href":"https:\/\/www.ufsm.br\/cursos\/pos-graduacao\/santa-maria\/ppgept\/wp-json\/wp\/v2\/pages\/796\/revisions"}],"wp:attachment":[{"href":"https:\/\/www.ufsm.br\/cursos\/pos-graduacao\/santa-maria\/ppgept\/wp-json\/wp\/v2\/media?parent=796"}],"wp:term":[{"taxonomy":"category","embeddable":true,"href":"https:\/\/www.ufsm.br\/cursos\/pos-graduacao\/santa-maria\/ppgept\/wp-json\/wp\/v2\/categories?post=796"},{"taxonomy":"post_tag","embeddable":true,"href":"https:\/\/www.ufsm.br\/cursos\/pos-graduacao\/santa-maria\/ppgept\/wp-json\/wp\/v2\/tags?post=796"}],"curies":[{"name":"wp","href":"https:\/\/api.w.org\/{rel}","templated":true}]}}