{"id":1055,"date":"2023-08-21T13:45:15","date_gmt":"2023-08-21T16:45:15","guid":{"rendered":"https:\/\/www.ufsm.br\/cursos\/pos-graduacao\/santa-maria\/ppgeq\/?page_id=1055"},"modified":"2023-08-21T13:45:16","modified_gmt":"2023-08-21T16:45:16","slug":"reserva-de-salas-pgs-ct","status":"publish","type":"page","link":"https:\/\/www.ufsm.br\/cursos\/pos-graduacao\/santa-maria\/ppgeq\/reserva-de-salas-pgs-ct","title":{"rendered":"Reserva de Salas PGs CT"},"content":{"rendered":"\n<p>Abaixo h\u00e1 a rela\u00e7\u00e3o de salas utilizadas pelos Programas de P\u00f3s-Gradua\u00e7\u00e3o do Centro de Tecnologia (CT), vinculados \u00e0 Secretaria Integrada de P\u00f3s-Gradua\u00e7\u00e3o do Centro de Tecnologia \u2013 SIPOG\/CT, para realiza\u00e7\u00e3o de aulas, defesas, reuni\u00f5es, entre outros.<\/p>\n<p>As solicita\u00e7\u00f5es de reservas podem ser feitas atrav\u00e9s de e-mail enviado \u00e0 SIPOG\/CT ou diretamente ao Programa de P\u00f3s-Gradua\u00e7\u00e3o:<\/p>\n<ul>\n<li>Secretaria Integrada de P\u00f3s-Gradua\u00e7\u00e3o do Centro de Tecnologia \u2013 SIPOG\/CT:\u00a0<a class=\"notranslate\" href=\"mailto:sipog.ct@ufsm.br\">sipog.ct@ufsm.br<\/a><\/li>\n<li>Programa de P\u00f3s-Gradua\u00e7\u00e3o em Arquitetura, Urbanismo e Paisagismo \u2013 PPGAUP:\u00a0<a class=\"notranslate\" href=\"mailto:ppgaup@ufsm.br\">ppgaup@ufsm.br<\/a><\/li>\n<li>Programa de P\u00f3s-Gradua\u00e7\u00e3o em Ci\u00eancia da Computa\u00e7\u00e3o \u2013 PPGCC:\u00a0<a class=\"notranslate\" href=\"mailto:ppgcc@ufsm.br\">ppgcc@ufsm.br<\/a><\/li>\n<li>Programa de P\u00f3s-Gradua\u00e7\u00e3o em Engenharia Ambiental \u2013 PPGEAmb:\u00a0<a class=\"notranslate\" href=\"mailto:ppgeamb@ufsm.br\">ppgeamb@ufsm.br<\/a><\/li>\n<li>Programa de P\u00f3s-Gradua\u00e7\u00e3o em Engenharia Civil \u2013 PPGEC:\u00a0<a class=\"notranslate\" href=\"mailto:ppgec@ufsm.br\">ppgec@ufsm.br<\/a><\/li>\n<li>Programa de P\u00f3s-Gradua\u00e7\u00e3o em Engenharia El\u00e9trica \u2013 PPGEE:\u00a0<a class=\"notranslate\" href=\"mailto:ppgee@ufsm.br\">ppgee@ufsm.br\u00a0<\/a><\/li>\n<li>Programa de P\u00f3s-Gradua\u00e7\u00e3o em Engenharia Mec\u00e2nica \u2013 PGMEC:\u00a0<a class=\"notranslate\" href=\"mailto:pgmec@ufsm.br\">pgmec@ufsm.br<\/a><\/li>\n<li>Programa de P\u00f3s-Gradua\u00e7\u00e3o em Engenharia de Produ\u00e7\u00e3o \u2013 PPGEP:\u00a0<a class=\"notranslate\" href=\"mailto:ppgep@ufsm.br\">ppgep@ufsm.br<\/a><\/li>\n<li>Programa de P\u00f3s-Gradua\u00e7\u00e3o em Engenharia Qu\u00edmica \u2013 PPGEQ:\u00a0<a class=\"notranslate\" href=\"mailto:ppgeq@ufsm.br\">ppgeq@ufsm.br<\/a><\/li>\n<\/ul>\n<p>A visualiza\u00e7\u00e3o de hor\u00e1rios de cada sala pode ser feita atrav\u00e9s dos links abaixo:<\/p>\n<ul>\n<li><strong>Sala 2048A Pr\u00e9dio INPE<\/strong>\u00a0(<a href=\"https:\/\/calendar.google.com\/calendar\/embed?src=fnicbpo4nrfasvisvf8kfr1cbo%40group.calendar.google.com&amp;ctz=America%2FSao_Paulo\" target=\"_blank\" rel=\"noopener noreferrer\">visualizar hor\u00e1rios<\/a>): 10 lugares. Mesas Escolares. Quadro Branco. Datashow. TV. Ar-condicionado.<\/li>\n<li><strong>Sala 2048B Pr\u00e9dio INPE<\/strong>\u00a0(<a href=\"https:\/\/calendar.google.com\/calendar\/embed?src=7refdki7umm5bh25bfbk31iu78%40group.calendar.google.com&amp;ctz=America%2FSao_Paulo\" target=\"_blank\" rel=\"noopener noreferrer\">visualizar hor\u00e1rios<\/a>): 20 lugares. Mesas Escolares. Quadro Branco. Datashow. TV. Ar-condicionado.<\/li>\n<li><strong>Sala 2052A<\/strong>\u00a0<strong>Pr\u00e9dio INPE\u00a0<\/strong>(<a href=\"https:\/\/calendar.google.com\/calendar\/embed?src=s81588fukf1asji1r85ga4nllo%40group.calendar.google.com&amp;ctz=America%2FSao_Paulo\" target=\"_blank\" rel=\"noopener noreferrer\">visualizar hor\u00e1rios<\/a>): 10 lugares. Mesa de Reuni\u00e3o. Quadro Branco. TV. Ar-condicionado.<\/li>\n<li><strong>Sala 2052B<\/strong>\u00a0<strong>Pr\u00e9dio INPE\u00a0<\/strong>(<a href=\"https:\/\/calendar.google.com\/calendar\/u\/0\/embed?src=ukk3f0dlba9330e6cvdn6er810@group.calendar.google.com&amp;ctz=America\/Sao_Paulo\" target=\"_blank\" rel=\"noopener\">visualizar hor\u00e1rios<\/a>): 20 lugares. Mesas Escolares. Quadro Branco. Datashow. TV. Ar-condicionado.<\/li>\n<li><strong>Sala 2053 Pr\u00e9dio INPE<\/strong>\u00a0(<a href=\"https:\/\/calendar.google.com\/calendar\/embed?src=1m8q72h0m0ubj3vi2piipcv5gk%40group.calendar.google.com&amp;ctz=America%2FSao_Paulo\" target=\"_blank\" rel=\"noopener noreferrer\">visualizar hor\u00e1rios<\/a>): 20 lugares. Mesas Escolares. Quadro Branco. Datashow. TV. Ar-condicionado. Videoconfer\u00eancia.<\/li>\n<li><strong>Sala 2054 Pr\u00e9dio INPE\u00a0<\/strong>(<a href=\"https:\/\/calendar.google.com\/calendar\/embed?src=dl0i22bsnf1jjs1lo5j0f6tc04%40group.calendar.google.com&amp;ctz=America%2FSao_Paulo\" target=\"_blank\" rel=\"noopener\">visualizar hor\u00e1rios<\/a>)<strong>:\u00a0<\/strong>20 lugares. Mesas Escolares. Quadro Branco. Datashow. TV. Ar-condicionado.<\/li>\n<li><strong>Sala 2055 Pr\u00e9dio INPE<\/strong>\u00a0(<a href=\"https:\/\/calendar.google.com\/calendar\/embed?src=pge1n323sccblprc182r622s50%40group.calendar.google.com&amp;ctz=America%2FSao_Paulo\" target=\"_blank\" rel=\"noopener noreferrer\">visualizar hor\u00e1rios<\/a>): 26 lugares. Mesas redondas. Quadro Branco. Datashow. TV. Ar-condicionado. Videoconfer\u00eancia.<\/li>\n<li><strong>Audit\u00f3rio Pr\u00e9dio 9B<\/strong>\u00a0(<a href=\"https:\/\/calendar.google.com\/calendar\/embed?src=if934afdsvkhlc2s6sv56vu96g%40group.calendar.google.com&amp;ctz=America%2FSao_Paulo\" target=\"_blank\" rel=\"noopener noreferrer\">visualizar hor\u00e1rios<\/a>): 30 lugares. Cadeiras de Bra\u00e7o. Quadro Branco. Datashow. Ar-condicionado.<\/li>\n<li><strong>Sala 259 Anexo A CT<\/strong>\u00a0(<a href=\"https:\/\/calendar.google.com\/calendar\/embed?src=c7d3jmg89b8m2okb6he7qrsar8%40group.calendar.google.com&amp;ctz=America%2FSao_Paulo\" target=\"_blank\" rel=\"noopener noreferrer\">visualizar hor\u00e1rios<\/a>): 30 lugares. Mesas Escolares. Quadro Branco. Datashow. Ar-condicionado.<\/li>\n<li><strong>Sala 305<\/strong>\u00a0<strong>(Pr\u00e9dio CT)<\/strong>\u00a0(<a href=\"https:\/\/calendar.google.com\/calendar\/embed?src=ihkldgdn3g311f02u6236is7tk%40group.calendar.google.com&amp;ctz=America%2FSao_Paulo\" target=\"_blank\" rel=\"noopener noreferrer\">visualizar hor\u00e1rios<\/a>): 30 lugares. Cadeiras de Bra\u00e7o. Quadro Branco. Datashow. Ar-condicionado.<\/li>\n<li><strong>Sala 305A<\/strong>\u00a0<strong>(Pr\u00e9dio CT)\u00a0<\/strong>(<a href=\"https:\/\/calendar.google.com\/calendar\/embed?src=flqbj8a8dj37loer38free1sec%40group.calendar.google.com&amp;ctz=America%2FSao_Paulo\" target=\"_blank\" rel=\"noopener noreferrer\">visualizar hor\u00e1rios<\/a>): 31 lugares. Mesas Escolares. Quadro Branco. Datashow. Ar-condicionado.<\/li>\n<li><strong>Sala 321A (Pr\u00e9dio CT)\u00a0<\/strong>(<a href=\"https:\/\/calendar.google.com\/calendar\/embed?src=fj25m9tmj2imbv64ok0kroe8u8%40group.calendar.google.com&amp;ctz=America%2FSao_Paulo\" target=\"_blank\" rel=\"noopener noreferrer\">visualizar hor\u00e1rios<\/a>): 10 lugares. Cadeiras de Bra\u00e7o. Quadro Branco. Datashow. Ar-condicionado.<\/li>\n<li><strong>Sala 321B (Pr\u00e9dio CT)<\/strong>\u00a0(<a href=\"https:\/\/calendar.google.com\/calendar\/embed?src=4su8jbpg3sdb4srp7sesse2m3s%40group.calendar.google.com&amp;ctz=America%2FSao_Paulo\" target=\"_blank\" rel=\"noopener noreferrer\">visualizar hor\u00e1rios<\/a>): 10 lugares. Mesa de Reuni\u00f5es. Cadeiras de Bra\u00e7o. Quadro Branco. Datashow. TV. Ar-condicionado.<\/li>\n<\/ul>\n","protected":false},"excerpt":{"rendered":"<p>Abaixo h\u00e1 a rela\u00e7\u00e3o de salas utilizadas pelos Programas de P\u00f3s-Gradua\u00e7\u00e3o do Centro de Tecnologia (CT), vinculados \u00e0 Secretaria Integrada de P\u00f3s-Gradua\u00e7\u00e3o do Centro de Tecnologia \u2013 SIPOG\/CT, para realiza\u00e7\u00e3o de aulas, defesas, reuni\u00f5es, entre outros. As solicita\u00e7\u00f5es de reservas podem ser feitas atrav\u00e9s de e-mail enviado \u00e0 SIPOG\/CT ou diretamente ao Programa de P\u00f3s-Gradua\u00e7\u00e3o: [&hellip;]<\/p>\n","protected":false},"author":673,"featured_media":0,"parent":0,"menu_order":0,"comment_status":"closed","ping_status":"closed","template":"","meta":{"footnotes":""},"categories":[],"tags":[],"class_list":["post-1055","page","type-page","status-publish","hentry"],"acf":[],"_links":{"self":[{"href":"https:\/\/www.ufsm.br\/cursos\/pos-graduacao\/santa-maria\/ppgeq\/wp-json\/wp\/v2\/pages\/1055","targetHints":{"allow":["GET"]}}],"collection":[{"href":"https:\/\/www.ufsm.br\/cursos\/pos-graduacao\/santa-maria\/ppgeq\/wp-json\/wp\/v2\/pages"}],"about":[{"href":"https:\/\/www.ufsm.br\/cursos\/pos-graduacao\/santa-maria\/ppgeq\/wp-json\/wp\/v2\/types\/page"}],"author":[{"embeddable":true,"href":"https:\/\/www.ufsm.br\/cursos\/pos-graduacao\/santa-maria\/ppgeq\/wp-json\/wp\/v2\/users\/673"}],"replies":[{"embeddable":true,"href":"https:\/\/www.ufsm.br\/cursos\/pos-graduacao\/santa-maria\/ppgeq\/wp-json\/wp\/v2\/comments?post=1055"}],"version-history":[{"count":0,"href":"https:\/\/www.ufsm.br\/cursos\/pos-graduacao\/santa-maria\/ppgeq\/wp-json\/wp\/v2\/pages\/1055\/revisions"}],"wp:attachment":[{"href":"https:\/\/www.ufsm.br\/cursos\/pos-graduacao\/santa-maria\/ppgeq\/wp-json\/wp\/v2\/media?parent=1055"}],"wp:term":[{"taxonomy":"category","embeddable":true,"href":"https:\/\/www.ufsm.br\/cursos\/pos-graduacao\/santa-maria\/ppgeq\/wp-json\/wp\/v2\/categories?post=1055"},{"taxonomy":"post_tag","embeddable":true,"href":"https:\/\/www.ufsm.br\/cursos\/pos-graduacao\/santa-maria\/ppgeq\/wp-json\/wp\/v2\/tags?post=1055"}],"curies":[{"name":"wp","href":"https:\/\/api.w.org\/{rel}","templated":true}]}}