{"id":1146,"date":"2024-10-03T08:31:39","date_gmt":"2024-10-03T11:31:39","guid":{"rendered":"https:\/\/www.ufsm.br\/cursos\/pos-graduacao\/santa-maria\/ppgeq\/?page_id=1146"},"modified":"2026-03-12T08:30:42","modified_gmt":"2026-03-12T11:30:42","slug":"distribuicao-de-orientacoes","status":"publish","type":"page","link":"https:\/\/www.ufsm.br\/cursos\/pos-graduacao\/santa-maria\/ppgeq\/distribuicao-de-orientacoes","title":{"rendered":"Distribui\u00e7\u00e3o de Orienta\u00e7\u00f5es"},"content":{"rendered":"\t\t<div data-elementor-type=\"wp-page\" data-elementor-id=\"1146\" class=\"elementor elementor-1146\">\n\t\t\t\t\t\t<section class=\"elementor-section elementor-top-section elementor-element elementor-element-6a9d4057 elementor-section-boxed elementor-section-height-default elementor-section-height-default\" data-id=\"6a9d4057\" data-element_type=\"section\">\n\t\t\t\t\t\t<div class=\"elementor-container elementor-column-gap-default\">\n\t\t\t\t\t<div class=\"elementor-column elementor-col-100 elementor-top-column elementor-element elementor-element-67cb7e9e\" data-id=\"67cb7e9e\" data-element_type=\"column\">\n\t\t\t<div class=\"elementor-widget-wrap elementor-element-populated\">\n\t\t\t\t\t\t<div class=\"elementor-element elementor-element-1a73f85e elementor-widget elementor-widget-text-editor\" data-id=\"1a73f85e\" data-element_type=\"widget\" data-widget_type=\"text-editor.default\">\n\t\t\t\t<div class=\"elementor-widget-container\">\n\t\t\t\t\t\t\t<ul>\n<li><a href=\"https:\/\/www.ufsm.br\/app\/uploads\/sites\/536\/2024\/10\/Distribuicao-de-orientacoes-Edital-031-1a-janela-2024-1.pdf\">1\u00aa Janela de Ingresso 2024 &#8211; Edital N\u00ba 031\/2023 PRPGP\/UFSM<\/a><\/li>\n<li><a href=\"https:\/\/www.ufsm.br\/app\/uploads\/sites\/536\/2024\/10\/Ditribuicao-de-Orientacoes-Edital-031-2023-2a-e-3a-janela.pdf\">2\u00aa e 3\u00aa Janela de Ingresso 2024 &#8211; Edital N\u00ba 031\/2023 PRPGP\/UFSM<\/a><\/li>\n<li><a href=\"https:\/\/www.ufsm.br\/app\/uploads\/sites\/536\/2025\/09\/1a-Janela-de-Ingresso-2024-Edital-No-065-2024-PRPGP-UFSM.pdf\">1\u00aa Janela de Ingresso 2025 &#8211; Edital N\u00ba 065\/2024 PRPGP\/UFSM<\/a><\/li>\n<li><a href=\"https:\/\/www.ufsm.br\/app\/uploads\/sites\/536\/2025\/09\/2a-Janela-de-Ingresso-2024-Edital-No-065-2024-PRPGP-UFSM.pdf\">2\u00aa Janela de Ingresso 2025 &#8211; Edital N\u00ba 065\/2024 PRPGP\/UFSM<\/a><\/li>\n<li><a href=\"https:\/\/www.ufsm.br\/app\/uploads\/sites\/536\/2025\/09\/3a-Janela-de-Ingresso-2024-Edital-No-065-2024-PRPGP-UFSM.pdf\">3\u00aa Janela de Ingresso 2025 &#8211; Edital N\u00ba 065\/2024 PRPGP\/UFSM<\/a><\/li>\n<li><a href=\"https:\/\/www.ufsm.br\/app\/uploads\/sites\/536\/2026\/03\/DISTRIBUICAO-DE-ORIENTACOES-MSC-DSC-2026-1o-janela.pdf\">1\u00aa Janela de ingresso 2026 &#8211; Edital N\u00ba 030\/2025 PRPGP\/UFSM<\/a><\/li>\n<\/ul>\n<p><!-- \/wp:tadv\/classic-paragraph --><!-- wp:tadv\/classic-paragraph \/--><!-- wp:tadv\/classic-paragraph \/--><\/p>\t\t\t\t\t\t<\/div>\n\t\t\t\t<\/div>\n\t\t\t\t\t<\/div>\n\t\t<\/div>\n\t\t\t\t\t<\/div>\n\t\t<\/section>\n\t\t\t\t<\/div>\n\t\t","protected":false},"excerpt":{"rendered":"<p>1\u00aa Janela de Ingresso 2024 &#8211; Edital N\u00ba 031\/2023 PRPGP\/UFSM 2\u00aa e 3\u00aa Janela de Ingresso 2024 &#8211; Edital N\u00ba 031\/2023 PRPGP\/UFSM 1\u00aa Janela de Ingresso 2025 &#8211; Edital N\u00ba 065\/2024 PRPGP\/UFSM 2\u00aa Janela de Ingresso 2025 &#8211; Edital N\u00ba 065\/2024 PRPGP\/UFSM 3\u00aa Janela de Ingresso 2025 &#8211; Edital N\u00ba 065\/2024 PRPGP\/UFSM 1\u00aa Janela de [&hellip;]<\/p>\n","protected":false},"author":673,"featured_media":0,"parent":0,"menu_order":0,"comment_status":"closed","ping_status":"closed","template":"","meta":{"footnotes":""},"categories":[],"tags":[],"class_list":["post-1146","page","type-page","status-publish","hentry"],"acf":[],"_links":{"self":[{"href":"https:\/\/www.ufsm.br\/cursos\/pos-graduacao\/santa-maria\/ppgeq\/wp-json\/wp\/v2\/pages\/1146","targetHints":{"allow":["GET"]}}],"collection":[{"href":"https:\/\/www.ufsm.br\/cursos\/pos-graduacao\/santa-maria\/ppgeq\/wp-json\/wp\/v2\/pages"}],"about":[{"href":"https:\/\/www.ufsm.br\/cursos\/pos-graduacao\/santa-maria\/ppgeq\/wp-json\/wp\/v2\/types\/page"}],"author":[{"embeddable":true,"href":"https:\/\/www.ufsm.br\/cursos\/pos-graduacao\/santa-maria\/ppgeq\/wp-json\/wp\/v2\/users\/673"}],"replies":[{"embeddable":true,"href":"https:\/\/www.ufsm.br\/cursos\/pos-graduacao\/santa-maria\/ppgeq\/wp-json\/wp\/v2\/comments?post=1146"}],"version-history":[{"count":0,"href":"https:\/\/www.ufsm.br\/cursos\/pos-graduacao\/santa-maria\/ppgeq\/wp-json\/wp\/v2\/pages\/1146\/revisions"}],"wp:attachment":[{"href":"https:\/\/www.ufsm.br\/cursos\/pos-graduacao\/santa-maria\/ppgeq\/wp-json\/wp\/v2\/media?parent=1146"}],"wp:term":[{"taxonomy":"category","embeddable":true,"href":"https:\/\/www.ufsm.br\/cursos\/pos-graduacao\/santa-maria\/ppgeq\/wp-json\/wp\/v2\/categories?post=1146"},{"taxonomy":"post_tag","embeddable":true,"href":"https:\/\/www.ufsm.br\/cursos\/pos-graduacao\/santa-maria\/ppgeq\/wp-json\/wp\/v2\/tags?post=1146"}],"curies":[{"name":"wp","href":"https:\/\/api.w.org\/{rel}","templated":true}]}}