{"id":158,"date":"2019-01-23T10:01:23","date_gmt":"2019-01-23T12:01:23","guid":{"rendered":"https:\/\/www.ufsm.br\/cursos\/pos-graduacao\/santa-maria\/ppgeq\/?page_id=158"},"modified":"2025-08-08T11:35:09","modified_gmt":"2025-08-08T14:35:09","slug":"comissao-de-bolsas","status":"publish","type":"page","link":"https:\/\/www.ufsm.br\/cursos\/pos-graduacao\/santa-maria\/ppgeq\/comissao-de-bolsas","title":{"rendered":"Comiss\u00e3o de bolsas"},"content":{"rendered":"\n<p><strong>Conforme a Portaria N\u00ba 187\/2024, de 07 de agosto de 2025, comp\u00f5em a Comiss\u00e3o de Bolsas do Programa de P\u00f3s-Gradua\u00e7\u00e3o em Engenharia Qu\u00edmica da UFSM, os seguintes Professores(as) e representantes discentes:<\/strong><\/p>\n<p>Prof. Ederson Rossi Abaide \u2013 Presidente<\/p>\n<p>Prof. Eduardo Hiromitsu Tanabe (Membro efetivo)<\/p>\n<p>Prof.\u00aa Fernanda de Castilhos (Suplente)<\/p>\n<p>Disc Luiza B\u00f4lla de Menezes \u2013 Representante discente (Membro efetivo)<\/p>\n<p>\u00a0<\/p>\n","protected":false},"excerpt":{"rendered":"<p>Conforme a Portaria N\u00ba 187\/2024, de 07 de agosto de 2025, comp\u00f5em a Comiss\u00e3o de Bolsas do Programa de P\u00f3s-Gradua\u00e7\u00e3o em Engenharia Qu\u00edmica da UFSM, os seguintes Professores(as) e representantes discentes: Prof. Ederson Rossi Abaide \u2013 Presidente Prof. Eduardo Hiromitsu Tanabe (Membro efetivo) Prof.\u00aa Fernanda de Castilhos (Suplente) Disc Luiza B\u00f4lla de Menezes \u2013 Representante [&hellip;]<\/p>\n","protected":false},"author":194,"featured_media":0,"parent":0,"menu_order":0,"comment_status":"closed","ping_status":"closed","template":"","meta":{"footnotes":""},"categories":[],"tags":[],"class_list":["post-158","page","type-page","status-publish","hentry"],"acf":[],"_links":{"self":[{"href":"https:\/\/www.ufsm.br\/cursos\/pos-graduacao\/santa-maria\/ppgeq\/wp-json\/wp\/v2\/pages\/158","targetHints":{"allow":["GET"]}}],"collection":[{"href":"https:\/\/www.ufsm.br\/cursos\/pos-graduacao\/santa-maria\/ppgeq\/wp-json\/wp\/v2\/pages"}],"about":[{"href":"https:\/\/www.ufsm.br\/cursos\/pos-graduacao\/santa-maria\/ppgeq\/wp-json\/wp\/v2\/types\/page"}],"author":[{"embeddable":true,"href":"https:\/\/www.ufsm.br\/cursos\/pos-graduacao\/santa-maria\/ppgeq\/wp-json\/wp\/v2\/users\/194"}],"replies":[{"embeddable":true,"href":"https:\/\/www.ufsm.br\/cursos\/pos-graduacao\/santa-maria\/ppgeq\/wp-json\/wp\/v2\/comments?post=158"}],"version-history":[{"count":0,"href":"https:\/\/www.ufsm.br\/cursos\/pos-graduacao\/santa-maria\/ppgeq\/wp-json\/wp\/v2\/pages\/158\/revisions"}],"wp:attachment":[{"href":"https:\/\/www.ufsm.br\/cursos\/pos-graduacao\/santa-maria\/ppgeq\/wp-json\/wp\/v2\/media?parent=158"}],"wp:term":[{"taxonomy":"category","embeddable":true,"href":"https:\/\/www.ufsm.br\/cursos\/pos-graduacao\/santa-maria\/ppgeq\/wp-json\/wp\/v2\/categories?post=158"},{"taxonomy":"post_tag","embeddable":true,"href":"https:\/\/www.ufsm.br\/cursos\/pos-graduacao\/santa-maria\/ppgeq\/wp-json\/wp\/v2\/tags?post=158"}],"curies":[{"name":"wp","href":"https:\/\/api.w.org\/{rel}","templated":true}]}}