{"id":217,"date":"2019-01-23T12:05:26","date_gmt":"2019-01-23T14:05:26","guid":{"rendered":"https:\/\/www.ufsm.br\/cursos\/pos-graduacao\/santa-maria\/ppgeq\/?page_id=217"},"modified":"2024-09-25T09:47:08","modified_gmt":"2024-09-25T12:47:08","slug":"formularios","status":"publish","type":"page","link":"https:\/\/www.ufsm.br\/cursos\/pos-graduacao\/santa-maria\/ppgeq\/formularios","title":{"rendered":"Formul\u00e1rios"},"content":{"rendered":"\n<ul>\n<li>\n<h6><a href=\"https:\/\/www.ufsm.br\/cursos\/pos-graduacao\/santa-maria\/ppgeq\/wp-content\/uploads\/sites\/536\/2019\/01\/Autoriza\u00e7\u00e3o_para_libera\u00e7\u00e3o_on_line_de_disserta\u00e7\u00f5es_e_teses.doc\">Autoriza\u00e7\u00e3o para libera\u00e7\u00e3o on line de disserta\u00e7\u00f5es e teses<\/a><\/h6>\n<\/li>\n<li>\n<h6><a href=\"https:\/\/www.ufsm.br\/app\/uploads\/sites\/536\/2023\/03\/Requerimento_de_Dispensa_ou_Aproveitamento_de_Disciplinas-NCAPG.docx\">Dispensa e aproveitamento de disciplinas<\/a><\/h6>\n<\/li>\n<li><a href=\"https:\/\/www.ufsm.br\/app\/uploads\/sites\/536\/2024\/09\/Requerimento_Comprovacao_Suf_Lingua_Estrangeira_NCAPG-3.docx\">Requerimento de comprova\u00e7\u00e3o de sufici\u00eancia em l\u00edngua estrangeira<\/a><\/li>\n<li>\n<h6><a href=\"https:\/\/www.ufsm.br\/cursos\/pos-graduacao\/santa-maria\/ppgeq\/wp-content\/uploads\/sites\/536\/2019\/01\/Disserta\u00e7\u00f5es_ou_teses_com_informa\u00e7\u00f5es_sigilosas.doc\">Disserta\u00e7\u00f5es ou teses com informa\u00e7\u00f5es sigilosas<\/a><\/h6>\n<\/li>\n<li>\n<h6><a href=\"https:\/\/www.ufsm.br\/app\/uploads\/sites\/536\/2022\/06\/PLANO_DE_DOCENCIA_ORIENTADA.docx\">Plano de doc\u00eancia orientada<\/a><\/h6>\n<\/li>\n<li>\n<h6><a href=\"https:\/\/www.ufsm.br\/cursos\/pos-graduacao\/santa-maria\/ppgeq\/wp-content\/uploads\/sites\/536\/2019\/01\/Regularizacao_de_co_orienta\u00e7\u00e3o.doc\">Regulariza\u00e7\u00e3o de co-orienta\u00e7\u00e3o<\/a><\/h6>\n<\/li>\n<li>\n<h6><a href=\"https:\/\/www.ufsm.br\/cursos\/pos-graduacao\/santa-maria\/ppgeq\/wp-content\/uploads\/sites\/536\/2019\/01\/Termo_de_confidencialidade_e_sigilo.doc\">Termo de confidencialidade e sigilo<\/a><\/h6>\n<\/li>\n<li>\n<h6><a href=\"http:\/\/w3.ufsm.br\/biblioteca\/index.php\/sib-ufsm\/normas\">Manual de disserta\u00e7\u00f5es e teses: Estrutura e apresenta\u00e7\u00e3o<\/a><\/h6>\n<\/li>\n<li>\n<h6><a href=\"https:\/\/www.ufsm.br\/cursos\/pos-graduacao\/santa-maria\/ppgeq\/wp-content\/uploads\/sites\/536\/2019\/01\/Solicita\u00e7\u00e3o_de_matr\u00edcula_extracurricular.docx\">Solicita\u00e7\u00e3o de matr\u00edcula extracurricular<\/a>\u00a0 \u00a0 \u00a0\u00a0<\/h6>\n<\/li>\n<li>\n<h6><a href=\"https:\/\/www.ufsm.br\/cursos\/pos-graduacao\/santa-maria\/ppgeq\/wp-content\/uploads\/sites\/536\/2019\/10\/RequerimentoProrrogacaoPrazoDefesaStrictoSensu.pdf\">Requerimento para Prorroga\u00e7\u00e3o de Prazo de Defesa<\/a><\/h6>\n<\/li>\n<li>\n<h6><a href=\"https:\/\/docs.google.com\/forms\/d\/e\/1FAIpQLSewcX-sLxDEWK4Ktf-axiOxA111m6K_KrJAKg-yLi4LnFoUAA\/viewform?usp=sf_link\">Relat\u00f3rio P\u00f3s-defesa<\/a><\/h6>\n<\/li>\n<\/ul>\n","protected":false},"excerpt":{"rendered":"<p>Autoriza\u00e7\u00e3o para libera\u00e7\u00e3o on line de disserta\u00e7\u00f5es e teses Dispensa e aproveitamento de disciplinas Requerimento de comprova\u00e7\u00e3o de sufici\u00eancia em l\u00edngua estrangeira Disserta\u00e7\u00f5es ou teses com informa\u00e7\u00f5es sigilosas Plano de doc\u00eancia orientada Regulariza\u00e7\u00e3o de co-orienta\u00e7\u00e3o Termo de confidencialidade e sigilo Manual de disserta\u00e7\u00f5es e teses: Estrutura e apresenta\u00e7\u00e3o Solicita\u00e7\u00e3o de matr\u00edcula extracurricular\u00a0 \u00a0 \u00a0\u00a0 Requerimento [&hellip;]<\/p>\n","protected":false},"author":194,"featured_media":0,"parent":0,"menu_order":0,"comment_status":"closed","ping_status":"closed","template":"","meta":{"footnotes":""},"categories":[],"tags":[],"class_list":["post-217","page","type-page","status-publish","hentry"],"acf":[],"_links":{"self":[{"href":"https:\/\/www.ufsm.br\/cursos\/pos-graduacao\/santa-maria\/ppgeq\/wp-json\/wp\/v2\/pages\/217","targetHints":{"allow":["GET"]}}],"collection":[{"href":"https:\/\/www.ufsm.br\/cursos\/pos-graduacao\/santa-maria\/ppgeq\/wp-json\/wp\/v2\/pages"}],"about":[{"href":"https:\/\/www.ufsm.br\/cursos\/pos-graduacao\/santa-maria\/ppgeq\/wp-json\/wp\/v2\/types\/page"}],"author":[{"embeddable":true,"href":"https:\/\/www.ufsm.br\/cursos\/pos-graduacao\/santa-maria\/ppgeq\/wp-json\/wp\/v2\/users\/194"}],"replies":[{"embeddable":true,"href":"https:\/\/www.ufsm.br\/cursos\/pos-graduacao\/santa-maria\/ppgeq\/wp-json\/wp\/v2\/comments?post=217"}],"version-history":[{"count":0,"href":"https:\/\/www.ufsm.br\/cursos\/pos-graduacao\/santa-maria\/ppgeq\/wp-json\/wp\/v2\/pages\/217\/revisions"}],"wp:attachment":[{"href":"https:\/\/www.ufsm.br\/cursos\/pos-graduacao\/santa-maria\/ppgeq\/wp-json\/wp\/v2\/media?parent=217"}],"wp:term":[{"taxonomy":"category","embeddable":true,"href":"https:\/\/www.ufsm.br\/cursos\/pos-graduacao\/santa-maria\/ppgeq\/wp-json\/wp\/v2\/categories?post=217"},{"taxonomy":"post_tag","embeddable":true,"href":"https:\/\/www.ufsm.br\/cursos\/pos-graduacao\/santa-maria\/ppgeq\/wp-json\/wp\/v2\/tags?post=217"}],"curies":[{"name":"wp","href":"https:\/\/api.w.org\/{rel}","templated":true}]}}