{"id":605,"date":"2019-10-08T10:38:04","date_gmt":"2019-10-08T13:38:04","guid":{"rendered":"https:\/\/www.ufsm.br\/cursos\/pos-graduacao\/santa-maria\/ppgeq\/?page_id=605"},"modified":"2025-05-07T09:50:04","modified_gmt":"2025-05-07T12:50:04","slug":"plano-de-estudos","status":"publish","type":"page","link":"https:\/\/www.ufsm.br\/cursos\/pos-graduacao\/santa-maria\/ppgeq\/plano-de-estudos","title":{"rendered":"Plano de Estudos"},"content":{"rendered":"\t\t<div data-elementor-type=\"wp-page\" data-elementor-id=\"605\" class=\"elementor elementor-605\">\n\t\t\t\t\t\t<section class=\"elementor-section elementor-top-section elementor-element elementor-element-1a83d600 elementor-section-boxed elementor-section-height-default elementor-section-height-default\" data-id=\"1a83d600\" data-element_type=\"section\">\n\t\t\t\t\t\t<div class=\"elementor-container elementor-column-gap-default\">\n\t\t\t\t\t<div class=\"elementor-column elementor-col-100 elementor-top-column elementor-element elementor-element-58e2b62a\" data-id=\"58e2b62a\" data-element_type=\"column\">\n\t\t\t<div class=\"elementor-widget-wrap elementor-element-populated\">\n\t\t\t\t\t\t<div class=\"elementor-element elementor-element-4b0ea0ba elementor-widget elementor-widget-text-editor\" data-id=\"4b0ea0ba\" data-element_type=\"widget\" data-widget_type=\"text-editor.default\">\n\t\t\t\t<div class=\"elementor-widget-container\">\n\t\t\t\t\t\t\t<!-- wp:tadv\/classic-paragraph -->\n<p class=\"ds-markdown-paragraph\">O Plano de Estudos \u00e9 o conjunto organizado de disciplinas curriculares que o aluno pretende cursar ao longo do programa. Sua elabora\u00e7\u00e3o \u00e9 obrigat\u00f3ria no primeiro semestre do curso, e o n\u00e3o cumprimento impossibilitar\u00e1 a matr\u00edcula para o segundo semestre.<\/p>\n<p><strong>Como Elaborar o Plano de Estudos<\/strong><\/p>\n<p>O plano deve ser desenvolvido pelo discente em comum acordo com o orientador, considerando a natureza da pesquisa. O preenchimento \u00e9 realizado no\u00a0<strong>Portal do Aluno<\/strong>, seguindo as orienta\u00e7\u00f5es dispon\u00edveis no documento:<br \/>\ud83d\udd39<a href=\"https:\/\/www.ufsm.br\/app\/uploads\/sites\/345\/2022\/02\/TUTORIAL-PLANO-DE-ESTUDOS.pdf\">\u00a0<strong>Passo a Passo para Elabora\u00e7\u00e3o do Plano de Estudos (PDF)<\/strong><\/a><\/p>\n<p><strong>Altera\u00e7\u00f5es e Aprova\u00e7\u00e3o<\/strong><\/p>\n<ul>\n<li>\n<p class=\"ds-markdown-paragraph\">O plano pode ser alterado a qualquer momento, mas cada modifica\u00e7\u00e3o ser\u00e1 submetida \u00e0 an\u00e1lise do orientador e, posteriormente, \u00e0 coordena\u00e7\u00e3o do PPGEQ para aprova\u00e7\u00e3o.<\/p>\n<\/li>\n<li>\n<p class=\"ds-markdown-paragraph\">O orientador ou a coordena\u00e7\u00e3o poder\u00e3o solicitar ajustes sempre que necess\u00e1rio.<\/p>\n<\/li>\n<\/ul>\n<p><strong>Verifica\u00e7\u00e3o Final<\/strong><\/p>\n<p>Ap\u00f3s a conclus\u00e3o dos cr\u00e9ditos exigidos, o aluno deve\u00a0<strong>conferir se o Plano de Estudos est\u00e1 em conformidade com o hist\u00f3rico escolar<\/strong>\u00a0antes de iniciar o processo de defesa.<\/p>\n<p class=\"ds-markdown-paragraph\" style=\"padding-left: 40px\"><strong>Art. 30<\/strong>\u00a0(<em>Regimento Geral da P\u00f3s-Gradua\u00e7\u00e3o Stricto Sensu e Lato Sensu da UFSM<\/em>):<br \/><em>&#8220;\u00c9 responsabilidade do discente a abertura e atualiza\u00e7\u00e3o do plano de estudos, que deve ser aprovado pelo Colegiado do programa antes da matr\u00edcula para o segundo semestre.&#8221;<\/em><\/p>\n<!-- \/wp:tadv\/classic-paragraph -->\t\t\t\t\t\t<\/div>\n\t\t\t\t<\/div>\n\t\t\t\t\t<\/div>\n\t\t<\/div>\n\t\t\t\t\t<\/div>\n\t\t<\/section>\n\t\t\t\t<\/div>\n\t\t","protected":false},"excerpt":{"rendered":"<p>O Plano de Estudos \u00e9 o conjunto organizado de disciplinas curriculares que o aluno pretende cursar ao longo do programa. Sua elabora\u00e7\u00e3o \u00e9 obrigat\u00f3ria no primeiro semestre do curso, e o n\u00e3o cumprimento impossibilitar\u00e1 a matr\u00edcula para o segundo semestre. Como Elaborar o Plano de Estudos O plano deve ser desenvolvido pelo discente em comum [&hellip;]<\/p>\n","protected":false},"author":673,"featured_media":0,"parent":0,"menu_order":0,"comment_status":"closed","ping_status":"closed","template":"","meta":{"footnotes":""},"categories":[],"tags":[],"class_list":["post-605","page","type-page","status-publish","hentry"],"acf":[],"_links":{"self":[{"href":"https:\/\/www.ufsm.br\/cursos\/pos-graduacao\/santa-maria\/ppgeq\/wp-json\/wp\/v2\/pages\/605","targetHints":{"allow":["GET"]}}],"collection":[{"href":"https:\/\/www.ufsm.br\/cursos\/pos-graduacao\/santa-maria\/ppgeq\/wp-json\/wp\/v2\/pages"}],"about":[{"href":"https:\/\/www.ufsm.br\/cursos\/pos-graduacao\/santa-maria\/ppgeq\/wp-json\/wp\/v2\/types\/page"}],"author":[{"embeddable":true,"href":"https:\/\/www.ufsm.br\/cursos\/pos-graduacao\/santa-maria\/ppgeq\/wp-json\/wp\/v2\/users\/673"}],"replies":[{"embeddable":true,"href":"https:\/\/www.ufsm.br\/cursos\/pos-graduacao\/santa-maria\/ppgeq\/wp-json\/wp\/v2\/comments?post=605"}],"version-history":[{"count":0,"href":"https:\/\/www.ufsm.br\/cursos\/pos-graduacao\/santa-maria\/ppgeq\/wp-json\/wp\/v2\/pages\/605\/revisions"}],"wp:attachment":[{"href":"https:\/\/www.ufsm.br\/cursos\/pos-graduacao\/santa-maria\/ppgeq\/wp-json\/wp\/v2\/media?parent=605"}],"wp:term":[{"taxonomy":"category","embeddable":true,"href":"https:\/\/www.ufsm.br\/cursos\/pos-graduacao\/santa-maria\/ppgeq\/wp-json\/wp\/v2\/categories?post=605"},{"taxonomy":"post_tag","embeddable":true,"href":"https:\/\/www.ufsm.br\/cursos\/pos-graduacao\/santa-maria\/ppgeq\/wp-json\/wp\/v2\/tags?post=605"}],"curies":[{"name":"wp","href":"https:\/\/api.w.org\/{rel}","templated":true}]}}