{"id":611,"date":"2019-10-08T11:21:21","date_gmt":"2019-10-08T14:21:21","guid":{"rendered":"https:\/\/www.ufsm.br\/cursos\/pos-graduacao\/santa-maria\/ppgeq\/?page_id=611"},"modified":"2025-07-07T15:56:42","modified_gmt":"2025-07-07T18:56:42","slug":"seminarios-de-doutorado-e-exame-de-qualificacao","status":"publish","type":"page","link":"https:\/\/www.ufsm.br\/cursos\/pos-graduacao\/santa-maria\/ppgeq\/seminarios-de-doutorado-e-exame-de-qualificacao","title":{"rendered":"Semin\u00e1rios de Doutorado e Exame de Qualifica\u00e7\u00e3o"},"content":{"rendered":"\t\t<div data-elementor-type=\"wp-page\" data-elementor-id=\"611\" class=\"elementor elementor-611\">\n\t\t\t\t\t\t<section class=\"elementor-section elementor-top-section elementor-element elementor-element-18d3a687 elementor-section-boxed elementor-section-height-default elementor-section-height-default\" data-id=\"18d3a687\" data-element_type=\"section\">\n\t\t\t\t\t\t<div class=\"elementor-container elementor-column-gap-default\">\n\t\t\t\t\t<div class=\"elementor-column elementor-col-100 elementor-top-column elementor-element elementor-element-71c3d217\" data-id=\"71c3d217\" data-element_type=\"column\">\n\t\t\t<div class=\"elementor-widget-wrap elementor-element-populated\">\n\t\t\t\t\t\t<div class=\"elementor-element elementor-element-6ebf73ff elementor-widget elementor-widget-text-editor\" data-id=\"6ebf73ff\" data-element_type=\"widget\" data-widget_type=\"text-editor.default\">\n\t\t\t\t<div class=\"elementor-widget-container\">\n\t\t\t\t\t\t\t<p><span style=\"font-size: 12pt\"><strong>Semin\u00e1rios de Doutorado<\/strong><\/span><\/p>\n<ul>\n<li>\n<p class=\"ds-markdown-paragraph\"><strong>Per\u00edodo para matr\u00edcula:<\/strong>\u00a03\u00ba semestre do curso<\/p>\n<\/li>\n<li>\n<p class=\"ds-markdown-paragraph\"><strong>Requisitos:<\/strong><\/p>\n<ul>\n<li>\n<p class=\"ds-markdown-paragraph\">Elabora\u00e7\u00e3o de trabalho escrito contendo:<\/p>\n<ul>\n<li>\n<p class=\"ds-markdown-paragraph\">Objetivos da pesquisa<\/p>\n<\/li>\n<li>\n<p class=\"ds-markdown-paragraph\">Revis\u00e3o bibliogr\u00e1fica<\/p>\n<\/li>\n<li>\n<p class=\"ds-markdown-paragraph\">Metodologia aplicada<\/p>\n<\/li>\n<\/ul>\n<\/li>\n<li>\n<p class=\"ds-markdown-paragraph\"><em>Observa\u00e7\u00e3o:<\/em>\u00a0Apresenta\u00e7\u00e3o de resultados parciais n\u00e3o \u00e9 obrigat\u00f3ria<\/p>\n<\/li>\n<\/ul>\n<\/li>\n<\/ul>\n<p class=\"ds-markdown-paragraph\"><em>Base legal:<\/em>\u00a0<a style=\"font-size: 1rem\" href=\"https:\/\/www.ufsm.br\/cursos\/pos-graduacao\/santa-maria\/ppgeq\/wp-content\/uploads\/sites\/536\/2019\/03\/Resolu%C3%A7%C3%A3o-01-2019.pdf\" target=\"_blank\" rel=\"noopener\">Resolu\u00e7\u00e3o Interna PPGEQ-01\/2019<\/a><\/p>\n<p><strong>Exame de Qualifica\u00e7\u00e3o<\/strong><\/p>\n<ul>\n<li>\n<p class=\"ds-markdown-paragraph\"><strong>Per\u00edodo para matr\u00edcula:<\/strong> 4\u00ba semestre do curso (obrigat\u00f3rio)<\/p>\n<\/li>\n<li>\n<p class=\"ds-markdown-paragraph\"><strong>Requisitos da apresenta\u00e7\u00e3o:<\/strong><\/p>\n<ul>\n<li>\n<p class=\"ds-markdown-paragraph\">Objetivos da pesquisa<\/p>\n<\/li>\n<li>\n<p class=\"ds-markdown-paragraph\">Revis\u00e3o bibliogr\u00e1fica atualizada<\/p>\n<\/li>\n<li>\n<p class=\"ds-markdown-paragraph\">Metodologia detalhada<\/p>\n<\/li>\n<li>\n<p class=\"ds-markdown-paragraph\"><strong>Resultados parciais<\/strong>\u00a0do desenvolvimento da tese<\/p>\n<\/li>\n<\/ul>\n<\/li>\n<\/ul>\n<p class=\"ds-markdown-paragraph\"><em>Base legal:<\/em>\u00a0<a style=\"font-size: 1rem\" href=\"https:\/\/www.ufsm.br\/unidades-universitarias\/ct\/regulamento-do-programa-de-pos-graduacao-em-engenharia-quimica\" target=\"_blank\" rel=\"noopener\">Regulamento do PPGEQ<\/a><\/p>\n<p class=\"ds-markdown-paragraph\"><strong>Informa\u00e7\u00f5es complementares:<\/strong><\/p>\n<ul>\n<li>\n<p class=\"ds-markdown-paragraph\">Os prazos devem ser rigorosamente observados<\/p>\n<\/li>\n<li>\n<p class=\"ds-markdown-paragraph\">A n\u00e3o matr\u00edcula nas disciplinas no per\u00edodo determinado acarretar\u00e1 consequ\u00eancias acad\u00eamicas<\/p>\n<\/li>\n<li>\n<p class=\"ds-markdown-paragraph\">Para d\u00favidas, consultar a\u00a0<a href=\"https:\/\/link_contato\/\" target=\"_blank\" rel=\"noopener noreferrer\">Secretaria do PPGEQ<\/a><\/p>\n<\/li>\n<\/ul>\n<p style=\"text-align: left\">\u00a0<\/p>\n<p><!-- \/wp:tadv\/classic-paragraph --><\/p>\t\t\t\t\t\t<\/div>\n\t\t\t\t<\/div>\n\t\t\t\t\t<\/div>\n\t\t<\/div>\n\t\t\t\t\t<\/div>\n\t\t<\/section>\n\t\t\t\t<\/div>\n\t\t","protected":false},"excerpt":{"rendered":"<p>Semin\u00e1rios de Doutorado Per\u00edodo para matr\u00edcula:\u00a03\u00ba semestre do curso Requisitos: Elabora\u00e7\u00e3o de trabalho escrito contendo: Objetivos da pesquisa Revis\u00e3o bibliogr\u00e1fica Metodologia aplicada Observa\u00e7\u00e3o:\u00a0Apresenta\u00e7\u00e3o de resultados parciais n\u00e3o \u00e9 obrigat\u00f3ria Base legal:\u00a0Resolu\u00e7\u00e3o Interna PPGEQ-01\/2019 Exame de Qualifica\u00e7\u00e3o Per\u00edodo para matr\u00edcula: 4\u00ba semestre do curso (obrigat\u00f3rio) Requisitos da apresenta\u00e7\u00e3o: Objetivos da pesquisa Revis\u00e3o bibliogr\u00e1fica atualizada Metodologia detalhada [&hellip;]<\/p>\n","protected":false},"author":673,"featured_media":0,"parent":0,"menu_order":0,"comment_status":"closed","ping_status":"closed","template":"","meta":{"footnotes":""},"categories":[],"tags":[],"class_list":["post-611","page","type-page","status-publish","hentry"],"acf":[],"_links":{"self":[{"href":"https:\/\/www.ufsm.br\/cursos\/pos-graduacao\/santa-maria\/ppgeq\/wp-json\/wp\/v2\/pages\/611","targetHints":{"allow":["GET"]}}],"collection":[{"href":"https:\/\/www.ufsm.br\/cursos\/pos-graduacao\/santa-maria\/ppgeq\/wp-json\/wp\/v2\/pages"}],"about":[{"href":"https:\/\/www.ufsm.br\/cursos\/pos-graduacao\/santa-maria\/ppgeq\/wp-json\/wp\/v2\/types\/page"}],"author":[{"embeddable":true,"href":"https:\/\/www.ufsm.br\/cursos\/pos-graduacao\/santa-maria\/ppgeq\/wp-json\/wp\/v2\/users\/673"}],"replies":[{"embeddable":true,"href":"https:\/\/www.ufsm.br\/cursos\/pos-graduacao\/santa-maria\/ppgeq\/wp-json\/wp\/v2\/comments?post=611"}],"version-history":[{"count":0,"href":"https:\/\/www.ufsm.br\/cursos\/pos-graduacao\/santa-maria\/ppgeq\/wp-json\/wp\/v2\/pages\/611\/revisions"}],"wp:attachment":[{"href":"https:\/\/www.ufsm.br\/cursos\/pos-graduacao\/santa-maria\/ppgeq\/wp-json\/wp\/v2\/media?parent=611"}],"wp:term":[{"taxonomy":"category","embeddable":true,"href":"https:\/\/www.ufsm.br\/cursos\/pos-graduacao\/santa-maria\/ppgeq\/wp-json\/wp\/v2\/categories?post=611"},{"taxonomy":"post_tag","embeddable":true,"href":"https:\/\/www.ufsm.br\/cursos\/pos-graduacao\/santa-maria\/ppgeq\/wp-json\/wp\/v2\/tags?post=611"}],"curies":[{"name":"wp","href":"https:\/\/api.w.org\/{rel}","templated":true}]}}