{"id":644,"date":"2020-10-01T14:51:00","date_gmt":"2020-10-01T17:51:00","guid":{"rendered":"https:\/\/www.ufsm.br\/cursos\/pos-graduacao\/santa-maria\/ppgeronto\/?page_id=644"},"modified":"2024-07-16T15:02:30","modified_gmt":"2024-07-16T18:02:30","slug":"comissao-de-selecao-de-discentes","status":"publish","type":"page","link":"https:\/\/www.ufsm.br\/cursos\/pos-graduacao\/santa-maria\/ppgeronto\/comissao-de-selecao-de-discentes","title":{"rendered":"Comiss\u00e3o de sele\u00e7\u00e3o de discentes"},"content":{"rendered":"\t\t<div data-elementor-type=\"wp-page\" data-elementor-id=\"644\" class=\"elementor elementor-644\">\n\t\t\t\t\t\t<section class=\"elementor-section elementor-top-section elementor-element elementor-element-17a35500 elementor-section-boxed elementor-section-height-default elementor-section-height-default\" data-id=\"17a35500\" data-element_type=\"section\">\n\t\t\t\t\t\t<div class=\"elementor-container elementor-column-gap-default\">\n\t\t\t\t\t<div class=\"elementor-column elementor-col-100 elementor-top-column elementor-element elementor-element-17a54fdd\" data-id=\"17a54fdd\" data-element_type=\"column\">\n\t\t\t<div class=\"elementor-widget-wrap elementor-element-populated\">\n\t\t\t\t\t\t<div class=\"elementor-element elementor-element-102c6f71 elementor-widget elementor-widget-text-editor\" data-id=\"102c6f71\" data-element_type=\"widget\" data-widget_type=\"text-editor.default\">\n\t\t\t\t<div class=\"elementor-widget-container\">\n\t\t\t\t\t\t\t<p><!-- wp:tadv\/classic-paragraph --><\/p>\n<p>Edital 015\/2018 &#8211; <a href=\"https:\/\/www.ufsm.br\/app\/uploads\/sites\/516\/2020\/10\/Portaria-N.-21-portaria-comissao-de-selecao-mestrado-2018.pdf\">Portaria N. 21\/ 2018<\/a><\/p>\n<p>Edital 038\/2019 &#8211; <a href=\"https:\/\/www.ufsm.br\/app\/uploads\/sites\/516\/2020\/10\/Portaria-N.-15_ComissaoSelecaoDiscentesGeronto.pdf\">Portaria N. 015\/2019<\/a><\/p>\n<p>Edital 032\/2020\/PRPGP- <a href=\"https:\/\/www.ufsm.br\/app\/uploads\/sites\/516\/2020\/10\/Portaria-N.-29_ComissaoSelecaoDiscentesGeronto.pdf\">Portaria N. 29\/2020<\/a><\/p>\n<p>Edital 019\/2021\/PRPGP &#8211; <a href=\"https:\/\/www.ufsm.br\/app\/uploads\/sites\/516\/2021\/07\/Portaria-N.-26_ComissaoSelecaoDiscentesGeronto.pdf\">Portaria N. 26\/2021<\/a><\/p>\n<p>Edital 012\/2022\/PRPGP &#8211;&nbsp;<a href=\"https:\/\/www.ufsm.br\/app\/uploads\/sites\/516\/2022\/09\/Portaria-N.-54_ComissaoSelecaoDiscentesGeronto.pdf\">Portaria N. 54\/2022<\/a><\/p>\n<p>Edital 029\/2022\/PRPGP &#8211; <a href=\"https:\/\/www.ufsm.br\/app\/uploads\/sites\/516\/2022\/09\/Portaria-N.-54_ComissaoSelecaoDiscentesGeronto.pdf\">Portaria N. 54\/2022<\/a><\/p>\n<p>Edital 031\/2023\/PRPGP &#8211;&nbsp;<a href=\"https:\/\/www.ufsm.br\/app\/uploads\/sites\/516\/2024\/07\/Portaria-de-Pessoal-N.-027_ComissoSeleoDiscentesGeronto.pdf\" target=\"_blank\" style=\"font-size: 1rem;font-weight: var( --e-global-typography-text-font-weight );text-align: var(--bs-body-text-align)\">Portaria N. 27\/2024<\/a><\/p>\n<p><!-- \/wp:tadv\/classic-paragraph --><\/p>\n<p><!-- wp:tadv\/classic-paragraph \/--><\/p>\t\t\t\t\t\t<\/div>\n\t\t\t\t<\/div>\n\t\t\t\t\t<\/div>\n\t\t<\/div>\n\t\t\t\t\t<\/div>\n\t\t<\/section>\n\t\t\t\t<\/div>\n\t\t","protected":false},"excerpt":{"rendered":"<p>Edital 015\/2018 &#8211; Portaria N. 21\/ 2018 Edital 038\/2019 &#8211; Portaria N. 015\/2019 Edital 032\/2020\/PRPGP- Portaria N. 29\/2020 Edital 019\/2021\/PRPGP &#8211; Portaria N. 26\/2021 Edital 012\/2022\/PRPGP &#8211;&nbsp;Portaria N. 54\/2022 Edital 029\/2022\/PRPGP &#8211; Portaria N. 54\/2022 Edital 031\/2023\/PRPGP &#8211;&nbsp;Portaria N. 27\/2024<\/p>\n","protected":false},"author":738,"featured_media":0,"parent":0,"menu_order":0,"comment_status":"closed","ping_status":"closed","template":"","meta":{"footnotes":""},"categories":[],"tags":[],"class_list":["post-644","page","type-page","status-publish","hentry"],"acf":[],"_links":{"self":[{"href":"https:\/\/www.ufsm.br\/cursos\/pos-graduacao\/santa-maria\/ppgeronto\/wp-json\/wp\/v2\/pages\/644","targetHints":{"allow":["GET"]}}],"collection":[{"href":"https:\/\/www.ufsm.br\/cursos\/pos-graduacao\/santa-maria\/ppgeronto\/wp-json\/wp\/v2\/pages"}],"about":[{"href":"https:\/\/www.ufsm.br\/cursos\/pos-graduacao\/santa-maria\/ppgeronto\/wp-json\/wp\/v2\/types\/page"}],"author":[{"embeddable":true,"href":"https:\/\/www.ufsm.br\/cursos\/pos-graduacao\/santa-maria\/ppgeronto\/wp-json\/wp\/v2\/users\/738"}],"replies":[{"embeddable":true,"href":"https:\/\/www.ufsm.br\/cursos\/pos-graduacao\/santa-maria\/ppgeronto\/wp-json\/wp\/v2\/comments?post=644"}],"version-history":[{"count":0,"href":"https:\/\/www.ufsm.br\/cursos\/pos-graduacao\/santa-maria\/ppgeronto\/wp-json\/wp\/v2\/pages\/644\/revisions"}],"wp:attachment":[{"href":"https:\/\/www.ufsm.br\/cursos\/pos-graduacao\/santa-maria\/ppgeronto\/wp-json\/wp\/v2\/media?parent=644"}],"wp:term":[{"taxonomy":"category","embeddable":true,"href":"https:\/\/www.ufsm.br\/cursos\/pos-graduacao\/santa-maria\/ppgeronto\/wp-json\/wp\/v2\/categories?post=644"},{"taxonomy":"post_tag","embeddable":true,"href":"https:\/\/www.ufsm.br\/cursos\/pos-graduacao\/santa-maria\/ppgeronto\/wp-json\/wp\/v2\/tags?post=644"}],"curies":[{"name":"wp","href":"https:\/\/api.w.org\/{rel}","templated":true}]}}