{"id":903,"date":"2022-02-08T11:32:13","date_gmt":"2022-02-08T14:32:13","guid":{"rendered":"https:\/\/www.ufsm.br\/cursos\/pos-graduacao\/santa-maria\/ppgeronto\/?page_id=903"},"modified":"2023-09-28T14:52:30","modified_gmt":"2023-09-28T17:52:30","slug":"bolsistas","status":"publish","type":"page","link":"https:\/\/www.ufsm.br\/cursos\/pos-graduacao\/santa-maria\/ppgeronto\/bolsistas","title":{"rendered":"Bolsistas"},"content":{"rendered":"\n<p align=\"justify\"><b>1) Crit\u00e9rios de Sele\u00e7\u00e3o para Concess\u00e3o e Manuten\u00e7\u00e3o das bolsas<\/b><\/p>\n<p align=\"justify\">Os bolsistas ser\u00e3o selecionados considerando as suas atividades e produ\u00e7\u00e3o no per\u00edodo pr\u00e9-determinado pelo Edital de sele\u00e7\u00e3o.<\/p>\n<p align=\"justify\">Ser\u00e1 considerada somente a produ\u00e7\u00e3o intelectual (bibliogr\u00e1fica, art\u00edstico-cultural e t\u00e9cnica), devidamente comprovada relativa ao per\u00edodo.<\/p>\n<p align=\"justify\">Todos os candidatos estar\u00e3o classificados de acordo com a ordem decrescente de pontua\u00e7\u00e3o e o orientador no mestrado, n\u00e3o podendo ser aprovado mais de um candidato por orientador. Caso n\u00e3o tenha aprovados que se enquadrem, ser\u00e1 chamado o candidato com maior nota independente de orientador.<\/p>\n<p align=\"justify\"><b>2) Atribui\u00e7\u00f5es dos bolsistas<\/b><\/p>\n<p align=\"justify\">I &#8211; Dedica\u00e7\u00e3o integral \u00e0s atividades do programa de p\u00f3s-gradua\u00e7\u00e3o;<\/p>\n<p align=\"justify\">II &#8211; Comprovar desempenho acad\u00eamico satisfat\u00f3rio, consoante \u00e0s normas definidas pela UFSM;<\/p>\n<p align=\"justify\">III &#8211; Realizar est\u00e1gio de doc\u00eancia por no m\u00ednimo um semestre;<\/p>\n<p align=\"justify\">IV \u2013 Realizar pesquisas em parceria com seu orientador;<\/p>\n<p align=\"justify\">V \u2013 Ajudar nas pesquisas que lhe for solicitado;<\/p>\n<p align=\"justify\">VI \u2013 Auxiliar a Coordena\u00e7\u00e3o do Curso em suas determina\u00e7\u00f5es;<\/p>\n<p align=\"justify\">VII \u2013 Atender \u00e0s solicita\u00e7\u00f5es do Colegiado do Curso.<\/p>\n<p align=\"justify\">VIII &#8211; N\u00e3o possuir qualquer v\u00ednculo empregat\u00edcio no momento da implementa\u00e7\u00e3o da bolsa e durante o per\u00edodo vigente da bolsa;<\/p>\n<p align=\"justify\">IX &#8211; realizar est\u00e1gio de doc\u00eancia de acordo com o estabelecido no art. 18 do regulamento do programa de demanda social;<\/p>\n<p align=\"justify\">X &#8211; n\u00e3o ser aluno em programa de resid\u00eancia m\u00e9dica;<\/p>\n<p align=\"justify\">XI &#8211; ser classificado no processo seletivo especialmente instaurado pelo PPG em Gerontologia;<\/p>\n<p align=\"justify\">XII \u2013 fixar resid\u00eancia na cidade onde realiza o curso;<\/p>\n<p align=\"justify\">XI &#8211; n\u00e3o acumular a percep\u00e7\u00e3o da bolsa com qualquer modalidade de aux\u00edlio ou bolsa de outro programa da CAPES, de outra ag\u00eancia de fomento p\u00fablica, nacional ou internacional, ou empresa p\u00fablica ou privada.<\/p>\n<p align=\"justify\"><b>3) Relat\u00f3rio de Est\u00e1gio<\/b><\/p>\n<p align=\"justify\">O discente dever\u00e1 entregar relat\u00f3rio de est\u00e1gio a cada <strong>seis meses<\/strong> e o relat\u00f3rio final de est\u00e1gio at\u00e9 um m\u00eas ap\u00f3s o cancelamento da bolsa.<\/p>\n<p align=\"justify\"><a href=\"https:\/\/www.ufsm.br\/app\/uploads\/sites\/516\/2022\/02\/Relatorio_bolsista.docx\">Modelo de Relat\u00f3rio de bolsista<\/a><\/p>\n<p align=\"justify\"><b>4) Solicita\u00e7\u00f5es de afastamento<\/b><\/p>\n<p align=\"justify\">\u00c9 poss\u00edvel ao estagi\u00e1rio solicitar afastamento nas seguintes hip\u00f3teses:<\/p>\n<p align=\"justify\">&#8211; Para est\u00e1gio em institui\u00e7\u00e3o nacional<\/p>\n<p align=\"justify\">&#8211; Coleta de dados<\/p>\n<p align=\"justify\">&#8211; Regime de exerc\u00edcios domiciliares<\/p>\n<p align=\"justify\">&#8211; Licen\u00e7a Maternidade<\/p>\n<p align=\"justify\">As especifica\u00e7\u00f5es relativas a cada afastamento constam no regimento da bolsa demanda social.<\/p>\n<p align=\"justify\"><a href=\"http:\/\/cad.capes.gov.br\/ato-administrativo-detalhar?idAtoAdmElastic=741#anchor\">Regulamento da Bolsa Demanda Social<\/a><\/p>\n<p align=\"justify\"><a href=\"https:\/\/www.ufsm.br\/app\/uploads\/sites\/345\/2021\/07\/UFSM-novo-formulario-cadastro.xls\">Formul\u00e1rio de cadastro de bolsista<\/a><\/p>\n<p align=\"justify\"><a href=\"https:\/\/www.ufsm.br\/pro-reitorias\/prpgp\/servicos\/cadastro-de-bolsa-demanda-social-capes\/\">Tutorial de solicita\u00e7\u00e3o de cadastro de bolsista<\/a><\/p>\n<p align=\"justify\"><a href=\"https:\/\/www.ufsm.br\/pro-reitorias\/prpgp\/bolsas\/normativas\">Normativas<\/a> &#8211; escolher a op\u00e7\u00e3o &#8220;DS&#8221;<\/p>\n","protected":false},"excerpt":{"rendered":"<p>1) Crit\u00e9rios de Sele\u00e7\u00e3o para Concess\u00e3o e Manuten\u00e7\u00e3o das bolsas Os bolsistas ser\u00e3o selecionados considerando as suas atividades e produ\u00e7\u00e3o no per\u00edodo pr\u00e9-determinado pelo Edital de sele\u00e7\u00e3o. Ser\u00e1 considerada somente a produ\u00e7\u00e3o intelectual (bibliogr\u00e1fica, art\u00edstico-cultural e t\u00e9cnica), devidamente comprovada relativa ao per\u00edodo. Todos os candidatos estar\u00e3o classificados de acordo com a ordem decrescente de pontua\u00e7\u00e3o [&hellip;]<\/p>\n","protected":false},"author":738,"featured_media":0,"parent":0,"menu_order":0,"comment_status":"closed","ping_status":"closed","template":"","meta":{"footnotes":""},"categories":[],"tags":[],"class_list":["post-903","page","type-page","status-publish","hentry"],"acf":[],"_links":{"self":[{"href":"https:\/\/www.ufsm.br\/cursos\/pos-graduacao\/santa-maria\/ppgeronto\/wp-json\/wp\/v2\/pages\/903","targetHints":{"allow":["GET"]}}],"collection":[{"href":"https:\/\/www.ufsm.br\/cursos\/pos-graduacao\/santa-maria\/ppgeronto\/wp-json\/wp\/v2\/pages"}],"about":[{"href":"https:\/\/www.ufsm.br\/cursos\/pos-graduacao\/santa-maria\/ppgeronto\/wp-json\/wp\/v2\/types\/page"}],"author":[{"embeddable":true,"href":"https:\/\/www.ufsm.br\/cursos\/pos-graduacao\/santa-maria\/ppgeronto\/wp-json\/wp\/v2\/users\/738"}],"replies":[{"embeddable":true,"href":"https:\/\/www.ufsm.br\/cursos\/pos-graduacao\/santa-maria\/ppgeronto\/wp-json\/wp\/v2\/comments?post=903"}],"version-history":[{"count":0,"href":"https:\/\/www.ufsm.br\/cursos\/pos-graduacao\/santa-maria\/ppgeronto\/wp-json\/wp\/v2\/pages\/903\/revisions"}],"wp:attachment":[{"href":"https:\/\/www.ufsm.br\/cursos\/pos-graduacao\/santa-maria\/ppgeronto\/wp-json\/wp\/v2\/media?parent=903"}],"wp:term":[{"taxonomy":"category","embeddable":true,"href":"https:\/\/www.ufsm.br\/cursos\/pos-graduacao\/santa-maria\/ppgeronto\/wp-json\/wp\/v2\/categories?post=903"},{"taxonomy":"post_tag","embeddable":true,"href":"https:\/\/www.ufsm.br\/cursos\/pos-graduacao\/santa-maria\/ppgeronto\/wp-json\/wp\/v2\/tags?post=903"}],"curies":[{"name":"wp","href":"https:\/\/api.w.org\/{rel}","templated":true}]}}