{"id":187,"date":"2019-01-29T09:15:55","date_gmt":"2019-01-29T11:15:55","guid":{"rendered":"https:\/\/www.ufsm.br\/cursos\/pos-graduacao\/santa-maria\/ppgexr\/?page_id=187"},"modified":"2021-06-26T11:50:54","modified_gmt":"2021-06-26T14:50:54","slug":"revista","status":"publish","type":"page","link":"https:\/\/www.ufsm.br\/cursos\/pos-graduacao\/santa-maria\/ppgexr\/revista","title":{"rendered":"Revista Extens\u00e3o Rural Santa Maria"},"content":{"rendered":"\n<p style=\"text-align: left\"><strong>LINHA EDITORIAL<\/strong><\/p>\n<p>O peri\u00f3dico Extens\u00e3o Rural \u00e9 uma publica\u00e7\u00e3o cient\u00edfica do Departamento de Educa\u00e7\u00e3o Agr\u00edcola e Extens\u00e3o Rural do Centro de Ci\u00eancias Rurais da Universidade Federal de Santa Maria destinada \u00e0 publica\u00e7\u00e3o de trabalhos in\u00e9ditos, na forma de artigos cient\u00edficos e revis\u00f5es bibliogr\u00e1ficas, relacionados \u00e0s seguintes \u00e1reas: i) Desenvolvimento Rural, ii) Economia e Administra\u00e7\u00e3o Rural, iii) Sociologia e Antropologia Rural, iv) Extens\u00e3o e Comunica\u00e7\u00e3o Rural, v) Meio Ambiente e Sustentabilidade, vi) Sa\u00fade e Trabalho no Meio Rural.<\/p>\n<p><strong><a href=\"https:\/\/periodicos.ufsm.br\/index.php\/extensaorural\/index\">Migramos para o portal de Revistas da UFSM<\/a>.<\/strong><\/p>\n<p><a href=\"https:\/\/periodicos.ufsm.br\/index.php\/extensaorural\/issue\/archive\">Extens\u00e3o Rural\u00a0<\/a><\/p>\n<p><strong>POL\u00cdTICA EDITORIAL<\/strong><\/p>\n<p><strong>Objetivos do peri\u00f3dico<\/strong><\/p>\n<p>Publicar artigos cient\u00edficos in\u00e9ditos e de relev\u00e2ncia no escopo da revista, al\u00e9m de facilitar o acesso como leitores e autores da comunidade acad\u00eamica da universidade e outras institui\u00e7\u00f5es, aos peri\u00f3dicos editados pela UFSM, sem ferir a \u00e9tica cient\u00edfica.<\/p>\n<p><strong>Editores:<\/strong><\/p>\n<p><a href=\"http:\/\/lattes.cnpq.br\/3120369205898923\">Fabiano Nunes Vaz<\/a><\/p>\n<p><a href=\"http:\/\/lattes.cnpq.br\/4594328596786231\">Ezequiel Redin<\/a><\/p>\n<p><strong>Informa\u00e7\u00f5es:<\/strong><\/p>\n<p>Maiores informa\u00e7\u00f5es atrav\u00e9s dos telefones (55) 3220 8663, (55) 3220 8354 e do fax (55) 3220 8694, ou pelo e-mail:\u00a0<a href=\"mailto:atendimento.extensao.rural@gmail.com\">atendimento.extensao.rural@gmail.com<\/a><\/p>\n<div><a href=\"https:\/\/periodicos.ufsm.br\/index.php\/extensaorural\/issue\/archive\">\u00a0Base digital\u00a0<\/a><\/div>\n<div>\u00a0<\/div>\n<div><a href=\"https:\/\/periodicos.ufsm.br\/index.php\/extensaorural\/issue\/archive\">Migramos para o Portal de Revistas da UFSM.\u00a0<\/a><\/div>\n<div>\u00a0<\/div>\n<div>Acesse nosso perfil no\u00a0<a href=\"http:\/\/www.facebook.com\/extensao.rural\">Facebook<\/a>.\u00a0<\/div>\n","protected":false},"excerpt":{"rendered":"<p>LINHA EDITORIAL O peri\u00f3dico Extens\u00e3o Rural \u00e9 uma publica\u00e7\u00e3o cient\u00edfica do Departamento de Educa\u00e7\u00e3o Agr\u00edcola e Extens\u00e3o Rural do Centro de Ci\u00eancias Rurais da Universidade Federal de Santa Maria destinada \u00e0 publica\u00e7\u00e3o de trabalhos in\u00e9ditos, na forma de artigos cient\u00edficos e revis\u00f5es bibliogr\u00e1ficas, relacionados \u00e0s seguintes \u00e1reas: i) Desenvolvimento Rural, ii) Economia e Administra\u00e7\u00e3o Rural, [&hellip;]<\/p>\n","protected":false},"author":115,"featured_media":0,"parent":0,"menu_order":0,"comment_status":"closed","ping_status":"closed","template":"","meta":{"footnotes":""},"categories":[],"tags":[],"class_list":["post-187","page","type-page","status-publish","hentry"],"acf":[],"_links":{"self":[{"href":"https:\/\/www.ufsm.br\/cursos\/pos-graduacao\/santa-maria\/ppgexr\/wp-json\/wp\/v2\/pages\/187","targetHints":{"allow":["GET"]}}],"collection":[{"href":"https:\/\/www.ufsm.br\/cursos\/pos-graduacao\/santa-maria\/ppgexr\/wp-json\/wp\/v2\/pages"}],"about":[{"href":"https:\/\/www.ufsm.br\/cursos\/pos-graduacao\/santa-maria\/ppgexr\/wp-json\/wp\/v2\/types\/page"}],"author":[{"embeddable":true,"href":"https:\/\/www.ufsm.br\/cursos\/pos-graduacao\/santa-maria\/ppgexr\/wp-json\/wp\/v2\/users\/115"}],"replies":[{"embeddable":true,"href":"https:\/\/www.ufsm.br\/cursos\/pos-graduacao\/santa-maria\/ppgexr\/wp-json\/wp\/v2\/comments?post=187"}],"version-history":[{"count":0,"href":"https:\/\/www.ufsm.br\/cursos\/pos-graduacao\/santa-maria\/ppgexr\/wp-json\/wp\/v2\/pages\/187\/revisions"}],"wp:attachment":[{"href":"https:\/\/www.ufsm.br\/cursos\/pos-graduacao\/santa-maria\/ppgexr\/wp-json\/wp\/v2\/media?parent=187"}],"wp:term":[{"taxonomy":"category","embeddable":true,"href":"https:\/\/www.ufsm.br\/cursos\/pos-graduacao\/santa-maria\/ppgexr\/wp-json\/wp\/v2\/categories?post=187"},{"taxonomy":"post_tag","embeddable":true,"href":"https:\/\/www.ufsm.br\/cursos\/pos-graduacao\/santa-maria\/ppgexr\/wp-json\/wp\/v2\/tags?post=187"}],"curies":[{"name":"wp","href":"https:\/\/api.w.org\/{rel}","templated":true}]}}