{"id":1949,"date":"2021-11-18T14:06:18","date_gmt":"2021-11-18T17:06:18","guid":{"rendered":"https:\/\/www.ufsm.br\/cursos\/pos-graduacao\/santa-maria\/ppgexr\/?page_id=1949"},"modified":"2025-12-17T12:35:21","modified_gmt":"2025-12-17T15:35:21","slug":"regulamentos-e-resolucoes","status":"publish","type":"page","link":"https:\/\/www.ufsm.br\/cursos\/pos-graduacao\/santa-maria\/ppgexr\/regulamentos-e-resolucoes","title":{"rendered":"Regulamentos e Resolu\u00e7\u00f5es"},"content":{"rendered":"\t\t<div data-elementor-type=\"wp-page\" data-elementor-id=\"1949\" class=\"elementor elementor-1949\">\n\t\t\t\t\t\t<section class=\"elementor-section elementor-top-section elementor-element elementor-element-ef839be elementor-section-boxed elementor-section-height-default elementor-section-height-default\" data-id=\"ef839be\" data-element_type=\"section\">\n\t\t\t\t\t\t<div class=\"elementor-container elementor-column-gap-default\">\n\t\t\t\t\t<div class=\"elementor-column elementor-col-100 elementor-top-column elementor-element elementor-element-526ca78\" data-id=\"526ca78\" data-element_type=\"column\">\n\t\t\t<div class=\"elementor-widget-wrap elementor-element-populated\">\n\t\t\t\t\t\t<div class=\"elementor-element elementor-element-c15e0ef elementor-widget__width-initial elementor-widget elementor-widget-text-editor\" data-id=\"c15e0ef\" data-element_type=\"widget\" data-widget_type=\"text-editor.default\">\n\t\t\t\t<div class=\"elementor-widget-container\">\n\t\t\t\t\t\t\t<ul><li><a href=\"https:\/\/www.ufsm.br\/app\/uploads\/sites\/525\/2019\/01\/REGULAMENTO_DO_PPGExR_-_NOVO.pdf\">\u00a0Regulamento do Programa de P\u00f3s-Gradua\u00e7\u00e3o em Extens\u00e3o Rural para alunos que ingressaram at\u00e9 2024 (arquivo pdf, 224 KB)<\/a><\/li><li><a href=\"https:\/\/www.ufsm.br\/cursos\/pos-graduacao\/santa-maria\/ppgexr?page_id=2569\">PORTARIA NORMATIVA CCR\/UFSM N. 007, DE 26 DE NOVEMBRO DE 2024<\/a>.<\/li><li><a href=\"https:\/\/www.ufsm.br\/cursos\/pos-graduacao\/santa-maria\/ppgexr?page_id=2568\" target=\"_blank\" rel=\"noopener\">\u00a0Regulamento do Programa de P\u00f3s-Gradua\u00e7\u00e3o em Extens\u00e3o Rural para alunos que ingressaram a partir de 2025<\/a>.<\/li><li><a href=\"https:\/\/www.ufsm.br\/app\/uploads\/sites\/525\/2025\/12\/Novos-criterios-de-credenciamento-e-recredenciamento-2025.pdf\">Regulamento de credenciamento, recredenciamento e descredenciamento de docente colaborador, permanente e visitante do PPGExR <\/a><\/li><\/ul><ul><li><a href=\"https:\/\/www.ufsm.br\/app\/uploads\/sites\/525\/2021\/01\/Regulamento-Bolsas-Mestrado-e-Doutorado-do-PPGExR.pdf\" target=\"_blank\" rel=\"noopener\">\u00a0<\/a><a href=\"https:\/\/www.ufsm.br\/app\/uploads\/sites\/525\/2023\/11\/20231128_Regulamento-Bolsas-Mestrado-e-Doutorado_versao-final-2023.pdf\">Regulamento de concess\u00e3o de bolsas de Mestrado e Doutorado do PPGExR at\u00e9 2024 (arquivo pdf, 541 KB)<\/a><\/li><li><a href=\"https:\/\/www.ufsm.br\/app\/uploads\/sites\/525\/2021\/01\/Regulamento-Bolsas-Mestrado-e-Doutorado-do-PPGExR.pdf\" target=\"_blank\" rel=\"noopener\">\u00a0<\/a><a href=\"https:\/\/www.ufsm.br\/app\/uploads\/sites\/525\/2024\/12\/Nova-norma-de-bolsas-com-os-anexos.pdf\">Regulamento de concess\u00e3o de bolsas de Mestrado e Doutorado do PPGExR a partir de 2025 (arquivo pdf, 350 KB)<\/a><\/li><\/ul><ul><li><a href=\"https:\/\/www.ufsm.br\/app\/uploads\/sites\/525\/2019\/01\/TOEFL_ITP0001.pdf\" target=\"_blank\" rel=\"noopener\">\u00a0Regulamenta\u00e7\u00e3o para valida\u00e7\u00e3o da nota do TOEFL como teste de sufici\u00eancia (arquivo pdf, 140 KB)<\/a><\/li><\/ul><ul><li><a href=\"https:\/\/www.ufsm.br\/app\/uploads\/sites\/525\/2019\/01\/Regulamento_l%C3%ADngua_estrangeira.pdf\" target=\"_blank\" rel=\"noopener\">\u00a0Resolu\u00e7\u00e3o n.003\/2010 &#8211; Estabelece normas para realiza\u00e7\u00e3o do Teste de Sufici\u00eancia em L\u00edngua Estrangeira na UFSM e aproveitamento de testes de outras institui\u00e7\u00f5es (arquivo pdf, 77 KB)<\/a><\/li><\/ul>\t\t\t\t\t\t<\/div>\n\t\t\t\t<\/div>\n\t\t\t\t\t<\/div>\n\t\t<\/div>\n\t\t\t\t\t<\/div>\n\t\t<\/section>\n\t\t\t\t<\/div>\n\t\t","protected":false},"excerpt":{"rendered":"<p>\u00a0Regulamento do Programa de P\u00f3s-Gradua\u00e7\u00e3o em Extens\u00e3o Rural para alunos que ingressaram at\u00e9 2024 (arquivo pdf, 224 KB) PORTARIA NORMATIVA CCR\/UFSM N. 007, DE 26 DE NOVEMBRO DE 2024. \u00a0Regulamento do Programa de P\u00f3s-Gradua\u00e7\u00e3o em Extens\u00e3o Rural para alunos que ingressaram a partir de 2025. Regulamento de credenciamento, recredenciamento e descredenciamento de docente colaborador, permanente [&hellip;]<\/p>\n","protected":false},"author":1537,"featured_media":0,"parent":0,"menu_order":0,"comment_status":"closed","ping_status":"closed","template":"","meta":{"footnotes":""},"categories":[],"tags":[],"class_list":["post-1949","page","type-page","status-publish","hentry"],"acf":[],"_links":{"self":[{"href":"https:\/\/www.ufsm.br\/cursos\/pos-graduacao\/santa-maria\/ppgexr\/wp-json\/wp\/v2\/pages\/1949","targetHints":{"allow":["GET"]}}],"collection":[{"href":"https:\/\/www.ufsm.br\/cursos\/pos-graduacao\/santa-maria\/ppgexr\/wp-json\/wp\/v2\/pages"}],"about":[{"href":"https:\/\/www.ufsm.br\/cursos\/pos-graduacao\/santa-maria\/ppgexr\/wp-json\/wp\/v2\/types\/page"}],"author":[{"embeddable":true,"href":"https:\/\/www.ufsm.br\/cursos\/pos-graduacao\/santa-maria\/ppgexr\/wp-json\/wp\/v2\/users\/1537"}],"replies":[{"embeddable":true,"href":"https:\/\/www.ufsm.br\/cursos\/pos-graduacao\/santa-maria\/ppgexr\/wp-json\/wp\/v2\/comments?post=1949"}],"version-history":[{"count":0,"href":"https:\/\/www.ufsm.br\/cursos\/pos-graduacao\/santa-maria\/ppgexr\/wp-json\/wp\/v2\/pages\/1949\/revisions"}],"wp:attachment":[{"href":"https:\/\/www.ufsm.br\/cursos\/pos-graduacao\/santa-maria\/ppgexr\/wp-json\/wp\/v2\/media?parent=1949"}],"wp:term":[{"taxonomy":"category","embeddable":true,"href":"https:\/\/www.ufsm.br\/cursos\/pos-graduacao\/santa-maria\/ppgexr\/wp-json\/wp\/v2\/categories?post=1949"},{"taxonomy":"post_tag","embeddable":true,"href":"https:\/\/www.ufsm.br\/cursos\/pos-graduacao\/santa-maria\/ppgexr\/wp-json\/wp\/v2\/tags?post=1949"}],"curies":[{"name":"wp","href":"https:\/\/api.w.org\/{rel}","templated":true}]}}