{"id":2455,"date":"2024-06-12T14:14:10","date_gmt":"2024-06-12T17:14:10","guid":{"rendered":"https:\/\/www.ufsm.br\/cursos\/pos-graduacao\/santa-maria\/ppgexr\/?page_id=2455"},"modified":"2025-06-27T14:37:59","modified_gmt":"2025-06-27T17:37:59","slug":"docentes","status":"publish","type":"page","link":"https:\/\/www.ufsm.br\/cursos\/pos-graduacao\/santa-maria\/ppgexr\/docentes","title":{"rendered":"Docentes"},"content":{"rendered":"\t\t<div data-elementor-type=\"wp-page\" data-elementor-id=\"2455\" class=\"elementor elementor-2455\">\n\t\t\t\t\t\t<section class=\"elementor-section elementor-top-section elementor-element elementor-element-0978a3e elementor-section-boxed elementor-section-height-default elementor-section-height-default\" data-id=\"0978a3e\" data-element_type=\"section\">\n\t\t\t\t\t\t<div class=\"elementor-container elementor-column-gap-default\">\n\t\t\t\t\t<div class=\"elementor-column elementor-col-100 elementor-top-column elementor-element elementor-element-817a80a\" data-id=\"817a80a\" data-element_type=\"column\">\n\t\t\t<div class=\"elementor-widget-wrap elementor-element-populated\">\n\t\t\t\t\t\t<div class=\"elementor-element elementor-element-f58c478 elementor-widget elementor-widget-text-editor\" data-id=\"f58c478\" data-element_type=\"widget\" data-widget_type=\"text-editor.default\">\n\t\t\t\t<div class=\"elementor-widget-container\">\n\t\t\t\t\t\t\t<ul style=\"list-style-type: square\"><li><h5><span style=\"font-size: 14pt\"><a href=\"https:\/\/ufsmpublica.ufsm.br\/docente\/18656\" target=\"_blank\" rel=\"noopener\">ALISSON VICENTE ZARNOTT<\/a><\/span><\/h5><\/li><li><h5><span style=\"font-size: 14pt\"><a href=\"https:\/\/ufsmpublica.ufsm.br\/docente\/14759\" target=\"_blank\" rel=\"noopener\">ANDREA CRISTINA DORR<\/a><\/span><\/h5><\/li><li><h5><a href=\"https:\/\/www.ufsmpublica.ufsm.br\/docente\/25861\">DAIANE LORETO DE VARGAS<\/a><\/h5><\/li><li><h5><span style=\"font-size: 14pt\"><a href=\"https:\/\/ufsmpublica.ufsm.br\/docente\/16093\" target=\"_blank\" rel=\"noopener\">EVERTON LAZZARETTI PICOLOTTO<\/a><\/span><\/h5><\/li><li><h5><span style=\"font-size: 14pt\"><a href=\"https:\/\/ufsmpublica.ufsm.br\/docente\/15841\" target=\"_blank\" rel=\"noopener\">FABIANO NUNES VAZ<\/a><\/span><\/h5><\/li><li><h5><span style=\"font-size: 14pt\"><a href=\"https:\/\/ufsmpublica.ufsm.br\/docente\/16986\" target=\"_blank\" rel=\"noopener\">GISELE MARTINS GUIMAR\u00c3ES<\/a><\/span><\/h5><\/li><li><h5><span style=\"font-size: 14pt\"><a href=\"https:\/\/ufsmpublica.ufsm.br\/docente\/17012https:\/\/ufsmpublica.ufsm.br\/docente\/17012\" target=\"_blank\" rel=\"noopener\">GUSTAVO PINTO DA SILVA<\/a><\/span><\/h5><\/li><li><h5><span style=\"font-size: 14pt\"><a href=\"https:\/\/ufsmpublica.ufsm.br\/docente\/18035\" target=\"_blank\" rel=\"noopener\">JANA\u00cdNA BALK BRAND\u00c3O<\/a><\/span><\/h5><\/li><li><h5><span style=\"font-size: 14pt\"><a href=\"https:\/\/ufsmpublica.ufsm.br\/docente\/26253\" target=\"_blank\" rel=\"noopener\">JO\u00c3O GARIBALDI ALMEIDA VIANA<\/a><\/span><\/h5><\/li><li><h5><span style=\"font-size: 14pt\"><a href=\"https:\/\/ufsmpublica.ufsm.br\/docente\/14771\" target=\"_blank\" rel=\"noopener\">JOEL ORLANDO BEVILAQUA MARIN<\/a><\/span><\/h5><\/li><li><h5><span style=\"font-size: 14pt\"><a href=\"https:\/\/ufsmpublica.ufsm.br\/docente\/13697\" target=\"_blank\" rel=\"noopener\">JOS\u00c9 GERALDO WIZNIEWSKY<\/a><\/span><\/h5><\/li><li><h5><span style=\"font-size: 14pt\"><a href=\"https:\/\/ufsmpublica.ufsm.br\/docente\/10698\" target=\"_blank\" rel=\"noopener\">JOS\u00c9 MARCOS FROEHLICH<\/a><\/span><\/h5><\/li><li><h5><span style=\"font-size: 14pt\"><a href=\"https:\/\/ufsmpublica.ufsm.br\/docente\/15513\" target=\"_blank\" rel=\"noopener\">LIZIANY M\u00dcLLER<\/a><\/span><\/h5><\/li><li><h5><span style=\"font-size: 14pt\"><a href=\"https:\/\/ufsmpublica.ufsm.br\/docente\/13729\" target=\"_blank\" rel=\"noopener\">MARCO ANT\u00d4NIO VERARDI FIALHO<\/a><\/span><\/h5><\/li><li><h5><span style=\"font-size: 14pt\"><a href=\"https:\/\/ufsmpublica.ufsm.br\/docente\/16975\" target=\"_blank\" rel=\"noopener\">MARCOS BOTTON PICCIN<\/a><\/span><\/h5><\/li><li><h5><span style=\"font-size: 14pt\"><a href=\"https:\/\/ufsmpublica.ufsm.br\/docente\/10764\" target=\"_blank\" rel=\"noopener\">PEDRO SELVINO NEUMANN<\/a><\/span><\/h5><\/li><li><h5><span style=\"font-size: 14pt\"><a href=\"https:\/\/ufsmpublica.ufsm.br\/docente\/11296\" target=\"_blank\" rel=\"noopener\">RENATO SANTOS DE SOUZA<\/a><\/span><\/h5><\/li><li><h5><span style=\"font-size: 14pt\"><a href=\"https:\/\/integra.iffarroupilha.edu.br\/portfolio\/pessoas\/tatiana-aparecida-balem\/produ%C3%A7%C3%A3o%20de%20leite\" target=\"_blank\" rel=\"noopener\">TATIANA APARECIDA BALEM<\/a><\/span><\/h5><\/li><li><h5><a href=\"https:\/\/ufsmpublica.ufsm.br\/docente\/25918\">VANDERLEI FRANCK THIES<\/a><\/h5><\/li><li><h5><span style=\"font-size: 14pt\"><a href=\"https:\/\/ufsmpublica.ufsm.br\/docente\/16769\" target=\"_blank\" rel=\"noopener\">VITOR KOCHHANN REISDORFER<\/a><\/span><\/h5><\/li><\/ul>\t\t\t\t\t\t<\/div>\n\t\t\t\t<\/div>\n\t\t\t\t\t<\/div>\n\t\t<\/div>\n\t\t\t\t\t<\/div>\n\t\t<\/section>\n\t\t\t\t<\/div>\n\t\t","protected":false},"excerpt":{"rendered":"<p>ALISSON VICENTE ZARNOTT ANDREA CRISTINA DORR DAIANE LORETO DE VARGAS EVERTON LAZZARETTI PICOLOTTO FABIANO NUNES VAZ GISELE MARTINS GUIMAR\u00c3ES GUSTAVO PINTO DA SILVA JANA\u00cdNA BALK BRAND\u00c3O JO\u00c3O GARIBALDI ALMEIDA VIANA JOEL ORLANDO BEVILAQUA MARIN JOS\u00c9 GERALDO WIZNIEWSKY JOS\u00c9 MARCOS FROEHLICH LIZIANY M\u00dcLLER MARCO ANT\u00d4NIO VERARDI FIALHO MARCOS BOTTON PICCIN PEDRO SELVINO NEUMANN RENATO SANTOS DE [&hellip;]<\/p>\n","protected":false},"author":8047,"featured_media":0,"parent":0,"menu_order":0,"comment_status":"closed","ping_status":"closed","template":"","meta":{"footnotes":""},"categories":[],"tags":[],"class_list":["post-2455","page","type-page","status-publish","hentry"],"acf":[],"_links":{"self":[{"href":"https:\/\/www.ufsm.br\/cursos\/pos-graduacao\/santa-maria\/ppgexr\/wp-json\/wp\/v2\/pages\/2455","targetHints":{"allow":["GET"]}}],"collection":[{"href":"https:\/\/www.ufsm.br\/cursos\/pos-graduacao\/santa-maria\/ppgexr\/wp-json\/wp\/v2\/pages"}],"about":[{"href":"https:\/\/www.ufsm.br\/cursos\/pos-graduacao\/santa-maria\/ppgexr\/wp-json\/wp\/v2\/types\/page"}],"author":[{"embeddable":true,"href":"https:\/\/www.ufsm.br\/cursos\/pos-graduacao\/santa-maria\/ppgexr\/wp-json\/wp\/v2\/users\/8047"}],"replies":[{"embeddable":true,"href":"https:\/\/www.ufsm.br\/cursos\/pos-graduacao\/santa-maria\/ppgexr\/wp-json\/wp\/v2\/comments?post=2455"}],"version-history":[{"count":0,"href":"https:\/\/www.ufsm.br\/cursos\/pos-graduacao\/santa-maria\/ppgexr\/wp-json\/wp\/v2\/pages\/2455\/revisions"}],"wp:attachment":[{"href":"https:\/\/www.ufsm.br\/cursos\/pos-graduacao\/santa-maria\/ppgexr\/wp-json\/wp\/v2\/media?parent=2455"}],"wp:term":[{"taxonomy":"category","embeddable":true,"href":"https:\/\/www.ufsm.br\/cursos\/pos-graduacao\/santa-maria\/ppgexr\/wp-json\/wp\/v2\/categories?post=2455"},{"taxonomy":"post_tag","embeddable":true,"href":"https:\/\/www.ufsm.br\/cursos\/pos-graduacao\/santa-maria\/ppgexr\/wp-json\/wp\/v2\/tags?post=2455"}],"curies":[{"name":"wp","href":"https:\/\/api.w.org\/{rel}","templated":true}]}}