{"id":159,"date":"2019-01-28T10:02:44","date_gmt":"2019-01-28T12:02:44","guid":{"rendered":"https:\/\/www.ufsm.br\/cursos\/pos-graduacao\/santa-maria\/ppgf\/?page_id=159"},"modified":"2025-09-18T08:30:13","modified_gmt":"2025-09-18T11:30:13","slug":"linhas-de-pesquisa","status":"publish","type":"page","link":"https:\/\/www.ufsm.br\/cursos\/pos-graduacao\/santa-maria\/ppgf\/linhas-de-pesquisa","title":{"rendered":"Linhas de Pesquisa"},"content":{"rendered":"\t\t<div data-elementor-type=\"wp-page\" data-elementor-id=\"159\" class=\"elementor elementor-159\">\n\t\t\t\t\t\t<section class=\"elementor-section elementor-top-section elementor-element elementor-element-300ab801 elementor-section-boxed elementor-section-height-default elementor-section-height-default\" data-id=\"300ab801\" data-element_type=\"section\">\n\t\t\t\t\t\t<div class=\"elementor-container elementor-column-gap-default\">\n\t\t\t\t\t<div class=\"elementor-column elementor-col-100 elementor-top-column elementor-element elementor-element-43599a86\" data-id=\"43599a86\" data-element_type=\"column\">\n\t\t\t<div class=\"elementor-widget-wrap elementor-element-populated\">\n\t\t\t\t\t\t<div class=\"elementor-element elementor-element-142155c3 elementor-widget elementor-widget-text-editor\" data-id=\"142155c3\" data-element_type=\"widget\" data-widget_type=\"text-editor.default\">\n\t\t\t\t<div class=\"elementor-widget-container\">\n\t\t\t\t\t\t\t<!-- wp:paragraph -->\n<p><strong>\u00c1rea de Concentra\u00e7\u00e3o:\u00a0 Filosofia Te\u00f3rica e Pr\u00e1tica<\/strong><\/p>\n<!-- \/wp:paragraph --><!-- wp:paragraph -->\n<p style=\"text-align: justify\"><strong>Linhas de Pesquisa:<\/strong><\/p>\n<!-- \/wp:paragraph --><!-- wp:paragraph -->\n<p style=\"text-align: justify\"><strong>1. Linguagem, realidade e conhecimento<\/strong><\/p>\n<!-- \/wp:paragraph --><!-- wp:paragraph -->\n<p style=\"text-align: justify\"><strong>Descri\u00e7\u00e3o:\u00a0<\/strong>investiga\u00e7\u00e3o da realidade quanto aos seus aspectos fundamentais e dos modos de represent\u00e1-los e express\u00e1-los, privilegiando o delineamento da estrutura do conhecimento, da organiza\u00e7\u00e3o sem\u00e2ntica da linguagem, dos esquemas inferenciais e das consequ\u00eancias do modo de representar a realidade para a racionalidade de agentes.<\/p>\n<!-- \/wp:paragraph --><!-- wp:paragraph -->\n<p style=\"text-align: justify\"><strong>Docentes<\/strong>: C\u00e9sar Schirmer dos Santos \/ Frank Thomas Sautter \/ Gisele Dalva Secco \u00a0 \/ Jos\u00e9 Louren\u00e7o Pereira da Silva \/ Tiegue Vieira Rodrigues \/ Mitieli Seixas da Silva<\/p>\n<!-- \/wp:paragraph --><!-- wp:paragraph -->\n<p style=\"text-align: justify\">\u00a0<\/p>\n<!-- \/wp:paragraph --><!-- wp:paragraph -->\n<p style=\"text-align: justify\"><strong>2. \u00c9tica normativa, meta\u00e9tica e \u00e9tica aplicada<\/strong><\/p>\n<!-- \/wp:paragraph --><!-- wp:paragraph -->\n<p style=\"text-align: justify\"><strong>Descri\u00e7\u00e3o:\u00a0<\/strong>desenvolvimento de projetos referentes \u00e0 filosofia pr\u00e1tica, com \u00eanfase em quest\u00f5es de \u00e9tica aplicada, \u00e9tica normativa (teorias morais e seus problemas) e meta\u00e9tica (discuss\u00e3o dos problemas l\u00f3gicos, sem\u00e2nticos do discurso moral, das quest\u00f5es metaf\u00edsicas, de psicologia moral como a identidade pessoal e moralidade, entre outros).<\/p>\n<!-- \/wp:paragraph --><!-- wp:paragraph -->\n<p style=\"text-align: justify\"><strong>Docentes<\/strong>: Eduardo Vicentini \/ Fl\u00e1vio Williges \/ Juliana Oliveira Missaggia \/ Marcos Fanton\/Rafael Graebin Vogelmann<\/p>\n<!-- \/wp:paragraph --><!-- wp:paragraph -->\n<p style=\"text-align: justify\"><strong>3.\u00a0<\/strong><strong>Fenomenologia e compreens\u00e3o<\/strong><\/p>\n<!-- \/wp:paragraph --><!-- wp:paragraph -->\n<p style=\"text-align: justify\"><strong>Descri\u00e7\u00e3o:<\/strong>\u00a0desenvolvimento de projetos de pesquisa centrados numa abordagem fenomenol\u00f3gica acerca das rela\u00e7\u00f5es entre raz\u00e3o te\u00f3rica e raz\u00e3o pr\u00e1tica, abrangendo os desdobramentos do movimento fenomenol\u00f3gico sobre problemas l\u00f3gicos, ontol\u00f3gicos, sem\u00e2nticos, epistemol\u00f3gicos, antropol\u00f3gico-culturais e da filosofia pr\u00e1tica.<\/p>\n<!-- \/wp:paragraph --><!-- wp:paragraph -->\n<p style=\"text-align: justify\"><strong>Docentes<\/strong>: Camila Palhares Barbosa\/ Marcelo Vieira Lopes\/ Marcelo Fabri \/ Noeli Dutra Rossatto \/ R\u00f3bson Ramos dos Reis \/ Silvestre Grzibowski<\/p>\n<!-- \/wp:paragraph -->\t\t\t\t\t\t<\/div>\n\t\t\t\t<\/div>\n\t\t\t\t\t<\/div>\n\t\t<\/div>\n\t\t\t\t\t<\/div>\n\t\t<\/section>\n\t\t\t\t<\/div>\n\t\t","protected":false},"excerpt":{"rendered":"<p>\u00c1rea de Concentra\u00e7\u00e3o:\u00a0 Filosofia Te\u00f3rica e Pr\u00e1tica Linhas de Pesquisa: 1. Linguagem, realidade e conhecimento Descri\u00e7\u00e3o:\u00a0investiga\u00e7\u00e3o da realidade quanto aos seus aspectos fundamentais e dos modos de represent\u00e1-los e express\u00e1-los, privilegiando o delineamento da estrutura do conhecimento, da organiza\u00e7\u00e3o sem\u00e2ntica da linguagem, dos esquemas inferenciais e das consequ\u00eancias do modo de representar a realidade para [&hellip;]<\/p>\n","protected":false},"author":194,"featured_media":0,"parent":0,"menu_order":0,"comment_status":"closed","ping_status":"closed","template":"","meta":{"footnotes":""},"categories":[],"tags":[],"class_list":["post-159","page","type-page","status-publish","hentry"],"acf":[],"_links":{"self":[{"href":"https:\/\/www.ufsm.br\/cursos\/pos-graduacao\/santa-maria\/ppgf\/wp-json\/wp\/v2\/pages\/159","targetHints":{"allow":["GET"]}}],"collection":[{"href":"https:\/\/www.ufsm.br\/cursos\/pos-graduacao\/santa-maria\/ppgf\/wp-json\/wp\/v2\/pages"}],"about":[{"href":"https:\/\/www.ufsm.br\/cursos\/pos-graduacao\/santa-maria\/ppgf\/wp-json\/wp\/v2\/types\/page"}],"author":[{"embeddable":true,"href":"https:\/\/www.ufsm.br\/cursos\/pos-graduacao\/santa-maria\/ppgf\/wp-json\/wp\/v2\/users\/194"}],"replies":[{"embeddable":true,"href":"https:\/\/www.ufsm.br\/cursos\/pos-graduacao\/santa-maria\/ppgf\/wp-json\/wp\/v2\/comments?post=159"}],"version-history":[{"count":0,"href":"https:\/\/www.ufsm.br\/cursos\/pos-graduacao\/santa-maria\/ppgf\/wp-json\/wp\/v2\/pages\/159\/revisions"}],"wp:attachment":[{"href":"https:\/\/www.ufsm.br\/cursos\/pos-graduacao\/santa-maria\/ppgf\/wp-json\/wp\/v2\/media?parent=159"}],"wp:term":[{"taxonomy":"category","embeddable":true,"href":"https:\/\/www.ufsm.br\/cursos\/pos-graduacao\/santa-maria\/ppgf\/wp-json\/wp\/v2\/categories?post=159"},{"taxonomy":"post_tag","embeddable":true,"href":"https:\/\/www.ufsm.br\/cursos\/pos-graduacao\/santa-maria\/ppgf\/wp-json\/wp\/v2\/tags?post=159"}],"curies":[{"name":"wp","href":"https:\/\/api.w.org\/{rel}","templated":true}]}}