{"id":160,"date":"2019-01-28T10:05:52","date_gmt":"2019-01-28T12:05:52","guid":{"rendered":"https:\/\/www.ufsm.br\/cursos\/pos-graduacao\/santa-maria\/ppgf\/?page_id=160"},"modified":"2019-01-28T10:05:54","modified_gmt":"2019-01-28T12:05:54","slug":"defesas","status":"publish","type":"page","link":"https:\/\/www.ufsm.br\/cursos\/pos-graduacao\/santa-maria\/ppgf\/defesas","title":{"rendered":"Defesas"},"content":{"rendered":"\n<table width=\"544\">\n<tbody>\n<tr>\n<td rowspan=\"4\" width=\"64\">Bruna Nat\u00e1lia Richter<\/td>\n<td rowspan=\"4\" width=\"64\">Defesa Disserta\u00e7\u00e3o<\/td>\n<td width=\"64\">Noeli Dutra Rossatto<\/td>\n<td width=\"64\">UFSM<\/td>\n<td rowspan=\"4\" width=\"68\">14:00<\/td>\n<td rowspan=\"4\" width=\"92\">17\/ago<\/td>\n<td rowspan=\"4\" width=\"64\">SALA 2323<\/td>\n<td rowspan=\"4\" width=\"64\">Tempo e eternidade: A leitura do Livro XI das Confiss\u00f5es de Agostinho por Paul Ricoeur<\/td>\n<\/tr>\n<tr>\n<td width=\"64\">ADRIANE DA SILVA MACHADO M\u00d6BBS<\/td>\n<td width=\"64\">UCPEL<\/td>\n<\/tr>\n<tr>\n<td width=\"64\">Cesar Schirmer dos Santos<\/td>\n<td width=\"64\">UFSM<\/td>\n<\/tr>\n<tr>\n<td width=\"64\">Marcelo Fabri<\/td>\n<td width=\"64\">UFSM<\/td>\n<\/tr>\n<tr>\n<td rowspan=\"7\" width=\"64\">Diogo Villas B\u00f4as Aguiar<\/td>\n<td rowspan=\"7\" width=\"64\">Defesa tese<\/td>\n<td width=\"64\">Marcelo Fabri<\/td>\n<td width=\"64\">UFSM<\/td>\n<td rowspan=\"7\" width=\"68\">14:30<\/td>\n<td rowspan=\"7\" width=\"92\">20\/ago<\/td>\n<td rowspan=\"7\" width=\"64\">Sala 2323<\/td>\n<td rowspan=\"7\" width=\"64\">Por um conceito ampliado de liberdade: sobre a bi-implica\u00e7\u00e3o de autonomia e heteronomia<\/td>\n<\/tr>\n<tr>\n<td width=\"64\">ANDR\u00c9 BRAYNER DE FARIAS<\/td>\n<td width=\"64\">PUC-RS<\/td>\n<\/tr>\n<tr>\n<td width=\"64\">JULIANA OLIVEIRA MISSAGGIA<\/td>\n<td width=\"64\">UFSM<\/td>\n<\/tr>\n<tr>\n<td width=\"64\">\u00a0RICARDO TIMM DE SOUZA<\/td>\n<td width=\"64\">PUC-RS<\/td>\n<\/tr>\n<tr>\n<td width=\"64\">Vilmar Debona<\/td>\n<td width=\"64\">UFSM<\/td>\n<\/tr>\n<tr>\n<td width=\"64\">Noeli Dutra Rossatto<\/td>\n<td width=\"64\">UFSM<\/td>\n<\/tr>\n<tr>\n<td width=\"64\">Silvestre Grzibowski<\/td>\n<td width=\"64\">UFSM<\/td>\n<\/tr>\n<tr>\n<td rowspan=\"8\" width=\"64\">Mateus Stein<\/td>\n<td rowspan=\"8\" width=\"64\">Qualifica\u00e7\u00e3o de tese<\/td>\n<td width=\"64\">Noeli Dutra Rossatto<\/td>\n<td width=\"64\">UFSM<\/td>\n<td rowspan=\"8\" width=\"68\">14:00<\/td>\n<td rowspan=\"8\" width=\"92\">20\/ago<\/td>\n<td rowspan=\"8\" width=\"64\">SALA 2363<\/td>\n<td rowspan=\"8\" width=\"64\">A prioridade de uma abordagem narrativa em quest\u00f5es de \u00e9tica aplicada e os experimentos de pensamento<\/td>\n<\/tr>\n<tr>\n<td width=\"64\">Janyne Sattler<\/td>\n<td width=\"64\">UFSC<\/td>\n<\/tr>\n<tr>\n<td width=\"64\">Albertinho Luiz Gallina<\/td>\n<td width=\"64\">UFSM<\/td>\n<\/tr>\n<tr>\n<td width=\"64\">ANSELMO PERES ALOS<\/td>\n<td width=\"64\">UFSM<\/td>\n<\/tr>\n<tr>\n<td width=\"64\">Cristina de Moraes Nunes<\/td>\n<td width=\"64\">FAPAS<\/td>\n<\/tr>\n<tr>\n<td width=\"64\">Mitieli Seixas da Silva<\/td>\n<td width=\"64\">UFSM<\/td>\n<\/tr>\n<tr>\n<td width=\"64\">MARCELO FISCHBORN<\/td>\n<td width=\"64\">UFSM<\/td>\n<\/tr>\n<tr>\n<td width=\"64\">Silvestre Grzibowski<\/td>\n<td width=\"64\">UFSM<\/td>\n<\/tr>\n<tr>\n<td rowspan=\"4\" width=\"64\">JEAN MACHADO SENHORINHO<\/td>\n<td rowspan=\"4\" width=\"64\">Defesa Disserta\u00e7\u00e3o<\/td>\n<td width=\"64\">Flavio Williges<\/td>\n<td width=\"64\">UFSM<\/td>\n<td rowspan=\"4\" width=\"68\">09:30<\/td>\n<td rowspan=\"4\" width=\"92\">21\/ago<\/td>\n<td rowspan=\"4\" width=\"64\">SALA 2323<\/td>\n<td rowspan=\"4\" width=\"64\">LENDO FIC\u00c7\u00d5ES PARA A VIDA: LITERATURA, FORMA\u00c7\u00c3O MORAL E EMO\u00c7\u00d5ES<\/td>\n<\/tr>\n<tr>\n<td width=\"64\">EDUARDO VICENTINI DE MEDEIROS<\/td>\n<td width=\"64\">UNISC<\/td>\n<\/tr>\n<tr>\n<td width=\"64\">Janyne Sattler<\/td>\n<td width=\"64\">UFSC<\/td>\n<\/tr>\n<tr>\n<td width=\"64\">Vilmar Debona<\/td>\n<td width=\"64\">UFSM<\/td>\n<\/tr>\n<tr>\n<td rowspan=\"7\" width=\"64\">ALEXANDRE ZIANI DE BORBA<\/td>\n<td rowspan=\"7\" width=\"64\">Qualifica\u00e7\u00e3o de tese<\/td>\n<td width=\"64\">Frank Thomas Sautter<\/td>\n<td width=\"64\">UFSM<\/td>\n<td rowspan=\"7\" width=\"68\">14:00<\/td>\n<td rowspan=\"7\" width=\"92\">24\/ago<\/td>\n<td rowspan=\"7\" width=\"64\">SALA 2323<\/td>\n<td rowspan=\"7\" width=\"64\">Virtudes Intelectuais e Educa\u00e7\u00e3o<\/td>\n<\/tr>\n<tr>\n<td width=\"64\">ALEXANDRE MEYER LUZ<\/td>\n<td width=\"64\">UFSC<\/td>\n<\/tr>\n<tr>\n<td width=\"64\">Gisele Dalva Secco<\/td>\n<td width=\"64\">UFSM<\/td>\n<\/tr>\n<tr>\n<td width=\"64\">Mitieli Seixas da Silva<\/td>\n<td width=\"64\">UFSM<\/td>\n<\/tr>\n<tr>\n<td width=\"64\">Rog\u00e9rio Fabianne Saucedo Correa<\/td>\n<td width=\"64\">UFSM<\/td>\n<\/tr>\n<tr>\n<td width=\"64\">Cesar Schirmer dos Santos<\/td>\n<td width=\"64\">UFSM<\/td>\n<\/tr>\n<tr>\n<td width=\"64\">Janyne Sattler<\/td>\n<td width=\"64\">UFSC<\/td>\n<\/tr>\n<tr>\n<td rowspan=\"7\" width=\"64\">ARTUR RICARDO DE AGUIAR WEIDMANN<\/td>\n<td rowspan=\"7\" width=\"64\">Defesa tese<\/td>\n<td width=\"64\">Marcelo Fabri<\/td>\n<td width=\"64\">UFSM<\/td>\n<td rowspan=\"7\" width=\"68\">14:00<\/td>\n<td rowspan=\"7\" width=\"92\">31\/ago<\/td>\n<td rowspan=\"7\" width=\"64\">SALA 2323<\/td>\n<td rowspan=\"7\" width=\"64\">Da ontologia \u00e0 moral: o problema da convers\u00e3o da liberdade nos escritos de Sartre<\/td>\n<\/tr>\n<tr>\n<td width=\"64\">Adelar Concei\u00e7\u00e3o dos Santos<\/td>\n<td width=\"64\">UFRGS<\/td>\n<\/tr>\n<tr>\n<td width=\"64\">NEIDE COELHO BO\u00cbCHAT<\/td>\n<td width=\"64\">UNIFAI<\/td>\n<\/tr>\n<tr>\n<td width=\"64\">Noeli Dutra Rossatto<\/td>\n<td width=\"64\">UFSM<\/td>\n<\/tr>\n<tr>\n<td width=\"64\">Silvestre Grzibowski<\/td>\n<td width=\"64\">UFSM<\/td>\n<\/tr>\n<tr>\n<td width=\"64\">Alceu Cavalheiri<\/td>\n<td width=\"64\">UFSN<\/td>\n<\/tr>\n<tr>\n<td width=\"64\">Marcos Alexandre Alves<\/td>\n<td width=\"64\">UFSN<\/td>\n<\/tr>\n<tr>\n<td rowspan=\"4\" width=\"64\">Eduardo Adirbal Rosa<\/td>\n<td rowspan=\"4\" width=\"64\">Defesa Disserta\u00e7\u00e3o<\/td>\n<td width=\"64\">R\u00f3bson Ramos dos Reis<\/td>\n<td width=\"64\">UFSM<\/td>\n<td rowspan=\"4\" width=\"68\">09:00<\/td>\n<td rowspan=\"4\" width=\"92\">31\/ago<\/td>\n<td rowspan=\"4\" width=\"64\">Sala 2323<\/td>\n<td rowspan=\"4\" width=\"64\">Sobre os distintos modos da espacialidade na fenomenologia hermen\u00eautica de Martin Heidegger<\/td>\n<\/tr>\n<tr>\n<td width=\"64\">JULIANA OLIVEIRA MISSAGGIA<\/td>\n<td width=\"64\">UFSM<\/td>\n<\/tr>\n<tr>\n<td width=\"64\">LIGIA TERESA SARAMAGO P\u00c1DUA<\/td>\n<td width=\"64\">PUC-RJ<\/td>\n<\/tr>\n<tr>\n<td width=\"64\">Frank Thomas Sautter<\/td>\n<td width=\"64\">UFSM<\/td>\n<\/tr>\n<tr>\n<td rowspan=\"7\" width=\"64\">GUSTAVO ELLWANGER CALOVI<\/td>\n<td rowspan=\"7\" width=\"64\">Defesa tese<\/td>\n<td width=\"64\">Jair Antonio Krassuki<\/td>\n<td width=\"64\">UFSM<\/td>\n<td rowspan=\"7\" width=\"68\">15:00<\/td>\n<td rowspan=\"7\" width=\"92\">04\/set<\/td>\n<td rowspan=\"7\" width=\"64\">Sala de Apoio \u2013 Pr\u00e9dio 67<\/td>\n<td rowspan=\"7\" width=\"64\">A AUFKL\u00c4RUNG COMO FORMA DE MELHORAMENTO DOS COSTUMES DO G\u00caNERO HUMANO EM KANT<\/td>\n<\/tr>\n<tr>\n<td width=\"64\">Christian Viktor Hamm<\/td>\n<td width=\"64\">UFSM<\/td>\n<\/tr>\n<tr>\n<td width=\"64\">Diego C. Zanella<\/td>\n<td width=\"64\">UNIFRA<\/td>\n<\/tr>\n<tr>\n<td width=\"64\">Rafael da Silva Cortes<\/td>\n<td width=\"64\">UFRGS<\/td>\n<\/tr>\n<tr>\n<td width=\"64\">Nuria Sanch\u00e9z<\/td>\n<td width=\"64\">UCM \u2013 MADRID<\/td>\n<\/tr>\n<tr>\n<td width=\"64\">Albertinho Luiz Gallina<\/td>\n<td width=\"64\">UFSM<\/td>\n<\/tr>\n<tr>\n<td width=\"64\">Noeli Dutra Rossatto<\/td>\n<td width=\"64\">UFSM<\/td>\n<\/tr>\n<\/tbody>\n<\/table>\n","protected":false},"excerpt":{"rendered":"<p>Bruna Nat\u00e1lia Richter Defesa Disserta\u00e7\u00e3o Noeli Dutra Rossatto UFSM 14:00 17\/ago SALA 2323 Tempo e eternidade: A leitura do Livro XI das Confiss\u00f5es de Agostinho por Paul Ricoeur ADRIANE DA SILVA MACHADO M\u00d6BBS UCPEL Cesar Schirmer dos Santos UFSM Marcelo Fabri UFSM Diogo Villas B\u00f4as Aguiar Defesa tese Marcelo Fabri UFSM 14:30 20\/ago Sala 2323 [&hellip;]<\/p>\n","protected":false},"author":194,"featured_media":0,"parent":0,"menu_order":0,"comment_status":"closed","ping_status":"closed","template":"","meta":{"footnotes":""},"categories":[],"tags":[],"class_list":["post-160","page","type-page","status-publish","hentry"],"acf":[],"_links":{"self":[{"href":"https:\/\/www.ufsm.br\/cursos\/pos-graduacao\/santa-maria\/ppgf\/wp-json\/wp\/v2\/pages\/160","targetHints":{"allow":["GET"]}}],"collection":[{"href":"https:\/\/www.ufsm.br\/cursos\/pos-graduacao\/santa-maria\/ppgf\/wp-json\/wp\/v2\/pages"}],"about":[{"href":"https:\/\/www.ufsm.br\/cursos\/pos-graduacao\/santa-maria\/ppgf\/wp-json\/wp\/v2\/types\/page"}],"author":[{"embeddable":true,"href":"https:\/\/www.ufsm.br\/cursos\/pos-graduacao\/santa-maria\/ppgf\/wp-json\/wp\/v2\/users\/194"}],"replies":[{"embeddable":true,"href":"https:\/\/www.ufsm.br\/cursos\/pos-graduacao\/santa-maria\/ppgf\/wp-json\/wp\/v2\/comments?post=160"}],"version-history":[{"count":0,"href":"https:\/\/www.ufsm.br\/cursos\/pos-graduacao\/santa-maria\/ppgf\/wp-json\/wp\/v2\/pages\/160\/revisions"}],"wp:attachment":[{"href":"https:\/\/www.ufsm.br\/cursos\/pos-graduacao\/santa-maria\/ppgf\/wp-json\/wp\/v2\/media?parent=160"}],"wp:term":[{"taxonomy":"category","embeddable":true,"href":"https:\/\/www.ufsm.br\/cursos\/pos-graduacao\/santa-maria\/ppgf\/wp-json\/wp\/v2\/categories?post=160"},{"taxonomy":"post_tag","embeddable":true,"href":"https:\/\/www.ufsm.br\/cursos\/pos-graduacao\/santa-maria\/ppgf\/wp-json\/wp\/v2\/tags?post=160"}],"curies":[{"name":"wp","href":"https:\/\/api.w.org\/{rel}","templated":true}]}}