{"id":5044,"date":"2022-09-21T10:04:04","date_gmt":"2022-09-21T13:04:04","guid":{"rendered":"https:\/\/www.ufsm.br\/cursos\/pos-graduacao\/santa-maria\/ppgf\/?page_id=5044"},"modified":"2025-06-24T14:45:01","modified_gmt":"2025-06-24T17:45:01","slug":"duvidas-frequentes-alunos","status":"publish","type":"page","link":"https:\/\/www.ufsm.br\/cursos\/pos-graduacao\/santa-maria\/ppgf\/duvidas-frequentes-alunos","title":{"rendered":"D\u00favidas Frequentes &#8211; Estudantes"},"content":{"rendered":"\t\t<div data-elementor-type=\"wp-page\" data-elementor-id=\"5044\" class=\"elementor elementor-5044\">\n\t\t\t\t\t\t<section class=\"elementor-section elementor-top-section elementor-element elementor-element-5abec9d2 elementor-section-boxed elementor-section-height-default elementor-section-height-default\" data-id=\"5abec9d2\" data-element_type=\"section\">\n\t\t\t\t\t\t<div class=\"elementor-container elementor-column-gap-default\">\n\t\t\t\t\t<div class=\"elementor-column elementor-col-100 elementor-top-column elementor-element elementor-element-64c3abb5\" data-id=\"64c3abb5\" data-element_type=\"column\">\n\t\t\t<div class=\"elementor-widget-wrap elementor-element-populated\">\n\t\t\t\t\t\t<div class=\"elementor-element elementor-element-61e4545a elementor-widget elementor-widget-text-editor\" data-id=\"61e4545a\" data-element_type=\"widget\" data-widget_type=\"text-editor.default\">\n\t\t\t\t<div class=\"elementor-widget-container\">\n\t\t\t\t\t\t\t<!-- wp:heading {\"level\":1} -->\n<h1>Instru\u00e7\u00f5es aos alunos<\/h1>\n<p><a href=\"https:\/\/www.ufsm.br\/app\/uploads\/sites\/556\/2025\/06\/Manual-de-Dissertacoes-e-Teses_MDT_2021.pdf\">Manual-de-Dissertacoes-e-Teses_MDT_2021<\/a><\/p>\n<!-- \/wp:heading --><!-- wp:heading {\"level\":4} -->\n<h4><strong>\u2013 Elabora\u00e7\u00e3o dos Planos de Estudo<\/strong><\/h4>\n<!-- \/wp:heading --><!-- wp:paragraph -->\n<p>Preenchimento no\u00a0<a href=\"https:\/\/portal.ufsm.br\/aluno\/\">Portal do Aluno<\/a>.<\/p>\n<!-- \/wp:paragraph --><!-- wp:paragraph -->\n<p><a href=\"http:\/\/coral.ufsm.br\/geomatica\/images\/TUTORIAL-PLANO-DE-ESTUDOS.pdf\">Tutorial para preenchimento do Plano de Estudos.<\/a><\/p>\n<!-- \/wp:paragraph --><!-- wp:heading {\"level\":4} -->\n<h4><strong>\u2013 Defesa de Projeto de Disserta\u00e7\u00e3o<\/strong><\/h4>\n<!-- \/wp:heading --><!-- wp:paragraph -->\n<p style=\"text-align: justify\">Para a defesa do Projeto de Disserta\u00e7\u00e3o o aluno dever\u00e1 enviar \u00e0 Secretaria Integrada da P\u00f3s Gradua\u00e7\u00e3o do CCSH (SIPOS), por e-mail (<a href=\"mailto:sipos.ccsh@ufsm.br\">sipos.ccsh@ufsm.br<\/a>), com pelo menos 20 dias de anteced\u00eancia da data prevista para a defesa, os seguintes documentos:<\/p>\n<!-- \/wp:paragraph --><!-- wp:list -->\n<ul>\n<li><a href=\"https:\/\/www.ufsm.br\/app\/uploads\/sites\/556\/2022\/09\/Formulario-Banca-de-Defesa-3.docx\">Formul\u00e1rio Banca de Defesa (3)<\/a><a href=\"https:\/\/www.ufsm.br\/app\/uploads\/sites\/544\/2021\/06\/Formulario_sugestao_banca_dissertacao-PPGAP_atualizado.doc\">;<\/a><\/li>\n<li>Encaminhar c\u00f3pia do formul\u00e1rio acima por e-mail a SIPOS (<a href=\"mailto:sipos.ccsh@ufsm.br\">sipos.ccsh@ufsm.br<\/a>) para que seja feita o cadastro da Banca Avaliadora \u2013 para assinatura dos documentos de defesa em formato digital;<\/li>\n<li>Curr\u00edculo Lattes dos membros externos \u00e0 UFSM sugeridos para Comiss\u00e3o Examinadora.<\/li>\n<\/ul>\n<!-- \/wp:list --><!-- wp:paragraph -->\n<p style=\"text-align: justify\">Importante: Envie uma via do Projeto para os membros da banca em tempo h\u00e1bil, para possibilitar a leitura e avalia\u00e7\u00e3o (pelo menos 20 dias antes da data da banca).<\/p>\n<!-- \/wp:paragraph --><!-- wp:list -->\n<ul>\n<li><strong>Solicita\u00e7\u00e3o de Prorroga\u00e7\u00e3o de prazo para defesa de Projeto de Disserta\u00e7\u00e3o<\/strong><\/li>\n<\/ul>\n<!-- \/wp:list --><!-- wp:paragraph -->\n<p>1) C\u00f3pia da vers\u00e3o atual do\u00a0projeto.<\/p>\n<!-- \/wp:paragraph --><!-- wp:paragraph -->\n<p style=\"text-align: justify\">2)\u00a0<a href=\"https:\/\/www.ufsm.br\/app\/uploads\/sites\/544\/2020\/09\/Modelo-de-Prorrogacao-de-prazo-de-defesa-de-projeto-2.doc\">Of\u00edcio ao colegiado do programa\u00a0<\/a>especificando as raz\u00f5es para n\u00e3o cumprimento do\u00a0prazo\u00a0e o\u00a0prazo\u00a0de\u00a0prorroga\u00e7\u00e3o\u00a0desejado. O documento deve ser assinado pelo discente e deve constar o \u201cde acordo\u201d com a assinatura\u00a0 do orientador.<\/p>\n<!-- \/wp:paragraph --><!-- wp:paragraph -->\n<p style=\"text-align: justify\">Estes documentos devem ser enviados para o e-mail a coordena\u00e7\u00e3o (<a href=\"mailto:coordenacaoppgfill@ufsm.br\">coordenacaoppgfill@ufsm.br<\/a>) com o assunto: solicita\u00e7\u00e3o\u00a0prorroga\u00e7\u00e3o\u00a0de\u00a0prazo\u00a0de\u00a0defesa\u00a0de\u00a0projeto\u00a0\u201cnome do aluno\u201d<\/p>\n<!-- \/wp:paragraph --><!-- wp:heading {\"level\":4} -->\n<h4><strong>\u2013 Defesa de Disserta\u00e7\u00e3o<\/strong><\/h4>\n<!-- \/wp:heading --><!-- wp:paragraph -->\n<p>Ficar atento aos seguintes crit\u00e9rios:<\/p>\n<!-- \/wp:paragraph --><!-- wp:paragraph -->\n<p style=\"text-align: justify\">1) Todos os membros da comiss\u00e3o examinadora da qualifica\u00e7\u00e3o e da defesa de disserta\u00e7\u00e3o dever\u00e3o serem detentores de t\u00edtulo de doutorado.\u00a0<\/p>\n<!-- \/wp:paragraph --><!-- wp:paragraph -->\n<p style=\"text-align: justify\">2) Pelo menos um dos membros da comiss\u00e3o examinadora da defesa de disserta\u00e7\u00e3o dever\u00e1 ser um membro externo \u00e0 Universidade Federal de Santa Maria.\u00a0<\/p>\n<!-- \/wp:paragraph --><!-- wp:paragraph -->\n<p style=\"text-align: justify\">2.1) O(s) membro(s) externo(s) dever\u00e1(\u00e3o) possuir t\u00edtulo de doutor e atuar em programa de p\u00f3s-gradua\u00e7\u00e3o.<\/p>\n<!-- \/wp:paragraph --><!-- wp:paragraph -->\n<p style=\"text-align: justify\">Para solicitar a Defesa da Disserta\u00e7\u00e3o o aluno dever\u00e1 acessar o<a href=\"https:\/\/portal.ufsm.br\/aluno\/\">\u00a0Portal do aluno<\/a>, e clicar no \u00edcone \u201cDefesa de MDT\u201d. Para acessar o Tutorial de Solicita\u00e7\u00e3o de Defesa de MDT,\u00a0<a href=\"http:\/\/prpgp.ufsm.br\/images\/pro-reitoria\/HOME\/TUTORIAL.pdf\" target=\"_blank\" rel=\"noreferrer noopener\">clique aqui<\/a>.<\/p>\n<!-- \/wp:paragraph --><!-- wp:paragraph -->\n<p>Dever\u00e1 enviar\u00a0ao e-mail da secretaria do curso, com pelo menos 25 dias de anteced\u00eancia da data prevista para a defesa, os seguintes documentos:<\/p>\n<!-- \/wp:paragraph --><!-- wp:list -->\n<ul>\n<li><a href=\"https:\/\/www.ufsm.br\/app\/uploads\/sites\/556\/2022\/09\/Formulario-Banca-de-Defesa-3.docx\">Formul\u00e1rio Banca de Defesa (3)<\/a>;<\/li>\n<li>Encaminhar c\u00f3pia do formul\u00e1rio acima por e-mail a SIPOS (<a href=\"mailto:sipos.ccsh@ufsm.br\">sipos.ccsh@ufsm.br<\/a>) para que seja feita o cadastro da Banca Avaliadora -para assinatura dos documentos de defesa em formato digital;<\/li>\n<li>\u00a0Curr\u00edculo Lattes dos membro(s) externo(s) sugeridos para Comiss\u00e3o Examinadora;<\/li>\n<li>\u00a0Of\u00edcio com justificativa para a altera\u00e7\u00e3o de membros (para os casos em que a comiss\u00e3o sugerida seja diferente daquela que avaliou o Projeto de Disserta\u00e7\u00e3o).<\/li>\n<li>Importante:\u00a0Envie uma via da Disserta\u00e7\u00e3o para os membros da banca em tempo h\u00e1bil, para possibilitar a leitura e avalia\u00e7\u00e3o (pelo menos 20 dias antes da data da banca).<\/li>\n<\/ul>\n<!-- \/wp:list --><!-- wp:paragraph -->\n<p><strong>\u2013 Prorroga\u00e7\u00e3o de prazo de defesa (Disserta\u00e7\u00e3o)<\/strong><\/p>\n<!-- \/wp:paragraph --><!-- wp:paragraph -->\n<p>Todo aluno regular poder\u00e1 solicitar, em car\u00e1ter excepcional, um pedido de prorroga\u00e7\u00e3o do prazo de defesa ficando a crit\u00e9rio do Colegiado do Programa, a concess\u00e3o. O procedimento segue o\u00a0<a href=\"https:\/\/www.ufsm.br\/pro-reitorias\/prpgp\/wp-content\/uploads\/sites\/345\/2018\/08\/Informativo-001-2019-Prorroga%C3%A7%C3%A3o-Prazo-Defesa-PEN.pdf\">Informativo PRPGP n.\u00ba 001\/2019<\/a>, o qual define o procedimento de prorroga\u00e7\u00e3o da seguinte forma:<\/p>\n<!-- \/wp:paragraph --><!-- wp:paragraph -->\n<p>1) Quando se tratar de solicita\u00e7\u00e3o de prorroga\u00e7\u00e3o de defesa para curso stricto sensu (Mestrado\/Doutorado), o(a) acad\u00eamico(a) dever\u00e1 utilizar o formul\u00e1rio individual de \u201cRequerimento para Prorroga\u00e7\u00e3o do Prazo de Defesa\u201d.<\/p>\n<!-- \/wp:paragraph --><!-- wp:paragraph -->\n<p>I \u2013 aluno preenche o\u00a0formul\u00e1rio, anexa os documentos que fundamentam o pedido e contata seu orientador;<\/p>\n<!-- \/wp:paragraph --><!-- wp:paragraph -->\n<p>II \u2013ap\u00f3s a aprova\u00e7\u00e3o do(a) orientador(a) e defini\u00e7\u00e3o do prazo de prorroga\u00e7\u00e3o a ser solicitado, o(a) acad\u00eamico(a) deve realizar a abertura do processo no PEN da UFSM, incluindo se houver, outros documentos (atestado, cronograma de trabalho, etc\u2026) que justifiquem tal pedido;<\/p>\n<!-- \/wp:paragraph --><!-- wp:paragraph -->\n<p>III \u2013\u00a0ap\u00f3s a abertura do processo no PEN, dever\u00e1 ser tramitado ao Programa de P\u00f3s-gradua\u00e7\u00e3o em Administra\u00e7\u00e3o P\u00fablica (06.10.05), para que seja\u00a0apreciado em colegiado e definido o prazo de prorroga\u00e7\u00e3o a ser concedido;\u00a0<a href=\"https:\/\/www.ufsm.br\/app\/uploads\/sites\/539\/2021\/04\/Turorial-solicitacao-de-prorrogacao-de-prazo.pdf\">Tutorial<\/a><a href=\"https:\/\/www.ufsm.br\/app\/uploads\/sites\/539\/2021\/04\/Turorial-solicitacao-de-prorrogacao-de-prazo.pdf\" target=\"_blank\" rel=\"noreferrer noopener\">\u00a0<\/a>;<\/p>\n<!-- \/wp:paragraph --><!-- wp:paragraph -->\n<p style=\"text-align: justify\">IV \u2013 quando a aprova\u00e7\u00e3o se der por \u201cad referendum\u201d da Coordena\u00e7\u00e3o, a tramita\u00e7\u00e3o \u00e0 CPG\/PRPGP dever\u00e1 ser feita pelo(a) Coordenador(a) do PPG, informando no despacho do processo da aprova\u00e7\u00e3o \u201cad referendum\u201d, o tempo da prorroga\u00e7\u00e3o em meses e anexando o hist\u00f3rico do aluno. Se a tramita\u00e7\u00e3o n\u00e3o for feita pelo(a) Coordenador(a) do PPG, dever\u00e1 ser anexado um comprovante dado pela Coordena\u00e7\u00e3o desta aprova\u00e7\u00e3o por \u201cad referendum\u201d, informando o tempo aprovado em meses e anexado o hist\u00f3rico do(a) aluno(a).<\/p>\n<!-- \/wp:paragraph --><!-- wp:paragraph -->\n<p style=\"text-align: justify\">V \u2013 ap\u00f3s a emiss\u00e3o da portaria pela PRPGP, o processo \u00e9 tramitado ao DERCA para os devidos registros e depois retorna ao Programa de P\u00f3s-gradua\u00e7\u00e3o para aguardar a defesa. Quando a aprova\u00e7\u00e3o se deu por \u201cad referendum\u201d do(a) coordenador(a), o programa dever\u00e1 anexar a ata do colegiado que concedeu esse prazo de prorroga\u00e7\u00e3o e tramitar novamente \u00e0 PRPGP para ci\u00eancia dessa ata anexada, homologada. Ap\u00f3s a ci\u00eancia, a PRPGP envia ao Programa para aguardar a defesa.<\/p>\n<!-- \/wp:paragraph --><!-- wp:paragraph -->\n<p style=\"text-align: justify\">VI \u2013 havendo necessidade de altera\u00e7\u00e3o do prazo de prorroga\u00e7\u00e3o concedido (aumento de prazo): aluno(a) preenche novamente o requerimento assinalando que \u00e9 uma Apostila, com aprova\u00e7\u00e3o de seu(sua) orientador(a) e entrega na secretaria do curso para aprova\u00e7\u00e3o em colegiado. Aprovado novo per\u00edodo de prorroga\u00e7\u00e3o esse requerimento deve ser anexado ao processo aberto e reenviado \u00e0 PRPGP para emiss\u00e3o de uma Apostila \u00e0 portaria, com posterior envio do PEN ao DERCA, que far\u00e1 os devidos registros, lembrando sempre que: se for ad referendum do(a) coordenador(a), a ata de homologa\u00e7\u00e3o do novo prazo dever\u00e1 ser anexada ao processo ap\u00f3s a emiss\u00e3o da apostila e enviada \u00e0 PRPGP para ci\u00eancia dessa aprova\u00e7\u00e3o. PRPGP toma ci\u00eancia e retorna ao Programa para aguardar a defesa.<\/p>\n<!-- \/wp:paragraph --><!-- wp:paragraph -->\n<p style=\"text-align: justify\">VII \u2013 Ap\u00f3s finalizado o objetivo do processo (defesa ou n\u00e3o defesa), o processo PEN deve ser arquivado. Para isso, deve ser feita uma tramita\u00e7\u00e3o selecionando a op\u00e7\u00e3o de \u201cEncaminha para arquivamento \u2013 DAG\u201d, incluindo na justificativa o arquivamento devido a defesa, com a data da defesa e sua aprova\u00e7\u00e3o ou n\u00e3o.<\/p>\n<!-- \/wp:paragraph --><!-- wp:paragraph -->\n<p><strong>\u2013 Entrega Vers\u00e3o Final da Disserta\u00e7\u00e3o \u2013 Digital<\/strong><\/p>\n<!-- \/wp:paragraph --><!-- wp:heading {\"level\":3} -->\n<h3>\u00a0<\/h3>\n<!-- \/wp:heading --><!-- wp:paragraph -->\n<p style=\"text-align: justify\">\u00a0Para solicita\u00e7\u00e3o da tramita\u00e7\u00e3o do\u00a0Diploma de Mestre o (a) discente dever\u00e1 abrir processo Via Pen SIE (\u00a0<a href=\"https:\/\/www.ufsm.br\/app\/uploads\/sites\/544\/2022\/07\/TUTORIAL-Ato-de-entrega-de-MDT-versao-05-07-22-edicao-PRPGP-1-2.pdf\">TUTORIAL Ato de entrega de MDT \u2013 vers\u00e3o 05 07 22 \u2013 edi\u00e7\u00e3o PRPGP (1) (2)<\/a>\u00a0) anexar os seguintes documentos, dentro do prazo estabelecido pela Comiss\u00e3o Examinadora para as altera\u00e7\u00f5es na Disserta\u00e7\u00e3o:<\/p>\n<!-- \/wp:paragraph --><!-- wp:list -->\n<ul>\n<li style=\"text-align: justify\">Disserta\u00e7\u00e3o em pdf de acordo com a MDT da UFSM \u2013 (<strong>A folha de aprova\u00e7\u00e3o se mant\u00e9m<\/strong> tem que constar do trabalho de conclus\u00e3o &#8211; De acordo com o Item 10, p\u00e1gina 17, Instru\u00e7\u00f5es sobre a entrega eletr\u00f4nica da vers\u00e3o final do trabalho do Manual de MDT, a folha de aprova\u00e7\u00e3o deve constar no arquivo da MDT e n\u00e3o necessita da assinatura dos membros da banca nem do orientador. A disserta\u00e7\u00e3o\/tese dever\u00e1 conter ficha catalogr\u00e1fica (obtida no site da Biblioteca Central da UFSM);<\/li>\n<li>A Ata de defesa assinada pela comiss\u00e3o examinadora assinada;<\/li>\n<li style=\"text-align: justify\">o Artigo cient\u00edfico em pdf, resultado do seu estudo, em co-autoria com o orientador e em meio digital;<\/li>\n<li style=\"text-align: justify\"><a href=\"https:\/\/www.ufsm.br\/app\/uploads\/sites\/544\/2022\/09\/Autorizacao_Biblioteca-UFSM.doc\">Autorizacao_Biblioteca-UFSM<\/a><\/li>\n<\/ul>\n<p>\u00a0<\/p>\n<p>LEMBRETES<\/p>\n<!-- \/wp:list --><!-- wp:paragraph -->\n<p style=\"text-align: justify\"><strong>\u2013\u00a0<\/strong>TODOS os documentos (<strong>A folha de aprova\u00e7\u00e3o se mant\u00e9m<\/strong> tem que constar do trabalho de conclus\u00e3o &#8211; De acordo com o Item 10, p\u00e1gina 17, Instru\u00e7\u00f5es sobre a entrega eletr\u00f4nica da vers\u00e3o final do trabalho do Manual de MDT, a folha de aprova\u00e7\u00e3o deve constar no arquivo da MDT e n\u00e3o necessita da assinatura dos membros da banca nem do orientador. A disserta\u00e7\u00e3o\/tese dever\u00e1 conter ficha catalogr\u00e1fica (obtida no site da Biblioteca Central da UFSM)\u00a0e Autoriza\u00e7\u00e3o para Disponibiliza\u00e7\u00e3o on-line dos trabalhos), devem estar assinados pelos docentes e discente. N\u00e3o ser\u00e3o tramitados processos que estejam faltando assinaturas<\/p>\n<!-- \/wp:paragraph --><!-- wp:paragraph -->\n<p style=\"text-align: justify\">\u2013 A\u00a0entrega ser\u00e1 on line, o (a) discente encaminha ao orientador (a) o processo, este dever\u00e1 conferi se estiver de acordo encaminha a Coordena\u00e7\u00e3o estando ok a Coordena\u00e7\u00e3o encaminhar\u00e1 a PRPGP para verifica\u00e7\u00e3o e encaminhamento do diploma (<a href=\"https:\/\/www.ufsm.br\/app\/uploads\/sites\/544\/2022\/07\/Memo-Circ-04-2022-entrega-da-versao-final-MDT-digital-ASSINADO-2-1.pdf\">Memo Circ 04-2022 entrega da vers\u00e3o final MDT digital ASSINADO (2)<\/a>);<\/p>\n<!-- \/wp:paragraph --><!-- wp:paragraph -->\n<p style=\"text-align: justify\">\u2013 O (a) discente dever\u00e1 acompanhar seu processo;<\/p>\n<!-- \/wp:paragraph --><!-- wp:paragraph -->\n<p style=\"text-align: justify\">\u2013 Se houver urg\u00eancia na solicita\u00e7\u00e3o do diploma o discente deve encaminhar por e-mail (sipos.ccsh@ufsm.br) o\u00a0<a href=\"https:\/\/www.ufsm.br\/pro-reitorias\/prpgp\/servicos\/urgencia-para-emissao-de-diploma-da-pos-graduacao\/\">requerimento de urg\u00eancia.<\/a><\/p>\n<!-- \/wp:paragraph --><!-- wp:paragraph -->\n<p><strong>\u2013 Procedimentos para Cursar Disciplina de Doc\u00eancia Orientada<\/strong><\/p>\n<!-- \/wp:paragraph --><!-- wp:paragraph -->\n<p>Seguir as orienta\u00e7\u00f5es da\u00a0<a href=\"https:\/\/www.ufsm.br\/cursos\/pos-graduacao\/santa-maria\/ppgapublica\/wp-content\/uploads\/sites\/544\/2019\/08\/Resolucao_estagio_docencia.pdf\">Resolu\u00e7\u00e3o n.\u00ba18\/08<\/a>\u00a0da UFSM.<\/p>\n<!-- \/wp:paragraph --><!-- wp:paragraph -->\n<p style=\"text-align: justify\">Elaborar um\u00a0<a href=\"https:\/\/www.ufsm.br\/cursos\/pos-graduacao\/santa-maria\/ppgapublica\/wp-content\/uploads\/sites\/544\/2019\/08\/Plano-de-estagio-docencia-PPGAP.doc\" target=\"_blank\" rel=\"noreferrer noopener\">Plano de doc\u00eancia<\/a>, juntamente com o professor orientador, entregar em tempo h\u00e1bil na Secretaria do PPGAP, para as devidas homologa\u00e7\u00f5es nos conselhos;<\/p>\n<!-- \/wp:paragraph --><!-- wp:heading {\"level\":4} -->\n<h4>\u2013\u00a0<strong>Requerimento de dispensa ou Aproveitamento de disciplina<\/strong><\/h4>\n<!-- \/wp:heading --><!-- wp:paragraph -->\n<p style=\"text-align: justify\">O aluno que houver cursado disciplinas, em n\u00edvel de p\u00f3s-gradua\u00e7\u00e3o stricto sensu, em qualquer estabelecimento de ensino superior, poder\u00e1 solicitar o aproveitamento dos cr\u00e9ditos correspondentes, a crit\u00e9rio do Colegiado do Programa.\u00a0Para poder aproveitar disciplinas cursadas como aluno\u00a0especial, teste de sufici\u00eancia em l\u00edngua estrangeira ou em outro curso de\u00a0mestrado ou doutorado antes de ser aluno regular no PPGAP, o discente dever\u00e1\u00a0seguir os passos a seguir:<\/p>\n<!-- \/wp:paragraph --><!-- wp:paragraph -->\n<p style=\"text-align: justify\">I \u2013 Preencher o formul\u00e1rio, anexar junto com os documentos que fundamentam o pedido (hist\u00f3rico escolar; ou certificado do teste com nota;<br \/>ou ementa e bibliografia da disciplina)<\/p>\n<!-- \/wp:paragraph --><!-- wp:paragraph -->\n<p style=\"text-align: justify\">II \u2013 Deve realizar a abertura do processo no PEN da UFSM, ent\u00e3o anexar nesse processo o formul\u00e1rio e os documentos que que justifiquem<br \/>tal pedido;<\/p>\n<!-- \/wp:paragraph --><!-- wp:paragraph -->\n<p style=\"text-align: justify\">III \u2013 Ap\u00f3s a abertura do processo no PEN, dever\u00e1 tramitar ao Programa de P\u00f3s-gradua\u00e7\u00e3o em Administra\u00e7\u00e3o P\u00fablica (06.10.05.00.0.0), para que seja apreciado em colegiado;<\/p>\n<!-- \/wp:paragraph --><!-- wp:paragraph -->\n<h3 style=\"text-align: justify\"><strong>Solicita\u00e7\u00e3o de Aproveitamento Disciplina ou Teste Sufici\u00eancia em L\u00edngua Estrangeira<\/strong><\/h3>\n<div class=\"entry-content\">\n<h4>Comprova\u00e7\u00e3o de sufici\u00eancia em l\u00edngua estrangeira\u00a0<\/h4>\n<p>Discentes devem comprovar a sufici\u00eancia em l\u00edngua estrangeira, conforme estabelece o Regimento e Regulamento da p\u00f3s-gradua\u00e7\u00e3o.<\/p>\n<p><strong>\u00a0\u00a0Link PRPGP procedimentos:\u00a0<a href=\"https:\/\/www.ufsm.br\/pro-reitorias\/prpgp\/servicos\/comprovacao-de-suficiencia-em-lingua-estrangeira\">Aproveitamento\/Dispensa da sufici\u00eancia em l\u00edngua estrangeira<\/a><\/strong><\/p>\n<h4>Dispensa\/Aproveitamento de disciplinas de P\u00f3s-Gradua\u00e7\u00e3o<\/h4>\n<p>Discentes\u00a0podem solicitar o aproveitamento ou a dispensa de disciplinas j\u00e1 cursadas na UFSM como aluno regular ou especial da UFSM e em outras IES.<\/p>\n<p><strong>link PRPGP procedimentos para solicita\u00e7\u00e3o de\u00a0<a href=\"https:\/\/www.ufsm.br\/pro-reitorias\/prpgp\/servicos\/dispensa-aproveitamento-de-disciplinas-de-pos-graduacao\">aproveitamento disciplina\u00a0<\/a><\/strong><\/p>\n<\/div>\n<!-- \/wp:paragraph --><!-- wp:paragraph -->\n<p style=\"text-align: justify\"><a href=\"https:\/\/www.ufsm.br\/app\/uploads\/sites\/416\/2020\/04\/Passo-a-passo-termo-assinatura-eletronica-PEN-SIE.pdf\" target=\"_blank\" rel=\"noreferrer noopener\">Passo a passo para assinatura do termo de Concord\u00e2ncia Assinatura Eletr\u00f4nica<\/a><\/p>\n<!-- \/wp:paragraph --><!-- wp:paragraph -->\n<p style=\"text-align: justify\">Informa\u00e7\u00f5es sobre abertura de processos no PEN e demais d\u00favidas em rela\u00e7\u00e3o ao Portal de Documentos podem ser sanadas no site do<br \/>PEN\u00a0<a href=\"https:\/\/www.ufsm.br\/orgaos-suplementares\/dag\/pen\/\">https:\/\/www.ufsm.br\/orgaos-suplementares\/dag\/pen\/<\/a>\u00a0na aba\u00a0<a href=\"https:\/\/www.ufsm.br\/orgaos-suplementares\/dag\/pen\/apoio-ao-usuario\/\" target=\"_blank\" rel=\"noreferrer noopener\">Apoio ao Usu\u00e1rio<\/a>. Nesse local est\u00e3o dispon\u00edveis todos os tutoriais referentes aos processos administrativos eletr\u00f4nicos.<\/p>\n<!-- \/wp:paragraph --><!-- wp:heading {\"level\":4} -->\n<h4 style=\"text-align: justify\">\u2013\u00a0<strong>Requerimento de matr\u00edcula extracurricular<\/strong><\/h4>\n<!-- \/wp:heading --><!-- wp:paragraph -->\n<p style=\"text-align: justify\">Solicita\u00e7\u00e3o do aluno: Per\u00edodo para o aluno requerer via Portal do Aluno OU por e-mail \u00e0 Coordena\u00e7\u00e3o do curso a solicita\u00e7\u00e3o de matr\u00edcula em disciplina ofertada por outro curso, referente ao 1\u00ba semestre letivo de 2021. As matr\u00edculas extracurriculares solicitadas pelo portal do aluno ser\u00e3o realizadas com processamento instru\u00eddo pela\u00a0<a href=\"https:\/\/portal.ufsm.br\/documentos\/publico\/documento.html?id=13490099\">IN 01\/2021\/PROGRAD<\/a>.<\/p>\n<!-- \/wp:paragraph --><!-- wp:paragraph -->\n<p style=\"text-align: justify\">Lembrando que os pedidos e matr\u00edcula extracurricular \u2013 via EMAIL \u2013 a Avalia\u00e7\u00e3o dos pedidos dos alunos e encaminhamento \u00e0s Coordena\u00e7\u00f5es competentes: Per\u00edodo para as Coordena\u00e7\u00f5es de Cursos avaliarem as solicita\u00e7\u00f5es de matr\u00edcula extracurricular de seus alunos, recebidas por e-mail, e encaminharem \u00e0s Coordena\u00e7\u00f5es competentes, referente ao 1\u00ba semestre letivo de 2021. A avalia\u00e7\u00e3o dos pedidos, conforme calend\u00e1rio acad\u00eamico, \u00e9 realizada ap\u00f3s a matr\u00edcula dos alunos regulares.\u00a0<\/p>\n<!-- \/wp:paragraph --><!-- wp:paragraph -->\n<p style=\"text-align: justify\">O aluno que desejar cursar disciplina em outro Programa de P\u00f3s-Gradua\u00e7\u00e3o da UFSM dever\u00e1 preencher o\u00a0<a href=\"https:\/\/www.ufsm.br\/cursos\/pos-graduacao\/santa-maria\/ppgapublica\/wp-content\/uploads\/sites\/544\/2019\/08\/REQUERIMENTO_DE_MATR%C3%8DUCLA_EXTRACURRICULAR-1.doc\">requerimento de matr\u00edcula extracurricular\u00a0<\/a>e enviar via e-mail para o PPGF.<\/p>\n<!-- \/wp:paragraph --><!-- wp:paragraph -->\n<p style=\"text-align: justify\">Para solicitar matricula extracurricular na disciplina de doc\u00eancia orientada voc\u00ea cumprir as seguintes\u00a0<a href=\"https:\/\/www.ufsm.br\/app\/uploads\/sites\/544\/2020\/11\/CONDICOES-PARA-SOLICITAR-MATRICULA-EXTRACURRICULAR-NA-DISCIPLINA-DE-DOCENCIA-ORIENTADA-APG2504.pdf\" target=\"_blank\" rel=\"noreferrer noopener\">condi\u00e7\u00f5es<\/a><a href=\"https:\/\/www.ufsm.br\/app\/uploads\/sites\/544\/2020\/11\/CONDICOES-PARA-SOLICITAR-MATRICULA-EXTRACURRICULAR-NA-DISCIPLINA-DE-DOCENCIA-ORIENTADA-APG2504.pdf\" target=\"_blank\" rel=\"noreferrer noopener\">.<\/a><\/p>\n<!-- \/wp:paragraph -->\t\t\t\t\t\t<\/div>\n\t\t\t\t<\/div>\n\t\t\t\t\t<\/div>\n\t\t<\/div>\n\t\t\t\t\t<\/div>\n\t\t<\/section>\n\t\t\t\t<\/div>\n\t\t","protected":false},"excerpt":{"rendered":"<p>Instru\u00e7\u00f5es aos alunos Manual-de-Dissertacoes-e-Teses_MDT_2021 \u2013 Elabora\u00e7\u00e3o dos Planos de Estudo Preenchimento no\u00a0Portal do Aluno. Tutorial para preenchimento do Plano de Estudos. \u2013 Defesa de Projeto de Disserta\u00e7\u00e3o Para a defesa do Projeto de Disserta\u00e7\u00e3o o aluno dever\u00e1 enviar \u00e0 Secretaria Integrada da P\u00f3s Gradua\u00e7\u00e3o do CCSH (SIPOS), por e-mail (sipos.ccsh@ufsm.br), com pelo menos 20 dias [&hellip;]<\/p>\n","protected":false},"author":905,"featured_media":0,"parent":0,"menu_order":0,"comment_status":"closed","ping_status":"closed","template":"","meta":{"footnotes":""},"categories":[],"tags":[],"class_list":["post-5044","page","type-page","status-publish","hentry"],"acf":[],"_links":{"self":[{"href":"https:\/\/www.ufsm.br\/cursos\/pos-graduacao\/santa-maria\/ppgf\/wp-json\/wp\/v2\/pages\/5044","targetHints":{"allow":["GET"]}}],"collection":[{"href":"https:\/\/www.ufsm.br\/cursos\/pos-graduacao\/santa-maria\/ppgf\/wp-json\/wp\/v2\/pages"}],"about":[{"href":"https:\/\/www.ufsm.br\/cursos\/pos-graduacao\/santa-maria\/ppgf\/wp-json\/wp\/v2\/types\/page"}],"author":[{"embeddable":true,"href":"https:\/\/www.ufsm.br\/cursos\/pos-graduacao\/santa-maria\/ppgf\/wp-json\/wp\/v2\/users\/905"}],"replies":[{"embeddable":true,"href":"https:\/\/www.ufsm.br\/cursos\/pos-graduacao\/santa-maria\/ppgf\/wp-json\/wp\/v2\/comments?post=5044"}],"version-history":[{"count":0,"href":"https:\/\/www.ufsm.br\/cursos\/pos-graduacao\/santa-maria\/ppgf\/wp-json\/wp\/v2\/pages\/5044\/revisions"}],"wp:attachment":[{"href":"https:\/\/www.ufsm.br\/cursos\/pos-graduacao\/santa-maria\/ppgf\/wp-json\/wp\/v2\/media?parent=5044"}],"wp:term":[{"taxonomy":"category","embeddable":true,"href":"https:\/\/www.ufsm.br\/cursos\/pos-graduacao\/santa-maria\/ppgf\/wp-json\/wp\/v2\/categories?post=5044"},{"taxonomy":"post_tag","embeddable":true,"href":"https:\/\/www.ufsm.br\/cursos\/pos-graduacao\/santa-maria\/ppgf\/wp-json\/wp\/v2\/tags?post=5044"}],"curies":[{"name":"wp","href":"https:\/\/api.w.org\/{rel}","templated":true}]}}