{"id":5753,"date":"2024-07-25T13:57:02","date_gmt":"2024-07-25T16:57:02","guid":{"rendered":"https:\/\/www.ufsm.br\/cursos\/pos-graduacao\/santa-maria\/ppgf\/?page_id=5753"},"modified":"2024-10-25T11:28:47","modified_gmt":"2024-10-25T14:28:47","slug":"cooperacao-institucional","status":"publish","type":"page","link":"https:\/\/www.ufsm.br\/cursos\/pos-graduacao\/santa-maria\/ppgf\/cooperacao-institucional","title":{"rendered":"Coopera\u00e7\u00e3o Institucional"},"content":{"rendered":"\n<p>Em edi\u00e7\u00e3o<\/p>\n<table style=\"width: 100%;border-collapse: collapse;border-style: solid;border-color: #0d0101;height: 1383px\">\n<tbody>\n<tr style=\"height: 168px\">\n<td style=\"width: 100%;border-style: solid;border-color: #0d0101;background-color: #9cbff0;height: 168px\" colspan=\"2\"><img decoding=\"async\" class=\"wp-image-5813 size-thumbnail alignleft\" src=\"https:\/\/www.ufsm.br\/app\/uploads\/sites\/556\/2024\/09\/PPGFil-Fundo-Transparente-1-150x150.png\" alt=\"\" width=\"150\" height=\"150\" srcset=\"https:\/\/www.ufsm.br\/app\/uploads\/sites\/556\/2024\/09\/PPGFil-Fundo-Transparente-1-150x150.png 150w, https:\/\/www.ufsm.br\/app\/uploads\/sites\/556\/2024\/09\/PPGFil-Fundo-Transparente-1-300x300.png 300w, https:\/\/www.ufsm.br\/app\/uploads\/sites\/556\/2024\/09\/PPGFil-Fundo-Transparente-1.png 500w\" sizes=\"(max-width: 150px) 100vw, 150px\" \/><br \/>\n<h1 style=\"text-align: center\"><strong>Coopera\u00e7\u00e3o Institucional \u2013 PPGF\/UFSM<\/strong><\/h1>\n<\/td>\n<\/tr>\n<tr style=\"height: 133px\">\n<td style=\"width: 100%;border-style: solid;border-color: #0d0101;text-align: justify;height: 133px\" colspan=\"2\">\n<p>\u00a0 \u00a0 \u00a0O Programa de P\u00f3s-Gradua\u00e7\u00e3o em Filosofia da UFSM possui diversos conv\u00eanios, programas, projetos de coopera\u00e7\u00e3o, interc\u00e2mbio e parceria nacional\/internacional (comp\u00f5e a internacionaliza\u00e7\u00e3o do Programa) que vem contribuindo para o desenvolvimento das atividades de ensino, pesquisa\u00a0 e extens\u00e3o do PPGF. Os professores do Programa de P\u00f3s-Gradua\u00e7\u00e3o em Filosofia da UFSM j\u00e1 t\u00eam um interc\u00e2mbio consolidado com pesquisadores tanto da Am\u00e9rica Latina, como da Europa e Estados Unidos envolvendo a vinda e ida de docentes, a ida e vinda de discentes, participa\u00e7\u00f5es em bancas de defesa e, inclusive, co-orienta\u00e7\u00e3o.\u00a0<\/p>\n<\/td>\n<\/tr>\n<tr style=\"height: 79px\">\n<td style=\"width: 100%;border-style: solid;border-color: #0d0101;background-color: #cc9ef0;height: 79px\" colspan=\"2\">\n<h2 style=\"text-align: center\">Coopera\u00e7\u00e3o Institucional\u00a0<\/h2>\n<\/td>\n<\/tr>\n<tr style=\"height: 23px\">\n<td style=\"width: 31.4932%;border-style: solid;border-color: #0d0101;height: 23px;text-align: center;background-color: #f4e4f7\">\n<h2>UFSM<\/h2>\n<\/td>\n<td style=\"width: 68.5068%;border-style: solid;border-color: #0d0101;height: 23px;background-color: #f4e4f7\">\n<ul>\n<li style=\"text-align: justify\">&#8211; Apresenta\u00e7\u00f5es dos profs. C\u00e9sar Schirmer dos Santos e R\u00f3bson Ramos dos Reis no Semin\u00e1rio de Prospec\u00e7\u00e3o Brasil-China, promovido pela Secretaria de Apoio Internacional (SAI) \u2013 UFSM, com a participa\u00e7\u00e3o dos principais grupos de pesquisa da UFSM e da diretora do Instituto Conf\u00facio Brasil (PUCRio);<\/li>\n<li>Prof. Silvestre Grzibowski, que trabalha no projeto de capacita\u00e7\u00e3o para Docentes da UFSM e \u00e9 atualmente Coordenador da \u00c1rea de Gest\u00e3o de Processos Educacionais do Programa Institucional de Bolsa de Inicia\u00e7\u00e3o \u00e0 Doc\u00eancia (PIBID\/UFSM).<\/li>\n<\/ul>\n<\/td>\n<\/tr>\n<tr style=\"height: 23px\">\n<td style=\"width: 31.4932%;border-style: solid;border-color: #0d0101;height: 23px\">\n<h2 style=\"text-align: center\">Centro de Educa\u00e7\u00e3o\/ UFSM<\/h2>\n<\/td>\n<td style=\"width: 68.5068%;border-style: solid;border-color: #0d0101;height: 23px\">\n<ul>\n<li>\u00a0&#8211; Prof. Noeli Dutra Rossatto, que participa do Projeto de Forma\u00e7\u00e3o de Professores para o Programa de Filosofia com crian\u00e7as e jovens na Escola, coordenado pelo Dr. Amarildo Luiz Trevisan (Centro de Educa\u00e7\u00e3o, UFSM)<\/li>\n<\/ul>\n<\/td>\n<\/tr>\n<tr style=\"height: 79px\">\n<td style=\"width: 100%;border-style: solid;border-color: #0d0101;height: 79px;background-color: #b26fed\" colspan=\"2\">\n<h2 style=\"text-align: center\">Institui\u00e7\u00f5es Nacionais<\/h2>\n<\/td>\n<\/tr>\n<tr style=\"height: 23px\">\n<td style=\"width: 31.4932%;border-style: solid;border-color: #0d0101;height: 23px;text-align: center;background-color: #f9f2fa\">\n<h2>CAPES-Cofecub<\/h2>\n<\/td>\n<td style=\"width: 68.5068%;border-style: solid;border-color: #0d0101;height: 23px;background-color: #f9f2fa\">\n<ul>\n<li>&#8211; Profa. Dra. Gisele secco \u00e9 colaboradora no projeto de pesquisa CAPES-Cofecub \u201cFilosofia e computa\u00e7\u00e3o: intera\u00e7\u00f5es contempor\u00e2neas\u201d, com participantes do Brasil e da Fran\u00e7a,dentre eles:\u00a0 Luiz Carlos Pinheiro Dias Pereira -Coordenador \/ Edward Hermann Haeusler -Integrante \/ Fernanda Lobo -Integrante \/ Jean-Baptiste Joinet -Integrante \/ Gilles Dowek -Integrante \/ Bruno Lopes Vieira -Integrante \/ Tito Palmeiro -Integrante \/ Myrian Quatrini -Integrante \/ Baptiste M\u00e9l\u00e8s -Integrante.<\/li>\n<\/ul>\n<\/td>\n<\/tr>\n<tr style=\"height: 23px\">\n<td style=\"width: 31.4932%;border-style: solid;border-color: #0d0101;height: 23px;text-align: center\">\n<h2>FAPERGS<\/h2>\n<\/td>\n<td style=\"width: 68.5068%;border-style: solid;border-color: #0d0101;height: 23px\">\n<ul>\n<li style=\"text-align: justify\">&#8211; O Prof. R\u00f3bson Ramos dos Reis deu in\u00edcio \u00e0 forma\u00e7\u00e3o da Rede de Pesquisa em Fenomenologia naturalizada, hermen\u00eautica e teoria da enfermidade Projeto de colabora\u00e7\u00e3o estrat\u00e9gica de pesquisa em Filosofia, integrando equipes brasileira e colombiana, tendo como objetivos:1. Examinar os v\u00ednculos das abordagens estendida, enativa, corporificada, imersa e afetiva da cogni\u00e7\u00e3o (4EA cognition) no campo de aplica\u00e7\u00e3o da Fenomenologia Hermen\u00eautica na \u00e1rea da Filosofia das Ci\u00eancias da Sa\u00fade e da Teoria da Enfermidade. Alunos envolvidos: Gradua\u00e7\u00e3o (4); Mestrado acad\u00eamico (2); Doutorado (3); Integrantes: Andr\u00e9s Francisco Contreras Sanches; Fl\u00e1vio Williges; Juan Carlos Avila; Luiz Fernando Cardona Suarez; R\u00f3bson Ramos dos Reis (Respons\u00e1vel). Financiador: Funda\u00e7\u00e3o de Amparo \u00e0 Pesquisa do Estado do Rio Grande do Sul-FAPERGS &#8211; Edital Fapergs\/Capes 06\/2018 &#8211; Processo n\u00ba 19\/2551-0000691-8. O projeto j\u00e1 alcan\u00e7ou a meta de formar a Rede de Pesquisa em Fenomenologia Naturalizada, Hermen\u00eautica e Teorias da Enfermidade, com pesquisadores da \u00e1rea da Filosofia e da Fenomenologia no Brasil, Argentina e Col\u00f4mbia, devendo integrar no ano de 2021 pesquisadores do Chile. A descri\u00e7\u00e3o e as atividades da Rede podem ser acessada no seguinte endere\u00e7o: https:\/\/healththeories.wixsite.com\/home.<\/li>\n<\/ul>\n<\/td>\n<\/tr>\n<tr style=\"height: 23px\">\n<td style=\"width: 31.4932%;height: 23px;text-align: center;border-style: solid;border-color: #140202;background-color: #f7f0f7\">\n<h2>Universidad Militar Nueva Granada, Bogot\u00e1, Col\u00f4mbia<\/h2>\n<\/td>\n<td style=\"width: 68.5068%;height: 23px;border-style: solid;border-color: #140202;background-color: #f7f0f7\">\n<ul>\n<li style=\"text-align: justify\">&#8211; O prof. R\u00f3bson Ramos dos Reis integra, como pesquisador externo, a equipe do projeto Fenomenolog\u00eda hermen\u00e9utica en la interpretaci\u00f3n de la experiencia de la enfermedad en el c\u00e1ncer infantil, coordenado pelo prof. Juan Carlos Avila Morales da Facultad de Medicina y Ciencias de la Salud, da Universidad Militar Nueva Granada, Bogot\u00e1, Col\u00f4mbia. O projeto recebeu financiamento da Universidad Militar Nueva Granada.<\/li>\n<\/ul>\n<\/td>\n<\/tr>\n<tr style=\"height: 23px\">\n<td style=\"width: 31.4932%;border-style: solid;border-color: #0d0101;height: 23px\">\n<h2 style=\"text-align: center\">Secretaria de Educa\u00e7\u00e3o de Silveira Martins<\/h2>\n<p>\u00a0<\/p>\n<\/td>\n<td style=\"width: 68.5068%;border-style: solid;border-color: #0d0101;height: 23px\">\n<ul>\n<li style=\"text-align: justify\">O projeto de extens\u00e3o \u201cXadrez e Argumenta\u00e7\u00e3o\u201d, coordenado pelo professor Eduardo Vicentini de Medeiros, em colabora\u00e7\u00e3o com a Secretaria de Educa\u00e7\u00e3o de Silveira Martins, tem por objetivo introduzir a pr\u00e1tica do Xadrez no ambiente escolar de Silveira Martins, utilizando-o como ferramenta para ampliar a habilidade de seguir regras de coopera\u00e7\u00e3o em contextos argumentativos. Para este fim, o projeto busca instrumentalizar professores da rede p\u00fablica municipal de Silveira Martins para o ensino de Xadrez como ferramenta pedag\u00f3gica.\u00a0<\/li>\n<\/ul>\n<\/td>\n<\/tr>\n<tr style=\"height: 79px\">\n<td style=\"width: 100%;border-style: solid;border-color: #0d0101;height: 79px;background-color: #c68eed\" colspan=\"2\">\n<h2 style=\"text-align: center\">Institui\u00e7\u00f5es Internacionais<\/h2>\n<\/td>\n<\/tr>\n<tr style=\"height: 133px\">\n<td style=\"width: 31.4932%;border-style: solid;border-color: #0d0101;height: 133px;text-align: center;background-color: #f4e6f7\">\n<h2>Universit\u00e4t Z\u00fc K\u00f6ln, na Alemanha<\/h2>\n<\/td>\n<td style=\"width: 68.5068%;border-style: solid;border-color: #0d0101;height: 133px;background-color: #f4e6f7\">\n<ul>\n<li style=\"text-align: justify\">&#8211;\u00a0 Acordo de coopera\u00e7\u00e3o bilateral formalizado entre o nosso PPG em Filosofia e o The Cologne Center for Contemporary Epistemology and the Kantian Tradition (CONCEPT), na Universit\u00e4t Z\u00fc K\u00f6ln, na Alemanha, no per\u00edodo de 2018-2021.<\/li>\n<\/ul>\n<\/td>\n<\/tr>\n<tr style=\"height: 23px\">\n<td style=\"width: 31.4932%;border-style: solid;border-color: #0d0101;height: 23px;text-align: center\">\n<h2>RUTGERS University<\/h2>\n<\/td>\n<td style=\"width: 68.5068%;border-style: solid;border-color: #0d0101;height: 23px;text-align: justify\">\n<ul>\n<li>&#8211; Prof. Dr. Matthew McGrath do Departamento de Filosofia da RUTGERS University esteve no PPG em Filosofia da UFSM a convite do professor Dr. Tiegue Vieira Rodrigues Onde Proferiu confer\u00eancia e Participou de uma Confer\u00eancia. nesta oportunidade os pesquisadores tiveram oportunidade de consolidar projetos de pesquisa e planeja-se a formaliza\u00e7\u00e3o de um acordo de coopera\u00e7\u00e3o bilateral entre a UFSM e a RUTGERS University.<\/li>\n<\/ul>\n<\/td>\n<\/tr>\n<tr style=\"height: 23px\">\n<td style=\"width: 31.4932%;border-style: solid;border-color: #0d0101;height: 23px;text-align: center;background-color: #f4e9f7\">\n<h2>Northwestern University<\/h2>\n<\/td>\n<td style=\"width: 68.5068%;border-style: solid;border-color: #0d0101;height: 23px;text-align: justify;background-color: #f4e9f7\">\n<ul>\n<li>&#8211; A Profa. Dra. Jennifer Lackey do Departamento de Filosofia da Northwestern University esteve no PPG em Filosofia da UFSM a convite do Professor Dr. Tiegue Vieira Rodrigues onde proferiu 2 confer\u00eancias sobre Epistemologia Social. Nesta oportunidade os pesquisadores tiveram oportunidade de Trocar experi\u00eancias e consolidar parcerias referente \u00e0 projetos de pesquisa e planeja-se a formaliza\u00e7\u00e3o de um acordo de coopera\u00e7\u00e3o bilateral entre a UFSM e a Northwestern University, bem como um semin\u00e1rio a ser realizado na Northwestern University com os pesquisadores do Grupo de Pesquisa(CNPQ) &#8220;Conhecimento, Informa\u00e7\u00e3o e Mem\u00f3ria&#8221; e o Grupo da Lackey de Epistemologia Social.<\/li>\n<\/ul>\n<\/td>\n<\/tr>\n<tr style=\"height: 23px\">\n<td style=\"width: 31.4932%;border-style: solid;border-color: #0d0101;height: 23px;text-align: center\">\n<h2>CONICET, Argentina<\/h2>\n<\/td>\n<td style=\"width: 68.5068%;border-style: solid;border-color: #0d0101;height: 23px;text-align: justify\">\n<ul>\n<li>O PPG em Filosofia da UFSM, atrav\u00e9s do\u00a0 Grupo de Pesquisa (CNPQ) &#8220;Conhecimento, Informa\u00e7\u00e3o e Mem\u00f3ria&#8221;, liderado pelo professor Tiegue Vieira Rodrigues, tamb\u00e9m mant\u00e9m uma parceria de pesquisa com o CONICET, argentina, atrav\u00e9s da profa. Dra. Eleonora Cresto que esteve na UFSM em 2018 realizando Confer\u00eancia. Tamb\u00e9m pretende-se a formaliza\u00e7\u00e3o de um acordo de coopera\u00e7\u00e3o bilateral entre as institui\u00e7\u00f5es.<\/li>\n<\/ul>\n<\/td>\n<\/tr>\n<tr style=\"height: 23px\">\n<td style=\"width: 31.4932%;border-style: solid;border-color: #0d0101;height: 23px;text-align: center;background-color: #f9f2fa\">\n<h2>Centre de Philosophie de la M\u00e9moire (Grenoble, Fran\u00e7a)<\/h2>\n<\/td>\n<td style=\"width: 68.5068%;border-style: solid;border-color: #0d0101;height: 23px;text-align: justify;background-color: #f9f2fa\">\n<ul>\n<li>\u00a0&#8211; Consolida\u00e7\u00e3o da parceria entre o Grupo de pesquisa (CNPq) &#8220;Conhecimento, Informa\u00e7\u00e3o e Mem\u00f3ria&#8221; liderado pelos Professores Dr. Tiegue Rodrigues e Dr. C\u00e9sar Schirmer e o Centre de Philosophie de la M\u00e9moire (Grenoble, Fran\u00e7a)\u00a0 liderado pelos Prof. Dr. Kourken Michaelian e Dr. Andr\u00e9 Sant&#8217;anna. Foram realizadas atividades via videoconfer\u00eancia com ambos participantes dos grupos e o Prof. Andr\u00e9 Sant\u2019Anna esteve na UFSM e proferiu palestra no ciclo Semin\u00e1rio Integrado de Filosofia. Os Professores Dr. Tiegue Rodrigues e Dr. Ces\u00e1r Schirmer estiveram no evento &#8220;Issues of Philosophy of Memory 2&#8221; que aconteceu em Grenoble, na Fran\u00e7a, organizado pelo Centre de Philosophie de la M\u00e9moire.<\/li>\n<\/ul>\n<\/td>\n<\/tr>\n<tr style=\"height: 165px\">\n<td style=\"width: 31.4932%;border-style: solid;border-color: #0d0101;height: 165px;text-align: center\">\n<h2>Universidade de Col\u00f4nia, na Alemanha<\/h2>\n<\/td>\n<td style=\"width: 68.5068%;border-style: solid;border-color: #0d0101;text-align: justify;height: 165px\">\n<ul>\n<li>&#8211; P\u00f3s-doutorado do Prof. Dr. C\u00e9sar Schirmer dos Santos, entre fevereiro de 2020 e janeiro de 2021, no CONCEPT &#8211; Cologne Center for Contemporary Epistemology and the Kantian Tradition (https:\/\/concept.phil-fak.uni-koeln.de) da Universidade de Col\u00f4nia, na Alemanha, sob a supervis\u00e3o do Prof. Dr. Sven Bernecker. Fomento do programa Capes-PrInt<\/li>\n<\/ul>\n<\/td>\n<\/tr>\n<tr style=\"height: 133px\">\n<td style=\"width: 31.4932%;border-style: solid;border-color: #0d0101;height: 133px;text-align: center;background-color: #f5f0f7\">\n<h2>Universidade de Val\u00eancia, Espanha<\/h2>\n<\/td>\n<td style=\"width: 68.5068%;border-style: solid;border-color: #0d0101;text-align: justify;height: 133px;background-color: #f5f0f7\">\n<ul>\n<li>&#8211; O Prof. Dr. Fl\u00e1vio Williges mant\u00e9m atividades de pesquisa em interc\u00e2mbio com o grupo de pesquisa coordenado pela Profa. Dra. Adela Cortina da Universidade de Val\u00eancia, Espanha, sobre &#8220;Emo\u00e7\u00f5es na vida social&#8221;.<\/li>\n<\/ul>\n<\/td>\n<\/tr>\n<tr style=\"height: 23px\">\n<td style=\"width: 31.4932%;border-style: solid;border-color: #0d0101;height: 23px;text-align: center\">\n<h2>Universidade Diego Portales, Chile<\/h2>\n<\/td>\n<td style=\"width: 68.5068%;border-style: solid;border-color: #0d0101;text-align: justify;height: 23px\">\n<ul>\n<li>&#8211; O Prof. R\u00f3bson Ramos dos Reis manteve interc\u00e2mbio com diversos pesquisadores e institui\u00e7\u00f5es internacionais por meio do projeto Fenomenolog\u00eda y Naturalismo: desaf\u00edos metodol\u00f3gicos y potenciales contribuciones a la filosof\u00eda de la mente, la ciencia cognitiva y la psiquiatria. O projeto foi coordenado por Bernardo Ainbinder (Universidade Diego Portales, Chile), integrando tamb\u00e9m Dan Zahavi (Copenhague), Shaun Gallagher (Memphis\/Wollongong), Thomas Fuchs (Heidelberg), Maxime Doyon (Montr\u00e9al), Otto D\u00f6rr (Diego Portales, Chile, Glenda Satne (Alberto Hurtado, Chile).\u00a0<\/li>\n<\/ul>\n<\/td>\n<\/tr>\n<tr>\n<td style=\"width: 31.4932%;border-style: solid;border-color: #0d0101;text-align: center;background-color: #f1e6f2\">\n<h2>UFSM, UFN e Universidade da Beira Interior \u00a0(UBI-Portugal)<\/h2>\n<\/td>\n<td style=\"width: 68.5068%;border-style: solid;border-color: #0d0101;text-align: justify;background-color: #f1e6f2\">\n<p>O acordo bilateral entre as institui\u00e7\u00f5es brasileiras (UFSM\/PPGF e UFN) e a Universidade da Beira Interior vai abranger o estudo da obra do pensador Michel Henry com a realiza\u00e7\u00e3o de eventos cient\u00edficos e o interc\u00e2mbio de investigadores.<\/p>\n<p>A Universidade da Beira Interior (UBI) estabeleceu uma colabora\u00e7\u00e3o internacional com duas institui\u00e7\u00f5es brasileiras \u2014 a Universidade Federal de Santa Maria (UFSM) e a Universidade Franciscana (UFN) \u2014 para desenvolver um projeto de investiga\u00e7\u00e3o dedicado ao estudo da obra do fil\u00f3sofo Michel Henry. A parceria resulta do reconhecimento das relev\u00e2ncias filos\u00f3fica e cultural do pensamento do autor franc\u00eas e a necessidade de aprofundar a sua an\u00e1lise no contexto da investiga\u00e7\u00e3o filos\u00f3fica contempor\u00e2nea. Na UFSM, Silvestre Grzibowski do PPG em Filosofia liderar\u00e1 as atividades<\/p>\n<\/td>\n<\/tr>\n<\/tbody>\n<\/table>\n","protected":false},"excerpt":{"rendered":"<p>Em edi\u00e7\u00e3o Coopera\u00e7\u00e3o Institucional \u2013 PPGF\/UFSM \u00a0 \u00a0 \u00a0O Programa de P\u00f3s-Gradua\u00e7\u00e3o em Filosofia da UFSM possui diversos conv\u00eanios, programas, projetos de coopera\u00e7\u00e3o, interc\u00e2mbio e parceria nacional\/internacional (comp\u00f5e a internacionaliza\u00e7\u00e3o do Programa) que vem contribuindo para o desenvolvimento das atividades de ensino, pesquisa\u00a0 e extens\u00e3o do PPGF. Os professores do Programa de P\u00f3s-Gradua\u00e7\u00e3o em Filosofia [&hellip;]<\/p>\n","protected":false},"author":905,"featured_media":0,"parent":0,"menu_order":0,"comment_status":"closed","ping_status":"closed","template":"","meta":{"footnotes":""},"categories":[],"tags":[],"class_list":["post-5753","page","type-page","status-publish","hentry"],"acf":[],"_links":{"self":[{"href":"https:\/\/www.ufsm.br\/cursos\/pos-graduacao\/santa-maria\/ppgf\/wp-json\/wp\/v2\/pages\/5753","targetHints":{"allow":["GET"]}}],"collection":[{"href":"https:\/\/www.ufsm.br\/cursos\/pos-graduacao\/santa-maria\/ppgf\/wp-json\/wp\/v2\/pages"}],"about":[{"href":"https:\/\/www.ufsm.br\/cursos\/pos-graduacao\/santa-maria\/ppgf\/wp-json\/wp\/v2\/types\/page"}],"author":[{"embeddable":true,"href":"https:\/\/www.ufsm.br\/cursos\/pos-graduacao\/santa-maria\/ppgf\/wp-json\/wp\/v2\/users\/905"}],"replies":[{"embeddable":true,"href":"https:\/\/www.ufsm.br\/cursos\/pos-graduacao\/santa-maria\/ppgf\/wp-json\/wp\/v2\/comments?post=5753"}],"version-history":[{"count":0,"href":"https:\/\/www.ufsm.br\/cursos\/pos-graduacao\/santa-maria\/ppgf\/wp-json\/wp\/v2\/pages\/5753\/revisions"}],"wp:attachment":[{"href":"https:\/\/www.ufsm.br\/cursos\/pos-graduacao\/santa-maria\/ppgf\/wp-json\/wp\/v2\/media?parent=5753"}],"wp:term":[{"taxonomy":"category","embeddable":true,"href":"https:\/\/www.ufsm.br\/cursos\/pos-graduacao\/santa-maria\/ppgf\/wp-json\/wp\/v2\/categories?post=5753"},{"taxonomy":"post_tag","embeddable":true,"href":"https:\/\/www.ufsm.br\/cursos\/pos-graduacao\/santa-maria\/ppgf\/wp-json\/wp\/v2\/tags?post=5753"}],"curies":[{"name":"wp","href":"https:\/\/api.w.org\/{rel}","templated":true}]}}