{"id":5771,"date":"2024-07-29T08:48:36","date_gmt":"2024-07-29T11:48:36","guid":{"rendered":"https:\/\/www.ufsm.br\/cursos\/pos-graduacao\/santa-maria\/ppgf\/?page_id=5771"},"modified":"2024-09-12T14:45:18","modified_gmt":"2024-09-12T17:45:18","slug":"missao-e-valores-do-ppgf","status":"publish","type":"page","link":"https:\/\/www.ufsm.br\/cursos\/pos-graduacao\/santa-maria\/ppgf\/missao-e-valores-do-ppgf","title":{"rendered":"Miss\u00e3o, Vis\u00e3o, Valores e Objetivos do PPGF"},"content":{"rendered":"\n<p>Em Edi\u00e7\u00e3o<\/p>\n<table style=\"width: 100%;border-collapse: collapse;border-style: solid;border-color: #050000\">\n<tbody>\n<tr>\n<td style=\"width: 100%;border-style: solid;border-color: #0d0101;background-color: #439bde\" colspan=\"2\"><img fetchpriority=\"high\" decoding=\"async\" class=\"aligncenter size-full wp-image-5739\" src=\"https:\/\/www.ufsm.br\/app\/uploads\/sites\/556\/2024\/07\/Logo_filosofia_PPGF-removebg-preview.png\" alt=\"\" width=\"466\" height=\"176\" srcset=\"https:\/\/www.ufsm.br\/app\/uploads\/sites\/556\/2024\/07\/Logo_filosofia_PPGF-removebg-preview.png 466w, https:\/\/www.ufsm.br\/app\/uploads\/sites\/556\/2024\/07\/Logo_filosofia_PPGF-removebg-preview-300x113.png 300w\" sizes=\"(max-width: 466px) 100vw, 466px\" \/> <\/td>\n<\/tr>\n<tr>\n<td style=\"width: 14.8075%;border-style: solid;border-color: #0d0101;background-color: #c78ff2;text-align: center\">\n<h2>MISS\u00c3O<\/h2>\n<\/td>\n<td style=\"width: 85.1925%;border-style: solid;border-color: #0d0101;text-align: justify;background-color: #f4edf7\">\n<p>\u00a0 \u00a0 O Programa de P\u00f3s-Gradua\u00e7\u00e3o em Filosofia da UFSM busca formar profissionais de alto n\u00edvel de capacita\u00e7\u00e3o, nas linhas de pesquisa de sua compet\u00eancia. Preocupa-se, fundamentalmente, com a forma\u00e7\u00e3o de professores que atuam no ensino superior e na pesquisa acad\u00eamica, comprometidos que atuem de forma cr\u00edtica, colaborando para a busca de solu\u00e7\u00f5es para problemas e desafios dos diferentes contextos sociais, al\u00e9m de desenvolver estudos e pesquisas que contribuam com o desenvolvimento da sociedade, de modo sustent\u00e1vel.<\/p>\n<\/td>\n<\/tr>\n<tr>\n<td style=\"width: 14.8075%;border-style: solid;border-color: #0d0101;background-color: #dacbf5;text-align: center\">\n<h2>VIS\u00c3O<\/h2>\n<\/td>\n<td style=\"width: 85.1925%;border-style: solid;border-color: #0d0101;text-align: justify\">\u00a0 \u00a0 \u00a0Ser reconhecido como um programa de p\u00f3s-gradua\u00e7\u00e3o em Filosofia de refer\u00eancia no \u00e2mbito das institui\u00e7\u00f5es federais, promovendo excel\u00eancia em sua atua\u00e7\u00e3o em favor de toda comunidade acad\u00eamica e da sociedade em geral.<\/td>\n<\/tr>\n<tr>\n<td style=\"width: 14.8075%;border-style: solid;border-color: #0d0101;background-color: #b072f2;text-align: center\">\n<h2>VALORES<\/h2>\n<\/td>\n<td style=\"width: 85.1925%;border-style: solid;border-color: #0d0101;text-align: justify;background-color: #eee1f7\">\n<p>\u00a0 \u00a0 \u00a0 O PPG em\u00a0 Filosofia norteia-se por valores democr\u00e1ticos alicer\u00e7ados no respeito aos direitos fundamentais e reconhece o papel social que deve ser desempenhado pela academia, sobretudo pela universidade p\u00fablica, gratuita e de qualidade, comprometida com o respeito \u00e0 identidade e diversidade e com forte compromisso social, como \u00e9 o caso da Universidade Federal de Santa Maria.<\/p>\n<ul>\n<li>\u00c9tica<\/li>\n<li>Transpar\u00eancia;<\/li>\n<li>Legalidade;<\/li>\n<li>Impessoalidade;<\/li>\n<li>Comprometimento;<\/li>\n<li>Justi\u00e7a;<\/li>\n<li>Seguran\u00e7a;<\/li>\n<li>Respeito;<\/li>\n<li>Colabora\u00e7\u00e3o.<\/li>\n<\/ul>\n<\/td>\n<\/tr>\n<tr>\n<td style=\"width: 14.8075%;border-style: solid;border-color: #0d0101;background-color: #e0befa;text-align: center\" rowspan=\"2\">\n<h2>OBJETIVOS<\/h2>\n<\/td>\n<td style=\"width: 85.1925%;border-style: solid;border-color: #0d0101;text-align: justify\">\n<p>\u00a0 \u00a0<strong>Objetivo Geral:<\/strong> Formar profissionais de alto n\u00edvel de capacita\u00e7\u00e3o comprometidos que atuem de forma cr\u00edtica, capazes de inovar e contribuir com o desenvolvimento da sociedade, de modo sustent\u00e1vel.<\/p>\n<\/td>\n<\/tr>\n<tr>\n<td style=\"width: 85.1925%;border-style: solid;border-color: #0d0101;text-align: justify;background-color: #f6e1f7\">\n<p>\u00a0 \u00a0 \u00a0<strong> Objetivos espec\u00edficos:<\/strong><\/p>\n<ul>\n<li style=\"text-align: justify\">Formar profissionais altamente qualificados capazes de contribuir para o avan\u00e7o da filosofia em n\u00edvel nacional e internacional.<\/li>\n<li style=\"text-align: justify\">Formar professores e pesquisadores universit\u00e1rios de filosofia altamente qualificados.<\/li>\n<li style=\"text-align: justify\">Aprimorar a forma\u00e7\u00e3o de professores de ensino m\u00e9dio de filosofia e de profissionais de outras \u00e1reas que busquem na pesquisa filos\u00f3fica um meio para sua capacita\u00e7\u00e3o.<\/li>\n<li style=\"text-align: justify\">Preparar profissionais capazes de contribuir para enfrentar os novos desafios filos\u00f3ficos, hist\u00f3rico-sociais e, sobretudo, \u00e9ticos do mundo contempor\u00e2neo.<\/li>\n<li style=\"text-align: justify\">Formar profissionais qualificados nas linhas de pesquisa do Programa, preparando-os para a produ\u00e7\u00e3o intelectual de alto n\u00edvel.<\/li>\n<li style=\"text-align: justify\">Contribuir para que a UFSM se consolide como refer\u00eancia reconhecida no que diz respeito ao trabalho filos\u00f3fico na regi\u00e3o e no pa\u00eds.<\/li>\n<\/ul>\n<\/td>\n<\/tr>\n<\/tbody>\n<\/table>\n","protected":false},"excerpt":{"rendered":"<p>Em Edi\u00e7\u00e3o MISS\u00c3O \u00a0 \u00a0 O Programa de P\u00f3s-Gradua\u00e7\u00e3o em Filosofia da UFSM busca formar profissionais de alto n\u00edvel de capacita\u00e7\u00e3o, nas linhas de pesquisa de sua compet\u00eancia. Preocupa-se, fundamentalmente, com a forma\u00e7\u00e3o de professores que atuam no ensino superior e na pesquisa acad\u00eamica, comprometidos que atuem de forma cr\u00edtica, colaborando para a busca de [&hellip;]<\/p>\n","protected":false},"author":905,"featured_media":0,"parent":0,"menu_order":0,"comment_status":"closed","ping_status":"closed","template":"","meta":{"footnotes":""},"categories":[],"tags":[],"class_list":["post-5771","page","type-page","status-publish","hentry"],"acf":[],"_links":{"self":[{"href":"https:\/\/www.ufsm.br\/cursos\/pos-graduacao\/santa-maria\/ppgf\/wp-json\/wp\/v2\/pages\/5771","targetHints":{"allow":["GET"]}}],"collection":[{"href":"https:\/\/www.ufsm.br\/cursos\/pos-graduacao\/santa-maria\/ppgf\/wp-json\/wp\/v2\/pages"}],"about":[{"href":"https:\/\/www.ufsm.br\/cursos\/pos-graduacao\/santa-maria\/ppgf\/wp-json\/wp\/v2\/types\/page"}],"author":[{"embeddable":true,"href":"https:\/\/www.ufsm.br\/cursos\/pos-graduacao\/santa-maria\/ppgf\/wp-json\/wp\/v2\/users\/905"}],"replies":[{"embeddable":true,"href":"https:\/\/www.ufsm.br\/cursos\/pos-graduacao\/santa-maria\/ppgf\/wp-json\/wp\/v2\/comments?post=5771"}],"version-history":[{"count":0,"href":"https:\/\/www.ufsm.br\/cursos\/pos-graduacao\/santa-maria\/ppgf\/wp-json\/wp\/v2\/pages\/5771\/revisions"}],"wp:attachment":[{"href":"https:\/\/www.ufsm.br\/cursos\/pos-graduacao\/santa-maria\/ppgf\/wp-json\/wp\/v2\/media?parent=5771"}],"wp:term":[{"taxonomy":"category","embeddable":true,"href":"https:\/\/www.ufsm.br\/cursos\/pos-graduacao\/santa-maria\/ppgf\/wp-json\/wp\/v2\/categories?post=5771"},{"taxonomy":"post_tag","embeddable":true,"href":"https:\/\/www.ufsm.br\/cursos\/pos-graduacao\/santa-maria\/ppgf\/wp-json\/wp\/v2\/tags?post=5771"}],"curies":[{"name":"wp","href":"https:\/\/api.w.org\/{rel}","templated":true}]}}