{"id":5801,"date":"2024-09-12T13:26:48","date_gmt":"2024-09-12T16:26:48","guid":{"rendered":"https:\/\/www.ufsm.br\/cursos\/pos-graduacao\/santa-maria\/ppgf\/?page_id=5801"},"modified":"2024-09-12T13:26:49","modified_gmt":"2024-09-12T16:26:49","slug":"acompanhamento-dos-egressos","status":"publish","type":"page","link":"https:\/\/www.ufsm.br\/cursos\/pos-graduacao\/santa-maria\/ppgf\/acompanhamento-dos-egressos","title":{"rendered":"Acompanhamento dos egressos"},"content":{"rendered":"\n<p style=\"text-align: justify\">\u00a0 \u00a0 \u00a0 \u00a0O Programa de P\u00f3s-Gradua\u00e7\u00e3o em Filosofia da UFSM acompanha os seus egressos e os incentiva a realizar atividades em parceria constante na UFSM, prova disso \u00e9 que muitos alunos mant\u00e9m v\u00ednculo com os grupos de pesquisa e continuam participando de bancas de monografia de gradua\u00e7\u00e3o.\u00a0<\/p>\n<p style=\"text-align: justify\">\u00a0 \u00a0 \u00a0 O acompanhamento aos egressos ocorre de duas formas junto ao PPGFil. A primeira delas por meio do Volver.\u00a0 O Volver \u00e9 um programa institucional da Universidade Federal de Santa Maria e tem como objetivo preservar o relacionamento entre a institui\u00e7\u00e3o e seus egressos. Podem participar do Programa Volver todos aqueles que conclu\u00edram algum curso na UFSM, seja em n\u00edvel de gradua\u00e7\u00e3o, p\u00f3s-gradua\u00e7\u00e3o, m\u00e9dio ou t\u00e9cnico.\u00a0 No Volver \u00e9 poss\u00edvel reencontrar colegas, divulgar o trabalho do egresso, al\u00e9m de compartilhar outras experi\u00eancias atrav\u00e9s do Programa.<\/p>\n<p style=\"text-align: justify\">\u00a0 \u00a0 \u00a0 Mais informa\u00e7\u00f5es voc\u00ea pode acessar os links:<a href=\"https:\/\/www.ufsm.br\/pro-reitorias\/prograd\/egressos\/?fbclid=IwAR2yRXUJjtDQDgjSSUYiyrzd5ScaiwzEriQ8oZY9MVLnqshVOcHGwzpiJZI\">\u00a0Volver UFSM<\/a>\u00a0 \u00a0\/ \u00a0<a href=\"https:\/\/www.facebook.com\/projetovolver\">Facebook<\/a><\/p>\n<p style=\"text-align: justify\">\u00a0 \u00a0 \u00a0A segunda forma de acompanhamento aos egressos do PPGFil \u00e9 conduzida diretamente pelo Programa e \u00e9 realizado mediante a atualiza\u00e7\u00e3o de seus dados cadastrais junto ao Programa via e-mail e lattes e manuten\u00e7\u00e3o de um banco de dados para gera\u00e7\u00e3o de informa\u00e7\u00f5es relativas ao perfil egresso.<\/p>\n<p style=\"text-align: justify\"><a href=\"https:\/\/www.ufsm.br\/cursos\/pos-graduacao\/santa-maria\/ppgf\/egressos\"><strong>Egressos do PPGF por ano de conclus\u00e3o\u00a0<\/strong><\/a><\/p>\n\n\n\n<p><\/p>\n","protected":false},"excerpt":{"rendered":"<p>\u00a0 \u00a0 \u00a0 \u00a0O Programa de P\u00f3s-Gradua\u00e7\u00e3o em Filosofia da UFSM acompanha os seus egressos e os incentiva a realizar atividades em parceria constante na UFSM, prova disso \u00e9 que muitos alunos mant\u00e9m v\u00ednculo com os grupos de pesquisa e continuam participando de bancas de monografia de gradua\u00e7\u00e3o.\u00a0 \u00a0 \u00a0 \u00a0 O acompanhamento aos egressos [&hellip;]<\/p>\n","protected":false},"author":905,"featured_media":0,"parent":0,"menu_order":0,"comment_status":"closed","ping_status":"closed","template":"","meta":{"footnotes":""},"categories":[],"tags":[],"class_list":["post-5801","page","type-page","status-publish","hentry"],"acf":[],"_links":{"self":[{"href":"https:\/\/www.ufsm.br\/cursos\/pos-graduacao\/santa-maria\/ppgf\/wp-json\/wp\/v2\/pages\/5801","targetHints":{"allow":["GET"]}}],"collection":[{"href":"https:\/\/www.ufsm.br\/cursos\/pos-graduacao\/santa-maria\/ppgf\/wp-json\/wp\/v2\/pages"}],"about":[{"href":"https:\/\/www.ufsm.br\/cursos\/pos-graduacao\/santa-maria\/ppgf\/wp-json\/wp\/v2\/types\/page"}],"author":[{"embeddable":true,"href":"https:\/\/www.ufsm.br\/cursos\/pos-graduacao\/santa-maria\/ppgf\/wp-json\/wp\/v2\/users\/905"}],"replies":[{"embeddable":true,"href":"https:\/\/www.ufsm.br\/cursos\/pos-graduacao\/santa-maria\/ppgf\/wp-json\/wp\/v2\/comments?post=5801"}],"version-history":[{"count":0,"href":"https:\/\/www.ufsm.br\/cursos\/pos-graduacao\/santa-maria\/ppgf\/wp-json\/wp\/v2\/pages\/5801\/revisions"}],"wp:attachment":[{"href":"https:\/\/www.ufsm.br\/cursos\/pos-graduacao\/santa-maria\/ppgf\/wp-json\/wp\/v2\/media?parent=5801"}],"wp:term":[{"taxonomy":"category","embeddable":true,"href":"https:\/\/www.ufsm.br\/cursos\/pos-graduacao\/santa-maria\/ppgf\/wp-json\/wp\/v2\/categories?post=5801"},{"taxonomy":"post_tag","embeddable":true,"href":"https:\/\/www.ufsm.br\/cursos\/pos-graduacao\/santa-maria\/ppgf\/wp-json\/wp\/v2\/tags?post=5801"}],"curies":[{"name":"wp","href":"https:\/\/api.w.org\/{rel}","templated":true}]}}