{"id":5820,"date":"2024-09-19T07:23:47","date_gmt":"2024-09-19T10:23:47","guid":{"rendered":"https:\/\/www.ufsm.br\/cursos\/pos-graduacao\/santa-maria\/ppgf\/?page_id=5820"},"modified":"2025-03-21T15:39:09","modified_gmt":"2025-03-21T18:39:09","slug":"autovaliacao-do-ppg-em-filosofia-ufsm","status":"publish","type":"page","link":"https:\/\/www.ufsm.br\/cursos\/pos-graduacao\/santa-maria\/ppgf\/autovaliacao-do-ppg-em-filosofia-ufsm","title":{"rendered":"Planejamento e Autovalia\u00e7\u00e3o do PPGF"},"content":{"rendered":"\n<p style=\"text-align: justify\">\u00a0 \u00a0 \u00a0 \u00a0 \u00a0 A Pol\u00edtica de Autoavalia\u00e7\u00e3o do PPG Filosofia \u00e9 desenvolvida por um Grupo de Trabalho que coordena um conjunto de instrumentos e de a\u00e7\u00f5es voltadas \u00e0 avalia\u00e7\u00e3o permanente do Programa por docentes, por discentes e egressos. A partir delas, tem a incumb\u00eancia de elaborar relat\u00f3rios, colaborar na publiciza\u00e7\u00e3o dos resultados e auxiliar na articula\u00e7\u00e3o dos objetivos, das metas e dos resultados da autoavalia\u00e7\u00e3o com o planejamento estrat\u00e9gico do Programa em cada quadri\u00eanio.\u00a0<\/p>\n<p style=\"text-align: justify\">\u00a0 \u00a0 \u00a0 \u00a0 Em sua atua\u00e7\u00e3o, de igual modo, observa o Plano de Desenvolvimento Institucional (2016-2026) da UFSM, que considera sete desafios institucionais: 1- Internacionaliza\u00e7\u00e3o; 2 \u2013 Educa\u00e7\u00e3o inovadora e transformadora com excel\u00eancia acad\u00eamica; 3 \u2013 Inclus\u00e3o social; 4 \u2013 Inova\u00e7\u00e3o, gera\u00e7\u00e3o de conhecimento e transfer\u00eancia tecnol\u00f3gica; 5 \u2013 Moderniza\u00e7\u00e3o e desenvolvimento organizacional; 6- Desenvolvimento local, regional e nacional; e desafio 7 \u2013 Gest\u00e3o ambiental.<\/p>\n<p style=\"text-align: justify\">Convidamos a Comunidade acad\u00eamica do PPG em Filosofia a participar da autoavalia\u00e7\u00e3o do programa respondem ao respectivos question\u00e1rio.<\/p>\n<h3><strong>Instrumentos de Auto avalia\u00e7\u00e3o<\/strong><\/h3>\n<p><strong>Question\u00e1rios de autoavalia\u00e7\u00e3o: docente, discente e de Egressos<\/strong><\/p>\n<ul>\n<li>Instrumento de autoavali\u00e7\u00e3o do PPGF pelos docentes\u00a0<strong>Aqui<\/strong><\/li>\n<li>Instrumento de autoavali\u00e7\u00e3o do PPGF pelos discentes\u00a0<strong>Aqui<\/strong><\/li>\n<li>Instrumento de autoavali\u00e7\u00e3o do PPGF pelos egressos\u00a0<strong>Aqui<\/strong><\/li>\n<\/ul>\n","protected":false},"excerpt":{"rendered":"<p>\u00a0 \u00a0 \u00a0 \u00a0 \u00a0 A Pol\u00edtica de Autoavalia\u00e7\u00e3o do PPG Filosofia \u00e9 desenvolvida por um Grupo de Trabalho que coordena um conjunto de instrumentos e de a\u00e7\u00f5es voltadas \u00e0 avalia\u00e7\u00e3o permanente do Programa por docentes, por discentes e egressos. A partir delas, tem a incumb\u00eancia de elaborar relat\u00f3rios, colaborar na publiciza\u00e7\u00e3o dos resultados e [&hellip;]<\/p>\n","protected":false},"author":905,"featured_media":0,"parent":0,"menu_order":0,"comment_status":"closed","ping_status":"closed","template":"","meta":{"footnotes":""},"categories":[],"tags":[],"class_list":["post-5820","page","type-page","status-publish","hentry"],"acf":[],"_links":{"self":[{"href":"https:\/\/www.ufsm.br\/cursos\/pos-graduacao\/santa-maria\/ppgf\/wp-json\/wp\/v2\/pages\/5820","targetHints":{"allow":["GET"]}}],"collection":[{"href":"https:\/\/www.ufsm.br\/cursos\/pos-graduacao\/santa-maria\/ppgf\/wp-json\/wp\/v2\/pages"}],"about":[{"href":"https:\/\/www.ufsm.br\/cursos\/pos-graduacao\/santa-maria\/ppgf\/wp-json\/wp\/v2\/types\/page"}],"author":[{"embeddable":true,"href":"https:\/\/www.ufsm.br\/cursos\/pos-graduacao\/santa-maria\/ppgf\/wp-json\/wp\/v2\/users\/905"}],"replies":[{"embeddable":true,"href":"https:\/\/www.ufsm.br\/cursos\/pos-graduacao\/santa-maria\/ppgf\/wp-json\/wp\/v2\/comments?post=5820"}],"version-history":[{"count":0,"href":"https:\/\/www.ufsm.br\/cursos\/pos-graduacao\/santa-maria\/ppgf\/wp-json\/wp\/v2\/pages\/5820\/revisions"}],"wp:attachment":[{"href":"https:\/\/www.ufsm.br\/cursos\/pos-graduacao\/santa-maria\/ppgf\/wp-json\/wp\/v2\/media?parent=5820"}],"wp:term":[{"taxonomy":"category","embeddable":true,"href":"https:\/\/www.ufsm.br\/cursos\/pos-graduacao\/santa-maria\/ppgf\/wp-json\/wp\/v2\/categories?post=5820"},{"taxonomy":"post_tag","embeddable":true,"href":"https:\/\/www.ufsm.br\/cursos\/pos-graduacao\/santa-maria\/ppgf\/wp-json\/wp\/v2\/tags?post=5820"}],"curies":[{"name":"wp","href":"https:\/\/api.w.org\/{rel}","templated":true}]}}