{"id":5954,"date":"2025-02-14T08:59:47","date_gmt":"2025-02-14T11:59:47","guid":{"rendered":"https:\/\/www.ufsm.br\/cursos\/pos-graduacao\/santa-maria\/ppgf\/?page_id=5954"},"modified":"2025-02-14T08:59:49","modified_gmt":"2025-02-14T11:59:49","slug":"planos-de-estudo-disciplinas-ppgf","status":"publish","type":"page","link":"https:\/\/www.ufsm.br\/cursos\/pos-graduacao\/santa-maria\/ppgf\/planos-de-estudo-disciplinas-ppgf","title":{"rendered":"Planos de Estudo Disciplinas PPGF"},"content":{"rendered":"\n<p>2025-1<\/p>\n<table style=\"width: 100%;border-collapse: collapse;border-style: solid;border-color: #000000\">\n<tbody>\n<tr>\n<td style=\"width: 33.3333%;background-color: #7bc2db;text-align: center;border-style: solid;border-color: #0d0c0c\">\n<h4><strong>Disciplina<\/strong><\/h4>\n<\/td>\n<td style=\"width: 25.0353%;background-color: #7bc2db;text-align: center;border-style: solid;border-color: #0d0c0c\">\n<h4><strong>Docente<\/strong><\/h4>\n<\/td>\n<td style=\"width: 41.6313%;background-color: #7bc2db;text-align: center;border-style: solid;border-color: #0d0c0c\">\n<h4><strong>Plano de Estudo (Programa) Disciplina<\/strong><\/h4>\n<\/td>\n<\/tr>\n<tr>\n<td style=\"width: 33.3333%;border-style: solid;border-color: #080707;text-align: center\">\n<h5>FAF885 &#8211; Temas de Meta\u00e9tica III<\/h5>\n<\/td>\n<td style=\"width: 25.0353%;border-style: solid;border-color: #080707;text-align: center\">\n<h5>Rafael Vogelmann<\/h5>\n<\/td>\n<td style=\"width: 41.6313%;border-style: solid;border-color: #080707;text-align: center\">\n<h5><a href=\"https:\/\/www.ufsm.br\/app\/uploads\/sites\/556\/2025\/02\/2025-1-Plano-PPG-Temas-de-Metaetica-III.pdf\">2025-1 &#8211; Plano PPG Temas de Metae\u0301tica III<\/a><\/h5>\n<\/td>\n<\/tr>\n<tr>\n<td style=\"width: 33.3333%;border-style: solid;border-color: #080707;text-align: center\">\n<h5>\u00a0 \u00a0 T\u00f3picos de Fenomenologia e Hermen\u00eautica I<\/h5>\n<\/td>\n<td style=\"width: 25.0353%;border-style: solid;border-color: #080707;text-align: center\">\n<h5>\u00a0R\u00f3bson Ramos Reis<\/h5>\n<\/td>\n<td style=\"width: 41.6313%;border-style: solid;border-color: #080707;text-align: center\">\n<h5><a href=\"https:\/\/www.ufsm.br\/app\/uploads\/sites\/556\/2025\/02\/Plano-de-ensino_Topicos-de-Fenomenologia-e-Hermeneutica-I-Robson.pdf\">Plano de ensino_T\u00f3picos de Fenomenologia e Hermen\u00eautica I -Ro\u0301bson<\/a><\/h5>\n<\/td>\n<\/tr>\n<tr>\n<td style=\"width: 33.3333%;border-style: solid;border-color: #080707;text-align: center\">\n<h5>\u00a0Semin\u00e1rio Mnemicidade&#8217;<\/h5>\n<\/td>\n<td style=\"width: 25.0353%;border-style: solid;border-color: #080707;text-align: center\">\n<h5>C\u00e9sar Schirmer dos Santos<\/h5>\n<\/td>\n<td style=\"width: 41.6313%;border-style: solid;border-color: #080707;text-align: center\">\n<h5><a href=\"https:\/\/www.ufsm.br\/app\/uploads\/sites\/556\/2025\/02\/Seminario-Mnemicidade-2025-Plano-de-Ensino.pdf\">Semina\u0301rio Mnemicidade 2025- Plano de Ensino<\/a><\/h5>\n<\/td>\n<\/tr>\n<tr>\n<td style=\"width: 33.3333%;border-style: solid;border-color: #080707;text-align: center\">\n<h5>Metaethics Topics I<\/h5>\n<h5>Tema de Meta\u00e9tica I<\/h5>\n<\/td>\n<td style=\"width: 25.0353%;border-style: solid;border-color: #080707;text-align: center\">\n<h5>Flavio Williges<\/h5>\n<h5>Flavio Williges<\/h5>\n<\/td>\n<td style=\"width: 41.6313%;border-style: solid;border-color: #080707;text-align: center\">\n<h5><a href=\"https:\/\/www.ufsm.br\/app\/uploads\/sites\/556\/2025\/02\/Loneliness-and-anxiety-Syllabus-2025-1.pdf\">Loneliness and anxiety Syllabus 2025 1<\/a><\/h5>\n<h5><a href=\"https:\/\/www.ufsm.br\/app\/uploads\/sites\/556\/2025\/02\/Solidao-e-ansiedade-programa-de-temas-de-metaetica-2025.pdf\">Solidao e ansiedade programa de temas de metaetica 2025<\/a><\/h5>\n<\/td>\n<\/tr>\n<tr>\n<td style=\"width: 33.3333%;border-style: solid;border-color: #080707\">\u00a0<\/td>\n<td style=\"width: 25.0353%;border-style: solid;border-color: #080707\">\u00a0<\/td>\n<td style=\"width: 41.6313%;border-style: solid;border-color: #080707\">\u00a0<\/td>\n<\/tr>\n<\/tbody>\n<\/table>\n\n\n\n<p><\/p>\n","protected":false},"excerpt":{"rendered":"<p>2025-1 Disciplina Docente Plano de Estudo (Programa) Disciplina FAF885 &#8211; Temas de Meta\u00e9tica III Rafael Vogelmann 2025-1 &#8211; Plano PPG Temas de Metae\u0301tica III \u00a0 \u00a0 T\u00f3picos de Fenomenologia e Hermen\u00eautica I \u00a0R\u00f3bson Ramos Reis Plano de ensino_T\u00f3picos de Fenomenologia e Hermen\u00eautica I -Ro\u0301bson \u00a0Semin\u00e1rio Mnemicidade&#8217; C\u00e9sar Schirmer dos Santos Semina\u0301rio Mnemicidade 2025- Plano de [&hellip;]<\/p>\n","protected":false},"author":905,"featured_media":0,"parent":0,"menu_order":0,"comment_status":"closed","ping_status":"closed","template":"","meta":{"footnotes":""},"categories":[],"tags":[],"class_list":["post-5954","page","type-page","status-publish","hentry"],"acf":[],"_links":{"self":[{"href":"https:\/\/www.ufsm.br\/cursos\/pos-graduacao\/santa-maria\/ppgf\/wp-json\/wp\/v2\/pages\/5954","targetHints":{"allow":["GET"]}}],"collection":[{"href":"https:\/\/www.ufsm.br\/cursos\/pos-graduacao\/santa-maria\/ppgf\/wp-json\/wp\/v2\/pages"}],"about":[{"href":"https:\/\/www.ufsm.br\/cursos\/pos-graduacao\/santa-maria\/ppgf\/wp-json\/wp\/v2\/types\/page"}],"author":[{"embeddable":true,"href":"https:\/\/www.ufsm.br\/cursos\/pos-graduacao\/santa-maria\/ppgf\/wp-json\/wp\/v2\/users\/905"}],"replies":[{"embeddable":true,"href":"https:\/\/www.ufsm.br\/cursos\/pos-graduacao\/santa-maria\/ppgf\/wp-json\/wp\/v2\/comments?post=5954"}],"version-history":[{"count":0,"href":"https:\/\/www.ufsm.br\/cursos\/pos-graduacao\/santa-maria\/ppgf\/wp-json\/wp\/v2\/pages\/5954\/revisions"}],"wp:attachment":[{"href":"https:\/\/www.ufsm.br\/cursos\/pos-graduacao\/santa-maria\/ppgf\/wp-json\/wp\/v2\/media?parent=5954"}],"wp:term":[{"taxonomy":"category","embeddable":true,"href":"https:\/\/www.ufsm.br\/cursos\/pos-graduacao\/santa-maria\/ppgf\/wp-json\/wp\/v2\/categories?post=5954"},{"taxonomy":"post_tag","embeddable":true,"href":"https:\/\/www.ufsm.br\/cursos\/pos-graduacao\/santa-maria\/ppgf\/wp-json\/wp\/v2\/tags?post=5954"}],"curies":[{"name":"wp","href":"https:\/\/api.w.org\/{rel}","templated":true}]}}