{"id":157,"date":"2019-01-29T12:18:41","date_gmt":"2019-01-29T14:18:41","guid":{"rendered":"https:\/\/www.ufsm.br\/cursos\/pos-graduacao\/santa-maria\/ppggeo\/?page_id=157"},"modified":"2020-01-29T17:45:15","modified_gmt":"2020-01-29T20:45:15","slug":"apresentacao","status":"publish","type":"page","link":"https:\/\/www.ufsm.br\/cursos\/pos-graduacao\/santa-maria\/ppggeo\/apresentacao","title":{"rendered":"Apresenta\u00e7\u00e3o"},"content":{"rendered":"\n<p>O\u00a0<strong>Curso de Mestrado em Geografia<\/strong>, aprovado pelo CEPE\/UFSM (Parecer 05\/03), obteve autoriza\u00e7\u00e3o do CT\/CAPES n\u00ba 432\/2002 para iniciar em 2003. Foi criado no intuito de proporcionar a forma\u00e7\u00e3o de recursos humanos altamente qualificados, buscando cumprir com o papel social da educa\u00e7\u00e3o p\u00fablica de n\u00edvel superior e da Geografia: pensar a realidade socioespacial contempor\u00e2nea, como forma de resolver as contradi\u00e7\u00f5es, os problemas e os conflitos da sociedade brasileira. O Programa de P\u00f3s-Gradua\u00e7\u00e3o em Geografia da UFSM \u00e9 resultado de conquistas hist\u00f3ricas de ge\u00f3grafos comprometidos que, no passado e no presente, junto com a comunidade geogr\u00e1fica brasileira, constroem essa ci\u00eancia.<\/p>\n<p>O\u00a0<strong>Curso de Doutorado em Geografia<\/strong>\u00a0obteve autoriza\u00e7\u00e3o do CTC\/CAPES em 25\/10\/2012, com implanta\u00e7\u00e3o no primeiro semestre de 2013. O projeto de doutorado proposto visa atingir o territ\u00f3rio do Cone Sul, especialmente o Pampa e sua vincula\u00e7\u00e3o as universidades da Associa\u00e7\u00e3o do Grupo de Montevideo (AUGM) e permitir\u00e1 o interc\u00e2mbio entre as universidades dos pa\u00edses vizinhos. A proposta de doutorado apresentada tem por objetivo geral produzir, aplicar e divulgar conhecimentos, pesquisas e reflex\u00f5es no campo da an\u00e1lise ambiental e territorial do Cone Sul Latino-Americano,<br \/>atrav\u00e9s da forma\u00e7\u00e3o qualificada de recursos humanos na \u00e1rea da Geografia, desenvolvendo e valorizando esta ci\u00eancia e contribuindo para a an\u00e1lise e interven\u00e7\u00e3o territorial.<\/p>\n<table border=\"0\" cellspacing=\"0\" cellpadding=\"0\" align=\"left\">\n<tbody>\n<tr>\n<td rowspan=\"2\"><address><strong>Coordena\u00e7\u00e3o<\/strong><\/address><\/td>\n<td colspan=\"2\"><address><em>Andrea Valli Nummer &#8211; Coordenadora<br \/><a href=\"mailto:a.nummer@gmail.com\">a.nummer@gmail.com<\/a><br \/><\/em><\/address><\/td>\n<\/tr>\n<tr>\n<td colspan=\"2\"><address><em>Eduardo Schiavone Cardoso &#8211; Coordenador Substituto<\/em><\/address><address><em><a href=\"mailto:educard@smail.ufsm.br\">educard@smail.ufsm.br<\/a><br \/><a href=\"mailto:%3Cscript%20type='text\/javascript'%3E%20%3C!--%20var%20prefix%20=%20'ma'%20+%20'il'%20+%20'to';%20var%20path%20=%20'hr'%20+%20'ef'%20+%20'=';%20var%20addy45207%20=%20'cdedavid2009'%20+%20'@';%20addy45207%20=%20addy45207%20+%20'gmail'%20+%20'.'%20+%20'com';%20document.write('%3Ca%20'%20+%20path%20+%20'\\''%20+%20prefix%20+%20':'%20+%20addy45207%20+%20'\\'%3E');%20document.write(addy45207);%20document.write('%3C\\\/a%3E');%20\/\/--%3E\\n%20%3C\/script%3E%3Cscript%20type='text\/javascript'%3E%20%3C!--%20document.write('%3Cspan%20style=\\'display:%20none;\\'%3E');%20\/\/--%3E%20%3C\/script%3EO%20endere%C3%A7o%20de%20e-mail%20address%20est%C3%A1%20sendo%20protegido%20de%20spambots.%20Voc%C3%AA%20precisa%20ativar%20o%20JavaScript%20enabled%20para%20v%C3%AA-lo.%20%3Cscript%20type='text\/javascript'%3E%20%3C!--%20document.write('%3C\/');%20document.write('span%3E');%20\/\/--%3E%20%3C\/script%3E\">\u00a0<\/a><a href=\"mailto:%3Cscript%20type='text\/javascript'%3E%20%3C!--%20var%20prefix%20=%20'ma'%20+%20'il'%20+%20'to';%20var%20path%20=%20'hr'%20+%20'ef'%20+%20'=';%20var%20addy56358%20=%20'cdedavid2009'%20+%20'@';%20addy56358%20=%20addy56358%20+%20'gmail'%20+%20'.'%20+%20'com';%20document.write('%3Ca%20'%20+%20path%20+%20'\\''%20+%20prefix%20+%20':'%20+%20addy56358%20+%20'\\'%3E');%20document.write(addy56358);%20document.write('%3C\\\/a%3E');%20\/\/--%3E\\n%20%3C\/script%3E%3Cscript%20type='text\/javascript'%3E%20%3C!--%20document.write('%3Cspan%20style=\\'display:%20none;\\'%3E');%20\/\/--%3E%20%3C\/script%3EO%20endere%C3%A7o%20de%20e-mail%20address%20est%C3%A1%20sendo%20protegido%20de%20spambots.%20Voc%C3%AA%20precisa%20ativar%20o%20JavaScript%20enabled%20para%20v%C3%AA-lo.%20%3Cscript%20type='text\/javascript'%3E%20%3C!--%20document.write('%3C\/');%20document.write('span%3E');%20\/\/--%3E%20%3C\/script%3E\"><br \/><\/a><\/em><\/address><\/td>\n<\/tr>\n<tr>\n<td><address><em>\u00a0<strong>N\u00edvel<\/strong><\/em><\/address><\/td>\n<td colspan=\"2\"><em>\u00a0Mestrado &#8211; Doutorado<\/em><em>\u00a0<\/em><\/td>\n<\/tr>\n<tr>\n<td><address><em>\u00a0<strong>Avalia\u00e7\u00e3o CAPES<\/strong><\/em><\/address><\/td>\n<td colspan=\"2\"><address><em>\u00a0Conceito 5<\/em><\/address><\/td>\n<\/tr>\n<tr>\n<td><address><em>\u00a0<strong>Dura\u00e7\u00e3o<\/strong><\/em><\/address><\/td>\n<td colspan=\"2\"><address><em>\u00a02 anos (m\u00ednimo) Mestrado, 4 anos Doutorado<\/em><\/address><\/td>\n<\/tr>\n<\/tbody>\n<\/table>\n","protected":false},"excerpt":{"rendered":"<p>O\u00a0Curso de Mestrado em Geografia, aprovado pelo CEPE\/UFSM (Parecer 05\/03), obteve autoriza\u00e7\u00e3o do CT\/CAPES n\u00ba 432\/2002 para iniciar em 2003. Foi criado no intuito de proporcionar a forma\u00e7\u00e3o de recursos humanos altamente qualificados, buscando cumprir com o papel social da educa\u00e7\u00e3o p\u00fablica de n\u00edvel superior e da Geografia: pensar a realidade socioespacial contempor\u00e2nea, como forma [&hellip;]<\/p>\n","protected":false},"author":115,"featured_media":0,"parent":0,"menu_order":0,"comment_status":"closed","ping_status":"closed","template":"","meta":{"footnotes":""},"categories":[],"tags":[],"class_list":["post-157","page","type-page","status-publish","hentry"],"acf":[],"_links":{"self":[{"href":"https:\/\/www.ufsm.br\/cursos\/pos-graduacao\/santa-maria\/ppggeo\/wp-json\/wp\/v2\/pages\/157","targetHints":{"allow":["GET"]}}],"collection":[{"href":"https:\/\/www.ufsm.br\/cursos\/pos-graduacao\/santa-maria\/ppggeo\/wp-json\/wp\/v2\/pages"}],"about":[{"href":"https:\/\/www.ufsm.br\/cursos\/pos-graduacao\/santa-maria\/ppggeo\/wp-json\/wp\/v2\/types\/page"}],"author":[{"embeddable":true,"href":"https:\/\/www.ufsm.br\/cursos\/pos-graduacao\/santa-maria\/ppggeo\/wp-json\/wp\/v2\/users\/115"}],"replies":[{"embeddable":true,"href":"https:\/\/www.ufsm.br\/cursos\/pos-graduacao\/santa-maria\/ppggeo\/wp-json\/wp\/v2\/comments?post=157"}],"version-history":[{"count":0,"href":"https:\/\/www.ufsm.br\/cursos\/pos-graduacao\/santa-maria\/ppggeo\/wp-json\/wp\/v2\/pages\/157\/revisions"}],"wp:attachment":[{"href":"https:\/\/www.ufsm.br\/cursos\/pos-graduacao\/santa-maria\/ppggeo\/wp-json\/wp\/v2\/media?parent=157"}],"wp:term":[{"taxonomy":"category","embeddable":true,"href":"https:\/\/www.ufsm.br\/cursos\/pos-graduacao\/santa-maria\/ppggeo\/wp-json\/wp\/v2\/categories?post=157"},{"taxonomy":"post_tag","embeddable":true,"href":"https:\/\/www.ufsm.br\/cursos\/pos-graduacao\/santa-maria\/ppggeo\/wp-json\/wp\/v2\/tags?post=157"}],"curies":[{"name":"wp","href":"https:\/\/api.w.org\/{rel}","templated":true}]}}