{"id":158,"date":"2019-01-29T12:18:11","date_gmt":"2019-01-29T14:18:11","guid":{"rendered":"https:\/\/www.ufsm.br\/cursos\/pos-graduacao\/santa-maria\/ppggeo\/?page_id=158"},"modified":"2019-01-29T12:18:14","modified_gmt":"2019-01-29T14:18:14","slug":"contato-2","status":"publish","type":"page","link":"https:\/\/www.ufsm.br\/cursos\/pos-graduacao\/santa-maria\/ppggeo\/contato-2","title":{"rendered":"Contato"},"content":{"rendered":"\n<p>Telefone:\u00a0\u00a0(55) 3220-8908\u00a0<br \/>Email: <a href=\"mailto:posgeografia@gmail.com\">posgeografia@ufsm.br<\/a><\/p>\n<p>Localiza\u00e7\u00e3o :<\/p>\n<p>Universidade Federal de Santa Maria<br \/>Programa de P\u00f3s-gradua\u00e7\u00e3o em Geografia<br \/>Pr\u00e9dio 17, Sala 1132<br \/>Avenida Roraima, n\u00ba1000<br \/>CEP: 97105-900<br \/>Santa Maria, RS<br \/>Lat:\u00a0-29.716013, Long:\u00a0-53.716184<\/p>\n","protected":false},"excerpt":{"rendered":"<p>Telefone:\u00a0\u00a0(55) 3220-8908\u00a0Email: posgeografia@ufsm.br Localiza\u00e7\u00e3o : Universidade Federal de Santa MariaPrograma de P\u00f3s-gradua\u00e7\u00e3o em GeografiaPr\u00e9dio 17, Sala 1132Avenida Roraima, n\u00ba1000CEP: 97105-900Santa Maria, RSLat:\u00a0-29.716013, Long:\u00a0-53.716184<\/p>\n","protected":false},"author":115,"featured_media":0,"parent":0,"menu_order":0,"comment_status":"closed","ping_status":"closed","template":"","meta":{"footnotes":""},"categories":[],"tags":[],"class_list":["post-158","page","type-page","status-publish","hentry"],"acf":[],"_links":{"self":[{"href":"https:\/\/www.ufsm.br\/cursos\/pos-graduacao\/santa-maria\/ppggeo\/wp-json\/wp\/v2\/pages\/158","targetHints":{"allow":["GET"]}}],"collection":[{"href":"https:\/\/www.ufsm.br\/cursos\/pos-graduacao\/santa-maria\/ppggeo\/wp-json\/wp\/v2\/pages"}],"about":[{"href":"https:\/\/www.ufsm.br\/cursos\/pos-graduacao\/santa-maria\/ppggeo\/wp-json\/wp\/v2\/types\/page"}],"author":[{"embeddable":true,"href":"https:\/\/www.ufsm.br\/cursos\/pos-graduacao\/santa-maria\/ppggeo\/wp-json\/wp\/v2\/users\/115"}],"replies":[{"embeddable":true,"href":"https:\/\/www.ufsm.br\/cursos\/pos-graduacao\/santa-maria\/ppggeo\/wp-json\/wp\/v2\/comments?post=158"}],"version-history":[{"count":0,"href":"https:\/\/www.ufsm.br\/cursos\/pos-graduacao\/santa-maria\/ppggeo\/wp-json\/wp\/v2\/pages\/158\/revisions"}],"wp:attachment":[{"href":"https:\/\/www.ufsm.br\/cursos\/pos-graduacao\/santa-maria\/ppggeo\/wp-json\/wp\/v2\/media?parent=158"}],"wp:term":[{"taxonomy":"category","embeddable":true,"href":"https:\/\/www.ufsm.br\/cursos\/pos-graduacao\/santa-maria\/ppggeo\/wp-json\/wp\/v2\/categories?post=158"},{"taxonomy":"post_tag","embeddable":true,"href":"https:\/\/www.ufsm.br\/cursos\/pos-graduacao\/santa-maria\/ppggeo\/wp-json\/wp\/v2\/tags?post=158"}],"curies":[{"name":"wp","href":"https:\/\/api.w.org\/{rel}","templated":true}]}}