{"id":162,"date":"2019-01-29T12:21:06","date_gmt":"2019-01-29T14:21:06","guid":{"rendered":"https:\/\/www.ufsm.br\/cursos\/pos-graduacao\/santa-maria\/ppggeo\/?page_id=162"},"modified":"2023-11-09T11:34:03","modified_gmt":"2023-11-09T14:34:03","slug":"informacoes-sobre-o-programa","status":"publish","type":"page","link":"https:\/\/www.ufsm.br\/cursos\/pos-graduacao\/santa-maria\/ppggeo\/informacoes-sobre-o-programa","title":{"rendered":"Informa\u00e7\u00f5es sobre o programa"},"content":{"rendered":"\n<p><strong>\u00c1rea de Concentra\u00e7\u00e3o<\/strong>: Geografia<\/p>\n<p><strong>Linhas de Pesquisa<\/strong>:<\/p>\n<ul>\n<li>Din\u00e2micas da Natureza e Qualidade Ambiental do Cone Sul<\/li>\n<li>Din\u00e2micas Territoriais do Cone Sul<\/li>\n<\/ul>\n<h4><span style=\"color: #333399\">Mestrado em Geografia<\/span><\/h4>\n<p>O Curso de Mestrado em Geografia tem como objetivo aprimorar a qualifica\u00e7\u00e3o dos recursos humanos e apoiar atividades de Ensino, Pesquisa e Extens\u00e3o, em n\u00edvel de Mestrado, fornecendo subs\u00eddios \u00e0 an\u00e1lise ambiental e territorial do Cone Sul Latino-Americano, na perspectiva da gera\u00e7\u00e3o de novas abordagens, teorias, metodologias e tecnologias.<\/p>\n<p>S\u00e3o os seguintes os requisitos para obten\u00e7\u00e3o de t\u00edtulo de Mestre em Geografia:<\/p>\n<ol>\n<li>Vinte e quatro cr\u00e9ditos em disciplinas;<\/li>\n<li>Quatro cr\u00e9ditos em outras atividades;<\/li>\n<li>Profici\u00eancia em L\u00edngua Estrangeira;<\/li>\n<li>Defesa de qualifica\u00e7\u00e3o;<\/li>\n<li>Defesa de disserta\u00e7\u00e3o.<\/li>\n<\/ol>\n<p>S\u00e3o os seguintes os prazos m\u00e1ximos para integra\u00e7\u00e3o dos cr\u00e9ditos nas atividades do mestrado:<\/p>\n<ol>\n<li>disciplinas \u2013 dois primeiros semestres;<\/li>\n<li>exame de qualifica\u00e7\u00e3o &#8211; at\u00e9 a metade do terceiro semestre;<\/li>\n<li>outras atividades &#8211; at\u00e9 o final do terceiro semestre; e<\/li>\n<li>entrega de disserta\u00e7\u00e3o \u2013 at\u00e9 o final do quarto semestre.<\/li>\n<\/ol>\n<p>&#8211; Conforme Art. 52, par\u00e1grafo 4\u00ba (Regimento), ser\u00e1 permitida uma \u00fanica prorroga\u00e7\u00e3o de prazo de at\u00e9 seis meses, em car\u00e1ter excepcional a crit\u00e9rio do colegiado, de acordo com o artigo 79\u00ba do RIPGSSLS da UFSM.<\/p>\n<p>S\u00e3o consideradas outras atividades as seguintes, desenvolvidas durante o per\u00edodo de matr\u00edcula no curso, com a respectiva atribui\u00e7\u00e3o de cr\u00e9ditos:<\/p>\n<ol>\n<li>publica\u00e7\u00e3o de artigo completo em revista indexada \u2013 04 (quatro) cr\u00e9ditos;<\/li>\n<li>publica\u00e7\u00e3o completa em Anais de Congressos com apresenta\u00e7\u00e3o de certificado\u00a0de participa\u00e7\u00e3o \u2013 02 (dois) cr\u00e9ditos;<\/li>\n<li>est\u00e1gio de doc\u00eancia em disciplina de gradua\u00e7\u00e3o \u2013 01 (um) cr\u00e9dito por est\u00e1gio,\u00a0at\u00e9 o limite de 02 (dois) cr\u00e9ditos.<\/li>\n<\/ol>\n<p>* O Curso de Mestrado em Geografia ser\u00e1 dividido em quatro semestres e ser\u00e1 adotado o regime de matr\u00edcula semestral.<\/p>\n<p>* O primeiro dia letivo do ano, do calend\u00e1rio oficial da UFSM ser\u00e1 considerado como refer\u00eancia para a contagem de todos os prazos relativos \u00e0 P\u00f3s-Gradua\u00e7\u00e3o para os candidatos ingressantes no ano correspondente.<\/p>\n<h4><span style=\"color: #333399\">Doutorado em Geografia<\/span><\/h4>\n<p>O Curso de Doutorado em Geografia tem como objetivo, a partir de uma vis\u00e3o integradora e cr\u00edtica dos fen\u00f4menos socioespaciais, produzir, aplicar e divulgar conhecimentos, pesquisas e reflex\u00f5es no campo da an\u00e1lise ambiental e territorial do Cone Sul Latino-Americano, atrav\u00e9s da forma\u00e7\u00e3o qualificada de recursos humanos na \u00e1rea da Geografia, desenvolvendo e valorizando esta ci\u00eancia e contribuindo para a an\u00e1lise e interven\u00e7\u00e3o territorial.<\/p>\n<p>Como objetivos espec\u00edficos, o Curso de Doutorado em Geografia busca:<\/p>\n<ol>\n<li>Proporcionar aos pesquisadores, docentes e profissionais da Geografia e \u00e1reas afins, condi\u00e7\u00f5es de desenvolver estudos sobre o ordenamento territorial do Cone Sul, aprimorando os referenciais te\u00f3rico-metodol\u00f3gicos e instrumentalizando-os para enfrentarem a(s) quest\u00f5es e problem\u00e1ticas do mundo globalizado;<\/li>\n<li>colaborar, a partir da investiga\u00e7\u00e3o, reflex\u00e3o e produ\u00e7\u00e3o de conhecimento, com a melhoria da qualidade de vida e das condi\u00e7\u00f5es de produ\u00e7\u00e3o e de trabalho, problematizando e discutindo alternativas end\u00f3genas de desenvolvimento, considerando as caracter\u00edsticas naturais e as condi\u00e7\u00f5es socioecon\u00f4micas e culturais das popula\u00e7\u00f5es envolvidas;<\/li>\n<li>Fornecer an\u00e1lises, diagn\u00f3sticos e progn\u00f3sticos que apoiem os processos de tomada de decis\u00e3o e de (re)ordenamento territorial em suas diferentes escalas e dimens\u00f5es;<\/li>\n<li>\u00a0promover atividades de coopera\u00e7\u00e3o, interc\u00e2mbios e projetos com organiza\u00e7\u00f5es n\u00e3o-governamentais, movimentos e institui\u00e7\u00f5es nacionais e estrangeiras, especialmente no \u00e2mbito do Cone Sul Latino-Americano, com vistas a fomentar o desenvolvimento da pesquisa e a troca de conhecimentos;<\/li>\n<li>promover o reconhecimento e a valoriza\u00e7\u00e3o da cultura no territ\u00f3rio do Cone Sul, contribuindo para ampliar e difundir as oportunidades de acesso aos saberes, conhecimentos e pr\u00e1ticas, exercendo o protagonismo na forma\u00e7\u00e3o de recursos humanos em Geografia em sua \u00e1rea de influ\u00eancia.<\/li>\n<li>desenvolver, aperfei\u00e7oar e difundir os processos de ensino da Geografia, em todos os seus n\u00edveis, por meio da produ\u00e7\u00e3o de metodologias, instrumentos e conhecimentos acerca da realidade regional.<\/li>\n<\/ol>\n<p><strong>Total de Cr\u00e9ditos para titula\u00e7\u00e3o<\/strong>:<\/p>\n<p>Prop\u00f5e-se que para obten\u00e7\u00e3o do t\u00edtulo de doutor o aluno integralize\u00a0<strong>36 cr\u00e9ditos<\/strong>, sendo\u00a0<strong>28 entre disciplinas obrigat\u00f3rias<\/strong>\u00a0(duas disciplinas) e eletivas (cinco disciplinas a serem escolhidas) e\u00a0<strong>8 referentes \u00e0s atividades complementares<\/strong>\u00a0a serem previstas no regulamento.<\/p>\n<p>Cr\u00e9ditos obtidos em disciplinas cursadas em programas de p\u00f3s-gradua\u00e7\u00e3o em Geografia ou \u00e1reas afins ao projeto de disserta\u00e7\u00e3o ou tese, e reconhecidos pela CAPES, poder\u00e3o ser aproveitados, respeitando-se o limite de:<\/p>\n<p>Para os discentes do doutorado respeitar-se-\u00e1 o limite de 20 (vinte) cr\u00e9ditos cursados durante o mestrado e\/ou 12 (doze) cr\u00e9ditos para disciplinas cursadas durante a vig\u00eancia do curso, respeitando o limite m\u00e1ximo de 20 (vinte) cr\u00e9ditos a serem aproveitados no total.<\/p>\n<p>Ser\u00e3o consideradas como atividades complementares, as seguintes atividades, desenvolvidas durante o per\u00edodo de matr\u00edcula no Programa, com a respectiva atribui\u00e7\u00e3o de cr\u00e9ditos: publica\u00e7\u00e3o de artigo completo em revista indexada \u2013 04 (quatro) cr\u00e9ditos; publica\u00e7\u00e3o de trabalho completo em Anais de Congressos com apresenta\u00e7\u00e3o de certificado de participa\u00e7\u00e3o \u2013 02 (dois) cr\u00e9ditos; est\u00e1gio de doc\u00eancia em disciplina de gradua\u00e7\u00e3o \u2013 01 (um) cr\u00e9dito por est\u00e1gio, at\u00e9 o limite de 02 (dois) cr\u00e9ditos.<\/p>\n<p>&#8211;\u00a0<strong>Periodicidade da sele\u00e7\u00e3o<\/strong>: Anual<\/p>\n<p>&#8211;\u00a0<strong>Vagas por sele\u00e7\u00e3o<\/strong>: Anualmente \u00e9 aberto um edital de sele\u00e7\u00e3o junto ao edital geral das P\u00f3s-Gradua\u00e7\u00f5es da UFSM, para ingresso no primeiro semestre, onde s\u00e3o definidas vagas para cada professor orientador, bem como vagas espec\u00edficas para candidatos estrangeiros.<\/p>\n<p><strong>Descri\u00e7\u00e3o sint\u00e9tica do esquema de oferta do curso<\/strong>:<\/p>\n<p>O curso de Doutorado em Geografia tem dura\u00e7\u00e3o prevista de quatro anos, subdivididos em oito semestres letivos. Prop\u00f5e-se que a integraliza\u00e7\u00e3o dos cr\u00e9ditos em disciplinas ocorra nos tr\u00eas primeiros semestres do curso, com a seguinte distribui\u00e7\u00e3o:<\/p>\n<p style=\"line-height: 21.0pt;background: white;vertical-align: baseline\"><span style=\"font-family: 'Arial',sans-serif;color: black\">\u2013 1\u00ba semestre: 3 disciplinas eletivas (12 cr\u00e9ditos). Disciplina recomendada (Geografia do Cone Sul).<\/span><\/p>\n<p style=\"line-height: 21.0pt;background: white;vertical-align: baseline\"><span style=\"font-family: 'Arial',sans-serif;color: black\">\u2013 2\u00ba semestre: 3 disciplinas eletivas (12 cr\u00e9ditos).<\/span><\/p>\n<p style=\"line-height: 21.0pt;background: white;vertical-align: baseline\"><span style=\"font-family: 'Arial',sans-serif;color: black\">\u2013 3\u00ba semestre: Disciplina recomendada (Semin\u00e1rio de Tese).<\/span><\/p>\n<p style=\"line-height: 21.0pt;background: white;vertical-align: baseline\"><span style=\"font-family: 'Arial',sans-serif;color: black\">Os semestres restantes ser\u00e3o destinados \u00e0 execu\u00e7\u00e3o e apresenta\u00e7\u00e3o da pesquisa de tese de doutorado.<\/span><\/p>\n<p>\u00a0<\/p>\n<h4><span style=\"color: #333399\">P\u00f3s-doutorado no PPGGEO\/UFSM:<\/span><\/h4>\n<div style=\"text-align: left\">Visando atender ao que consta do Art. 130 do CAP\u00cdTULO VI &#8211; DO P\u00d3S-DOUTORADO NA UFSM, Anexo I da Resolu\u00e7\u00e3o N. 139\/2023 &#8211;\u00a0 Regulamento Geral da PG stricto sensu da UFSM, acesse a <a href=\"https:\/\/www.ufsm.br\/app\/uploads\/sites\/538\/2023\/11\/INSTRUCAO-NORMATIVA-N.-07-pos-doutorado-PRPGP-RESOLUCAO-139-DE-2023-ATUAL-assinada.pdf\" target=\"_blank\" rel=\"noopener\">Instru\u00e7\u00e3o Normativa N. 07\/2023 &#8211; PRPGP-UFSM<\/a> que detalha os procedimentos e documentos necess\u00e1rios para realiza\u00e7\u00e3o do p\u00f3s-doutorado na UFSM.<\/div>\n<div style=\"text-align: left\">\u00a0<\/div>\n<div style=\"text-align: left\">Informamos que a partir de outubro de 2023, o ingresso no p\u00f3s-doutorado na UFSM deve atender ao que consta da Instru\u00e7\u00e3o normativa n. 007\/2023\u00a0 e os documentos tamb\u00e9m devem ser os atuais que constam do anexo da referida instru\u00e7\u00e3o, n\u00e3o sendo mais poss\u00edvel pedidos de p\u00f3s-doutorado com documentos antigos.<\/div>\n<div>\u00a0<\/div>\n<div><a href=\"https:\/\/www.ufsm.br\/app\/uploads\/sites\/538\/2023\/11\/docs-pos-doutorado-UFSM-resolucao-139.2023-ATUAL-1.pdf\" target=\"_blank\" rel=\"noopener\">Requerimento padr\u00e3o para p\u00f3s-doutorado UFSM (PDF)<\/a><\/div>\n<div><a href=\"https:\/\/www.ufsm.br\/app\/uploads\/sites\/538\/2023\/11\/docs-pos-doutorado-UFSM-resolucao-139.2023-ATUAL-1.doc\" target=\"_blank\" rel=\"noopener\">Requerimento padr\u00e3o para p\u00f3s-doutorado UFSM (Word)<\/a><\/div>\n<div>\u00a0<\/div>\n<div>Maiores informa\u00e7\u00f5es, acessar a p\u00e1gina de ingresso ao Programa de P\u00f3s-doutorado da UFSM <a href=\"https:\/\/www.ufsm.br\/pro-reitorias\/prpgp\/servicos\/programa-de-pos-doutorado-na-universidade-federal-de-santa-maria\" target=\"_blank\" rel=\"noopener\">aqui<\/a>.<\/div>\n","protected":false},"excerpt":{"rendered":"<p>\u00c1rea de Concentra\u00e7\u00e3o: Geografia Linhas de Pesquisa: Din\u00e2micas da Natureza e Qualidade Ambiental do Cone Sul Din\u00e2micas Territoriais do Cone Sul Mestrado em Geografia O Curso de Mestrado em Geografia tem como objetivo aprimorar a qualifica\u00e7\u00e3o dos recursos humanos e apoiar atividades de Ensino, Pesquisa e Extens\u00e3o, em n\u00edvel de Mestrado, fornecendo subs\u00eddios \u00e0 an\u00e1lise [&hellip;]<\/p>\n","protected":false},"author":115,"featured_media":0,"parent":0,"menu_order":0,"comment_status":"closed","ping_status":"closed","template":"","meta":{"footnotes":""},"categories":[],"tags":[],"class_list":["post-162","page","type-page","status-publish","hentry"],"acf":[],"_links":{"self":[{"href":"https:\/\/www.ufsm.br\/cursos\/pos-graduacao\/santa-maria\/ppggeo\/wp-json\/wp\/v2\/pages\/162","targetHints":{"allow":["GET"]}}],"collection":[{"href":"https:\/\/www.ufsm.br\/cursos\/pos-graduacao\/santa-maria\/ppggeo\/wp-json\/wp\/v2\/pages"}],"about":[{"href":"https:\/\/www.ufsm.br\/cursos\/pos-graduacao\/santa-maria\/ppggeo\/wp-json\/wp\/v2\/types\/page"}],"author":[{"embeddable":true,"href":"https:\/\/www.ufsm.br\/cursos\/pos-graduacao\/santa-maria\/ppggeo\/wp-json\/wp\/v2\/users\/115"}],"replies":[{"embeddable":true,"href":"https:\/\/www.ufsm.br\/cursos\/pos-graduacao\/santa-maria\/ppggeo\/wp-json\/wp\/v2\/comments?post=162"}],"version-history":[{"count":0,"href":"https:\/\/www.ufsm.br\/cursos\/pos-graduacao\/santa-maria\/ppggeo\/wp-json\/wp\/v2\/pages\/162\/revisions"}],"wp:attachment":[{"href":"https:\/\/www.ufsm.br\/cursos\/pos-graduacao\/santa-maria\/ppggeo\/wp-json\/wp\/v2\/media?parent=162"}],"wp:term":[{"taxonomy":"category","embeddable":true,"href":"https:\/\/www.ufsm.br\/cursos\/pos-graduacao\/santa-maria\/ppggeo\/wp-json\/wp\/v2\/categories?post=162"},{"taxonomy":"post_tag","embeddable":true,"href":"https:\/\/www.ufsm.br\/cursos\/pos-graduacao\/santa-maria\/ppggeo\/wp-json\/wp\/v2\/tags?post=162"}],"curies":[{"name":"wp","href":"https:\/\/api.w.org\/{rel}","templated":true}]}}