{"id":198,"date":"2019-01-29T12:47:28","date_gmt":"2019-01-29T14:47:28","guid":{"rendered":"https:\/\/www.ufsm.br\/cursos\/pos-graduacao\/santa-maria\/ppggeo\/?page_id=198"},"modified":"2025-10-17T10:13:47","modified_gmt":"2025-10-17T13:13:47","slug":"para-defesa","status":"publish","type":"page","link":"https:\/\/www.ufsm.br\/cursos\/pos-graduacao\/santa-maria\/ppggeo\/para-defesa","title":{"rendered":"Orienta\u00e7\u00f5es: Qualifica\u00e7\u00e3o e Defesa"},"content":{"rendered":"\n<h2>\u00a0<\/h2>\n<h2>Homologa\u00e7\u00e3o da Comiss\u00e3o Examinadora<\/h2>\n<h4><span style=\"color: #ff0000\"><strong><span style=\"color: #ff0000\">Aten\u00e7\u00e3o: <\/span><span style=\"color: #000000\">antes de efetuar a abertura do processo de qualifica\u00e7\u00e3o ou defesa, o discente dever\u00e1 submeter o formul\u00e1rio com os dados da comiss\u00e3o examinadora para an\u00e1lise\/homologa\u00e7\u00e3o pelo Colegiado.<\/span><\/strong><\/span><\/h4>\n<ul>\n<li><strong><span style=\"text-decoration: underline\">Para submiss\u00e3o<\/span>: enviar o <a href=\"https:\/\/www.ufsm.br\/app\/uploads\/sites\/538\/2025\/10\/Formulario-Homologacao-de-banca-para-qualificacao-ou-defesa-PPGGEO-2025.docx\">Formul\u00e1rio de solicita\u00e7\u00e3o de banca<\/a> para o e-mail da SIPG\/CCNE (pos.ccne@ufsm.br).<\/strong><\/li>\n<li><strong>Sugere-se que o formul\u00e1rio seja enviado para an\u00e1lise com, no m\u00ednimo, 50 dias de anteced\u00eancia da data prevista para a qualifica\u00e7\u00e3o\/defesa.<\/strong><\/li>\n<\/ul>\n<h3><span style=\"color: #ff0000\"><strong><span style=\"color: #ff0000\">\u00a0<\/span><\/strong><\/span><\/h3>\n<h2>Documenta\u00e7\u00e3o para Banca de Qualifica\u00e7\u00e3o de Mestrado<\/h2>\n<p>Ap\u00f3s a homologa\u00e7\u00e3o da banca, o discente dever\u00e1 realizar a abertura do processo <a href=\"https:\/\/portal.ufsm.br\/documentos\">PEN-SIE<\/a> para registrar a solicita\u00e7\u00e3o de qualifica\u00e7\u00e3o de mestrado.<\/p>\n<ul>\n<li>O tipo do processo \u00e9 &#8220;Processo de qualifica\u00e7\u00e3o de disserta\u00e7\u00e3o de mestrado&#8221;.<\/li>\n<li>A abertura do processo deve ser realizada com, no m\u00ednimo, 20 dias de anteced\u00eancia da data em que a qualifica\u00e7\u00e3o ser\u00e1 realizada.<\/li>\n<li>Dever\u00e3o ser anexados ao processo o <a href=\"https:\/\/www.ufsm.br\/app\/uploads\/sites\/538\/2025\/10\/Formulario-Homologacao-de-banca-para-qualificacao-ou-defesa-PPGGEO-2025.docx\">Formul\u00e1rio solicita\u00e7\u00e3o da banca<\/a> e o hist\u00f3rico atualizado.<\/li>\n<\/ul>\n<h2>Documenta\u00e7\u00e3o para Banca de Qualifica\u00e7\u00e3o de Doutorado<\/h2>\n<p>Ap\u00f3s a homologa\u00e7\u00e3o da banca, o discente dever\u00e1 realizar a abertura do processo de qualifica\u00e7\u00e3o de doutorado pelo <a href=\"https:\/\/portal.ufsm.br\/estudantil\/index.html\" target=\"_blank\" rel=\"noopener\">Portal Estudantil<\/a>.<\/p>\n<ul>\n<li>O processo dever\u00e1 ser aberto com, no m\u00ednimo, 20 dias de anteced\u00eancia da data em que a qualifica\u00e7\u00e3o ser\u00e1 realizada.<\/li>\n<li>As orienta\u00e7\u00f5es para abertura do processo est\u00e3o dispon\u00edveis no <a href=\"https:\/\/www.ufsm.br\/app\/uploads\/sites\/345\/2018\/08\/TUTORIAL.pdf\">tutorial da PRPGP<\/a>.<\/li>\n<\/ul>\n<h2>Documenta\u00e7\u00e3o para Defesa de Disserta\u00e7\u00e3o e Tese<\/h2>\n<p>Ap\u00f3s a homologa\u00e7\u00e3o da banca, o discente dever\u00e1 realizar a abertura do processo de defesa pelo <a href=\"https:\/\/portal.ufsm.br\/estudantil\/index.html\" target=\"_blank\" rel=\"noopener\">Portal Estudantil<\/a>.<\/p>\n<ul>\n<li>O aluno deve atentar-se para que seu <strong>Plano de Estudos<\/strong> esteja id\u00eantico ao <strong>Hist\u00f3rico Escolar<\/strong> antes da abertura do processo.<\/li>\n<li>O processo dever\u00e1 ser aberto com, no m\u00ednimo, 30 dias de anteced\u00eancia da data em que a defesa ser\u00e1 realizada.<\/li>\n<li>As orienta\u00e7\u00f5es para abertura do processo est\u00e3o dispon\u00edveis no <a href=\"https:\/\/www.ufsm.br\/app\/uploads\/sites\/345\/2018\/08\/TUTORIAL.pdf\">tutorial da PRPGP<\/a>.<\/li>\n<\/ul>\n<h2>Ato de entrega da Disserta\u00e7\u00e3o ou Tese &#8211; Vers\u00e3o digital via PEN-SIE <span style=\"color: #ff0000\">*novo*<\/span><\/h2>\n<p>Ap\u00f3s a defesa o(a) aluno(a) dever\u00e1 abrir o processo de <span style=\"color: #ff0000\"><strong>ato de entrega da vers\u00e3o definitiva da Disserta\u00e7\u00e3o ou Tese,<\/strong><\/span> no <a href=\"https:\/\/portal.ufsm.br\/documentos\">PEN-SIE.<\/a><\/p>\n<ul>\n<li>As orienta\u00e7\u00f5es para abertura do processo est\u00e3o dispon\u00edveis na <a href=\"https:\/\/www.ufsm.br\/pro-reitorias\/prpgp\/servicos\/procedimentos-para-o-processo-de-defesa-de-mdt-online\">p\u00e1gina<\/a> da PRPGP e no tutorial dispon\u00edvel <a href=\"https:\/\/www.ufsm.br\/app\/uploads\/sites\/538\/2022\/07\/TUTORIAL-Ato-de-entrega-de-MDT.pdf\" target=\"_blank\" rel=\"noopener\">aqui<\/a>.<\/li>\n<li>Sobre a apresenta\u00e7\u00e3o da <strong>FOLHA DE APROVA\u00c7\u00c3O EM TESES E DISSERTA\u00c7\u00d5ES<\/strong>, ver tutorial.<\/li>\n<li>Sobre a apresenta\u00e7\u00e3o da\u00a0<strong>ASSINATURA DA\u00a0FOLHA DE APROVA\u00c7\u00c3O EM TESES E DISSERTA\u00c7\u00d5ES<\/strong>, ver tutorial.<\/li>\n<li>Dever\u00e3o ser anexados ao processo, al\u00e9m da vers\u00e3o final da disserta\u00e7\u00e3o\/tese:\u00a0 a) o <a style=\"font-size: revert\" href=\"https:\/\/www.ufsm.br\/app\/uploads\/sites\/538\/2024\/02\/NOVO-RELATORIO-POS-DEFESA-PPGGEO.doc\" target=\"_blank\" rel=\"noopener\">Formul\u00e1rio P\u00f3s-defesa<\/a>, a autoriza\u00e7\u00e3o para publica\u00e7\u00e3o online (enviada por e-mail pela SIPG\/CCNE) e o <span style=\"color: #ff0000\"><strong>comprovantes de publica\u00e7\u00e3o<\/strong><\/span> exigidos pelo PPGGEO:\u00a0 <strong>artigo cient\u00edfico, gerado a partir da tese ou disserta\u00e7\u00e3o, e o comprovante de submiss\u00e3o a uma revista da \u00e1rea.<\/strong><\/li>\n<\/ul>\n<p>\u00a0<\/p>\n<p>De acordo com a <a href=\"https:\/\/www.in.gov.br\/en\/web\/dou\/-\/portaria-n-360-de-18-de-maio-de-2022-401082263\" target=\"_blank\" rel=\"noopener\">Portaria 360\/2022 do MEC<\/a>, em seu Artigo 2\u00ba, &#8220;<em>Fica vedada a produ\u00e7\u00e3o de novos documentos integrantes do acervo acad\u00eamico em suporte f\u00edsico a partir de 1\u00ba de agosto de 2022<\/em>&#8220;. Nesse sentido, n\u00e3o ser\u00e3o mais aceitas disserta\u00e7\u00f5es ou teses impressas na secretaria do curso.<\/p>\n","protected":false},"excerpt":{"rendered":"<p>\u00a0 Homologa\u00e7\u00e3o da Comiss\u00e3o Examinadora Aten\u00e7\u00e3o: antes de efetuar a abertura do processo de qualifica\u00e7\u00e3o ou defesa, o discente dever\u00e1 submeter o formul\u00e1rio com os dados da comiss\u00e3o examinadora para an\u00e1lise\/homologa\u00e7\u00e3o pelo Colegiado. Para submiss\u00e3o: enviar o Formul\u00e1rio de solicita\u00e7\u00e3o de banca para o e-mail da SIPG\/CCNE (pos.ccne@ufsm.br). Sugere-se que o formul\u00e1rio seja enviado para [&hellip;]<\/p>\n","protected":false},"author":115,"featured_media":0,"parent":0,"menu_order":0,"comment_status":"closed","ping_status":"closed","template":"","meta":{"footnotes":""},"categories":[],"tags":[],"class_list":["post-198","page","type-page","status-publish","hentry"],"acf":[],"_links":{"self":[{"href":"https:\/\/www.ufsm.br\/cursos\/pos-graduacao\/santa-maria\/ppggeo\/wp-json\/wp\/v2\/pages\/198","targetHints":{"allow":["GET"]}}],"collection":[{"href":"https:\/\/www.ufsm.br\/cursos\/pos-graduacao\/santa-maria\/ppggeo\/wp-json\/wp\/v2\/pages"}],"about":[{"href":"https:\/\/www.ufsm.br\/cursos\/pos-graduacao\/santa-maria\/ppggeo\/wp-json\/wp\/v2\/types\/page"}],"author":[{"embeddable":true,"href":"https:\/\/www.ufsm.br\/cursos\/pos-graduacao\/santa-maria\/ppggeo\/wp-json\/wp\/v2\/users\/115"}],"replies":[{"embeddable":true,"href":"https:\/\/www.ufsm.br\/cursos\/pos-graduacao\/santa-maria\/ppggeo\/wp-json\/wp\/v2\/comments?post=198"}],"version-history":[{"count":0,"href":"https:\/\/www.ufsm.br\/cursos\/pos-graduacao\/santa-maria\/ppggeo\/wp-json\/wp\/v2\/pages\/198\/revisions"}],"wp:attachment":[{"href":"https:\/\/www.ufsm.br\/cursos\/pos-graduacao\/santa-maria\/ppggeo\/wp-json\/wp\/v2\/media?parent=198"}],"wp:term":[{"taxonomy":"category","embeddable":true,"href":"https:\/\/www.ufsm.br\/cursos\/pos-graduacao\/santa-maria\/ppggeo\/wp-json\/wp\/v2\/categories?post=198"},{"taxonomy":"post_tag","embeddable":true,"href":"https:\/\/www.ufsm.br\/cursos\/pos-graduacao\/santa-maria\/ppggeo\/wp-json\/wp\/v2\/tags?post=198"}],"curies":[{"name":"wp","href":"https:\/\/api.w.org\/{rel}","templated":true}]}}