{"id":207,"date":"2019-01-29T12:52:17","date_gmt":"2019-01-29T14:52:17","guid":{"rendered":"https:\/\/www.ufsm.br\/cursos\/pos-graduacao\/santa-maria\/ppggeo\/?page_id=207"},"modified":"2021-02-03T14:31:35","modified_gmt":"2021-02-03T17:31:35","slug":"aluno-especial","status":"publish","type":"page","link":"https:\/\/www.ufsm.br\/cursos\/pos-graduacao\/santa-maria\/ppggeo\/aluno-especial","title":{"rendered":"Aluno Especial"},"content":{"rendered":"\n<p>O Curso de Mestrado em Geografia no que se refere a &#8220;aluno especial&#8221; segue o Regimento Interno dos Programas\/Cursos de P\u00f3s-Gradua\u00e7\u00e3o da UFSM , conforme artigo 33:<\/p>\n<p>Art. 33. Exceto os alunos selecionados para os Programas\/Cursos de P\u00f3s-Gradua\u00e7\u00e3o da UFSM, ter\u00e3o direito \u00e0 matricula especial (I) sujeitos ao Regimento Interno de cada Programa\/Curso:<\/p>\n<p>I &#8211; alunos de gradua\u00e7\u00e3o com, no m\u00ednimo, 75% dos cr\u00e9ditos necess\u00e1rios \u00e0 conclus\u00e3o do seu Curso e participantes de projeto de pesquisa aprovados no \u00e2mbito da Institui\u00e7\u00e3o, cabendo ao professor Orientador\/Tutor a responsabilidade pela justificativa e pelo pedido \u00e0 Coordena\u00e7\u00e3o;<\/p>\n<p>II &#8211; estudantes vinculados a Programas \/ Cursos de P\u00f3s-Gradua\u00e7\u00e3o de outras IES nacionais ou estrangeiras, cabendo \u00e0 Coordena\u00e7\u00e3o do programa\/ Curso a responsabilidades pela justificativa e pelo pedido;<\/p>\n<p>III &#8211; participantes de projeto de pesquisa, aprovados no \u00e2mbito da Institui\u00e7\u00e3o, cabendo ao orientador a responsabilidade pelo pedido\/justificativa e ao Coordenador do programa \/Curso, em caso de concord\u00e2ncia, dar prosseguimento \u00e0 solicita\u00e7\u00e3o; e<\/p>\n<p>IV &#8211; servidores graduados e de outras IES, desde que demsontrem a necessidade de adquirir o conhecimento da disciplina pretendida para aplic\u00e1-los ao ensino ou \u00e0 pesquisa que estejam desenvolvendo, cabendo ao chefe imediato a responsabilidade pela justificativa e o pedido \u00e0 Coordena\u00e7\u00e3o.<\/p>\n<p>Par\u00e1grafo \u00danico<br \/>Salvo para os candidatos previstos no item II, a matr\u00edcula especial em disciplinas de P\u00f3s-gradua\u00e7\u00e3o \u00e9 limitada a uma disciplina por semestre por aluno e, a duas matriculas especiais.<\/p>\n<p><strong>A SOLICITA\u00c7\u00c3O DE MATRICULA ESPECIAL \u00c9 REALIZADA JUNTO \u00c0 COORDENA\u00c7\u00c3O DO PROGRAMA \/CURSO SEGUINDO O CALEND\u00c1RIO DA UFSM, ALUNO ESPECIAL I. PARA EFETIVA\u00c7\u00c3O DA MATRICULA, O CANDIDATO DEVER\u00c1 COMPARECER NO DERCA EM UM DOS DIAS DEFINIDOS NO CALEND\u00c1RIO ACAD\u00caMICO PARA A CONCLUS\u00c3O DA MATRICULA NA DISCIPLINA.<\/strong>\u00a0Caso o aluno n\u00e3o comparecer no DERCA a matricula \u00e9 cancelada automaticamente.<\/p>\n<p>A PRPGP n\u00e3o autoriza a matricula fora do prazo para aluno especial I.<\/p>\n<p>\u00a0<\/p>\n<h3>ATEN\u00c7\u00c3O!!<\/h3>\n<p>Para alunos que est\u00e3o cursando o mestrado em Geografia e realizaram alguma disciplina como extracurricular (outro curso) ou aluno especial dever\u00e3o obedecer os artigos 13 e 14 do regimento, respectivamente:<\/p>\n<p>Art. 13 Cr\u00e9ditos obtidos em disciplinas isoladas cursadas em Programas de \u00e1reas afins ao projeto de disserta\u00e7\u00e3o e reconhecidos pela CAPES, ser\u00e3o aceitos automaticamente, desde que solicitados pelo aluno, com anu\u00eancia do orientador, respeitando-se o limite de quatro cr\u00e9ditos para disciplinas cursadas at\u00e9 4 anos antes de matr\u00edcula do discente e oito cr\u00e9ditos para disciplinas cursadas durante a vig\u00eancia do curso, respeitando o limite m\u00e1ximo de oito cr\u00e9ditos.<\/p>\n<p>Art. 14 O aluno regular que, anteriormente \u00e0 sua matricula tenha freq\u00fcentado, na condi\u00e7\u00e3o de aluno especial, disciplinas n\u00e3o obrigat\u00f3rias neste Curso de Mestrado em Geografia, poder\u00e1 ter os cr\u00e9ditos aproveitados, at\u00e9 o limite de oito cr\u00e9ditos para o Mestrado, a seu pr\u00f3prio pedido, com parecer favor\u00e1vel do orientador e aprova\u00e7\u00e3o do Colegiado.<\/p>\n<p>\u00a0<\/p>\n<h3>IMPORTANTE<\/h3>\n<p>Caso o aluno se enquadre no Art. 13. Para realizar a matricula o aluno dever\u00e1 levar ( no per\u00edodo destinado a matricula) para o outro curso o qual deseja fazer a disciplina um pedido assinado pelo orientador e coordenador. N\u00e3o sendo necess\u00e1rio ap\u00f3s a realiza\u00e7\u00e3o da disciplina solicitar o aproveitamento.<\/p>\n<p>Caso o aluno se enquadre no Art. 14 dever\u00e1 solicitar o aproveitamento da(s) disciplinas atrav\u00e9s de um pedido contendo:<\/p>\n<ul>\n<li>Formul\u00e1rio preenchido(solicitar na secretaria);<\/li>\n<li>Pedido do aluno com assinatura do orientador;<\/li>\n<li>Comprovante da aprova\u00e7\u00e3o;<\/li>\n<li>Caso a disciplina tenha sido realizada em outro curso, apresentar a Ementa(Programa).<\/li>\n<li>Este pedido dever\u00e1 ser realizado logo ap\u00f3s o ingresso no curso (disciplinas como aluno especial)<\/li>\n<li>Este pedido s\u00f3 ser\u00e1 computado ap\u00f3s aprova\u00e7\u00e3o do colegiado.<\/li>\n<\/ul>\n","protected":false},"excerpt":{"rendered":"<p>O Curso de Mestrado em Geografia no que se refere a &#8220;aluno especial&#8221; segue o Regimento Interno dos Programas\/Cursos de P\u00f3s-Gradua\u00e7\u00e3o da UFSM , conforme artigo 33: Art. 33. Exceto os alunos selecionados para os Programas\/Cursos de P\u00f3s-Gradua\u00e7\u00e3o da UFSM, ter\u00e3o direito \u00e0 matricula especial (I) sujeitos ao Regimento Interno de cada Programa\/Curso: I &#8211; [&hellip;]<\/p>\n","protected":false},"author":115,"featured_media":0,"parent":0,"menu_order":0,"comment_status":"closed","ping_status":"closed","template":"","meta":{"footnotes":""},"categories":[],"tags":[],"class_list":["post-207","page","type-page","status-publish","hentry"],"acf":[],"_links":{"self":[{"href":"https:\/\/www.ufsm.br\/cursos\/pos-graduacao\/santa-maria\/ppggeo\/wp-json\/wp\/v2\/pages\/207","targetHints":{"allow":["GET"]}}],"collection":[{"href":"https:\/\/www.ufsm.br\/cursos\/pos-graduacao\/santa-maria\/ppggeo\/wp-json\/wp\/v2\/pages"}],"about":[{"href":"https:\/\/www.ufsm.br\/cursos\/pos-graduacao\/santa-maria\/ppggeo\/wp-json\/wp\/v2\/types\/page"}],"author":[{"embeddable":true,"href":"https:\/\/www.ufsm.br\/cursos\/pos-graduacao\/santa-maria\/ppggeo\/wp-json\/wp\/v2\/users\/115"}],"replies":[{"embeddable":true,"href":"https:\/\/www.ufsm.br\/cursos\/pos-graduacao\/santa-maria\/ppggeo\/wp-json\/wp\/v2\/comments?post=207"}],"version-history":[{"count":0,"href":"https:\/\/www.ufsm.br\/cursos\/pos-graduacao\/santa-maria\/ppggeo\/wp-json\/wp\/v2\/pages\/207\/revisions"}],"wp:attachment":[{"href":"https:\/\/www.ufsm.br\/cursos\/pos-graduacao\/santa-maria\/ppggeo\/wp-json\/wp\/v2\/media?parent=207"}],"wp:term":[{"taxonomy":"category","embeddable":true,"href":"https:\/\/www.ufsm.br\/cursos\/pos-graduacao\/santa-maria\/ppggeo\/wp-json\/wp\/v2\/categories?post=207"},{"taxonomy":"post_tag","embeddable":true,"href":"https:\/\/www.ufsm.br\/cursos\/pos-graduacao\/santa-maria\/ppggeo\/wp-json\/wp\/v2\/tags?post=207"}],"curies":[{"name":"wp","href":"https:\/\/api.w.org\/{rel}","templated":true}]}}