{"id":311,"date":"2019-01-31T07:53:17","date_gmt":"2019-01-31T09:53:17","guid":{"rendered":"https:\/\/www.ufsm.br\/cursos\/pos-graduacao\/santa-maria\/ppggeo\/?page_id=311"},"modified":"2023-01-26T16:22:28","modified_gmt":"2023-01-26T19:22:28","slug":"datas-importantes","status":"publish","type":"page","link":"https:\/\/www.ufsm.br\/cursos\/pos-graduacao\/santa-maria\/ppggeo\/datas-importantes","title":{"rendered":"Datas Importantes"},"content":{"rendered":"\n<p><strong>Mestrado<\/strong><\/p>\n<ul>\n<li>Qualifica\u00e7\u00e3o: at\u00e9 a metade do 3\u00ba semestre<\/li>\n<li>C\u00f4mputo de cr\u00e9ditos (incluindo disciplinas e APGs): at\u00e9 a data da defesa da qualifica\u00e7\u00e3o<\/li>\n<li>Profici\u00eancia em l\u00edngua estrangeira: at\u00e9 a abertura do processo de defesa<\/li>\n<li>Abertura do processo de defesa: at\u00e9 30 dias antes da defesa<\/li>\n<li>Defesa: at\u00e9 o final do 4\u00ba semestre (a contar da data da primeira matr\u00edcula)<\/li>\n<li>Solicita\u00e7\u00e3o de ajuda de custo: at\u00e9 30 dias antes da viagem<\/li>\n<\/ul>\n<p>\u00a0<\/p>\n<p><strong>Doutorado<\/strong><\/p>\n<ul>\n<li>Qualifica\u00e7\u00e3o: at\u00e9 a metade do 5\u00ba semestre<\/li>\n<li>C\u00f4mputo de cr\u00e9ditos (incluindo disciplinas e APGs): at\u00e9 a data da defesa da qualifica\u00e7\u00e3o<\/li>\n<li>Profici\u00eancia em l\u00edngua estrangeira: at\u00e9 a abertura do processo de defesa<\/li>\n<li>Abertura do processo de defesa: at\u00e9 30 dias antes da defesa<\/li>\n<li>Defesa: at\u00e9 o final do 8\u00ba semestre (a contar da data da primeira matr\u00edcula)<\/li>\n<li>Solicita\u00e7\u00e3o de ajuda de custo: at\u00e9 30 dias antes da viagem<\/li>\n<\/ul>\n","protected":false},"excerpt":{"rendered":"<p>Mestrado Qualifica\u00e7\u00e3o: at\u00e9 a metade do 3\u00ba semestre C\u00f4mputo de cr\u00e9ditos (incluindo disciplinas e APGs): at\u00e9 a data da defesa da qualifica\u00e7\u00e3o Profici\u00eancia em l\u00edngua estrangeira: at\u00e9 a abertura do processo de defesa Abertura do processo de defesa: at\u00e9 30 dias antes da defesa Defesa: at\u00e9 o final do 4\u00ba semestre (a contar da data [&hellip;]<\/p>\n","protected":false},"author":115,"featured_media":0,"parent":0,"menu_order":0,"comment_status":"closed","ping_status":"closed","template":"","meta":{"footnotes":""},"categories":[],"tags":[],"class_list":["post-311","page","type-page","status-publish","hentry"],"acf":[],"_links":{"self":[{"href":"https:\/\/www.ufsm.br\/cursos\/pos-graduacao\/santa-maria\/ppggeo\/wp-json\/wp\/v2\/pages\/311","targetHints":{"allow":["GET"]}}],"collection":[{"href":"https:\/\/www.ufsm.br\/cursos\/pos-graduacao\/santa-maria\/ppggeo\/wp-json\/wp\/v2\/pages"}],"about":[{"href":"https:\/\/www.ufsm.br\/cursos\/pos-graduacao\/santa-maria\/ppggeo\/wp-json\/wp\/v2\/types\/page"}],"author":[{"embeddable":true,"href":"https:\/\/www.ufsm.br\/cursos\/pos-graduacao\/santa-maria\/ppggeo\/wp-json\/wp\/v2\/users\/115"}],"replies":[{"embeddable":true,"href":"https:\/\/www.ufsm.br\/cursos\/pos-graduacao\/santa-maria\/ppggeo\/wp-json\/wp\/v2\/comments?post=311"}],"version-history":[{"count":0,"href":"https:\/\/www.ufsm.br\/cursos\/pos-graduacao\/santa-maria\/ppggeo\/wp-json\/wp\/v2\/pages\/311\/revisions"}],"wp:attachment":[{"href":"https:\/\/www.ufsm.br\/cursos\/pos-graduacao\/santa-maria\/ppggeo\/wp-json\/wp\/v2\/media?parent=311"}],"wp:term":[{"taxonomy":"category","embeddable":true,"href":"https:\/\/www.ufsm.br\/cursos\/pos-graduacao\/santa-maria\/ppggeo\/wp-json\/wp\/v2\/categories?post=311"},{"taxonomy":"post_tag","embeddable":true,"href":"https:\/\/www.ufsm.br\/cursos\/pos-graduacao\/santa-maria\/ppggeo\/wp-json\/wp\/v2\/tags?post=311"}],"curies":[{"name":"wp","href":"https:\/\/api.w.org\/{rel}","templated":true}]}}