{"id":317,"date":"2019-01-31T07:58:09","date_gmt":"2019-01-31T09:58:09","guid":{"rendered":"https:\/\/www.ufsm.br\/cursos\/pos-graduacao\/santa-maria\/ppggeo\/?page_id=317"},"modified":"2020-01-29T17:52:25","modified_gmt":"2020-01-29T20:52:25","slug":"recursos-financeiros","status":"publish","type":"page","link":"https:\/\/www.ufsm.br\/cursos\/pos-graduacao\/santa-maria\/ppggeo\/recursos-financeiros","title":{"rendered":"Recursos Financeiros"},"content":{"rendered":"\n<div><strong>Recursos CCNE<\/strong><\/div>\n<div><strong>\u00a0<\/strong>Para acessar, as planilhas dos recursos financeiros\u00a0 \u00e9 necess\u00e1rio ir no Site do CCNE, clicar em CCNE, Administra\u00e7\u00e3o, logo abaixo do N\u00facleo de Execu\u00e7\u00e3o e Controle Or\u00e7ament\u00e1rio\u00a0<\/div>\n<p><strong>Recursos PROAP<\/strong><\/p>\n<p><strong>\u00a0<\/strong><a href=\"https:\/\/docs.google.com\/spreadsheets\/d\/1pJ2SMNoaBaIpseqDlgEg6rjebgwNITKiFjk-vf5DhP4\/pubhtml?gid=1122220&amp;single=true\">PROAP 2017<\/a><\/p>\n<p><a href=\"https:\/\/docs.google.com\/spreadsheets\/d\/e\/2PACX-1vTjVxUC7ed2hJL7MIbSVbb8ohhFyRulbfzG7az6L3Fyfv3Wdndra_q5HDYzXnp7YQojQUeqE7nKw493\/pubhtml?gid=1122220&amp;single=true\">PROAP 2018<\/a><\/p>\n<p><a href=\"https:\/\/docs.google.com\/spreadsheets\/d\/e\/2PACX-1vQmozphcdGo_mCO4GC0KYQsKD8q7wuk12c1GB2xppsP_jqdgz4PZAsM_CZXVtasuB-sD7AgqdOsstYL\/pubhtml?gid=1122220&amp;single=true\">PROAP 2019<\/a><\/p>\n","protected":false},"excerpt":{"rendered":"<p>Recursos CCNE \u00a0Para acessar, as planilhas dos recursos financeiros\u00a0 \u00e9 necess\u00e1rio ir no Site do CCNE, clicar em CCNE, Administra\u00e7\u00e3o, logo abaixo do N\u00facleo de Execu\u00e7\u00e3o e Controle Or\u00e7ament\u00e1rio\u00a0 Recursos PROAP \u00a0PROAP 2017 PROAP 2018 PROAP 2019<\/p>\n","protected":false},"author":115,"featured_media":0,"parent":0,"menu_order":0,"comment_status":"closed","ping_status":"closed","template":"","meta":{"footnotes":""},"categories":[],"tags":[],"class_list":["post-317","page","type-page","status-publish","hentry"],"acf":[],"_links":{"self":[{"href":"https:\/\/www.ufsm.br\/cursos\/pos-graduacao\/santa-maria\/ppggeo\/wp-json\/wp\/v2\/pages\/317","targetHints":{"allow":["GET"]}}],"collection":[{"href":"https:\/\/www.ufsm.br\/cursos\/pos-graduacao\/santa-maria\/ppggeo\/wp-json\/wp\/v2\/pages"}],"about":[{"href":"https:\/\/www.ufsm.br\/cursos\/pos-graduacao\/santa-maria\/ppggeo\/wp-json\/wp\/v2\/types\/page"}],"author":[{"embeddable":true,"href":"https:\/\/www.ufsm.br\/cursos\/pos-graduacao\/santa-maria\/ppggeo\/wp-json\/wp\/v2\/users\/115"}],"replies":[{"embeddable":true,"href":"https:\/\/www.ufsm.br\/cursos\/pos-graduacao\/santa-maria\/ppggeo\/wp-json\/wp\/v2\/comments?post=317"}],"version-history":[{"count":0,"href":"https:\/\/www.ufsm.br\/cursos\/pos-graduacao\/santa-maria\/ppggeo\/wp-json\/wp\/v2\/pages\/317\/revisions"}],"wp:attachment":[{"href":"https:\/\/www.ufsm.br\/cursos\/pos-graduacao\/santa-maria\/ppggeo\/wp-json\/wp\/v2\/media?parent=317"}],"wp:term":[{"taxonomy":"category","embeddable":true,"href":"https:\/\/www.ufsm.br\/cursos\/pos-graduacao\/santa-maria\/ppggeo\/wp-json\/wp\/v2\/categories?post=317"},{"taxonomy":"post_tag","embeddable":true,"href":"https:\/\/www.ufsm.br\/cursos\/pos-graduacao\/santa-maria\/ppggeo\/wp-json\/wp\/v2\/tags?post=317"}],"curies":[{"name":"wp","href":"https:\/\/api.w.org\/{rel}","templated":true}]}}