{"id":319,"date":"2019-01-31T08:02:51","date_gmt":"2019-01-31T10:02:51","guid":{"rendered":"https:\/\/www.ufsm.br\/cursos\/pos-graduacao\/santa-maria\/ppggeo\/?page_id=319"},"modified":"2019-01-31T08:02:54","modified_gmt":"2019-01-31T10:02:54","slug":"revista","status":"publish","type":"page","link":"https:\/\/www.ufsm.br\/cursos\/pos-graduacao\/santa-maria\/ppggeo\/revista","title":{"rendered":"Revista"},"content":{"rendered":"\n<div id=\"journalDescription\">\n<div id=\"journalDescription\">\n<p>A revista\u00a0<a href=\"https:\/\/periodicos.ufsm.br\/index.php\/geografia\/index\"><strong>Geografia Ensino &amp; Pesquisa<\/strong><\/a>\u00a0\u00e9 um peri\u00f3dico mantido pelo Departamento de Geoci\u00eancias e pelo Programa de P\u00f3s-Gradua\u00e7\u00e3o em Geografia e Geoci\u00eancias &#8211; PPGGEO da Universidade Federal de Santa Maria, com objetivo de publicar Artigos originais na \u00e1rea de Geografia, visando abrir espa\u00e7o para a divulga\u00e7\u00e3o cient\u00edfica e o debate qualificado dentro da ci\u00eancia Geogr\u00e1fica. Para tanto, a revista aceita contribui\u00e7\u00f5es originais dentro de quatro grandes linhas tem\u00e1ticas: Geoinforma\u00e7\u00e3o e Sensoriamento Remoto; Meio Ambiente, Paisagem e Qualidade Ambiental; Produ\u00e7\u00e3o do espa\u00e7o e Din\u00e2mica Regional e Geografia e Educa\u00e7\u00e3o.<\/p>\n<p>A partir de 2018 a revista passa a adotar a modalidade de publica\u00e7\u00e3o em fluxo cont\u00ednuo, de maneira que os artigos v\u00e3o sendo publicados no volume do ano na medida em que v\u00e3o sendo aprovados, n\u00e3o havendo mais o tempo de espera para a publica\u00e7\u00e3o de uma edi\u00e7\u00e3o integral do n\u00famero da revista.<\/p>\n<p><img fetchpriority=\"high\" decoding=\"async\" class=\"size-medium wp-image-320 aligncenter\" src=\"https:\/\/www.ufsm.br\/cursos\/pos-graduacao\/santa-maria\/ppggeo\/wp-content\/uploads\/sites\/538\/2019\/01\/homepageImage_pt_BR-1-216x300.jpg\" alt=\"\" width=\"216\" height=\"300\" srcset=\"https:\/\/www.ufsm.br\/app\/uploads\/sites\/538\/2019\/01\/homepageImage_pt_BR-1-216x300.jpg 216w, https:\/\/www.ufsm.br\/app\/uploads\/sites\/538\/2019\/01\/homepageImage_pt_BR-1.jpg 357w\" sizes=\"(max-width: 216px) 100vw, 216px\" \/><\/p>\n<\/div>\n<h5>INDEXA\u00c7\u00d5ES E BASES BIBLIOGR\u00c1FICAS<\/h5>\n<h1><img decoding=\"async\" class=\"alignnone size-full wp-image-321\" src=\"https:\/\/www.ufsm.br\/cursos\/pos-graduacao\/santa-maria\/ppggeo\/wp-content\/uploads\/sites\/538\/2019\/01\/redib-1.png\" alt=\"\" width=\"144\" height=\"100\" \/><\/h1>\n<h1><img decoding=\"async\" class=\"alignnone size-full wp-image-323\" src=\"https:\/\/www.ufsm.br\/cursos\/pos-graduacao\/santa-maria\/ppggeo\/wp-content\/uploads\/sites\/538\/2019\/01\/indexed-in-doaj-3.png\" alt=\"\" width=\"194\" height=\"100\" \/><\/h1>\n<h1><img loading=\"lazy\" decoding=\"async\" class=\"alignnone size-full wp-image-324\" src=\"https:\/\/www.ufsm.br\/cursos\/pos-graduacao\/santa-maria\/ppggeo\/wp-content\/uploads\/sites\/538\/2019\/01\/sumarios-1.png\" alt=\"\" width=\"200\" height=\"51\" \/><\/h1>\n<h1><img loading=\"lazy\" decoding=\"async\" class=\"alignnone size-full wp-image-325\" src=\"https:\/\/www.ufsm.br\/cursos\/pos-graduacao\/santa-maria\/ppggeo\/wp-content\/uploads\/sites\/538\/2019\/01\/latindex-1.png\" alt=\"\" width=\"200\" height=\"56\" \/><\/h1>\n<\/div>\n","protected":false},"excerpt":{"rendered":"<p>A revista\u00a0Geografia Ensino &amp; Pesquisa\u00a0\u00e9 um peri\u00f3dico mantido pelo Departamento de Geoci\u00eancias e pelo Programa de P\u00f3s-Gradua\u00e7\u00e3o em Geografia e Geoci\u00eancias &#8211; PPGGEO da Universidade Federal de Santa Maria, com objetivo de publicar Artigos originais na \u00e1rea de Geografia, visando abrir espa\u00e7o para a divulga\u00e7\u00e3o cient\u00edfica e o debate qualificado dentro da ci\u00eancia Geogr\u00e1fica. Para [&hellip;]<\/p>\n","protected":false},"author":115,"featured_media":0,"parent":0,"menu_order":0,"comment_status":"closed","ping_status":"closed","template":"","meta":{"footnotes":""},"categories":[],"tags":[],"class_list":["post-319","page","type-page","status-publish","hentry"],"acf":[],"_links":{"self":[{"href":"https:\/\/www.ufsm.br\/cursos\/pos-graduacao\/santa-maria\/ppggeo\/wp-json\/wp\/v2\/pages\/319","targetHints":{"allow":["GET"]}}],"collection":[{"href":"https:\/\/www.ufsm.br\/cursos\/pos-graduacao\/santa-maria\/ppggeo\/wp-json\/wp\/v2\/pages"}],"about":[{"href":"https:\/\/www.ufsm.br\/cursos\/pos-graduacao\/santa-maria\/ppggeo\/wp-json\/wp\/v2\/types\/page"}],"author":[{"embeddable":true,"href":"https:\/\/www.ufsm.br\/cursos\/pos-graduacao\/santa-maria\/ppggeo\/wp-json\/wp\/v2\/users\/115"}],"replies":[{"embeddable":true,"href":"https:\/\/www.ufsm.br\/cursos\/pos-graduacao\/santa-maria\/ppggeo\/wp-json\/wp\/v2\/comments?post=319"}],"version-history":[{"count":0,"href":"https:\/\/www.ufsm.br\/cursos\/pos-graduacao\/santa-maria\/ppggeo\/wp-json\/wp\/v2\/pages\/319\/revisions"}],"wp:attachment":[{"href":"https:\/\/www.ufsm.br\/cursos\/pos-graduacao\/santa-maria\/ppggeo\/wp-json\/wp\/v2\/media?parent=319"}],"wp:term":[{"taxonomy":"category","embeddable":true,"href":"https:\/\/www.ufsm.br\/cursos\/pos-graduacao\/santa-maria\/ppggeo\/wp-json\/wp\/v2\/categories?post=319"},{"taxonomy":"post_tag","embeddable":true,"href":"https:\/\/www.ufsm.br\/cursos\/pos-graduacao\/santa-maria\/ppggeo\/wp-json\/wp\/v2\/tags?post=319"}],"curies":[{"name":"wp","href":"https:\/\/api.w.org\/{rel}","templated":true}]}}