{"id":329,"date":"2019-01-31T08:07:43","date_gmt":"2019-01-31T10:07:43","guid":{"rendered":"https:\/\/www.ufsm.br\/cursos\/pos-graduacao\/santa-maria\/ppggeo\/?page_id=329"},"modified":"2023-01-26T16:23:34","modified_gmt":"2023-01-26T19:23:34","slug":"ebooks","status":"publish","type":"page","link":"https:\/\/www.ufsm.br\/cursos\/pos-graduacao\/santa-maria\/ppggeo\/ebooks","title":{"rendered":"E-books"},"content":{"rendered":"\n<p><a href=\"https:\/\/www.researchgate.net\/publication\/332911581_DRONES_E_CIENCIA_Teoria_e_aplicacoes_metodologicas\">DRONES E CI\u00caNCIA: Teoria e aplica\u00e7\u00f5es metodol\u00f3gicas<\/a><\/p>\n<p><a href=\"https:\/\/www.ufsm.br\/cursos\/pos-graduacao\/santa-maria\/ppggeo\/wp-content\/uploads\/sites\/538\/2019\/01\/E-book-Completo-2011-1.pdf\">Fronteiras da pesquisa em geografia\u00a0<\/a><\/p>\n<p><a href=\"https:\/\/www.ufsm.br\/cursos\/pos-graduacao\/santa-maria\/ppggeo\/wp-content\/uploads\/sites\/538\/2019\/01\/Livro-Pronto-Olhares-sobre-o-pampa-2.pdf\">Livro Pronto Olhares sobre o pampa<\/a><\/p>\n<p><a href=\"https:\/\/portal.ufsm.br\/biblioteca\/pesquisa\/downloadArquivo.html?idArquivo=4327\">A Geografia do Rio Grande do Sul em Meados do S\u00e9culo XX: Retratos do Territ\u00f3rio e da Produ\u00e7\u00e3o da Associa\u00e7\u00e3o dos Ge\u00f3grafos Brasileiros<\/a><\/p>\n<p><a href=\"https:\/\/www.ufsm.br\/cursos\/pos-graduacao\/santa-maria\/ppggeo\/wp-content\/uploads\/sites\/538\/2019\/05\/Rio-Grande-do-Sul-estudos-de-geografia-agr\u00e1ria.pdf\">Rio Grande do Sul: Estudos de Geografia Agr\u00e1ria<\/a><\/p>\n<p><a href=\"https:\/\/www.ufsm.br\/cursos\/pos-graduacao\/santa-maria\/ppggeo\/wp-content\/uploads\/sites\/538\/2019\/05\/Educa\u00e7\u00e3o-mem\u00f3ria-e-resist\u00eancia-popular-forma\u00e7\u00e3o-social-da-Am\u00e9rica-Latina.pdf\">Educa\u00e7\u00e3o, mem\u00f3ria e resist\u00eancia popular na forma\u00e7\u00e3o social da Am\u00e9rica Latina<\/a><\/p>\n<p>\u00a0<\/p>\n","protected":false},"excerpt":{"rendered":"<p>DRONES E CI\u00caNCIA: Teoria e aplica\u00e7\u00f5es metodol\u00f3gicas Fronteiras da pesquisa em geografia\u00a0 Livro Pronto Olhares sobre o pampa A Geografia do Rio Grande do Sul em Meados do S\u00e9culo XX: Retratos do Territ\u00f3rio e da Produ\u00e7\u00e3o da Associa\u00e7\u00e3o dos Ge\u00f3grafos Brasileiros Rio Grande do Sul: Estudos de Geografia Agr\u00e1ria Educa\u00e7\u00e3o, mem\u00f3ria e resist\u00eancia popular na [&hellip;]<\/p>\n","protected":false},"author":115,"featured_media":0,"parent":0,"menu_order":0,"comment_status":"closed","ping_status":"closed","template":"","meta":{"footnotes":""},"categories":[],"tags":[],"class_list":["post-329","page","type-page","status-publish","hentry"],"acf":[],"_links":{"self":[{"href":"https:\/\/www.ufsm.br\/cursos\/pos-graduacao\/santa-maria\/ppggeo\/wp-json\/wp\/v2\/pages\/329","targetHints":{"allow":["GET"]}}],"collection":[{"href":"https:\/\/www.ufsm.br\/cursos\/pos-graduacao\/santa-maria\/ppggeo\/wp-json\/wp\/v2\/pages"}],"about":[{"href":"https:\/\/www.ufsm.br\/cursos\/pos-graduacao\/santa-maria\/ppggeo\/wp-json\/wp\/v2\/types\/page"}],"author":[{"embeddable":true,"href":"https:\/\/www.ufsm.br\/cursos\/pos-graduacao\/santa-maria\/ppggeo\/wp-json\/wp\/v2\/users\/115"}],"replies":[{"embeddable":true,"href":"https:\/\/www.ufsm.br\/cursos\/pos-graduacao\/santa-maria\/ppggeo\/wp-json\/wp\/v2\/comments?post=329"}],"version-history":[{"count":0,"href":"https:\/\/www.ufsm.br\/cursos\/pos-graduacao\/santa-maria\/ppggeo\/wp-json\/wp\/v2\/pages\/329\/revisions"}],"wp:attachment":[{"href":"https:\/\/www.ufsm.br\/cursos\/pos-graduacao\/santa-maria\/ppggeo\/wp-json\/wp\/v2\/media?parent=329"}],"wp:term":[{"taxonomy":"category","embeddable":true,"href":"https:\/\/www.ufsm.br\/cursos\/pos-graduacao\/santa-maria\/ppggeo\/wp-json\/wp\/v2\/categories?post=329"},{"taxonomy":"post_tag","embeddable":true,"href":"https:\/\/www.ufsm.br\/cursos\/pos-graduacao\/santa-maria\/ppggeo\/wp-json\/wp\/v2\/tags?post=329"}],"curies":[{"name":"wp","href":"https:\/\/api.w.org\/{rel}","templated":true}]}}