{"id":3414,"date":"2026-04-08T09:05:35","date_gmt":"2026-04-08T12:05:35","guid":{"rendered":"https:\/\/www.ufsm.br\/cursos\/pos-graduacao\/santa-maria\/ppggeo\/?page_id=3414"},"modified":"2026-04-08T09:17:05","modified_gmt":"2026-04-08T12:17:05","slug":"logomarca-comemorativa-20-anos-ppggeo","status":"publish","type":"page","link":"https:\/\/www.ufsm.br\/cursos\/pos-graduacao\/santa-maria\/ppggeo\/logomarca-comemorativa-20-anos-ppggeo","title":{"rendered":"Logomarca comemorativa &#8220;20 anos PPGGEO&#8221;"},"content":{"rendered":"\t\t<div data-elementor-type=\"wp-page\" data-elementor-id=\"3414\" class=\"elementor elementor-3414\">\n\t\t\t\t\t\t<section class=\"elementor-section elementor-top-section elementor-element elementor-element-645d1186 elementor-section-boxed elementor-section-height-default elementor-section-height-default\" data-id=\"645d1186\" data-element_type=\"section\">\n\t\t\t\t\t\t<div class=\"elementor-container elementor-column-gap-default\">\n\t\t\t\t\t<div class=\"elementor-column elementor-col-100 elementor-top-column elementor-element elementor-element-7d9f13b9\" data-id=\"7d9f13b9\" data-element_type=\"column\">\n\t\t\t<div class=\"elementor-widget-wrap elementor-element-populated\">\n\t\t\t\t\t\t<div class=\"elementor-element elementor-element-70ba577d elementor-widget elementor-widget-text-editor\" data-id=\"70ba577d\" data-element_type=\"widget\" data-widget_type=\"text-editor.default\">\n\t\t\t\t<div class=\"elementor-widget-container\">\n\t\t\t\t\t\t\t<p><!-- wp:tadv\/classic-paragraph --><\/p>\n<p>Para acesso ao\u00a0Manual de uso e informa\u00e7\u00f5es sobre a identidade visual PPGGEO\/UFSM acesse <a href=\"https:\/\/www.ufsm.br\/app\/uploads\/sites\/538\/2026\/04\/manual.de_.uso_marca-comemorativa-PPGGEO-1.pdf\">este link<\/a>.\u00a0<\/p>\n<p>As logomarcas PPGGEO est\u00e3o dispon\u00edveis abaixo e os arquivos tamb\u00e9m podem ser solicitados via e-mail \u00e0 Secretaria Integrada de P\u00f3s-Gradua\u00e7\u00e3o do CCNE (<span style=\"background-color: #e9eef6;color: #1f1f1f;font-family: 'Google Sans', Roboto;font-size: 14px;text-align: center\">pos.ccne@ufsm.br<\/span><span style=\"color: #000000;font-size: 1rem\">):<\/span><\/p>\n<p>\u00a0<\/p>\n<p><!-- \/wp:tadv\/classic-paragraph --><\/p>\t\t\t\t\t\t<\/div>\n\t\t\t\t<\/div>\n\t\t\t\t\t<\/div>\n\t\t<\/div>\n\t\t\t\t\t<\/div>\n\t\t<\/section>\n\t\t\t\t<section class=\"elementor-section elementor-top-section elementor-element elementor-element-e9498ac elementor-section-boxed elementor-section-height-default elementor-section-height-default\" data-id=\"e9498ac\" data-element_type=\"section\">\n\t\t\t\t\t\t<div class=\"elementor-container elementor-column-gap-default\">\n\t\t\t\t\t<div class=\"elementor-column elementor-col-100 elementor-top-column elementor-element elementor-element-ae87d40\" data-id=\"ae87d40\" data-element_type=\"column\">\n\t\t\t<div class=\"elementor-widget-wrap elementor-element-populated\">\n\t\t\t\t\t\t<div class=\"elementor-element elementor-element-8b9e072 elementor-widget elementor-widget-image\" data-id=\"8b9e072\" data-element_type=\"widget\" data-widget_type=\"image.default\">\n\t\t\t\t<div class=\"elementor-widget-container\">\n\t\t\t\t\t\t\t\t\t\t\t\t\t<img fetchpriority=\"high\" decoding=\"async\" width=\"1024\" height=\"1024\" src=\"https:\/\/www.ufsm.br\/app\/uploads\/sites\/538\/2026\/04\/branco.png\" class=\"attachment-large size-large wp-image-3416\" alt=\"\" srcset=\"https:\/\/www.ufsm.br\/app\/uploads\/sites\/538\/2026\/04\/branco.png 1024w, https:\/\/www.ufsm.br\/app\/uploads\/sites\/538\/2026\/04\/branco-300x300.png 300w, https:\/\/www.ufsm.br\/app\/uploads\/sites\/538\/2026\/04\/branco-150x150.png 150w, https:\/\/www.ufsm.br\/app\/uploads\/sites\/538\/2026\/04\/branco-768x768.png 768w\" sizes=\"(max-width: 1024px) 100vw, 1024px\" \/>\t\t\t\t\t\t\t\t\t\t\t\t\t<\/div>\n\t\t\t\t<\/div>\n\t\t\t\t\t<\/div>\n\t\t<\/div>\n\t\t\t\t\t<\/div>\n\t\t<\/section>\n\t\t\t\t<section class=\"elementor-section elementor-top-section elementor-element elementor-element-a35357a elementor-section-boxed elementor-section-height-default elementor-section-height-default\" data-id=\"a35357a\" data-element_type=\"section\">\n\t\t\t\t\t\t<div class=\"elementor-container elementor-column-gap-default\">\n\t\t\t\t\t<div class=\"elementor-column elementor-col-100 elementor-top-column elementor-element elementor-element-9abb6e0\" data-id=\"9abb6e0\" data-element_type=\"column\">\n\t\t\t<div class=\"elementor-widget-wrap elementor-element-populated\">\n\t\t\t\t\t\t<div class=\"elementor-element elementor-element-417eec1 elementor-widget elementor-widget-image\" data-id=\"417eec1\" data-element_type=\"widget\" data-widget_type=\"image.default\">\n\t\t\t\t<div class=\"elementor-widget-container\">\n\t\t\t\t\t\t\t\t\t\t\t\t\t<img decoding=\"async\" width=\"1024\" height=\"1024\" src=\"https:\/\/www.ufsm.br\/app\/uploads\/sites\/538\/2026\/04\/comemorativo.png.sem_.fundo_.png\" class=\"attachment-large size-large wp-image-3417\" alt=\"\" srcset=\"https:\/\/www.ufsm.br\/app\/uploads\/sites\/538\/2026\/04\/comemorativo.png.sem_.fundo_.png 1024w, https:\/\/www.ufsm.br\/app\/uploads\/sites\/538\/2026\/04\/comemorativo.png.sem_.fundo_-300x300.png 300w, https:\/\/www.ufsm.br\/app\/uploads\/sites\/538\/2026\/04\/comemorativo.png.sem_.fundo_-150x150.png 150w, https:\/\/www.ufsm.br\/app\/uploads\/sites\/538\/2026\/04\/comemorativo.png.sem_.fundo_-768x768.png 768w\" sizes=\"(max-width: 1024px) 100vw, 1024px\" \/>\t\t\t\t\t\t\t\t\t\t\t\t\t<\/div>\n\t\t\t\t<\/div>\n\t\t\t\t\t<\/div>\n\t\t<\/div>\n\t\t\t\t\t<\/div>\n\t\t<\/section>\n\t\t\t\t<section class=\"elementor-section elementor-top-section elementor-element elementor-element-8b0ab85 elementor-section-boxed elementor-section-height-default elementor-section-height-default\" data-id=\"8b0ab85\" data-element_type=\"section\">\n\t\t\t\t\t\t<div class=\"elementor-container elementor-column-gap-default\">\n\t\t\t\t\t<div class=\"elementor-column elementor-col-100 elementor-top-column elementor-element elementor-element-fa0402b\" data-id=\"fa0402b\" data-element_type=\"column\">\n\t\t\t<div class=\"elementor-widget-wrap elementor-element-populated\">\n\t\t\t\t\t\t<div class=\"elementor-element elementor-element-fb8412d elementor-widget elementor-widget-image\" data-id=\"fb8412d\" data-element_type=\"widget\" data-widget_type=\"image.default\">\n\t\t\t\t<div class=\"elementor-widget-container\">\n\t\t\t\t\t\t\t\t\t\t\t\t\t<img decoding=\"async\" width=\"1024\" height=\"1024\" src=\"https:\/\/www.ufsm.br\/app\/uploads\/sites\/538\/2026\/04\/comemorativo.vertical.png.sem_.fundo_.png\" class=\"attachment-large size-large wp-image-3418\" alt=\"\" srcset=\"https:\/\/www.ufsm.br\/app\/uploads\/sites\/538\/2026\/04\/comemorativo.vertical.png.sem_.fundo_.png 1024w, https:\/\/www.ufsm.br\/app\/uploads\/sites\/538\/2026\/04\/comemorativo.vertical.png.sem_.fundo_-300x300.png 300w, https:\/\/www.ufsm.br\/app\/uploads\/sites\/538\/2026\/04\/comemorativo.vertical.png.sem_.fundo_-150x150.png 150w, https:\/\/www.ufsm.br\/app\/uploads\/sites\/538\/2026\/04\/comemorativo.vertical.png.sem_.fundo_-768x768.png 768w\" sizes=\"(max-width: 1024px) 100vw, 1024px\" \/>\t\t\t\t\t\t\t\t\t\t\t\t\t<\/div>\n\t\t\t\t<\/div>\n\t\t\t\t\t<\/div>\n\t\t<\/div>\n\t\t\t\t\t<\/div>\n\t\t<\/section>\n\t\t\t\t<section class=\"elementor-section elementor-top-section elementor-element elementor-element-356a51f elementor-section-boxed elementor-section-height-default elementor-section-height-default\" data-id=\"356a51f\" data-element_type=\"section\">\n\t\t\t\t\t\t<div class=\"elementor-container elementor-column-gap-default\">\n\t\t\t\t\t<div class=\"elementor-column elementor-col-100 elementor-top-column elementor-element elementor-element-8aa7817\" data-id=\"8aa7817\" data-element_type=\"column\">\n\t\t\t<div class=\"elementor-widget-wrap elementor-element-populated\">\n\t\t\t\t\t\t<div class=\"elementor-element elementor-element-f198f58 elementor-widget elementor-widget-image\" data-id=\"f198f58\" data-element_type=\"widget\" data-widget_type=\"image.default\">\n\t\t\t\t<div class=\"elementor-widget-container\">\n\t\t\t\t\t\t\t\t\t\t\t\t\t<img loading=\"lazy\" decoding=\"async\" width=\"1024\" height=\"1024\" src=\"https:\/\/www.ufsm.br\/app\/uploads\/sites\/538\/2026\/04\/logo.png.sem_.fundo_.png\" class=\"attachment-large size-large wp-image-3419\" alt=\"\" srcset=\"https:\/\/www.ufsm.br\/app\/uploads\/sites\/538\/2026\/04\/logo.png.sem_.fundo_.png 1024w, https:\/\/www.ufsm.br\/app\/uploads\/sites\/538\/2026\/04\/logo.png.sem_.fundo_-300x300.png 300w, https:\/\/www.ufsm.br\/app\/uploads\/sites\/538\/2026\/04\/logo.png.sem_.fundo_-150x150.png 150w, https:\/\/www.ufsm.br\/app\/uploads\/sites\/538\/2026\/04\/logo.png.sem_.fundo_-768x768.png 768w\" sizes=\"(max-width: 1024px) 100vw, 1024px\" \/>\t\t\t\t\t\t\t\t\t\t\t\t\t<\/div>\n\t\t\t\t<\/div>\n\t\t\t\t\t<\/div>\n\t\t<\/div>\n\t\t\t\t\t<\/div>\n\t\t<\/section>\n\t\t\t\t<section class=\"elementor-section elementor-top-section elementor-element elementor-element-b0d1e3c elementor-section-boxed elementor-section-height-default elementor-section-height-default\" data-id=\"b0d1e3c\" data-element_type=\"section\">\n\t\t\t\t\t\t<div class=\"elementor-container elementor-column-gap-default\">\n\t\t\t\t\t<div class=\"elementor-column elementor-col-100 elementor-top-column elementor-element elementor-element-6bccb3c\" data-id=\"6bccb3c\" data-element_type=\"column\">\n\t\t\t<div class=\"elementor-widget-wrap elementor-element-populated\">\n\t\t\t\t\t\t<div class=\"elementor-element elementor-element-75c39ee elementor-widget elementor-widget-image\" data-id=\"75c39ee\" data-element_type=\"widget\" data-widget_type=\"image.default\">\n\t\t\t\t<div class=\"elementor-widget-container\">\n\t\t\t\t\t\t\t\t\t\t\t\t\t<img loading=\"lazy\" decoding=\"async\" width=\"1024\" height=\"1024\" src=\"https:\/\/www.ufsm.br\/app\/uploads\/sites\/538\/2026\/04\/PPGGEO_circular.png\" class=\"attachment-large size-large wp-image-3420\" alt=\"\" srcset=\"https:\/\/www.ufsm.br\/app\/uploads\/sites\/538\/2026\/04\/PPGGEO_circular.png 1024w, https:\/\/www.ufsm.br\/app\/uploads\/sites\/538\/2026\/04\/PPGGEO_circular-300x300.png 300w, https:\/\/www.ufsm.br\/app\/uploads\/sites\/538\/2026\/04\/PPGGEO_circular-150x150.png 150w, https:\/\/www.ufsm.br\/app\/uploads\/sites\/538\/2026\/04\/PPGGEO_circular-768x768.png 768w\" sizes=\"(max-width: 1024px) 100vw, 1024px\" \/>\t\t\t\t\t\t\t\t\t\t\t\t\t<\/div>\n\t\t\t\t<\/div>\n\t\t\t\t\t<\/div>\n\t\t<\/div>\n\t\t\t\t\t<\/div>\n\t\t<\/section>\n\t\t\t\t<section class=\"elementor-section elementor-top-section elementor-element elementor-element-088f4b8 elementor-section-boxed elementor-section-height-default elementor-section-height-default\" data-id=\"088f4b8\" data-element_type=\"section\">\n\t\t\t\t\t\t<div class=\"elementor-container elementor-column-gap-default\">\n\t\t\t\t\t<div class=\"elementor-column elementor-col-100 elementor-top-column elementor-element elementor-element-d006100\" data-id=\"d006100\" data-element_type=\"column\">\n\t\t\t<div class=\"elementor-widget-wrap elementor-element-populated\">\n\t\t\t\t\t\t<div class=\"elementor-element elementor-element-5948775 elementor-widget elementor-widget-image\" data-id=\"5948775\" data-element_type=\"widget\" data-widget_type=\"image.default\">\n\t\t\t\t<div class=\"elementor-widget-container\">\n\t\t\t\t\t\t\t\t\t\t\t\t\t<img loading=\"lazy\" decoding=\"async\" width=\"817\" height=\"1024\" src=\"https:\/\/www.ufsm.br\/app\/uploads\/sites\/538\/2026\/04\/canva1-817x1024.png\" class=\"attachment-large size-large wp-image-3421\" alt=\"\" srcset=\"https:\/\/www.ufsm.br\/app\/uploads\/sites\/538\/2026\/04\/canva1-817x1024.png 817w, https:\/\/www.ufsm.br\/app\/uploads\/sites\/538\/2026\/04\/canva1-239x300.png 239w, https:\/\/www.ufsm.br\/app\/uploads\/sites\/538\/2026\/04\/canva1-768x963.png 768w, https:\/\/www.ufsm.br\/app\/uploads\/sites\/538\/2026\/04\/canva1.png 823w\" sizes=\"(max-width: 817px) 100vw, 817px\" \/>\t\t\t\t\t\t\t\t\t\t\t\t\t<\/div>\n\t\t\t\t<\/div>\n\t\t\t\t\t<\/div>\n\t\t<\/div>\n\t\t\t\t\t<\/div>\n\t\t<\/section>\n\t\t\t\t<section class=\"elementor-section elementor-top-section elementor-element elementor-element-5b0a131 elementor-section-boxed elementor-section-height-default elementor-section-height-default\" data-id=\"5b0a131\" data-element_type=\"section\">\n\t\t\t\t\t\t<div class=\"elementor-container elementor-column-gap-default\">\n\t\t\t\t\t<div class=\"elementor-column elementor-col-100 elementor-top-column elementor-element elementor-element-1f6126e\" data-id=\"1f6126e\" data-element_type=\"column\">\n\t\t\t<div class=\"elementor-widget-wrap elementor-element-populated\">\n\t\t\t\t\t\t<div class=\"elementor-element elementor-element-0031394 elementor-widget elementor-widget-image\" data-id=\"0031394\" data-element_type=\"widget\" data-widget_type=\"image.default\">\n\t\t\t\t<div class=\"elementor-widget-container\">\n\t\t\t\t\t\t\t\t\t\t\t\t\t<img loading=\"lazy\" decoding=\"async\" width=\"983\" height=\"976\" src=\"https:\/\/www.ufsm.br\/app\/uploads\/sites\/538\/2026\/04\/Canva2.png\" class=\"attachment-large size-large wp-image-3422\" alt=\"\" srcset=\"https:\/\/www.ufsm.br\/app\/uploads\/sites\/538\/2026\/04\/Canva2.png 983w, https:\/\/www.ufsm.br\/app\/uploads\/sites\/538\/2026\/04\/Canva2-300x298.png 300w, https:\/\/www.ufsm.br\/app\/uploads\/sites\/538\/2026\/04\/Canva2-150x150.png 150w, https:\/\/www.ufsm.br\/app\/uploads\/sites\/538\/2026\/04\/Canva2-768x763.png 768w\" sizes=\"(max-width: 983px) 100vw, 983px\" \/>\t\t\t\t\t\t\t\t\t\t\t\t\t<\/div>\n\t\t\t\t<\/div>\n\t\t\t\t\t<\/div>\n\t\t<\/div>\n\t\t\t\t\t<\/div>\n\t\t<\/section>\n\t\t\t\t<section class=\"elementor-section elementor-top-section elementor-element elementor-element-b814f87 elementor-section-boxed elementor-section-height-default elementor-section-height-default\" data-id=\"b814f87\" data-element_type=\"section\">\n\t\t\t\t\t\t<div class=\"elementor-container elementor-column-gap-default\">\n\t\t\t\t\t<div class=\"elementor-column elementor-col-100 elementor-top-column elementor-element elementor-element-6cd7b0e\" data-id=\"6cd7b0e\" data-element_type=\"column\">\n\t\t\t<div class=\"elementor-widget-wrap elementor-element-populated\">\n\t\t\t\t\t\t<div class=\"elementor-element elementor-element-81a079e elementor-widget elementor-widget-image\" data-id=\"81a079e\" data-element_type=\"widget\" data-widget_type=\"image.default\">\n\t\t\t\t<div class=\"elementor-widget-container\">\n\t\t\t\t\t\t\t\t\t\t\t\t\t<img loading=\"lazy\" decoding=\"async\" width=\"824\" height=\"1024\" src=\"https:\/\/www.ufsm.br\/app\/uploads\/sites\/538\/2026\/04\/Canva-1-824x1024.png\" class=\"attachment-large size-large wp-image-3424\" alt=\"\" srcset=\"https:\/\/www.ufsm.br\/app\/uploads\/sites\/538\/2026\/04\/Canva-1-824x1024.png 824w, https:\/\/www.ufsm.br\/app\/uploads\/sites\/538\/2026\/04\/Canva-1-241x300.png 241w, https:\/\/www.ufsm.br\/app\/uploads\/sites\/538\/2026\/04\/Canva-1-768x954.png 768w, https:\/\/www.ufsm.br\/app\/uploads\/sites\/538\/2026\/04\/Canva-1.png 1009w\" sizes=\"(max-width: 824px) 100vw, 824px\" \/>\t\t\t\t\t\t\t\t\t\t\t\t\t<\/div>\n\t\t\t\t<\/div>\n\t\t\t\t\t<\/div>\n\t\t<\/div>\n\t\t\t\t\t<\/div>\n\t\t<\/section>\n\t\t\t\t<\/div>\n\t\t","protected":false},"excerpt":{"rendered":"<p>Para acesso ao\u00a0Manual de uso e informa\u00e7\u00f5es sobre a identidade visual PPGGEO\/UFSM acesse este link.\u00a0 As logomarcas PPGGEO est\u00e3o dispon\u00edveis abaixo e os arquivos tamb\u00e9m podem ser solicitados via e-mail \u00e0 Secretaria Integrada de P\u00f3s-Gradua\u00e7\u00e3o do CCNE (pos.ccne@ufsm.br): \u00a0<\/p>\n","protected":false},"author":1890,"featured_media":0,"parent":0,"menu_order":0,"comment_status":"closed","ping_status":"closed","template":"","meta":{"footnotes":""},"categories":[],"tags":[],"class_list":["post-3414","page","type-page","status-publish","hentry"],"acf":[],"_links":{"self":[{"href":"https:\/\/www.ufsm.br\/cursos\/pos-graduacao\/santa-maria\/ppggeo\/wp-json\/wp\/v2\/pages\/3414","targetHints":{"allow":["GET"]}}],"collection":[{"href":"https:\/\/www.ufsm.br\/cursos\/pos-graduacao\/santa-maria\/ppggeo\/wp-json\/wp\/v2\/pages"}],"about":[{"href":"https:\/\/www.ufsm.br\/cursos\/pos-graduacao\/santa-maria\/ppggeo\/wp-json\/wp\/v2\/types\/page"}],"author":[{"embeddable":true,"href":"https:\/\/www.ufsm.br\/cursos\/pos-graduacao\/santa-maria\/ppggeo\/wp-json\/wp\/v2\/users\/1890"}],"replies":[{"embeddable":true,"href":"https:\/\/www.ufsm.br\/cursos\/pos-graduacao\/santa-maria\/ppggeo\/wp-json\/wp\/v2\/comments?post=3414"}],"version-history":[{"count":0,"href":"https:\/\/www.ufsm.br\/cursos\/pos-graduacao\/santa-maria\/ppggeo\/wp-json\/wp\/v2\/pages\/3414\/revisions"}],"wp:attachment":[{"href":"https:\/\/www.ufsm.br\/cursos\/pos-graduacao\/santa-maria\/ppggeo\/wp-json\/wp\/v2\/media?parent=3414"}],"wp:term":[{"taxonomy":"category","embeddable":true,"href":"https:\/\/www.ufsm.br\/cursos\/pos-graduacao\/santa-maria\/ppggeo\/wp-json\/wp\/v2\/categories?post=3414"},{"taxonomy":"post_tag","embeddable":true,"href":"https:\/\/www.ufsm.br\/cursos\/pos-graduacao\/santa-maria\/ppggeo\/wp-json\/wp\/v2\/tags?post=3414"}],"curies":[{"name":"wp","href":"https:\/\/api.w.org\/{rel}","templated":true}]}}