{"id":1392,"date":"2020-03-03T09:12:44","date_gmt":"2020-03-03T12:12:44","guid":{"rendered":"https:\/\/www.ufsm.br\/cursos\/pos-graduacao\/santa-maria\/ppgh\/?page_id=1392"},"modified":"2022-08-05T08:05:59","modified_gmt":"2022-08-05T11:05:59","slug":"graduacao-e-departamento-de-historia-ufsm","status":"publish","type":"page","link":"https:\/\/www.ufsm.br\/cursos\/pos-graduacao\/santa-maria\/ppgh\/graduacao-e-departamento-de-historia-ufsm","title":{"rendered":"Gradua\u00e7\u00e3o e Departamento de Hist\u00f3ria UFSM"},"content":{"rendered":"\n<p><strong>Licenciatura em Hist\u00f3ria<\/strong><\/p>\n<p style=\"text-align: justify\">&#8220;O curso de <b>Hist\u00f3ria<\/b>\u00a0est\u00e1 localizado em\u00a0<b>Campus Camobi \u2013 UFSM<\/b>\u00a0na modalidade\u00a0<b>Licenciatura Plena \u2013 Presencial<\/b>\u00a0sendo\u00a0<b>Diurno<\/b>\u00a0o seu turno de funcionamento. A \u00e1rea de conhecimento do curso \u00e9 classificada como\u00a0<b>CI\u00caNCIAS HUMANAS<\/b>.<\/p>\n<p style=\"text-align: justify\">O curso \u00e9 ofertado em per\u00edodo\u00a0<b>Semestral<\/b>, sendo\u00a0<b>10<\/b>\u00a0o n\u00famero de per\u00edodos indicados para sua conclus\u00e3o.<\/p>\n<p class=\"mt-3\" style=\"text-align: justify\">Reconhecido nos termos do Parecer n. 2.056\/75\/CFE, por ter sido criado pela Lei n. 3.958\/61 e Portaria n. 1.097\/MEC\/2015, publicada no DOU, de 30\/12\/2015.<\/p>\n<p style=\"text-align: justify\">Conceito de curso (2006):4\u00a0 \u00a0 \u00a0 ENADE (2017):4&#8243;<\/p>\n<p style=\"text-align: justify\"><strong>Bacharelado em Hist\u00f3ria\u00a0<\/strong><\/p>\n<p style=\"text-align: justify\">&#8220;O curso de\u00a0<b>Hist\u00f3ria<\/b>\u00a0est\u00e1 localizado em\u00a0<b>Campus Camobi \u2013 UFSM<\/b>\u00a0na modalidade\u00a0<b>Bacharelado \u2013 Presencial<\/b>\u00a0sendo\u00a0<b>Diurno<\/b>\u00a0o seu turno de funcionamento. A \u00e1rea de conhecimento do curso \u00e9 classificada como\u00a0<b>CI\u00caNCIAS HUMANAS<\/b>. Atualmente, a coordena\u00e7\u00e3o \u00e9 de responsabilidade de\u00a0<b>MARIANA FLORES DA CUNHA THOMPSON FLORES<\/b>\u00a0e a coordena\u00e7\u00e3o substituta de\u00a0<b>SEM\u00cdRAMIS CORSI SILVA<\/b>.<\/p>\n<p style=\"text-align: justify\">O curso \u00e9 ofertado em per\u00edodo\u00a0<b>Semestral<\/b>, sendo\u00a0<b>7<\/b>\u00a0o n\u00famero de per\u00edodos indicados para sua conclus\u00e3o.<\/p>\n<p class=\"mt-3\" style=\"text-align: justify\">Reconhecido nos termos da Lei Federal n. 3.958\/61, publicada no DOU, de 22\/09\/1961 e Portaria n. 195\/2011\/MEC, publicada no DOU, de 24\/06\/2011<\/p>\n<p style=\"text-align: justify\">Conceito preliminar de curso (2008): 3\u00a0 \u00a0 \u00a0 ENADE (2008): 3 &#8220;<\/p>\n<p>Site: <a href=\"https:\/\/www.ufsm.br\/cursos\/graduacao\/santa-maria\/historia\/\">https:\/\/www.ufsm.br\/cursos\/graduacao\/santa-maria\/historia\/<\/a><\/p>\n","protected":false},"excerpt":{"rendered":"<p>Licenciatura em Hist\u00f3ria &#8220;O curso de Hist\u00f3ria\u00a0est\u00e1 localizado em\u00a0Campus Camobi \u2013 UFSM\u00a0na modalidade\u00a0Licenciatura Plena \u2013 Presencial\u00a0sendo\u00a0Diurno\u00a0o seu turno de funcionamento. A \u00e1rea de conhecimento do curso \u00e9 classificada como\u00a0CI\u00caNCIAS HUMANAS. O curso \u00e9 ofertado em per\u00edodo\u00a0Semestral, sendo\u00a010\u00a0o n\u00famero de per\u00edodos indicados para sua conclus\u00e3o. Reconhecido nos termos do Parecer n. 2.056\/75\/CFE, por ter sido criado [&hellip;]<\/p>\n","protected":false},"author":817,"featured_media":0,"parent":0,"menu_order":0,"comment_status":"closed","ping_status":"closed","template":"","meta":{"footnotes":""},"categories":[],"tags":[],"class_list":["post-1392","page","type-page","status-publish","hentry"],"acf":[],"_links":{"self":[{"href":"https:\/\/www.ufsm.br\/cursos\/pos-graduacao\/santa-maria\/ppgh\/wp-json\/wp\/v2\/pages\/1392","targetHints":{"allow":["GET"]}}],"collection":[{"href":"https:\/\/www.ufsm.br\/cursos\/pos-graduacao\/santa-maria\/ppgh\/wp-json\/wp\/v2\/pages"}],"about":[{"href":"https:\/\/www.ufsm.br\/cursos\/pos-graduacao\/santa-maria\/ppgh\/wp-json\/wp\/v2\/types\/page"}],"author":[{"embeddable":true,"href":"https:\/\/www.ufsm.br\/cursos\/pos-graduacao\/santa-maria\/ppgh\/wp-json\/wp\/v2\/users\/817"}],"replies":[{"embeddable":true,"href":"https:\/\/www.ufsm.br\/cursos\/pos-graduacao\/santa-maria\/ppgh\/wp-json\/wp\/v2\/comments?post=1392"}],"version-history":[{"count":0,"href":"https:\/\/www.ufsm.br\/cursos\/pos-graduacao\/santa-maria\/ppgh\/wp-json\/wp\/v2\/pages\/1392\/revisions"}],"wp:attachment":[{"href":"https:\/\/www.ufsm.br\/cursos\/pos-graduacao\/santa-maria\/ppgh\/wp-json\/wp\/v2\/media?parent=1392"}],"wp:term":[{"taxonomy":"category","embeddable":true,"href":"https:\/\/www.ufsm.br\/cursos\/pos-graduacao\/santa-maria\/ppgh\/wp-json\/wp\/v2\/categories?post=1392"},{"taxonomy":"post_tag","embeddable":true,"href":"https:\/\/www.ufsm.br\/cursos\/pos-graduacao\/santa-maria\/ppgh\/wp-json\/wp\/v2\/tags?post=1392"}],"curies":[{"name":"wp","href":"https:\/\/api.w.org\/{rel}","templated":true}]}}